{"id":977,"date":"2016-06-30T21:46:41","date_gmt":"2016-06-30T21:46:41","guid":{"rendered":"http:\/\/michelle-beaudoin.com\/product\/aimant-long-avec-fleur-et-pierre-du-rhin\/"},"modified":"2025-02-16T14:25:50","modified_gmt":"2025-02-16T18:25:50","slug":"aimant-long-avec-fleur-et-pierre-du-rhin","status":"publish","type":"product","link":"https:\/\/michelle-beaudoin.com\/fr\/produit\/aimant-long-avec-fleur-et-pierre-du-rhin\/","title":{"rendered":"AIMANT LONG AVEC FLEUR ET PIERRE DU RHIN"},"content":{"rendered":"","protected":false},"excerpt":{"rendered":"<p style=\"text-align: justify;\">Nos\u00a0aimants d\u00e9coratifs peuvent \u00eatre appos\u00e9s sur toute surface de m\u00e9tal, r\u00e9frig\u00e9rateur, casier, classeur, etc. Tout en \u00e9l\u00e9gance, ils font une excellente id\u00e9e-cadeau \u00e0 offrir \u00e0 vos h\u00f4tes ou au professeur de votre enfant&#8230; pour n&rsquo;en nommer que quelques-unes.<\/p>\n<p style=\"text-align: justify;\">Moul\u00e9s en \u00e9tain, nos aimants longs sont\u00a0mont\u00e9s sur une broche en acier avec deux puissants aimants de terres rares, ce qui signifie qu&rsquo;ils ne se retrouveront jamais au sol, m\u00eame apr\u00e8s avoir claqu\u00e9 accidentellement la porte du frigo!<\/p>\n<p style=\"text-align: justify;\">Voir toute notre gamme dans la section AIMANTS.<\/p>\n","protected":false},"featured_media":2994,"comment_status":"closed","ping_status":"closed","template":"","meta":{"_bbp_topic_count":0,"_bbp_reply_count":0,"_bbp_total_topic_count":0,"_bbp_total_reply_count":0,"_bbp_voice_count":0,"_bbp_anonymous_reply_count":0,"_bbp_topic_count_hidden":0,"_bbp_reply_count_hidden":0,"_bbp_forum_subforum_count":0},"product_brand":[],"product_cat":[175,193],"product_tag":[70,152,22,88,97,25,21,26,89,153,71,24,23,86,98,174,87],"class_list":{"0":"post-977","1":"product","2":"type-product","3":"status-publish","4":"has-post-thumbnail","6":"product_cat-aimants","7":"product_cat-aimants-longs","8":"product_tag-aimant","9":"product_tag-amour","10":"product_tag-cadeau","11":"product_tag-coeur","12":"product_tag-etain","13":"product_tag-fait-main","14":"product_tag-gift","15":"product_tag-handmade","16":"product_tag-heart","17":"product_tag-love","18":"product_tag-magnet","19":"product_tag-magnetic","20":"product_tag-magnetique","21":"product_tag-mariage","22":"product_tag-pewter","23":"product_tag-rhinestone","24":"product_tag-wedding","25":"product_shipping_class-crochets-aimants-longs-forts-ba5","27":"first","28":"instock","29":"taxable","30":"shipping-taxable","31":"purchasable","32":"product-type-simple"},"yoast_head":"<!-- This site is optimized with the Yoast SEO plugin v27.1.1 - https:\/\/yoast.com\/product\/yoast-seo-wordpress\/ -->\n<title>AIMANT LONG AVEC FLEUR ET PIERRE DU RHIN - Michelle Beaudoin<\/title>\n<meta name=\"robots\" content=\"index, follow, max-snippet:-1, max-image-preview:large, max-video-preview:-1\" \/>\n<link rel=\"canonical\" href=\"https:\/\/michelle-beaudoin.com\/fr\/produit\/aimant-long-avec-fleur-et-pierre-du-rhin\/\" \/>\n<meta property=\"og:locale\" content=\"fr_FR\" \/>\n<meta property=\"og:type\" content=\"article\" \/>\n<meta property=\"og:title\" content=\"AIMANT LONG AVEC FLEUR ET PIERRE DU RHIN - Michelle Beaudoin\" \/>\n<meta property=\"og:description\" content=\"Nos\u00a0aimants d\u00e9coratifs peuvent \u00eatre appos\u00e9s sur toute surface de m\u00e9tal, r\u00e9frig\u00e9rateur, casier, classeur, etc. Tout en \u00e9l\u00e9gance, ils font une excellente id\u00e9e-cadeau \u00e0 offrir \u00e0 vos h\u00f4tes ou au professeur de votre enfant... pour n&#039;en nommer que quelques-unes. Moul\u00e9s en \u00e9tain, nos aimants longs sont\u00a0mont\u00e9s sur une broche en acier avec deux puissants aimants de terres rares, ce qui signifie qu&#039;ils ne se retrouveront jamais au sol, m\u00eame apr\u00e8s avoir claqu\u00e9 accidentellement la porte du frigo! Voir toute notre gamme dans la section AIMANTS.\" \/>\n<meta property=\"og:url\" content=\"https:\/\/michelle-beaudoin.com\/fr\/produit\/aimant-long-avec-fleur-et-pierre-du-rhin\/\" \/>\n<meta property=\"og:site_name\" content=\"Michelle Beaudoin\" \/>\n<meta property=\"article:modified_time\" content=\"2025-02-16T18:25:50+00:00\" \/>\n<meta property=\"og:image\" content=\"https:\/\/michelle-beaudoin.com\/wp-content\/uploads\/2016\/06\/L23.jpg-800x600.jpg\" \/>\n\t<meta property=\"og:image:width\" content=\"800\" \/>\n\t<meta property=\"og:image:height\" content=\"641\" \/>\n\t<meta property=\"og:image:type\" content=\"image\/jpeg\" \/>\n<meta name=\"twitter:card\" content=\"summary_large_image\" \/>\n<script type=\"application\/ld+json\" class=\"yoast-schema-graph\">{\"@context\":\"https:\/\/schema.org\",\"@graph\":[{\"@type\":\"WebPage\",\"@id\":\"https:\/\/michelle-beaudoin.com\/fr\/produit\/aimant-long-avec-fleur-et-pierre-du-rhin\/\",\"url\":\"https:\/\/michelle-beaudoin.com\/fr\/produit\/aimant-long-avec-fleur-et-pierre-du-rhin\/\",\"name\":\"AIMANT LONG AVEC FLEUR ET PIERRE DU RHIN - Michelle Beaudoin\",\"isPartOf\":{\"@id\":\"https:\/\/michelle-beaudoin.com\/fr\/#website\"},\"primaryImageOfPage\":{\"@id\":\"https:\/\/michelle-beaudoin.com\/fr\/produit\/aimant-long-avec-fleur-et-pierre-du-rhin\/#primaryimage\"},\"image\":{\"@id\":\"https:\/\/michelle-beaudoin.com\/fr\/produit\/aimant-long-avec-fleur-et-pierre-du-rhin\/#primaryimage\"},\"thumbnailUrl\":\"https:\/\/michelle-beaudoin.com\/wp-content\/uploads\/2016\/06\/L23.jpg-800x600.jpg\",\"datePublished\":\"2016-06-30T21:46:41+00:00\",\"dateModified\":\"2025-02-16T18:25:50+00:00\",\"breadcrumb\":{\"@id\":\"https:\/\/michelle-beaudoin.com\/fr\/produit\/aimant-long-avec-fleur-et-pierre-du-rhin\/#breadcrumb\"},\"inLanguage\":\"fr-FR\",\"potentialAction\":[{\"@type\":\"ReadAction\",\"target\":[\"https:\/\/michelle-beaudoin.com\/fr\/produit\/aimant-long-avec-fleur-et-pierre-du-rhin\/\"]}]},{\"@type\":\"ImageObject\",\"inLanguage\":\"fr-FR\",\"@id\":\"https:\/\/michelle-beaudoin.com\/fr\/produit\/aimant-long-avec-fleur-et-pierre-du-rhin\/#primaryimage\",\"url\":\"https:\/\/michelle-beaudoin.com\/wp-content\/uploads\/2016\/06\/L23.jpg-800x600.jpg\",\"contentUrl\":\"https:\/\/michelle-beaudoin.com\/wp-content\/uploads\/2016\/06\/L23.jpg-800x600.jpg\",\"width\":800,\"height\":641,\"caption\":\"aimant long fleur pierre rhin\"},{\"@type\":\"BreadcrumbList\",\"@id\":\"https:\/\/michelle-beaudoin.com\/fr\/produit\/aimant-long-avec-fleur-et-pierre-du-rhin\/#breadcrumb\",\"itemListElement\":[{\"@type\":\"ListItem\",\"position\":1,\"name\":\"Accueil\",\"item\":\"https:\/\/michelle-beaudoin.com\/fr\/\"},{\"@type\":\"ListItem\",\"position\":2,\"name\":\"Boutique Accueil\",\"item\":\"https:\/\/michelle-beaudoin.com\/fr\/boutique-accueil\/\"},{\"@type\":\"ListItem\",\"position\":3,\"name\":\"AIMANT LONG AVEC FLEUR ET PIERRE DU RHIN\"}]},{\"@type\":\"WebSite\",\"@id\":\"https:\/\/michelle-beaudoin.com\/fr\/#website\",\"url\":\"https:\/\/michelle-beaudoin.com\/fr\/\",\"name\":\"Michelle Beaudoin\",\"description\":\"De son atelier situ&eacute; au c&oelig;ur d&rsquo;un quartier historique de Montr&eacute;al, Michelle Beaudoin con&ccedil;oit et r&eacute;alise des objets d&eacute;coratifs uniques en leur genre.\",\"potentialAction\":[{\"@type\":\"SearchAction\",\"target\":{\"@type\":\"EntryPoint\",\"urlTemplate\":\"https:\/\/michelle-beaudoin.com\/fr\/?s={search_term_string}\"},\"query-input\":{\"@type\":\"PropertyValueSpecification\",\"valueRequired\":true,\"valueName\":\"search_term_string\"}}],\"inLanguage\":\"fr-FR\"}]}<\/script>\n<!-- \/ Yoast SEO plugin. -->","yoast_head_json":{"title":"AIMANT LONG AVEC FLEUR ET PIERRE DU RHIN - Michelle Beaudoin","robots":{"index":"index","follow":"follow","max-snippet":"max-snippet:-1","max-image-preview":"max-image-preview:large","max-video-preview":"max-video-preview:-1"},"canonical":"https:\/\/michelle-beaudoin.com\/fr\/produit\/aimant-long-avec-fleur-et-pierre-du-rhin\/","og_locale":"fr_FR","og_type":"article","og_title":"AIMANT LONG AVEC FLEUR ET PIERRE DU RHIN - Michelle Beaudoin","og_description":"Nos\u00a0aimants d\u00e9coratifs peuvent \u00eatre appos\u00e9s sur toute surface de m\u00e9tal, r\u00e9frig\u00e9rateur, casier, classeur, etc. Tout en \u00e9l\u00e9gance, ils font une excellente id\u00e9e-cadeau \u00e0 offrir \u00e0 vos h\u00f4tes ou au professeur de votre enfant... pour n'en nommer que quelques-unes. Moul\u00e9s en \u00e9tain, nos aimants longs sont\u00a0mont\u00e9s sur une broche en acier avec deux puissants aimants de terres rares, ce qui signifie qu'ils ne se retrouveront jamais au sol, m\u00eame apr\u00e8s avoir claqu\u00e9 accidentellement la porte du frigo! Voir toute notre gamme dans la section AIMANTS.","og_url":"https:\/\/michelle-beaudoin.com\/fr\/produit\/aimant-long-avec-fleur-et-pierre-du-rhin\/","og_site_name":"Michelle Beaudoin","article_modified_time":"2025-02-16T18:25:50+00:00","og_image":[{"width":800,"height":641,"url":"https:\/\/michelle-beaudoin.com\/wp-content\/uploads\/2016\/06\/L23.jpg-800x600.jpg","type":"image\/jpeg"}],"twitter_card":"summary_large_image","schema":{"@context":"https:\/\/schema.org","@graph":[{"@type":"WebPage","@id":"https:\/\/michelle-beaudoin.com\/fr\/produit\/aimant-long-avec-fleur-et-pierre-du-rhin\/","url":"https:\/\/michelle-beaudoin.com\/fr\/produit\/aimant-long-avec-fleur-et-pierre-du-rhin\/","name":"AIMANT LONG AVEC FLEUR ET PIERRE DU RHIN - Michelle Beaudoin","isPartOf":{"@id":"https:\/\/michelle-beaudoin.com\/fr\/#website"},"primaryImageOfPage":{"@id":"https:\/\/michelle-beaudoin.com\/fr\/produit\/aimant-long-avec-fleur-et-pierre-du-rhin\/#primaryimage"},"image":{"@id":"https:\/\/michelle-beaudoin.com\/fr\/produit\/aimant-long-avec-fleur-et-pierre-du-rhin\/#primaryimage"},"thumbnailUrl":"https:\/\/michelle-beaudoin.com\/wp-content\/uploads\/2016\/06\/L23.jpg-800x600.jpg","datePublished":"2016-06-30T21:46:41+00:00","dateModified":"2025-02-16T18:25:50+00:00","breadcrumb":{"@id":"https:\/\/michelle-beaudoin.com\/fr\/produit\/aimant-long-avec-fleur-et-pierre-du-rhin\/#breadcrumb"},"inLanguage":"fr-FR","potentialAction":[{"@type":"ReadAction","target":["https:\/\/michelle-beaudoin.com\/fr\/produit\/aimant-long-avec-fleur-et-pierre-du-rhin\/"]}]},{"@type":"ImageObject","inLanguage":"fr-FR","@id":"https:\/\/michelle-beaudoin.com\/fr\/produit\/aimant-long-avec-fleur-et-pierre-du-rhin\/#primaryimage","url":"https:\/\/michelle-beaudoin.com\/wp-content\/uploads\/2016\/06\/L23.jpg-800x600.jpg","contentUrl":"https:\/\/michelle-beaudoin.com\/wp-content\/uploads\/2016\/06\/L23.jpg-800x600.jpg","width":800,"height":641,"caption":"aimant long fleur pierre rhin"},{"@type":"BreadcrumbList","@id":"https:\/\/michelle-beaudoin.com\/fr\/produit\/aimant-long-avec-fleur-et-pierre-du-rhin\/#breadcrumb","itemListElement":[{"@type":"ListItem","position":1,"name":"Accueil","item":"https:\/\/michelle-beaudoin.com\/fr\/"},{"@type":"ListItem","position":2,"name":"Boutique Accueil","item":"https:\/\/michelle-beaudoin.com\/fr\/boutique-accueil\/"},{"@type":"ListItem","position":3,"name":"AIMANT LONG AVEC FLEUR ET PIERRE DU RHIN"}]},{"@type":"WebSite","@id":"https:\/\/michelle-beaudoin.com\/fr\/#website","url":"https:\/\/michelle-beaudoin.com\/fr\/","name":"Michelle Beaudoin","description":"De son atelier situ&eacute; au c&oelig;ur d&rsquo;un quartier historique de Montr&eacute;al, Michelle Beaudoin con&ccedil;oit et r&eacute;alise des objets d&eacute;coratifs uniques en leur genre.","potentialAction":[{"@type":"SearchAction","target":{"@type":"EntryPoint","urlTemplate":"https:\/\/michelle-beaudoin.com\/fr\/?s={search_term_string}"},"query-input":{"@type":"PropertyValueSpecification","valueRequired":true,"valueName":"search_term_string"}}],"inLanguage":"fr-FR"}]}},"_links":{"self":[{"href":"https:\/\/michelle-beaudoin.com\/fr\/wp-json\/wp\/v2\/product\/977","targetHints":{"allow":["GET"]}}],"collection":[{"href":"https:\/\/michelle-beaudoin.com\/fr\/wp-json\/wp\/v2\/product"}],"about":[{"href":"https:\/\/michelle-beaudoin.com\/fr\/wp-json\/wp\/v2\/types\/product"}],"replies":[{"embeddable":true,"href":"https:\/\/michelle-beaudoin.com\/fr\/wp-json\/wp\/v2\/comments?post=977"}],"wp:featuredmedia":[{"embeddable":true,"href":"https:\/\/michelle-beaudoin.com\/fr\/wp-json\/wp\/v2\/media\/2994"}],"wp:attachment":[{"href":"https:\/\/michelle-beaudoin.com\/fr\/wp-json\/wp\/v2\/media?parent=977"}],"wp:term":[{"taxonomy":"product_brand","embeddable":true,"href":"https:\/\/michelle-beaudoin.com\/fr\/wp-json\/wp\/v2\/product_brand?post=977"},{"taxonomy":"product_cat","embeddable":true,"href":"https:\/\/michelle-beaudoin.com\/fr\/wp-json\/wp\/v2\/product_cat?post=977"},{"taxonomy":"product_tag","embeddable":true,"href":"https:\/\/michelle-beaudoin.com\/fr\/wp-json\/wp\/v2\/product_tag?post=977"}],"curies":[{"name":"wp","href":"https:\/\/api.w.org\/{rel}","templated":true}]}}