{"id":9007,"date":"2019-09-16T18:34:57","date_gmt":"2019-09-16T22:34:57","guid":{"rendered":"https:\/\/michelle-beaudoin.com\/?post_type=product&#038;p=9007"},"modified":"2025-10-28T11:51:46","modified_gmt":"2025-10-28T15:51:46","slug":"porte-cles-ancre","status":"publish","type":"product","link":"https:\/\/michelle-beaudoin.com\/fr\/produit\/porte-cles-ancre\/","title":{"rendered":"PORTE-CL\u00c9S ANCRE"},"content":{"rendered":"","protected":false},"excerpt":{"rendered":"<p>Porte-cl\u00e9 Ancre fait-main. \u00c0 partir d&rsquo;une sculpture en cire dessin\u00e9e \u00e0 la main, base pour un moule, puis coul\u00e9 en \u00e9tain dans mon studio \u00e0 Montr\u00e9al, Qu\u00e9bec.<\/p>\n<p>Moul\u00e9s en \u00e9tain, nos porte-cl\u00e9s sauront personnaliser vos jeux de cl\u00e9s avec \u00e9l\u00e9gance. Une excellente id\u00e9e-cadeau \u00e0 offrir \u00e0 vos amis, vos proches, vos h\u00f4tes ou au professeur de votre enfant\u2026 ou \u00e0 garder pour soi !<\/p>\n<p>Leurs dimensions varient entre 1 et 2 pouces.<\/p>\n","protected":false},"featured_media":9008,"comment_status":"open","ping_status":"closed","template":"","meta":{"_bbp_topic_count":0,"_bbp_reply_count":0,"_bbp_total_topic_count":0,"_bbp_total_reply_count":0,"_bbp_voice_count":0,"_bbp_anonymous_reply_count":0,"_bbp_topic_count_hidden":0,"_bbp_reply_count_hidden":0,"_bbp_forum_subforum_count":0},"product_brand":[],"product_cat":[3341,3342],"product_tag":[2940,2941,2945,1385,2944,2943,2942,1615],"class_list":{"0":"post-9007","1":"product","2":"type-product","3":"status-publish","4":"has-post-thumbnail","6":"product_cat-mandala-porte-cles","7":"product_cat-porte-cles","8":"product_tag-ancre-etain","9":"product_tag-ancre-metal","10":"product_tag-cles-ancre","11":"product_tag-porte-cles","12":"product_tag-porte-cles-ancre","13":"product_tag-porte-cles-ancre-etain","14":"product_tag-porte-cles-ancre-metal","15":"product_tag-porte-cles-etain","17":"first","18":"instock","19":"taxable","20":"shipping-taxable","21":"purchasable","22":"product-type-simple"},"yoast_head":"<!-- This site is optimized with the Yoast SEO plugin v27.1.1 - https:\/\/yoast.com\/product\/yoast-seo-wordpress\/ -->\n<title>PORTE-CL\u00c9S ANCRE - Michelle Beaudoin<\/title>\n<meta name=\"robots\" content=\"index, follow, max-snippet:-1, max-image-preview:large, max-video-preview:-1\" \/>\n<link rel=\"canonical\" href=\"https:\/\/michelle-beaudoin.com\/fr\/produit\/porte-cles-ancre\/\" \/>\n<meta property=\"og:locale\" content=\"fr_FR\" \/>\n<meta property=\"og:type\" content=\"article\" \/>\n<meta property=\"og:title\" content=\"PORTE-CL\u00c9S ANCRE - Michelle Beaudoin\" \/>\n<meta property=\"og:description\" content=\"Porte-cl\u00e9 Ancre fait-main. \u00c0 partir d&#039;une sculpture en cire dessin\u00e9e \u00e0 la main, base pour un moule, puis coul\u00e9 en \u00e9tain dans mon studio \u00e0 Montr\u00e9al, Qu\u00e9bec.  Moul\u00e9s en \u00e9tain, nos porte-cl\u00e9s sauront personnaliser vos jeux de cl\u00e9s avec \u00e9l\u00e9gance. Une excellente id\u00e9e-cadeau \u00e0 offrir \u00e0 vos amis, vos proches, vos h\u00f4tes ou au professeur de votre enfant\u2026 ou \u00e0 garder pour soi !  Leurs dimensions varient entre 1 et 2 pouces.\" \/>\n<meta property=\"og:url\" content=\"https:\/\/michelle-beaudoin.com\/fr\/produit\/porte-cles-ancre\/\" \/>\n<meta property=\"og:site_name\" content=\"Michelle Beaudoin\" \/>\n<meta property=\"article:modified_time\" content=\"2025-10-28T15:51:46+00:00\" \/>\n<meta property=\"og:image\" content=\"https:\/\/michelle-beaudoin.com\/wp-content\/uploads\/2019\/09\/K196-scaled.jpg\" \/>\n\t<meta property=\"og:image:width\" content=\"2560\" \/>\n\t<meta property=\"og:image:height\" content=\"2560\" \/>\n\t<meta property=\"og:image:type\" content=\"image\/jpeg\" \/>\n<meta name=\"twitter:card\" content=\"summary_large_image\" \/>\n<script type=\"application\/ld+json\" class=\"yoast-schema-graph\">{\"@context\":\"https:\/\/schema.org\",\"@graph\":[{\"@type\":\"WebPage\",\"@id\":\"https:\/\/michelle-beaudoin.com\/fr\/produit\/porte-cles-ancre\/\",\"url\":\"https:\/\/michelle-beaudoin.com\/fr\/produit\/porte-cles-ancre\/\",\"name\":\"PORTE-CL\u00c9S ANCRE - Michelle Beaudoin\",\"isPartOf\":{\"@id\":\"https:\/\/michelle-beaudoin.com\/fr\/#website\"},\"primaryImageOfPage\":{\"@id\":\"https:\/\/michelle-beaudoin.com\/fr\/produit\/porte-cles-ancre\/#primaryimage\"},\"image\":{\"@id\":\"https:\/\/michelle-beaudoin.com\/fr\/produit\/porte-cles-ancre\/#primaryimage\"},\"thumbnailUrl\":\"https:\/\/michelle-beaudoin.com\/wp-content\/uploads\/2019\/09\/K196-scaled.jpg\",\"datePublished\":\"2019-09-16T22:34:57+00:00\",\"dateModified\":\"2025-10-28T15:51:46+00:00\",\"breadcrumb\":{\"@id\":\"https:\/\/michelle-beaudoin.com\/fr\/produit\/porte-cles-ancre\/#breadcrumb\"},\"inLanguage\":\"fr-FR\",\"potentialAction\":[{\"@type\":\"ReadAction\",\"target\":[\"https:\/\/michelle-beaudoin.com\/fr\/produit\/porte-cles-ancre\/\"]}]},{\"@type\":\"ImageObject\",\"inLanguage\":\"fr-FR\",\"@id\":\"https:\/\/michelle-beaudoin.com\/fr\/produit\/porte-cles-ancre\/#primaryimage\",\"url\":\"https:\/\/michelle-beaudoin.com\/wp-content\/uploads\/2019\/09\/K196-scaled.jpg\",\"contentUrl\":\"https:\/\/michelle-beaudoin.com\/wp-content\/uploads\/2019\/09\/K196-scaled.jpg\",\"width\":2560,\"height\":2560},{\"@type\":\"BreadcrumbList\",\"@id\":\"https:\/\/michelle-beaudoin.com\/fr\/produit\/porte-cles-ancre\/#breadcrumb\",\"itemListElement\":[{\"@type\":\"ListItem\",\"position\":1,\"name\":\"Accueil\",\"item\":\"https:\/\/michelle-beaudoin.com\/fr\/\"},{\"@type\":\"ListItem\",\"position\":2,\"name\":\"Boutique Accueil\",\"item\":\"https:\/\/michelle-beaudoin.com\/fr\/boutique-accueil\/\"},{\"@type\":\"ListItem\",\"position\":3,\"name\":\"PORTE-CL\u00c9S ANCRE\"}]},{\"@type\":\"WebSite\",\"@id\":\"https:\/\/michelle-beaudoin.com\/fr\/#website\",\"url\":\"https:\/\/michelle-beaudoin.com\/fr\/\",\"name\":\"Michelle Beaudoin\",\"description\":\"De son atelier situ&eacute; au c&oelig;ur d&rsquo;un quartier historique de Montr&eacute;al, Michelle Beaudoin con&ccedil;oit et r&eacute;alise des objets d&eacute;coratifs uniques en leur genre.\",\"potentialAction\":[{\"@type\":\"SearchAction\",\"target\":{\"@type\":\"EntryPoint\",\"urlTemplate\":\"https:\/\/michelle-beaudoin.com\/fr\/?s={search_term_string}\"},\"query-input\":{\"@type\":\"PropertyValueSpecification\",\"valueRequired\":true,\"valueName\":\"search_term_string\"}}],\"inLanguage\":\"fr-FR\"}]}<\/script>\n<!-- \/ Yoast SEO plugin. -->","yoast_head_json":{"title":"PORTE-CL\u00c9S ANCRE - Michelle Beaudoin","robots":{"index":"index","follow":"follow","max-snippet":"max-snippet:-1","max-image-preview":"max-image-preview:large","max-video-preview":"max-video-preview:-1"},"canonical":"https:\/\/michelle-beaudoin.com\/fr\/produit\/porte-cles-ancre\/","og_locale":"fr_FR","og_type":"article","og_title":"PORTE-CL\u00c9S ANCRE - Michelle Beaudoin","og_description":"Porte-cl\u00e9 Ancre fait-main. \u00c0 partir d'une sculpture en cire dessin\u00e9e \u00e0 la main, base pour un moule, puis coul\u00e9 en \u00e9tain dans mon studio \u00e0 Montr\u00e9al, Qu\u00e9bec.  Moul\u00e9s en \u00e9tain, nos porte-cl\u00e9s sauront personnaliser vos jeux de cl\u00e9s avec \u00e9l\u00e9gance. Une excellente id\u00e9e-cadeau \u00e0 offrir \u00e0 vos amis, vos proches, vos h\u00f4tes ou au professeur de votre enfant\u2026 ou \u00e0 garder pour soi !  Leurs dimensions varient entre 1 et 2 pouces.","og_url":"https:\/\/michelle-beaudoin.com\/fr\/produit\/porte-cles-ancre\/","og_site_name":"Michelle Beaudoin","article_modified_time":"2025-10-28T15:51:46+00:00","og_image":[{"width":2560,"height":2560,"url":"https:\/\/michelle-beaudoin.com\/wp-content\/uploads\/2019\/09\/K196-scaled.jpg","type":"image\/jpeg"}],"twitter_card":"summary_large_image","schema":{"@context":"https:\/\/schema.org","@graph":[{"@type":"WebPage","@id":"https:\/\/michelle-beaudoin.com\/fr\/produit\/porte-cles-ancre\/","url":"https:\/\/michelle-beaudoin.com\/fr\/produit\/porte-cles-ancre\/","name":"PORTE-CL\u00c9S ANCRE - Michelle Beaudoin","isPartOf":{"@id":"https:\/\/michelle-beaudoin.com\/fr\/#website"},"primaryImageOfPage":{"@id":"https:\/\/michelle-beaudoin.com\/fr\/produit\/porte-cles-ancre\/#primaryimage"},"image":{"@id":"https:\/\/michelle-beaudoin.com\/fr\/produit\/porte-cles-ancre\/#primaryimage"},"thumbnailUrl":"https:\/\/michelle-beaudoin.com\/wp-content\/uploads\/2019\/09\/K196-scaled.jpg","datePublished":"2019-09-16T22:34:57+00:00","dateModified":"2025-10-28T15:51:46+00:00","breadcrumb":{"@id":"https:\/\/michelle-beaudoin.com\/fr\/produit\/porte-cles-ancre\/#breadcrumb"},"inLanguage":"fr-FR","potentialAction":[{"@type":"ReadAction","target":["https:\/\/michelle-beaudoin.com\/fr\/produit\/porte-cles-ancre\/"]}]},{"@type":"ImageObject","inLanguage":"fr-FR","@id":"https:\/\/michelle-beaudoin.com\/fr\/produit\/porte-cles-ancre\/#primaryimage","url":"https:\/\/michelle-beaudoin.com\/wp-content\/uploads\/2019\/09\/K196-scaled.jpg","contentUrl":"https:\/\/michelle-beaudoin.com\/wp-content\/uploads\/2019\/09\/K196-scaled.jpg","width":2560,"height":2560},{"@type":"BreadcrumbList","@id":"https:\/\/michelle-beaudoin.com\/fr\/produit\/porte-cles-ancre\/#breadcrumb","itemListElement":[{"@type":"ListItem","position":1,"name":"Accueil","item":"https:\/\/michelle-beaudoin.com\/fr\/"},{"@type":"ListItem","position":2,"name":"Boutique Accueil","item":"https:\/\/michelle-beaudoin.com\/fr\/boutique-accueil\/"},{"@type":"ListItem","position":3,"name":"PORTE-CL\u00c9S ANCRE"}]},{"@type":"WebSite","@id":"https:\/\/michelle-beaudoin.com\/fr\/#website","url":"https:\/\/michelle-beaudoin.com\/fr\/","name":"Michelle Beaudoin","description":"De son atelier situ&eacute; au c&oelig;ur d&rsquo;un quartier historique de Montr&eacute;al, Michelle Beaudoin con&ccedil;oit et r&eacute;alise des objets d&eacute;coratifs uniques en leur genre.","potentialAction":[{"@type":"SearchAction","target":{"@type":"EntryPoint","urlTemplate":"https:\/\/michelle-beaudoin.com\/fr\/?s={search_term_string}"},"query-input":{"@type":"PropertyValueSpecification","valueRequired":true,"valueName":"search_term_string"}}],"inLanguage":"fr-FR"}]}},"_links":{"self":[{"href":"https:\/\/michelle-beaudoin.com\/fr\/wp-json\/wp\/v2\/product\/9007","targetHints":{"allow":["GET"]}}],"collection":[{"href":"https:\/\/michelle-beaudoin.com\/fr\/wp-json\/wp\/v2\/product"}],"about":[{"href":"https:\/\/michelle-beaudoin.com\/fr\/wp-json\/wp\/v2\/types\/product"}],"replies":[{"embeddable":true,"href":"https:\/\/michelle-beaudoin.com\/fr\/wp-json\/wp\/v2\/comments?post=9007"}],"wp:featuredmedia":[{"embeddable":true,"href":"https:\/\/michelle-beaudoin.com\/fr\/wp-json\/wp\/v2\/media\/9008"}],"wp:attachment":[{"href":"https:\/\/michelle-beaudoin.com\/fr\/wp-json\/wp\/v2\/media?parent=9007"}],"wp:term":[{"taxonomy":"product_brand","embeddable":true,"href":"https:\/\/michelle-beaudoin.com\/fr\/wp-json\/wp\/v2\/product_brand?post=9007"},{"taxonomy":"product_cat","embeddable":true,"href":"https:\/\/michelle-beaudoin.com\/fr\/wp-json\/wp\/v2\/product_cat?post=9007"},{"taxonomy":"product_tag","embeddable":true,"href":"https:\/\/michelle-beaudoin.com\/fr\/wp-json\/wp\/v2\/product_tag?post=9007"}],"curies":[{"name":"wp","href":"https:\/\/api.w.org\/{rel}","templated":true}]}}