{"id":8992,"date":"2019-09-09T17:16:48","date_gmt":"2019-09-09T21:16:48","guid":{"rendered":"https:\/\/michelle-beaudoin.com\/?post_type=product&#038;p=8992"},"modified":"2025-05-31T20:24:03","modified_gmt":"2025-06-01T00:24:03","slug":"sous-verre-sous-plat-ornement-feuille-erable","status":"publish","type":"product","link":"https:\/\/michelle-beaudoin.com\/fr\/produit\/sous-verre-sous-plat-ornement-feuille-erable\/","title":{"rendered":"SOUS-VERRE, SOUS-PLAT &#038; ORNEMENT FEUILLE D&rsquo;\u00c9RABLE"},"content":{"rendered":"","protected":false},"excerpt":{"rendered":"<p>Un objet, trois utilisations : sous-verre, sous-plat et ornement.<\/p>\n<p>Fabrication artisanale selon la technique du coulage de l&rsquo;\u00e9tain.<\/p>\n<p>En ornement, il est recommand\u00e9 d&rsquo;utiliser le ruban fourni pour suspendre votre d\u00e9coration.<\/p>\n<p>En sous-verre ou sous-plat, il est recommand\u00e9 d&rsquo;utiliser les butoirs fournis pour une meilleure adh\u00e9rence et protection.<\/p>\n<p>Entre 3 et 4 pouces toutes dimensions confondues.<\/p>\n<p>Fait-main \u00e0 Montr\u00e9al.<\/p>\n","protected":false},"featured_media":8984,"comment_status":"open","ping_status":"closed","template":"","meta":{"_bbp_topic_count":0,"_bbp_reply_count":0,"_bbp_total_topic_count":0,"_bbp_total_reply_count":0,"_bbp_voice_count":0,"_bbp_anonymous_reply_count":0,"_bbp_topic_count_hidden":0,"_bbp_reply_count_hidden":0,"_bbp_forum_subforum_count":0},"product_brand":[],"product_cat":[2863],"product_tag":[2911,2886,2912,2913,2887,2885,2914,2874,2873,2915,2872,2916],"class_list":{"0":"post-8992","1":"product","2":"type-product","3":"status-publish","4":"has-post-thumbnail","6":"product_cat-sous-verres-sous-plats-ornements","7":"product_tag-decoration-feuille-erable","8":"product_tag-ornement-etain","9":"product_tag-ornement-feuille-derable","10":"product_tag-ornement-feuille-erable","11":"product_tag-ornement-metal","12":"product_tag-sous-plat-etain","13":"product_tag-sous-plat-feuille-erable","14":"product_tag-sous-plat-metal","15":"product_tag-sous-verre-etain","16":"product_tag-sous-verre-feuille-erable","17":"product_tag-sous-verre-metal","18":"product_tag-suspension-feuille-erable","19":"product_shipping_class-crochets-aimants-longs-forts-ba5","21":"first","22":"instock","23":"taxable","24":"shipping-taxable","25":"purchasable","26":"product-type-simple"},"yoast_head":"<!-- This site is optimized with the Yoast SEO plugin v27.1.1 - https:\/\/yoast.com\/product\/yoast-seo-wordpress\/ -->\n<title>SOUS-VERRE, SOUS-PLAT &amp; ORNEMENT FEUILLE D&#039;\u00c9RABLE - Michelle Beaudoin<\/title>\n<meta name=\"robots\" content=\"index, follow, max-snippet:-1, max-image-preview:large, max-video-preview:-1\" \/>\n<link rel=\"canonical\" href=\"https:\/\/michelle-beaudoin.com\/fr\/produit\/sous-verre-sous-plat-ornement-feuille-erable\/\" \/>\n<meta property=\"og:locale\" content=\"fr_FR\" \/>\n<meta property=\"og:type\" content=\"article\" \/>\n<meta property=\"og:title\" content=\"SOUS-VERRE, SOUS-PLAT &amp; ORNEMENT FEUILLE D&#039;\u00c9RABLE - Michelle Beaudoin\" \/>\n<meta property=\"og:description\" content=\"Un objet, trois utilisations : sous-verre, sous-plat et ornement.  Fabrication artisanale selon la technique du coulage de l&#039;\u00e9tain.  En ornement, il est recommand\u00e9 d&#039;utiliser le ruban fourni pour suspendre votre d\u00e9coration.  En sous-verre ou sous-plat, il est recommand\u00e9 d&#039;utiliser les butoirs fournis pour une meilleure adh\u00e9rence et protection.  Entre 3 et 4 pouces toutes dimensions confondues.  Fait-main \u00e0 Montr\u00e9al.\" \/>\n<meta property=\"og:url\" content=\"https:\/\/michelle-beaudoin.com\/fr\/produit\/sous-verre-sous-plat-ornement-feuille-erable\/\" \/>\n<meta property=\"og:site_name\" content=\"Michelle Beaudoin\" \/>\n<meta property=\"article:modified_time\" content=\"2025-06-01T00:24:03+00:00\" \/>\n<meta property=\"og:image\" content=\"https:\/\/michelle-beaudoin.com\/wp-content\/uploads\/2019\/09\/IMG_3527-scaled.jpg\" \/>\n\t<meta property=\"og:image:width\" content=\"2560\" \/>\n\t<meta property=\"og:image:height\" content=\"2560\" \/>\n\t<meta property=\"og:image:type\" content=\"image\/jpeg\" \/>\n<meta name=\"twitter:card\" content=\"summary_large_image\" \/>\n<script type=\"application\/ld+json\" class=\"yoast-schema-graph\">{\"@context\":\"https:\/\/schema.org\",\"@graph\":[{\"@type\":\"WebPage\",\"@id\":\"https:\/\/michelle-beaudoin.com\/fr\/produit\/sous-verre-sous-plat-ornement-feuille-erable\/\",\"url\":\"https:\/\/michelle-beaudoin.com\/fr\/produit\/sous-verre-sous-plat-ornement-feuille-erable\/\",\"name\":\"SOUS-VERRE, SOUS-PLAT & ORNEMENT FEUILLE D'\u00c9RABLE - Michelle Beaudoin\",\"isPartOf\":{\"@id\":\"https:\/\/michelle-beaudoin.com\/fr\/#website\"},\"primaryImageOfPage\":{\"@id\":\"https:\/\/michelle-beaudoin.com\/fr\/produit\/sous-verre-sous-plat-ornement-feuille-erable\/#primaryimage\"},\"image\":{\"@id\":\"https:\/\/michelle-beaudoin.com\/fr\/produit\/sous-verre-sous-plat-ornement-feuille-erable\/#primaryimage\"},\"thumbnailUrl\":\"https:\/\/michelle-beaudoin.com\/wp-content\/uploads\/2019\/09\/IMG_3527-scaled.jpg\",\"datePublished\":\"2019-09-09T21:16:48+00:00\",\"dateModified\":\"2025-06-01T00:24:03+00:00\",\"breadcrumb\":{\"@id\":\"https:\/\/michelle-beaudoin.com\/fr\/produit\/sous-verre-sous-plat-ornement-feuille-erable\/#breadcrumb\"},\"inLanguage\":\"fr-FR\",\"potentialAction\":[{\"@type\":\"ReadAction\",\"target\":[\"https:\/\/michelle-beaudoin.com\/fr\/produit\/sous-verre-sous-plat-ornement-feuille-erable\/\"]}]},{\"@type\":\"ImageObject\",\"inLanguage\":\"fr-FR\",\"@id\":\"https:\/\/michelle-beaudoin.com\/fr\/produit\/sous-verre-sous-plat-ornement-feuille-erable\/#primaryimage\",\"url\":\"https:\/\/michelle-beaudoin.com\/wp-content\/uploads\/2019\/09\/IMG_3527-scaled.jpg\",\"contentUrl\":\"https:\/\/michelle-beaudoin.com\/wp-content\/uploads\/2019\/09\/IMG_3527-scaled.jpg\",\"width\":2560,\"height\":2560},{\"@type\":\"BreadcrumbList\",\"@id\":\"https:\/\/michelle-beaudoin.com\/fr\/produit\/sous-verre-sous-plat-ornement-feuille-erable\/#breadcrumb\",\"itemListElement\":[{\"@type\":\"ListItem\",\"position\":1,\"name\":\"Accueil\",\"item\":\"https:\/\/michelle-beaudoin.com\/fr\/\"},{\"@type\":\"ListItem\",\"position\":2,\"name\":\"Boutique Accueil\",\"item\":\"https:\/\/michelle-beaudoin.com\/fr\/boutique-accueil\/\"},{\"@type\":\"ListItem\",\"position\":3,\"name\":\"SOUS-VERRE, SOUS-PLAT &#038; ORNEMENT FEUILLE D&#8217;\u00c9RABLE\"}]},{\"@type\":\"WebSite\",\"@id\":\"https:\/\/michelle-beaudoin.com\/fr\/#website\",\"url\":\"https:\/\/michelle-beaudoin.com\/fr\/\",\"name\":\"Michelle Beaudoin\",\"description\":\"De son atelier situ&eacute; au c&oelig;ur d&rsquo;un quartier historique de Montr&eacute;al, Michelle Beaudoin con&ccedil;oit et r&eacute;alise des objets d&eacute;coratifs uniques en leur genre.\",\"potentialAction\":[{\"@type\":\"SearchAction\",\"target\":{\"@type\":\"EntryPoint\",\"urlTemplate\":\"https:\/\/michelle-beaudoin.com\/fr\/?s={search_term_string}\"},\"query-input\":{\"@type\":\"PropertyValueSpecification\",\"valueRequired\":true,\"valueName\":\"search_term_string\"}}],\"inLanguage\":\"fr-FR\"}]}<\/script>\n<!-- \/ Yoast SEO plugin. -->","yoast_head_json":{"title":"SOUS-VERRE, SOUS-PLAT & ORNEMENT FEUILLE D'\u00c9RABLE - Michelle Beaudoin","robots":{"index":"index","follow":"follow","max-snippet":"max-snippet:-1","max-image-preview":"max-image-preview:large","max-video-preview":"max-video-preview:-1"},"canonical":"https:\/\/michelle-beaudoin.com\/fr\/produit\/sous-verre-sous-plat-ornement-feuille-erable\/","og_locale":"fr_FR","og_type":"article","og_title":"SOUS-VERRE, SOUS-PLAT & ORNEMENT FEUILLE D'\u00c9RABLE - Michelle Beaudoin","og_description":"Un objet, trois utilisations : sous-verre, sous-plat et ornement.  Fabrication artisanale selon la technique du coulage de l'\u00e9tain.  En ornement, il est recommand\u00e9 d'utiliser le ruban fourni pour suspendre votre d\u00e9coration.  En sous-verre ou sous-plat, il est recommand\u00e9 d'utiliser les butoirs fournis pour une meilleure adh\u00e9rence et protection.  Entre 3 et 4 pouces toutes dimensions confondues.  Fait-main \u00e0 Montr\u00e9al.","og_url":"https:\/\/michelle-beaudoin.com\/fr\/produit\/sous-verre-sous-plat-ornement-feuille-erable\/","og_site_name":"Michelle Beaudoin","article_modified_time":"2025-06-01T00:24:03+00:00","og_image":[{"width":2560,"height":2560,"url":"https:\/\/michelle-beaudoin.com\/wp-content\/uploads\/2019\/09\/IMG_3527-scaled.jpg","type":"image\/jpeg"}],"twitter_card":"summary_large_image","schema":{"@context":"https:\/\/schema.org","@graph":[{"@type":"WebPage","@id":"https:\/\/michelle-beaudoin.com\/fr\/produit\/sous-verre-sous-plat-ornement-feuille-erable\/","url":"https:\/\/michelle-beaudoin.com\/fr\/produit\/sous-verre-sous-plat-ornement-feuille-erable\/","name":"SOUS-VERRE, SOUS-PLAT & ORNEMENT FEUILLE D'\u00c9RABLE - Michelle Beaudoin","isPartOf":{"@id":"https:\/\/michelle-beaudoin.com\/fr\/#website"},"primaryImageOfPage":{"@id":"https:\/\/michelle-beaudoin.com\/fr\/produit\/sous-verre-sous-plat-ornement-feuille-erable\/#primaryimage"},"image":{"@id":"https:\/\/michelle-beaudoin.com\/fr\/produit\/sous-verre-sous-plat-ornement-feuille-erable\/#primaryimage"},"thumbnailUrl":"https:\/\/michelle-beaudoin.com\/wp-content\/uploads\/2019\/09\/IMG_3527-scaled.jpg","datePublished":"2019-09-09T21:16:48+00:00","dateModified":"2025-06-01T00:24:03+00:00","breadcrumb":{"@id":"https:\/\/michelle-beaudoin.com\/fr\/produit\/sous-verre-sous-plat-ornement-feuille-erable\/#breadcrumb"},"inLanguage":"fr-FR","potentialAction":[{"@type":"ReadAction","target":["https:\/\/michelle-beaudoin.com\/fr\/produit\/sous-verre-sous-plat-ornement-feuille-erable\/"]}]},{"@type":"ImageObject","inLanguage":"fr-FR","@id":"https:\/\/michelle-beaudoin.com\/fr\/produit\/sous-verre-sous-plat-ornement-feuille-erable\/#primaryimage","url":"https:\/\/michelle-beaudoin.com\/wp-content\/uploads\/2019\/09\/IMG_3527-scaled.jpg","contentUrl":"https:\/\/michelle-beaudoin.com\/wp-content\/uploads\/2019\/09\/IMG_3527-scaled.jpg","width":2560,"height":2560},{"@type":"BreadcrumbList","@id":"https:\/\/michelle-beaudoin.com\/fr\/produit\/sous-verre-sous-plat-ornement-feuille-erable\/#breadcrumb","itemListElement":[{"@type":"ListItem","position":1,"name":"Accueil","item":"https:\/\/michelle-beaudoin.com\/fr\/"},{"@type":"ListItem","position":2,"name":"Boutique Accueil","item":"https:\/\/michelle-beaudoin.com\/fr\/boutique-accueil\/"},{"@type":"ListItem","position":3,"name":"SOUS-VERRE, SOUS-PLAT &#038; ORNEMENT FEUILLE D&#8217;\u00c9RABLE"}]},{"@type":"WebSite","@id":"https:\/\/michelle-beaudoin.com\/fr\/#website","url":"https:\/\/michelle-beaudoin.com\/fr\/","name":"Michelle Beaudoin","description":"De son atelier situ&eacute; au c&oelig;ur d&rsquo;un quartier historique de Montr&eacute;al, Michelle Beaudoin con&ccedil;oit et r&eacute;alise des objets d&eacute;coratifs uniques en leur genre.","potentialAction":[{"@type":"SearchAction","target":{"@type":"EntryPoint","urlTemplate":"https:\/\/michelle-beaudoin.com\/fr\/?s={search_term_string}"},"query-input":{"@type":"PropertyValueSpecification","valueRequired":true,"valueName":"search_term_string"}}],"inLanguage":"fr-FR"}]}},"_links":{"self":[{"href":"https:\/\/michelle-beaudoin.com\/fr\/wp-json\/wp\/v2\/product\/8992","targetHints":{"allow":["GET"]}}],"collection":[{"href":"https:\/\/michelle-beaudoin.com\/fr\/wp-json\/wp\/v2\/product"}],"about":[{"href":"https:\/\/michelle-beaudoin.com\/fr\/wp-json\/wp\/v2\/types\/product"}],"replies":[{"embeddable":true,"href":"https:\/\/michelle-beaudoin.com\/fr\/wp-json\/wp\/v2\/comments?post=8992"}],"wp:featuredmedia":[{"embeddable":true,"href":"https:\/\/michelle-beaudoin.com\/fr\/wp-json\/wp\/v2\/media\/8984"}],"wp:attachment":[{"href":"https:\/\/michelle-beaudoin.com\/fr\/wp-json\/wp\/v2\/media?parent=8992"}],"wp:term":[{"taxonomy":"product_brand","embeddable":true,"href":"https:\/\/michelle-beaudoin.com\/fr\/wp-json\/wp\/v2\/product_brand?post=8992"},{"taxonomy":"product_cat","embeddable":true,"href":"https:\/\/michelle-beaudoin.com\/fr\/wp-json\/wp\/v2\/product_cat?post=8992"},{"taxonomy":"product_tag","embeddable":true,"href":"https:\/\/michelle-beaudoin.com\/fr\/wp-json\/wp\/v2\/product_tag?post=8992"}],"curies":[{"name":"wp","href":"https:\/\/api.w.org\/{rel}","templated":true}]}}