{"id":8574,"date":"2019-04-29T20:21:50","date_gmt":"2019-04-30T00:21:50","guid":{"rendered":"https:\/\/michelle-beaudoin.com\/?post_type=product&#038;p=8574"},"modified":"2025-02-16T14:03:46","modified_gmt":"2025-02-16T18:03:46","slug":"univers-fantastique-enfant","status":"publish","type":"product","link":"https:\/\/michelle-beaudoin.com\/fr\/produit\/univers-fantastique-enfant\/","title":{"rendered":"UNIVERS FANTASTIQUE \/ ENFANT"},"content":{"rendered":"","protected":false},"excerpt":{"rendered":"<p>Aimants th\u00e9matique fantastique\/enfant\/ado fait-main. \u00c0 partir d&rsquo;une sculpture en cire dessin\u00e9e \u00e0 la main, base pour un moule, puis coul\u00e9 en \u00e9tain dans mon studio \u00e0 Montr\u00e9al, Qu\u00e9bec.<\/p>\n<p>Nuage \/ Papillon \/ Colibri \/ Licorne<\/p>\n<p>Nos aimants d\u00e9coratifs peuvent \u00eatre appos\u00e9s sur toute surface de m\u00e9tal, r\u00e9frig\u00e9rateur, casier, classeur, etc. Une excellente id\u00e9e-cadeau \u00e0 offrir \u00e0 vos h\u00f4tes ou au professeur de votre enfant\u2026 pour n\u2019en nommer que quelques-unes. Leurs dimensions varient entre 1 et 2 pouces.<\/p>\n<p>\u00c9l\u00e9gants, ils sont pr\u00e9sent\u00e9s dans un bel emballage de 4 aimants, qui s\u2019offre merveilleusement bien en cadeau.<\/p>\n<p>Moul\u00e9s en \u00e9tain, nos aimants sont mont\u00e9s sur de puissants aimants de terres rares, ce qui signifie qu\u2019ils ne se retrouveront jamais au sol, m\u00eame apr\u00e8s avoir claqu\u00e9 accidentellement la porte du frigo!<\/p>\n","protected":false},"featured_media":11279,"comment_status":"closed","ping_status":"closed","template":"","meta":{"_bbp_topic_count":0,"_bbp_reply_count":0,"_bbp_total_topic_count":0,"_bbp_total_reply_count":0,"_bbp_voice_count":0,"_bbp_anonymous_reply_count":0,"_bbp_topic_count_hidden":0,"_bbp_reply_count_hidden":0,"_bbp_forum_subforum_count":0},"product_brand":[],"product_cat":[175,218],"product_tag":[1684,1687,1678,1681,1676,1675,1677,1686,1685,1688,1689,1680,1679,1683,1682],"class_list":{"0":"post-8574","1":"product","2":"type-product","3":"status-publish","4":"has-post-thumbnail","6":"product_cat-aimants","7":"product_cat-aimants-unites-ou-paquets","8":"product_tag-aimant-colibri","9":"product_tag-aimant-licorne","10":"product_tag-aimant-nuage","11":"product_tag-aimant-papillon","12":"product_tag-aimants-enfant","13":"product_tag-aimants-fantastique","14":"product_tag-aimants-feeriques","15":"product_tag-colibri-etain","16":"product_tag-colibri-magnetique","17":"product_tag-licorne-etain","18":"product_tag-licorne-magnetique","19":"product_tag-nuage-etain","20":"product_tag-nuage-magnetique","21":"product_tag-papillon-etain","22":"product_tag-papillon-magnetique","24":"first","25":"instock","26":"taxable","27":"shipping-taxable","28":"purchasable","29":"product-type-simple"},"yoast_head":"<!-- This site is optimized with the Yoast SEO plugin v27.1.1 - https:\/\/yoast.com\/product\/yoast-seo-wordpress\/ -->\n<title>UNIVERS FANTASTIQUE \/ ENFANT - Michelle Beaudoin<\/title>\n<meta name=\"robots\" content=\"index, follow, max-snippet:-1, max-image-preview:large, max-video-preview:-1\" \/>\n<link rel=\"canonical\" href=\"https:\/\/michelle-beaudoin.com\/fr\/produit\/univers-fantastique-enfant\/\" \/>\n<meta property=\"og:locale\" content=\"fr_FR\" \/>\n<meta property=\"og:type\" content=\"article\" \/>\n<meta property=\"og:title\" content=\"UNIVERS FANTASTIQUE \/ ENFANT - Michelle Beaudoin\" \/>\n<meta property=\"og:description\" content=\"Aimants th\u00e9matique fantastique\/enfant\/ado fait-main. \u00c0 partir d&#039;une sculpture en cire dessin\u00e9e \u00e0 la main, base pour un moule, puis coul\u00e9 en \u00e9tain dans mon studio \u00e0 Montr\u00e9al, Qu\u00e9bec.  Nuage \/ Papillon \/ Colibri \/ Licorne  Nos aimants d\u00e9coratifs peuvent \u00eatre appos\u00e9s sur toute surface de m\u00e9tal, r\u00e9frig\u00e9rateur, casier, classeur, etc. Une excellente id\u00e9e-cadeau \u00e0 offrir \u00e0 vos h\u00f4tes ou au professeur de votre enfant\u2026 pour n\u2019en nommer que quelques-unes. Leurs dimensions varient entre 1 et 2 pouces.  \u00c9l\u00e9gants, ils sont pr\u00e9sent\u00e9s dans un bel emballage de 4 aimants, qui s\u2019offre merveilleusement bien en cadeau.  Moul\u00e9s en \u00e9tain, nos aimants sont mont\u00e9s sur de puissants aimants de terres rares, ce qui signifie qu\u2019ils ne se retrouveront jamais au sol, m\u00eame apr\u00e8s avoir claqu\u00e9 accidentellement la porte du frigo!\" \/>\n<meta property=\"og:url\" content=\"https:\/\/michelle-beaudoin.com\/fr\/produit\/univers-fantastique-enfant\/\" \/>\n<meta property=\"og:site_name\" content=\"Michelle Beaudoin\" \/>\n<meta property=\"article:modified_time\" content=\"2025-02-16T18:03:46+00:00\" \/>\n<meta property=\"og:image\" content=\"https:\/\/michelle-beaudoin.com\/wp-content\/uploads\/2019\/04\/MK201-4-scaled.jpeg\" \/>\n\t<meta property=\"og:image:width\" content=\"2560\" \/>\n\t<meta property=\"og:image:height\" content=\"2560\" \/>\n\t<meta property=\"og:image:type\" content=\"image\/jpeg\" \/>\n<meta name=\"twitter:card\" content=\"summary_large_image\" \/>\n<script type=\"application\/ld+json\" class=\"yoast-schema-graph\">{\"@context\":\"https:\/\/schema.org\",\"@graph\":[{\"@type\":\"WebPage\",\"@id\":\"https:\/\/michelle-beaudoin.com\/fr\/produit\/univers-fantastique-enfant\/\",\"url\":\"https:\/\/michelle-beaudoin.com\/fr\/produit\/univers-fantastique-enfant\/\",\"name\":\"UNIVERS FANTASTIQUE \/ ENFANT - Michelle Beaudoin\",\"isPartOf\":{\"@id\":\"https:\/\/michelle-beaudoin.com\/fr\/#website\"},\"primaryImageOfPage\":{\"@id\":\"https:\/\/michelle-beaudoin.com\/fr\/produit\/univers-fantastique-enfant\/#primaryimage\"},\"image\":{\"@id\":\"https:\/\/michelle-beaudoin.com\/fr\/produit\/univers-fantastique-enfant\/#primaryimage\"},\"thumbnailUrl\":\"https:\/\/michelle-beaudoin.com\/wp-content\/uploads\/2019\/04\/MK201-4-scaled.jpeg\",\"datePublished\":\"2019-04-30T00:21:50+00:00\",\"dateModified\":\"2025-02-16T18:03:46+00:00\",\"breadcrumb\":{\"@id\":\"https:\/\/michelle-beaudoin.com\/fr\/produit\/univers-fantastique-enfant\/#breadcrumb\"},\"inLanguage\":\"fr-FR\",\"potentialAction\":[{\"@type\":\"ReadAction\",\"target\":[\"https:\/\/michelle-beaudoin.com\/fr\/produit\/univers-fantastique-enfant\/\"]}]},{\"@type\":\"ImageObject\",\"inLanguage\":\"fr-FR\",\"@id\":\"https:\/\/michelle-beaudoin.com\/fr\/produit\/univers-fantastique-enfant\/#primaryimage\",\"url\":\"https:\/\/michelle-beaudoin.com\/wp-content\/uploads\/2019\/04\/MK201-4-scaled.jpeg\",\"contentUrl\":\"https:\/\/michelle-beaudoin.com\/wp-content\/uploads\/2019\/04\/MK201-4-scaled.jpeg\",\"width\":2560,\"height\":2560},{\"@type\":\"BreadcrumbList\",\"@id\":\"https:\/\/michelle-beaudoin.com\/fr\/produit\/univers-fantastique-enfant\/#breadcrumb\",\"itemListElement\":[{\"@type\":\"ListItem\",\"position\":1,\"name\":\"Accueil\",\"item\":\"https:\/\/michelle-beaudoin.com\/fr\/\"},{\"@type\":\"ListItem\",\"position\":2,\"name\":\"Boutique Accueil\",\"item\":\"https:\/\/michelle-beaudoin.com\/fr\/boutique-accueil\/\"},{\"@type\":\"ListItem\",\"position\":3,\"name\":\"UNIVERS FANTASTIQUE \/ ENFANT\"}]},{\"@type\":\"WebSite\",\"@id\":\"https:\/\/michelle-beaudoin.com\/fr\/#website\",\"url\":\"https:\/\/michelle-beaudoin.com\/fr\/\",\"name\":\"Michelle Beaudoin\",\"description\":\"De son atelier situ&eacute; au c&oelig;ur d&rsquo;un quartier historique de Montr&eacute;al, Michelle Beaudoin con&ccedil;oit et r&eacute;alise des objets d&eacute;coratifs uniques en leur genre.\",\"potentialAction\":[{\"@type\":\"SearchAction\",\"target\":{\"@type\":\"EntryPoint\",\"urlTemplate\":\"https:\/\/michelle-beaudoin.com\/fr\/?s={search_term_string}\"},\"query-input\":{\"@type\":\"PropertyValueSpecification\",\"valueRequired\":true,\"valueName\":\"search_term_string\"}}],\"inLanguage\":\"fr-FR\"}]}<\/script>\n<!-- \/ Yoast SEO plugin. -->","yoast_head_json":{"title":"UNIVERS FANTASTIQUE \/ ENFANT - Michelle Beaudoin","robots":{"index":"index","follow":"follow","max-snippet":"max-snippet:-1","max-image-preview":"max-image-preview:large","max-video-preview":"max-video-preview:-1"},"canonical":"https:\/\/michelle-beaudoin.com\/fr\/produit\/univers-fantastique-enfant\/","og_locale":"fr_FR","og_type":"article","og_title":"UNIVERS FANTASTIQUE \/ ENFANT - Michelle Beaudoin","og_description":"Aimants th\u00e9matique fantastique\/enfant\/ado fait-main. \u00c0 partir d'une sculpture en cire dessin\u00e9e \u00e0 la main, base pour un moule, puis coul\u00e9 en \u00e9tain dans mon studio \u00e0 Montr\u00e9al, Qu\u00e9bec.  Nuage \/ Papillon \/ Colibri \/ Licorne  Nos aimants d\u00e9coratifs peuvent \u00eatre appos\u00e9s sur toute surface de m\u00e9tal, r\u00e9frig\u00e9rateur, casier, classeur, etc. Une excellente id\u00e9e-cadeau \u00e0 offrir \u00e0 vos h\u00f4tes ou au professeur de votre enfant\u2026 pour n\u2019en nommer que quelques-unes. Leurs dimensions varient entre 1 et 2 pouces.  \u00c9l\u00e9gants, ils sont pr\u00e9sent\u00e9s dans un bel emballage de 4 aimants, qui s\u2019offre merveilleusement bien en cadeau.  Moul\u00e9s en \u00e9tain, nos aimants sont mont\u00e9s sur de puissants aimants de terres rares, ce qui signifie qu\u2019ils ne se retrouveront jamais au sol, m\u00eame apr\u00e8s avoir claqu\u00e9 accidentellement la porte du frigo!","og_url":"https:\/\/michelle-beaudoin.com\/fr\/produit\/univers-fantastique-enfant\/","og_site_name":"Michelle Beaudoin","article_modified_time":"2025-02-16T18:03:46+00:00","og_image":[{"width":2560,"height":2560,"url":"https:\/\/michelle-beaudoin.com\/wp-content\/uploads\/2019\/04\/MK201-4-scaled.jpeg","type":"image\/jpeg"}],"twitter_card":"summary_large_image","schema":{"@context":"https:\/\/schema.org","@graph":[{"@type":"WebPage","@id":"https:\/\/michelle-beaudoin.com\/fr\/produit\/univers-fantastique-enfant\/","url":"https:\/\/michelle-beaudoin.com\/fr\/produit\/univers-fantastique-enfant\/","name":"UNIVERS FANTASTIQUE \/ ENFANT - Michelle Beaudoin","isPartOf":{"@id":"https:\/\/michelle-beaudoin.com\/fr\/#website"},"primaryImageOfPage":{"@id":"https:\/\/michelle-beaudoin.com\/fr\/produit\/univers-fantastique-enfant\/#primaryimage"},"image":{"@id":"https:\/\/michelle-beaudoin.com\/fr\/produit\/univers-fantastique-enfant\/#primaryimage"},"thumbnailUrl":"https:\/\/michelle-beaudoin.com\/wp-content\/uploads\/2019\/04\/MK201-4-scaled.jpeg","datePublished":"2019-04-30T00:21:50+00:00","dateModified":"2025-02-16T18:03:46+00:00","breadcrumb":{"@id":"https:\/\/michelle-beaudoin.com\/fr\/produit\/univers-fantastique-enfant\/#breadcrumb"},"inLanguage":"fr-FR","potentialAction":[{"@type":"ReadAction","target":["https:\/\/michelle-beaudoin.com\/fr\/produit\/univers-fantastique-enfant\/"]}]},{"@type":"ImageObject","inLanguage":"fr-FR","@id":"https:\/\/michelle-beaudoin.com\/fr\/produit\/univers-fantastique-enfant\/#primaryimage","url":"https:\/\/michelle-beaudoin.com\/wp-content\/uploads\/2019\/04\/MK201-4-scaled.jpeg","contentUrl":"https:\/\/michelle-beaudoin.com\/wp-content\/uploads\/2019\/04\/MK201-4-scaled.jpeg","width":2560,"height":2560},{"@type":"BreadcrumbList","@id":"https:\/\/michelle-beaudoin.com\/fr\/produit\/univers-fantastique-enfant\/#breadcrumb","itemListElement":[{"@type":"ListItem","position":1,"name":"Accueil","item":"https:\/\/michelle-beaudoin.com\/fr\/"},{"@type":"ListItem","position":2,"name":"Boutique Accueil","item":"https:\/\/michelle-beaudoin.com\/fr\/boutique-accueil\/"},{"@type":"ListItem","position":3,"name":"UNIVERS FANTASTIQUE \/ ENFANT"}]},{"@type":"WebSite","@id":"https:\/\/michelle-beaudoin.com\/fr\/#website","url":"https:\/\/michelle-beaudoin.com\/fr\/","name":"Michelle Beaudoin","description":"De son atelier situ&eacute; au c&oelig;ur d&rsquo;un quartier historique de Montr&eacute;al, Michelle Beaudoin con&ccedil;oit et r&eacute;alise des objets d&eacute;coratifs uniques en leur genre.","potentialAction":[{"@type":"SearchAction","target":{"@type":"EntryPoint","urlTemplate":"https:\/\/michelle-beaudoin.com\/fr\/?s={search_term_string}"},"query-input":{"@type":"PropertyValueSpecification","valueRequired":true,"valueName":"search_term_string"}}],"inLanguage":"fr-FR"}]}},"_links":{"self":[{"href":"https:\/\/michelle-beaudoin.com\/fr\/wp-json\/wp\/v2\/product\/8574","targetHints":{"allow":["GET"]}}],"collection":[{"href":"https:\/\/michelle-beaudoin.com\/fr\/wp-json\/wp\/v2\/product"}],"about":[{"href":"https:\/\/michelle-beaudoin.com\/fr\/wp-json\/wp\/v2\/types\/product"}],"replies":[{"embeddable":true,"href":"https:\/\/michelle-beaudoin.com\/fr\/wp-json\/wp\/v2\/comments?post=8574"}],"wp:featuredmedia":[{"embeddable":true,"href":"https:\/\/michelle-beaudoin.com\/fr\/wp-json\/wp\/v2\/media\/11279"}],"wp:attachment":[{"href":"https:\/\/michelle-beaudoin.com\/fr\/wp-json\/wp\/v2\/media?parent=8574"}],"wp:term":[{"taxonomy":"product_brand","embeddable":true,"href":"https:\/\/michelle-beaudoin.com\/fr\/wp-json\/wp\/v2\/product_brand?post=8574"},{"taxonomy":"product_cat","embeddable":true,"href":"https:\/\/michelle-beaudoin.com\/fr\/wp-json\/wp\/v2\/product_cat?post=8574"},{"taxonomy":"product_tag","embeddable":true,"href":"https:\/\/michelle-beaudoin.com\/fr\/wp-json\/wp\/v2\/product_tag?post=8574"}],"curies":[{"name":"wp","href":"https:\/\/api.w.org\/{rel}","templated":true}]}}