{"id":8430,"date":"2019-03-25T18:07:42","date_gmt":"2019-03-25T22:07:42","guid":{"rendered":"https:\/\/michelle-beaudoin.com\/?post_type=product&#038;p=8430"},"modified":"2021-08-26T16:47:44","modified_gmt":"2021-08-26T20:47:44","slug":"grand-babillard-organisation","status":"publish","type":"product","link":"https:\/\/michelle-beaudoin.com\/fr\/produit\/grand-babillard-organisation\/","title":{"rendered":"GRAND BABILLARD D&rsquo;ORGANISATION ACIER BROSS\u00c9"},"content":{"rendered":"","protected":false},"excerpt":{"rendered":"<p>Grand babillard d\u2019organisation en acier bross\u00e9 8.50&Prime;x 15&Prime;<\/p>\n<p>Parfait pour y d\u00e9poser vos crochets magn\u00e9tiques \u00e0 cl\u00e9s, ou bien un vase magn\u00e9tique, ou encore un stylo dans sa bague aimant\u00e9e. Accessoires non inclus.<\/p>\n<p>Peut se placer horizontal ou vertical.<\/p>\n<p>Disponible en bross\u00e9 naturel ou couleur charbon.<\/p>\n","protected":false},"featured_media":8475,"comment_status":"open","ping_status":"closed","template":"","meta":{"_bbp_topic_count":0,"_bbp_reply_count":0,"_bbp_total_topic_count":0,"_bbp_total_reply_count":0,"_bbp_voice_count":0,"_bbp_anonymous_reply_count":0,"_bbp_topic_count_hidden":0,"_bbp_reply_count_hidden":0,"_bbp_forum_subforum_count":0},"product_brand":[],"product_cat":[38,1259],"product_tag":[39,1533,1516,1528,1530,1531,166,1532,1529],"class_list":{"0":"post-8430","1":"product","2":"type-product","3":"status-publish","4":"has-post-thumbnail","6":"product_cat-babillards-accessoires","7":"product_cat-babillards-magnetiques","8":"product_tag-babillard","9":"product_tag-babillard-magnetique","10":"product_tag-decoration-murale","11":"product_tag-depose-clefs","12":"product_tag-espace-de-decoration","13":"product_tag-espace-de-rangement","14":"product_tag-organisation","15":"product_tag-rangement-a-cles","16":"product_tag-support-a-crochets","17":"product_shipping_class-tous-les-cadres","18":"pa_fini-charbon","19":"pa_fini-metal-brosse","21":"first","22":"instock","23":"taxable","24":"shipping-taxable","25":"purchasable","26":"product-type-variable","27":"has-default-attributes"},"yoast_head":"<!-- This site is optimized with the Yoast SEO plugin v27.1.1 - https:\/\/yoast.com\/product\/yoast-seo-wordpress\/ -->\n<title>GRAND BABILLARD D&#039;ORGANISATION ACIER BROSS\u00c9 - Michelle Beaudoin<\/title>\n<meta name=\"robots\" content=\"index, follow, max-snippet:-1, max-image-preview:large, max-video-preview:-1\" \/>\n<link rel=\"canonical\" href=\"https:\/\/michelle-beaudoin.com\/fr\/produit\/grand-babillard-organisation\/\" \/>\n<meta property=\"og:locale\" content=\"fr_FR\" \/>\n<meta property=\"og:type\" content=\"article\" \/>\n<meta property=\"og:title\" content=\"GRAND BABILLARD D&#039;ORGANISATION ACIER BROSS\u00c9 - Michelle Beaudoin\" \/>\n<meta property=\"og:description\" content=\"Grand babillard d\u2019organisation en acier bross\u00e9 8.50&quot;x 15&quot;  Parfait pour y d\u00e9poser vos crochets magn\u00e9tiques \u00e0 cl\u00e9s, ou bien un vase magn\u00e9tique, ou encore un stylo dans sa bague aimant\u00e9e. Accessoires non inclus.  Peut se placer horizontal ou vertical.  Disponible en bross\u00e9 naturel ou couleur charbon.\" \/>\n<meta property=\"og:url\" content=\"https:\/\/michelle-beaudoin.com\/fr\/produit\/grand-babillard-organisation\/\" \/>\n<meta property=\"og:site_name\" content=\"Michelle Beaudoin\" \/>\n<meta property=\"article:modified_time\" content=\"2021-08-26T20:47:44+00:00\" \/>\n<meta property=\"og:image\" content=\"https:\/\/michelle-beaudoin.com\/wp-content\/uploads\/2019\/03\/IMG_2098-scaled.jpg\" \/>\n\t<meta property=\"og:image:width\" content=\"2560\" \/>\n\t<meta property=\"og:image:height\" content=\"2560\" \/>\n\t<meta property=\"og:image:type\" content=\"image\/jpeg\" \/>\n<meta name=\"twitter:card\" content=\"summary_large_image\" \/>\n<script type=\"application\/ld+json\" class=\"yoast-schema-graph\">{\"@context\":\"https:\/\/schema.org\",\"@graph\":[{\"@type\":\"WebPage\",\"@id\":\"https:\/\/michelle-beaudoin.com\/fr\/produit\/grand-babillard-organisation\/\",\"url\":\"https:\/\/michelle-beaudoin.com\/fr\/produit\/grand-babillard-organisation\/\",\"name\":\"GRAND BABILLARD D'ORGANISATION ACIER BROSS\u00c9 - Michelle Beaudoin\",\"isPartOf\":{\"@id\":\"https:\/\/michelle-beaudoin.com\/fr\/#website\"},\"primaryImageOfPage\":{\"@id\":\"https:\/\/michelle-beaudoin.com\/fr\/produit\/grand-babillard-organisation\/#primaryimage\"},\"image\":{\"@id\":\"https:\/\/michelle-beaudoin.com\/fr\/produit\/grand-babillard-organisation\/#primaryimage\"},\"thumbnailUrl\":\"https:\/\/michelle-beaudoin.com\/wp-content\/uploads\/2019\/03\/IMG_2098-scaled.jpg\",\"datePublished\":\"2019-03-25T22:07:42+00:00\",\"dateModified\":\"2021-08-26T20:47:44+00:00\",\"breadcrumb\":{\"@id\":\"https:\/\/michelle-beaudoin.com\/fr\/produit\/grand-babillard-organisation\/#breadcrumb\"},\"inLanguage\":\"fr-FR\",\"potentialAction\":[{\"@type\":\"ReadAction\",\"target\":[\"https:\/\/michelle-beaudoin.com\/fr\/produit\/grand-babillard-organisation\/\"]}]},{\"@type\":\"ImageObject\",\"inLanguage\":\"fr-FR\",\"@id\":\"https:\/\/michelle-beaudoin.com\/fr\/produit\/grand-babillard-organisation\/#primaryimage\",\"url\":\"https:\/\/michelle-beaudoin.com\/wp-content\/uploads\/2019\/03\/IMG_2098-scaled.jpg\",\"contentUrl\":\"https:\/\/michelle-beaudoin.com\/wp-content\/uploads\/2019\/03\/IMG_2098-scaled.jpg\",\"width\":2560,\"height\":2560,\"caption\":\"organisation + decoration large charcoal board - grand babillard charbon\"},{\"@type\":\"BreadcrumbList\",\"@id\":\"https:\/\/michelle-beaudoin.com\/fr\/produit\/grand-babillard-organisation\/#breadcrumb\",\"itemListElement\":[{\"@type\":\"ListItem\",\"position\":1,\"name\":\"Accueil\",\"item\":\"https:\/\/michelle-beaudoin.com\/fr\/\"},{\"@type\":\"ListItem\",\"position\":2,\"name\":\"Boutique Accueil\",\"item\":\"https:\/\/michelle-beaudoin.com\/fr\/boutique-accueil\/\"},{\"@type\":\"ListItem\",\"position\":3,\"name\":\"GRAND BABILLARD D&#8217;ORGANISATION ACIER BROSS\u00c9\"}]},{\"@type\":\"WebSite\",\"@id\":\"https:\/\/michelle-beaudoin.com\/fr\/#website\",\"url\":\"https:\/\/michelle-beaudoin.com\/fr\/\",\"name\":\"Michelle Beaudoin\",\"description\":\"De son atelier situ&eacute; au c&oelig;ur d&rsquo;un quartier historique de Montr&eacute;al, Michelle Beaudoin con&ccedil;oit et r&eacute;alise des objets d&eacute;coratifs uniques en leur genre.\",\"potentialAction\":[{\"@type\":\"SearchAction\",\"target\":{\"@type\":\"EntryPoint\",\"urlTemplate\":\"https:\/\/michelle-beaudoin.com\/fr\/?s={search_term_string}\"},\"query-input\":{\"@type\":\"PropertyValueSpecification\",\"valueRequired\":true,\"valueName\":\"search_term_string\"}}],\"inLanguage\":\"fr-FR\"}]}<\/script>\n<!-- \/ Yoast SEO plugin. -->","yoast_head_json":{"title":"GRAND BABILLARD D'ORGANISATION ACIER BROSS\u00c9 - Michelle Beaudoin","robots":{"index":"index","follow":"follow","max-snippet":"max-snippet:-1","max-image-preview":"max-image-preview:large","max-video-preview":"max-video-preview:-1"},"canonical":"https:\/\/michelle-beaudoin.com\/fr\/produit\/grand-babillard-organisation\/","og_locale":"fr_FR","og_type":"article","og_title":"GRAND BABILLARD D'ORGANISATION ACIER BROSS\u00c9 - Michelle Beaudoin","og_description":"Grand babillard d\u2019organisation en acier bross\u00e9 8.50\"x 15\"  Parfait pour y d\u00e9poser vos crochets magn\u00e9tiques \u00e0 cl\u00e9s, ou bien un vase magn\u00e9tique, ou encore un stylo dans sa bague aimant\u00e9e. Accessoires non inclus.  Peut se placer horizontal ou vertical.  Disponible en bross\u00e9 naturel ou couleur charbon.","og_url":"https:\/\/michelle-beaudoin.com\/fr\/produit\/grand-babillard-organisation\/","og_site_name":"Michelle Beaudoin","article_modified_time":"2021-08-26T20:47:44+00:00","og_image":[{"width":2560,"height":2560,"url":"https:\/\/michelle-beaudoin.com\/wp-content\/uploads\/2019\/03\/IMG_2098-scaled.jpg","type":"image\/jpeg"}],"twitter_card":"summary_large_image","schema":{"@context":"https:\/\/schema.org","@graph":[{"@type":"WebPage","@id":"https:\/\/michelle-beaudoin.com\/fr\/produit\/grand-babillard-organisation\/","url":"https:\/\/michelle-beaudoin.com\/fr\/produit\/grand-babillard-organisation\/","name":"GRAND BABILLARD D'ORGANISATION ACIER BROSS\u00c9 - Michelle Beaudoin","isPartOf":{"@id":"https:\/\/michelle-beaudoin.com\/fr\/#website"},"primaryImageOfPage":{"@id":"https:\/\/michelle-beaudoin.com\/fr\/produit\/grand-babillard-organisation\/#primaryimage"},"image":{"@id":"https:\/\/michelle-beaudoin.com\/fr\/produit\/grand-babillard-organisation\/#primaryimage"},"thumbnailUrl":"https:\/\/michelle-beaudoin.com\/wp-content\/uploads\/2019\/03\/IMG_2098-scaled.jpg","datePublished":"2019-03-25T22:07:42+00:00","dateModified":"2021-08-26T20:47:44+00:00","breadcrumb":{"@id":"https:\/\/michelle-beaudoin.com\/fr\/produit\/grand-babillard-organisation\/#breadcrumb"},"inLanguage":"fr-FR","potentialAction":[{"@type":"ReadAction","target":["https:\/\/michelle-beaudoin.com\/fr\/produit\/grand-babillard-organisation\/"]}]},{"@type":"ImageObject","inLanguage":"fr-FR","@id":"https:\/\/michelle-beaudoin.com\/fr\/produit\/grand-babillard-organisation\/#primaryimage","url":"https:\/\/michelle-beaudoin.com\/wp-content\/uploads\/2019\/03\/IMG_2098-scaled.jpg","contentUrl":"https:\/\/michelle-beaudoin.com\/wp-content\/uploads\/2019\/03\/IMG_2098-scaled.jpg","width":2560,"height":2560,"caption":"organisation + decoration large charcoal board - grand babillard charbon"},{"@type":"BreadcrumbList","@id":"https:\/\/michelle-beaudoin.com\/fr\/produit\/grand-babillard-organisation\/#breadcrumb","itemListElement":[{"@type":"ListItem","position":1,"name":"Accueil","item":"https:\/\/michelle-beaudoin.com\/fr\/"},{"@type":"ListItem","position":2,"name":"Boutique Accueil","item":"https:\/\/michelle-beaudoin.com\/fr\/boutique-accueil\/"},{"@type":"ListItem","position":3,"name":"GRAND BABILLARD D&#8217;ORGANISATION ACIER BROSS\u00c9"}]},{"@type":"WebSite","@id":"https:\/\/michelle-beaudoin.com\/fr\/#website","url":"https:\/\/michelle-beaudoin.com\/fr\/","name":"Michelle Beaudoin","description":"De son atelier situ&eacute; au c&oelig;ur d&rsquo;un quartier historique de Montr&eacute;al, Michelle Beaudoin con&ccedil;oit et r&eacute;alise des objets d&eacute;coratifs uniques en leur genre.","potentialAction":[{"@type":"SearchAction","target":{"@type":"EntryPoint","urlTemplate":"https:\/\/michelle-beaudoin.com\/fr\/?s={search_term_string}"},"query-input":{"@type":"PropertyValueSpecification","valueRequired":true,"valueName":"search_term_string"}}],"inLanguage":"fr-FR"}]}},"_links":{"self":[{"href":"https:\/\/michelle-beaudoin.com\/fr\/wp-json\/wp\/v2\/product\/8430","targetHints":{"allow":["GET"]}}],"collection":[{"href":"https:\/\/michelle-beaudoin.com\/fr\/wp-json\/wp\/v2\/product"}],"about":[{"href":"https:\/\/michelle-beaudoin.com\/fr\/wp-json\/wp\/v2\/types\/product"}],"replies":[{"embeddable":true,"href":"https:\/\/michelle-beaudoin.com\/fr\/wp-json\/wp\/v2\/comments?post=8430"}],"wp:featuredmedia":[{"embeddable":true,"href":"https:\/\/michelle-beaudoin.com\/fr\/wp-json\/wp\/v2\/media\/8475"}],"wp:attachment":[{"href":"https:\/\/michelle-beaudoin.com\/fr\/wp-json\/wp\/v2\/media?parent=8430"}],"wp:term":[{"taxonomy":"product_brand","embeddable":true,"href":"https:\/\/michelle-beaudoin.com\/fr\/wp-json\/wp\/v2\/product_brand?post=8430"},{"taxonomy":"product_cat","embeddable":true,"href":"https:\/\/michelle-beaudoin.com\/fr\/wp-json\/wp\/v2\/product_cat?post=8430"},{"taxonomy":"product_tag","embeddable":true,"href":"https:\/\/michelle-beaudoin.com\/fr\/wp-json\/wp\/v2\/product_tag?post=8430"}],"curies":[{"name":"wp","href":"https:\/\/api.w.org\/{rel}","templated":true}]}}