{"id":8420,"date":"2019-03-25T17:15:56","date_gmt":"2019-03-25T21:15:56","guid":{"rendered":"https:\/\/michelle-beaudoin.com\/?post_type=product&#038;p=8420"},"modified":"2022-03-17T23:57:56","modified_gmt":"2022-03-18T03:57:56","slug":"babillard-organisation-moyen","status":"publish","type":"product","link":"https:\/\/michelle-beaudoin.com\/fr\/produit\/babillard-organisation-moyen\/","title":{"rendered":"BABILLARD D&rsquo;ORGANISATION ACIER BROSS\u00c9 TAILLE MOYENNE"},"content":{"rendered":"","protected":false},"excerpt":{"rendered":"<p>Babillard d\u2019organisation en acier bross\u00e9 de taille moyenne 5&Prime;x 13&Prime;<\/p>\n<p>Parfait pour y d\u00e9poser vos crochets magn\u00e9tiques \u00e0 cl\u00e9s, ou bien un vase magn\u00e9tique, ou encore un stylo dans sa bague aimant\u00e9e. Accessoires non inclus.<\/p>\n<p>Peut s&rsquo;accrocher \u00e0 la verticale ou \u00e0 l&rsquo;horizontale.<\/p>\n<p>Disponible en bross\u00e9 naturel ou couleur charbon.<\/p>\n","protected":false},"featured_media":8416,"comment_status":"open","ping_status":"closed","template":"","meta":{"_bbp_topic_count":0,"_bbp_reply_count":0,"_bbp_total_topic_count":0,"_bbp_total_reply_count":0,"_bbp_voice_count":0,"_bbp_anonymous_reply_count":0,"_bbp_topic_count_hidden":0,"_bbp_reply_count_hidden":0,"_bbp_forum_subforum_count":0},"product_brand":[],"product_cat":[38,1259],"product_tag":[39,1533,1516,1528,1513,1530,1531,166,1532,1529],"class_list":{"0":"post-8420","1":"product","2":"type-product","3":"status-publish","4":"has-post-thumbnail","6":"product_cat-babillards-accessoires","7":"product_cat-babillards-magnetiques","8":"product_tag-babillard","9":"product_tag-babillard-magnetique","10":"product_tag-decoration-murale","11":"product_tag-depose-clefs","12":"product_tag-depose-cles","13":"product_tag-espace-de-decoration","14":"product_tag-espace-de-rangement","15":"product_tag-organisation","16":"product_tag-rangement-a-cles","17":"product_tag-support-a-crochets","18":"product_shipping_class-tous-les-cadres","19":"pa_fini-charbon","20":"pa_fini-metal-brosse","22":"first","23":"instock","24":"taxable","25":"shipping-taxable","26":"purchasable","27":"product-type-variable","28":"has-default-attributes"},"yoast_head":"<!-- This site is optimized with the Yoast SEO plugin v27.1.1 - https:\/\/yoast.com\/product\/yoast-seo-wordpress\/ -->\n<title>BABILLARD D&#039;ORGANISATION ACIER BROSS\u00c9 TAILLE MOYENNE - Michelle Beaudoin<\/title>\n<meta name=\"robots\" content=\"index, follow, max-snippet:-1, max-image-preview:large, max-video-preview:-1\" \/>\n<link rel=\"canonical\" href=\"https:\/\/michelle-beaudoin.com\/fr\/produit\/babillard-organisation-moyen\/\" \/>\n<meta property=\"og:locale\" content=\"fr_FR\" \/>\n<meta property=\"og:type\" content=\"article\" \/>\n<meta property=\"og:title\" content=\"BABILLARD D&#039;ORGANISATION ACIER BROSS\u00c9 TAILLE MOYENNE - Michelle Beaudoin\" \/>\n<meta property=\"og:description\" content=\"Babillard d\u2019organisation en acier bross\u00e9 de taille moyenne 5&quot;x 13&quot;  Parfait pour y d\u00e9poser vos crochets magn\u00e9tiques \u00e0 cl\u00e9s, ou bien un vase magn\u00e9tique, ou encore un stylo dans sa bague aimant\u00e9e. Accessoires non inclus.  Peut s&#039;accrocher \u00e0 la verticale ou \u00e0 l&#039;horizontale.  Disponible en bross\u00e9 naturel ou couleur charbon.\" \/>\n<meta property=\"og:url\" content=\"https:\/\/michelle-beaudoin.com\/fr\/produit\/babillard-organisation-moyen\/\" \/>\n<meta property=\"og:site_name\" content=\"Michelle Beaudoin\" \/>\n<meta property=\"article:modified_time\" content=\"2022-03-18T03:57:56+00:00\" \/>\n<meta property=\"og:image\" content=\"https:\/\/michelle-beaudoin.com\/wp-content\/uploads\/2019\/03\/281-scaled.jpg\" \/>\n\t<meta property=\"og:image:width\" content=\"2560\" \/>\n\t<meta property=\"og:image:height\" content=\"2257\" \/>\n\t<meta property=\"og:image:type\" content=\"image\/jpeg\" \/>\n<meta name=\"twitter:card\" content=\"summary_large_image\" \/>\n<script type=\"application\/ld+json\" class=\"yoast-schema-graph\">{\"@context\":\"https:\/\/schema.org\",\"@graph\":[{\"@type\":\"WebPage\",\"@id\":\"https:\/\/michelle-beaudoin.com\/fr\/produit\/babillard-organisation-moyen\/\",\"url\":\"https:\/\/michelle-beaudoin.com\/fr\/produit\/babillard-organisation-moyen\/\",\"name\":\"BABILLARD D'ORGANISATION ACIER BROSS\u00c9 TAILLE MOYENNE - Michelle Beaudoin\",\"isPartOf\":{\"@id\":\"https:\/\/michelle-beaudoin.com\/fr\/#website\"},\"primaryImageOfPage\":{\"@id\":\"https:\/\/michelle-beaudoin.com\/fr\/produit\/babillard-organisation-moyen\/#primaryimage\"},\"image\":{\"@id\":\"https:\/\/michelle-beaudoin.com\/fr\/produit\/babillard-organisation-moyen\/#primaryimage\"},\"thumbnailUrl\":\"https:\/\/michelle-beaudoin.com\/wp-content\/uploads\/2019\/03\/281-scaled.jpg\",\"datePublished\":\"2019-03-25T21:15:56+00:00\",\"dateModified\":\"2022-03-18T03:57:56+00:00\",\"breadcrumb\":{\"@id\":\"https:\/\/michelle-beaudoin.com\/fr\/produit\/babillard-organisation-moyen\/#breadcrumb\"},\"inLanguage\":\"fr-FR\",\"potentialAction\":[{\"@type\":\"ReadAction\",\"target\":[\"https:\/\/michelle-beaudoin.com\/fr\/produit\/babillard-organisation-moyen\/\"]}]},{\"@type\":\"ImageObject\",\"inLanguage\":\"fr-FR\",\"@id\":\"https:\/\/michelle-beaudoin.com\/fr\/produit\/babillard-organisation-moyen\/#primaryimage\",\"url\":\"https:\/\/michelle-beaudoin.com\/wp-content\/uploads\/2019\/03\/281-scaled.jpg\",\"contentUrl\":\"https:\/\/michelle-beaudoin.com\/wp-content\/uploads\/2019\/03\/281-scaled.jpg\",\"width\":2560,\"height\":2257,\"caption\":\"medium - moyen babillard d'organisation - organisation board\"},{\"@type\":\"BreadcrumbList\",\"@id\":\"https:\/\/michelle-beaudoin.com\/fr\/produit\/babillard-organisation-moyen\/#breadcrumb\",\"itemListElement\":[{\"@type\":\"ListItem\",\"position\":1,\"name\":\"Accueil\",\"item\":\"https:\/\/michelle-beaudoin.com\/fr\/\"},{\"@type\":\"ListItem\",\"position\":2,\"name\":\"Boutique Accueil\",\"item\":\"https:\/\/michelle-beaudoin.com\/fr\/boutique-accueil\/\"},{\"@type\":\"ListItem\",\"position\":3,\"name\":\"BABILLARD D&#8217;ORGANISATION ACIER BROSS\u00c9 TAILLE MOYENNE\"}]},{\"@type\":\"WebSite\",\"@id\":\"https:\/\/michelle-beaudoin.com\/fr\/#website\",\"url\":\"https:\/\/michelle-beaudoin.com\/fr\/\",\"name\":\"Michelle Beaudoin\",\"description\":\"De son atelier situ&eacute; au c&oelig;ur d&rsquo;un quartier historique de Montr&eacute;al, Michelle Beaudoin con&ccedil;oit et r&eacute;alise des objets d&eacute;coratifs uniques en leur genre.\",\"potentialAction\":[{\"@type\":\"SearchAction\",\"target\":{\"@type\":\"EntryPoint\",\"urlTemplate\":\"https:\/\/michelle-beaudoin.com\/fr\/?s={search_term_string}\"},\"query-input\":{\"@type\":\"PropertyValueSpecification\",\"valueRequired\":true,\"valueName\":\"search_term_string\"}}],\"inLanguage\":\"fr-FR\"}]}<\/script>\n<!-- \/ Yoast SEO plugin. -->","yoast_head_json":{"title":"BABILLARD D'ORGANISATION ACIER BROSS\u00c9 TAILLE MOYENNE - Michelle Beaudoin","robots":{"index":"index","follow":"follow","max-snippet":"max-snippet:-1","max-image-preview":"max-image-preview:large","max-video-preview":"max-video-preview:-1"},"canonical":"https:\/\/michelle-beaudoin.com\/fr\/produit\/babillard-organisation-moyen\/","og_locale":"fr_FR","og_type":"article","og_title":"BABILLARD D'ORGANISATION ACIER BROSS\u00c9 TAILLE MOYENNE - Michelle Beaudoin","og_description":"Babillard d\u2019organisation en acier bross\u00e9 de taille moyenne 5\"x 13\"  Parfait pour y d\u00e9poser vos crochets magn\u00e9tiques \u00e0 cl\u00e9s, ou bien un vase magn\u00e9tique, ou encore un stylo dans sa bague aimant\u00e9e. Accessoires non inclus.  Peut s'accrocher \u00e0 la verticale ou \u00e0 l'horizontale.  Disponible en bross\u00e9 naturel ou couleur charbon.","og_url":"https:\/\/michelle-beaudoin.com\/fr\/produit\/babillard-organisation-moyen\/","og_site_name":"Michelle Beaudoin","article_modified_time":"2022-03-18T03:57:56+00:00","og_image":[{"width":2560,"height":2257,"url":"https:\/\/michelle-beaudoin.com\/wp-content\/uploads\/2019\/03\/281-scaled.jpg","type":"image\/jpeg"}],"twitter_card":"summary_large_image","schema":{"@context":"https:\/\/schema.org","@graph":[{"@type":"WebPage","@id":"https:\/\/michelle-beaudoin.com\/fr\/produit\/babillard-organisation-moyen\/","url":"https:\/\/michelle-beaudoin.com\/fr\/produit\/babillard-organisation-moyen\/","name":"BABILLARD D'ORGANISATION ACIER BROSS\u00c9 TAILLE MOYENNE - Michelle Beaudoin","isPartOf":{"@id":"https:\/\/michelle-beaudoin.com\/fr\/#website"},"primaryImageOfPage":{"@id":"https:\/\/michelle-beaudoin.com\/fr\/produit\/babillard-organisation-moyen\/#primaryimage"},"image":{"@id":"https:\/\/michelle-beaudoin.com\/fr\/produit\/babillard-organisation-moyen\/#primaryimage"},"thumbnailUrl":"https:\/\/michelle-beaudoin.com\/wp-content\/uploads\/2019\/03\/281-scaled.jpg","datePublished":"2019-03-25T21:15:56+00:00","dateModified":"2022-03-18T03:57:56+00:00","breadcrumb":{"@id":"https:\/\/michelle-beaudoin.com\/fr\/produit\/babillard-organisation-moyen\/#breadcrumb"},"inLanguage":"fr-FR","potentialAction":[{"@type":"ReadAction","target":["https:\/\/michelle-beaudoin.com\/fr\/produit\/babillard-organisation-moyen\/"]}]},{"@type":"ImageObject","inLanguage":"fr-FR","@id":"https:\/\/michelle-beaudoin.com\/fr\/produit\/babillard-organisation-moyen\/#primaryimage","url":"https:\/\/michelle-beaudoin.com\/wp-content\/uploads\/2019\/03\/281-scaled.jpg","contentUrl":"https:\/\/michelle-beaudoin.com\/wp-content\/uploads\/2019\/03\/281-scaled.jpg","width":2560,"height":2257,"caption":"medium - moyen babillard d'organisation - organisation board"},{"@type":"BreadcrumbList","@id":"https:\/\/michelle-beaudoin.com\/fr\/produit\/babillard-organisation-moyen\/#breadcrumb","itemListElement":[{"@type":"ListItem","position":1,"name":"Accueil","item":"https:\/\/michelle-beaudoin.com\/fr\/"},{"@type":"ListItem","position":2,"name":"Boutique Accueil","item":"https:\/\/michelle-beaudoin.com\/fr\/boutique-accueil\/"},{"@type":"ListItem","position":3,"name":"BABILLARD D&#8217;ORGANISATION ACIER BROSS\u00c9 TAILLE MOYENNE"}]},{"@type":"WebSite","@id":"https:\/\/michelle-beaudoin.com\/fr\/#website","url":"https:\/\/michelle-beaudoin.com\/fr\/","name":"Michelle Beaudoin","description":"De son atelier situ&eacute; au c&oelig;ur d&rsquo;un quartier historique de Montr&eacute;al, Michelle Beaudoin con&ccedil;oit et r&eacute;alise des objets d&eacute;coratifs uniques en leur genre.","potentialAction":[{"@type":"SearchAction","target":{"@type":"EntryPoint","urlTemplate":"https:\/\/michelle-beaudoin.com\/fr\/?s={search_term_string}"},"query-input":{"@type":"PropertyValueSpecification","valueRequired":true,"valueName":"search_term_string"}}],"inLanguage":"fr-FR"}]}},"_links":{"self":[{"href":"https:\/\/michelle-beaudoin.com\/fr\/wp-json\/wp\/v2\/product\/8420","targetHints":{"allow":["GET"]}}],"collection":[{"href":"https:\/\/michelle-beaudoin.com\/fr\/wp-json\/wp\/v2\/product"}],"about":[{"href":"https:\/\/michelle-beaudoin.com\/fr\/wp-json\/wp\/v2\/types\/product"}],"replies":[{"embeddable":true,"href":"https:\/\/michelle-beaudoin.com\/fr\/wp-json\/wp\/v2\/comments?post=8420"}],"wp:featuredmedia":[{"embeddable":true,"href":"https:\/\/michelle-beaudoin.com\/fr\/wp-json\/wp\/v2\/media\/8416"}],"wp:attachment":[{"href":"https:\/\/michelle-beaudoin.com\/fr\/wp-json\/wp\/v2\/media?parent=8420"}],"wp:term":[{"taxonomy":"product_brand","embeddable":true,"href":"https:\/\/michelle-beaudoin.com\/fr\/wp-json\/wp\/v2\/product_brand?post=8420"},{"taxonomy":"product_cat","embeddable":true,"href":"https:\/\/michelle-beaudoin.com\/fr\/wp-json\/wp\/v2\/product_cat?post=8420"},{"taxonomy":"product_tag","embeddable":true,"href":"https:\/\/michelle-beaudoin.com\/fr\/wp-json\/wp\/v2\/product_tag?post=8420"}],"curies":[{"name":"wp","href":"https:\/\/api.w.org\/{rel}","templated":true}]}}