{"id":8404,"date":"2019-03-25T16:43:29","date_gmt":"2019-03-25T20:43:29","guid":{"rendered":"https:\/\/michelle-beaudoin.com\/?post_type=product&#038;p=8404"},"modified":"2024-03-19T13:41:05","modified_gmt":"2024-03-19T17:41:05","slug":"petit-babillard-dorganisation-metal-brosse","status":"publish","type":"product","link":"https:\/\/michelle-beaudoin.com\/fr\/produit\/petit-babillard-dorganisation-metal-brosse\/","title":{"rendered":"PETIT BABILLARD D&rsquo;ORGANISATION M\u00c9TAL BROSS\u00c9"},"content":{"rendered":"","protected":false},"excerpt":{"rendered":"<p>Petit babillard d&rsquo;organisation en acier bross\u00e9 2&Prime; x 6.50&Prime;<\/p>\n<p>Parfait pour y d\u00e9poser vos crochets magn\u00e9tiques \u00e0 cl\u00e9s, ou bien un vase magn\u00e9tique, ou encore un stylo dans sa bague aimant\u00e9e. Accessoires non inclus.<\/p>\n<p>Peut s&rsquo;accrocher vertical ou horizontal.<\/p>\n<p>Disponible en bross\u00e9 naturel ou couleur charbon.<\/p>\n","protected":false},"featured_media":8407,"comment_status":"open","ping_status":"closed","template":"","meta":{"_bbp_topic_count":0,"_bbp_reply_count":0,"_bbp_total_topic_count":0,"_bbp_total_reply_count":0,"_bbp_voice_count":0,"_bbp_anonymous_reply_count":0,"_bbp_topic_count_hidden":0,"_bbp_reply_count_hidden":0,"_bbp_forum_subforum_count":0},"product_brand":[],"product_cat":[38,1259],"product_tag":[39,1518,1283,1516,1513,1241,166,1517,1512,1497,1514,1515],"class_list":{"0":"post-8404","1":"product","2":"type-product","3":"status-publish","4":"has-post-thumbnail","6":"product_cat-babillards-accessoires","7":"product_cat-babillards-magnetiques","8":"product_tag-babillard","9":"product_tag-babillard-metal","10":"product_tag-cles","11":"product_tag-decoration-murale","12":"product_tag-depose-cles","13":"product_tag-entree","14":"product_tag-organisation","15":"product_tag-organisation-murale","16":"product_tag-petit","17":"product_tag-rangement","18":"product_tag-station-a-cles","19":"product_tag-station-de-decoration","20":"product_shipping_class-crochets-aimants-longs-forts-ba5","21":"pa_fini-charbon","22":"pa_fini-metal-brosse","24":"first","25":"instock","26":"taxable","27":"shipping-taxable","28":"purchasable","29":"product-type-variable","30":"has-default-attributes"},"yoast_head":"<!-- This site is optimized with the Yoast SEO plugin v27.1.1 - https:\/\/yoast.com\/product\/yoast-seo-wordpress\/ -->\n<title>PETIT BABILLARD D&#039;ORGANISATION M\u00c9TAL BROSS\u00c9 - Michelle Beaudoin<\/title>\n<meta name=\"robots\" content=\"index, follow, max-snippet:-1, max-image-preview:large, max-video-preview:-1\" \/>\n<link rel=\"canonical\" href=\"https:\/\/michelle-beaudoin.com\/fr\/produit\/petit-babillard-dorganisation-metal-brosse\/\" \/>\n<meta property=\"og:locale\" content=\"fr_FR\" \/>\n<meta property=\"og:type\" content=\"article\" \/>\n<meta property=\"og:title\" content=\"PETIT BABILLARD D&#039;ORGANISATION M\u00c9TAL BROSS\u00c9 - Michelle Beaudoin\" \/>\n<meta property=\"og:description\" content=\"Petit babillard d&#039;organisation en acier bross\u00e9 2&quot; x 6.50&quot;  Parfait pour y d\u00e9poser vos crochets magn\u00e9tiques \u00e0 cl\u00e9s, ou bien un vase magn\u00e9tique, ou encore un stylo dans sa bague aimant\u00e9e. Accessoires non inclus.  Peut s&#039;accrocher vertical ou horizontal.  Disponible en bross\u00e9 naturel ou couleur charbon.\" \/>\n<meta property=\"og:url\" content=\"https:\/\/michelle-beaudoin.com\/fr\/produit\/petit-babillard-dorganisation-metal-brosse\/\" \/>\n<meta property=\"og:site_name\" content=\"Michelle Beaudoin\" \/>\n<meta property=\"article:modified_time\" content=\"2024-03-19T17:41:05+00:00\" \/>\n<meta property=\"og:image\" content=\"https:\/\/michelle-beaudoin.com\/wp-content\/uploads\/2019\/03\/280.jpg\" \/>\n\t<meta property=\"og:image:width\" content=\"2041\" \/>\n\t<meta property=\"og:image:height\" content=\"1073\" \/>\n\t<meta property=\"og:image:type\" content=\"image\/jpeg\" \/>\n<meta name=\"twitter:card\" content=\"summary_large_image\" \/>\n<script type=\"application\/ld+json\" class=\"yoast-schema-graph\">{\"@context\":\"https:\/\/schema.org\",\"@graph\":[{\"@type\":\"WebPage\",\"@id\":\"https:\/\/michelle-beaudoin.com\/fr\/produit\/petit-babillard-dorganisation-metal-brosse\/\",\"url\":\"https:\/\/michelle-beaudoin.com\/fr\/produit\/petit-babillard-dorganisation-metal-brosse\/\",\"name\":\"PETIT BABILLARD D'ORGANISATION M\u00c9TAL BROSS\u00c9 - Michelle Beaudoin\",\"isPartOf\":{\"@id\":\"https:\/\/michelle-beaudoin.com\/fr\/#website\"},\"primaryImageOfPage\":{\"@id\":\"https:\/\/michelle-beaudoin.com\/fr\/produit\/petit-babillard-dorganisation-metal-brosse\/#primaryimage\"},\"image\":{\"@id\":\"https:\/\/michelle-beaudoin.com\/fr\/produit\/petit-babillard-dorganisation-metal-brosse\/#primaryimage\"},\"thumbnailUrl\":\"https:\/\/michelle-beaudoin.com\/wp-content\/uploads\/2019\/03\/280.jpg\",\"datePublished\":\"2019-03-25T20:43:29+00:00\",\"dateModified\":\"2024-03-19T17:41:05+00:00\",\"breadcrumb\":{\"@id\":\"https:\/\/michelle-beaudoin.com\/fr\/produit\/petit-babillard-dorganisation-metal-brosse\/#breadcrumb\"},\"inLanguage\":\"fr-FR\",\"potentialAction\":[{\"@type\":\"ReadAction\",\"target\":[\"https:\/\/michelle-beaudoin.com\/fr\/produit\/petit-babillard-dorganisation-metal-brosse\/\"]}]},{\"@type\":\"ImageObject\",\"inLanguage\":\"fr-FR\",\"@id\":\"https:\/\/michelle-beaudoin.com\/fr\/produit\/petit-babillard-dorganisation-metal-brosse\/#primaryimage\",\"url\":\"https:\/\/michelle-beaudoin.com\/wp-content\/uploads\/2019\/03\/280.jpg\",\"contentUrl\":\"https:\/\/michelle-beaudoin.com\/wp-content\/uploads\/2019\/03\/280.jpg\",\"width\":2041,\"height\":1073,\"caption\":\"petit babillard d'organisation acier bross\u00e9 - small brushed steel organisation board small brushed steel board for organisation\"},{\"@type\":\"BreadcrumbList\",\"@id\":\"https:\/\/michelle-beaudoin.com\/fr\/produit\/petit-babillard-dorganisation-metal-brosse\/#breadcrumb\",\"itemListElement\":[{\"@type\":\"ListItem\",\"position\":1,\"name\":\"Accueil\",\"item\":\"https:\/\/michelle-beaudoin.com\/fr\/\"},{\"@type\":\"ListItem\",\"position\":2,\"name\":\"Boutique Accueil\",\"item\":\"https:\/\/michelle-beaudoin.com\/fr\/boutique-accueil\/\"},{\"@type\":\"ListItem\",\"position\":3,\"name\":\"PETIT BABILLARD D&#8217;ORGANISATION M\u00c9TAL BROSS\u00c9\"}]},{\"@type\":\"WebSite\",\"@id\":\"https:\/\/michelle-beaudoin.com\/fr\/#website\",\"url\":\"https:\/\/michelle-beaudoin.com\/fr\/\",\"name\":\"Michelle Beaudoin\",\"description\":\"De son atelier situ&eacute; au c&oelig;ur d&rsquo;un quartier historique de Montr&eacute;al, Michelle Beaudoin con&ccedil;oit et r&eacute;alise des objets d&eacute;coratifs uniques en leur genre.\",\"potentialAction\":[{\"@type\":\"SearchAction\",\"target\":{\"@type\":\"EntryPoint\",\"urlTemplate\":\"https:\/\/michelle-beaudoin.com\/fr\/?s={search_term_string}\"},\"query-input\":{\"@type\":\"PropertyValueSpecification\",\"valueRequired\":true,\"valueName\":\"search_term_string\"}}],\"inLanguage\":\"fr-FR\"}]}<\/script>\n<!-- \/ Yoast SEO plugin. -->","yoast_head_json":{"title":"PETIT BABILLARD D'ORGANISATION M\u00c9TAL BROSS\u00c9 - Michelle Beaudoin","robots":{"index":"index","follow":"follow","max-snippet":"max-snippet:-1","max-image-preview":"max-image-preview:large","max-video-preview":"max-video-preview:-1"},"canonical":"https:\/\/michelle-beaudoin.com\/fr\/produit\/petit-babillard-dorganisation-metal-brosse\/","og_locale":"fr_FR","og_type":"article","og_title":"PETIT BABILLARD D'ORGANISATION M\u00c9TAL BROSS\u00c9 - Michelle Beaudoin","og_description":"Petit babillard d'organisation en acier bross\u00e9 2\" x 6.50\"  Parfait pour y d\u00e9poser vos crochets magn\u00e9tiques \u00e0 cl\u00e9s, ou bien un vase magn\u00e9tique, ou encore un stylo dans sa bague aimant\u00e9e. Accessoires non inclus.  Peut s'accrocher vertical ou horizontal.  Disponible en bross\u00e9 naturel ou couleur charbon.","og_url":"https:\/\/michelle-beaudoin.com\/fr\/produit\/petit-babillard-dorganisation-metal-brosse\/","og_site_name":"Michelle Beaudoin","article_modified_time":"2024-03-19T17:41:05+00:00","og_image":[{"width":2041,"height":1073,"url":"https:\/\/michelle-beaudoin.com\/wp-content\/uploads\/2019\/03\/280.jpg","type":"image\/jpeg"}],"twitter_card":"summary_large_image","schema":{"@context":"https:\/\/schema.org","@graph":[{"@type":"WebPage","@id":"https:\/\/michelle-beaudoin.com\/fr\/produit\/petit-babillard-dorganisation-metal-brosse\/","url":"https:\/\/michelle-beaudoin.com\/fr\/produit\/petit-babillard-dorganisation-metal-brosse\/","name":"PETIT BABILLARD D'ORGANISATION M\u00c9TAL BROSS\u00c9 - Michelle Beaudoin","isPartOf":{"@id":"https:\/\/michelle-beaudoin.com\/fr\/#website"},"primaryImageOfPage":{"@id":"https:\/\/michelle-beaudoin.com\/fr\/produit\/petit-babillard-dorganisation-metal-brosse\/#primaryimage"},"image":{"@id":"https:\/\/michelle-beaudoin.com\/fr\/produit\/petit-babillard-dorganisation-metal-brosse\/#primaryimage"},"thumbnailUrl":"https:\/\/michelle-beaudoin.com\/wp-content\/uploads\/2019\/03\/280.jpg","datePublished":"2019-03-25T20:43:29+00:00","dateModified":"2024-03-19T17:41:05+00:00","breadcrumb":{"@id":"https:\/\/michelle-beaudoin.com\/fr\/produit\/petit-babillard-dorganisation-metal-brosse\/#breadcrumb"},"inLanguage":"fr-FR","potentialAction":[{"@type":"ReadAction","target":["https:\/\/michelle-beaudoin.com\/fr\/produit\/petit-babillard-dorganisation-metal-brosse\/"]}]},{"@type":"ImageObject","inLanguage":"fr-FR","@id":"https:\/\/michelle-beaudoin.com\/fr\/produit\/petit-babillard-dorganisation-metal-brosse\/#primaryimage","url":"https:\/\/michelle-beaudoin.com\/wp-content\/uploads\/2019\/03\/280.jpg","contentUrl":"https:\/\/michelle-beaudoin.com\/wp-content\/uploads\/2019\/03\/280.jpg","width":2041,"height":1073,"caption":"petit babillard d'organisation acier bross\u00e9 - small brushed steel organisation board small brushed steel board for organisation"},{"@type":"BreadcrumbList","@id":"https:\/\/michelle-beaudoin.com\/fr\/produit\/petit-babillard-dorganisation-metal-brosse\/#breadcrumb","itemListElement":[{"@type":"ListItem","position":1,"name":"Accueil","item":"https:\/\/michelle-beaudoin.com\/fr\/"},{"@type":"ListItem","position":2,"name":"Boutique Accueil","item":"https:\/\/michelle-beaudoin.com\/fr\/boutique-accueil\/"},{"@type":"ListItem","position":3,"name":"PETIT BABILLARD D&#8217;ORGANISATION M\u00c9TAL BROSS\u00c9"}]},{"@type":"WebSite","@id":"https:\/\/michelle-beaudoin.com\/fr\/#website","url":"https:\/\/michelle-beaudoin.com\/fr\/","name":"Michelle Beaudoin","description":"De son atelier situ&eacute; au c&oelig;ur d&rsquo;un quartier historique de Montr&eacute;al, Michelle Beaudoin con&ccedil;oit et r&eacute;alise des objets d&eacute;coratifs uniques en leur genre.","potentialAction":[{"@type":"SearchAction","target":{"@type":"EntryPoint","urlTemplate":"https:\/\/michelle-beaudoin.com\/fr\/?s={search_term_string}"},"query-input":{"@type":"PropertyValueSpecification","valueRequired":true,"valueName":"search_term_string"}}],"inLanguage":"fr-FR"}]}},"_links":{"self":[{"href":"https:\/\/michelle-beaudoin.com\/fr\/wp-json\/wp\/v2\/product\/8404","targetHints":{"allow":["GET"]}}],"collection":[{"href":"https:\/\/michelle-beaudoin.com\/fr\/wp-json\/wp\/v2\/product"}],"about":[{"href":"https:\/\/michelle-beaudoin.com\/fr\/wp-json\/wp\/v2\/types\/product"}],"replies":[{"embeddable":true,"href":"https:\/\/michelle-beaudoin.com\/fr\/wp-json\/wp\/v2\/comments?post=8404"}],"wp:featuredmedia":[{"embeddable":true,"href":"https:\/\/michelle-beaudoin.com\/fr\/wp-json\/wp\/v2\/media\/8407"}],"wp:attachment":[{"href":"https:\/\/michelle-beaudoin.com\/fr\/wp-json\/wp\/v2\/media?parent=8404"}],"wp:term":[{"taxonomy":"product_brand","embeddable":true,"href":"https:\/\/michelle-beaudoin.com\/fr\/wp-json\/wp\/v2\/product_brand?post=8404"},{"taxonomy":"product_cat","embeddable":true,"href":"https:\/\/michelle-beaudoin.com\/fr\/wp-json\/wp\/v2\/product_cat?post=8404"},{"taxonomy":"product_tag","embeddable":true,"href":"https:\/\/michelle-beaudoin.com\/fr\/wp-json\/wp\/v2\/product_tag?post=8404"}],"curies":[{"name":"wp","href":"https:\/\/api.w.org\/{rel}","templated":true}]}}