{"id":8387,"date":"2019-03-25T15:34:31","date_gmt":"2019-03-25T19:34:31","guid":{"rendered":"https:\/\/michelle-beaudoin.com\/?post_type=product&#038;p=8387"},"modified":"2021-08-26T16:36:06","modified_gmt":"2021-08-26T20:36:06","slug":"porte-document-portatif","status":"publish","type":"product","link":"https:\/\/michelle-beaudoin.com\/fr\/produit\/porte-document-portatif\/","title":{"rendered":"CADRE PORTE-DOCUMENT M\u00c9TAL BROSS\u00c9"},"content":{"rendered":"","protected":false},"excerpt":{"rendered":"<p>Porte-magazine magn\u00e9tique. Fa\u00e7on cadre, sur pied.<\/p>\n<p>A d\u00e9poser sur table ou bureau.<\/p>\n<p>Accueille votre courrier, fili\u00e8res, magazines, livres de recettes.<\/p>\n<p>D\u00e9corez la surface avant avec les aimants fantaisie de notre collection !<\/p>\n<p>&nbsp;<\/p>\n<p>Fait main dans notre atelier.<\/p>\n<p>Mat\u00e9riau: acier bross\u00e9.<\/p>\n","protected":false},"featured_media":8395,"comment_status":"closed","ping_status":"closed","template":"","meta":{"_bbp_topic_count":0,"_bbp_reply_count":0,"_bbp_total_topic_count":0,"_bbp_total_reply_count":0,"_bbp_voice_count":0,"_bbp_anonymous_reply_count":0,"_bbp_topic_count_hidden":0,"_bbp_reply_count_hidden":0,"_bbp_forum_subforum_count":0},"product_brand":[],"product_cat":[9],"product_tag":[57,58,1500,93,10,1498,1499,11,24,23,1496,94,166,1494,1337,1497,1495,13],"class_list":{"0":"post-8387","1":"product","2":"type-product","3":"status-publish","4":"has-post-thumbnail","6":"product_cat-cadres","7":"product_tag-accessoire","8":"product_tag-accessory","9":"product_tag-brushed-metal","10":"product_tag-bureau","11":"product_tag-cadre","12":"product_tag-courrier","13":"product_tag-file-holder","14":"product_tag-frame","15":"product_tag-magnetic","16":"product_tag-magnetique","17":"product_tag-metal-brosse","18":"product_tag-office","19":"product_tag-organisation","20":"product_tag-porte-document","21":"product_tag-practical","22":"product_tag-rangement","23":"product_tag-sur-pied","24":"product_tag-table-top","25":"product_shipping_class-tous-les-cadres","26":"pa_grandeur-5-x-6-x-4","27":"pa_grandeur-8-5-x-5-5-x-4","29":"first","30":"instock","31":"taxable","32":"shipping-taxable","33":"purchasable","34":"product-type-variable"},"yoast_head":"<!-- This site is optimized with the Yoast SEO plugin v27.1.1 - https:\/\/yoast.com\/product\/yoast-seo-wordpress\/ -->\n<title>CADRE PORTE-DOCUMENT M\u00c9TAL BROSS\u00c9 - Michelle Beaudoin<\/title>\n<meta name=\"robots\" content=\"index, follow, max-snippet:-1, max-image-preview:large, max-video-preview:-1\" \/>\n<link rel=\"canonical\" href=\"https:\/\/michelle-beaudoin.com\/fr\/produit\/porte-document-portatif\/\" \/>\n<meta property=\"og:locale\" content=\"fr_FR\" \/>\n<meta property=\"og:type\" content=\"article\" \/>\n<meta property=\"og:title\" content=\"CADRE PORTE-DOCUMENT M\u00c9TAL BROSS\u00c9 - Michelle Beaudoin\" \/>\n<meta property=\"og:description\" content=\"Porte-magazine magn\u00e9tique. Fa\u00e7on cadre, sur pied.  A d\u00e9poser sur table ou bureau.  Accueille votre courrier, fili\u00e8res, magazines, livres de recettes.  D\u00e9corez la surface avant avec les aimants fantaisie de notre collection !  &nbsp;  Fait main dans notre atelier.  Mat\u00e9riau: acier bross\u00e9.\" \/>\n<meta property=\"og:url\" content=\"https:\/\/michelle-beaudoin.com\/fr\/produit\/porte-document-portatif\/\" \/>\n<meta property=\"og:site_name\" content=\"Michelle Beaudoin\" \/>\n<meta property=\"article:modified_time\" content=\"2021-08-26T20:36:06+00:00\" \/>\n<meta property=\"og:image\" content=\"https:\/\/michelle-beaudoin.com\/wp-content\/uploads\/2019\/03\/356-357-beauty.jpg\" \/>\n\t<meta property=\"og:image:width\" content=\"1334\" \/>\n\t<meta property=\"og:image:height\" content=\"1334\" \/>\n\t<meta property=\"og:image:type\" content=\"image\/jpeg\" \/>\n<meta name=\"twitter:card\" content=\"summary_large_image\" \/>\n<script type=\"application\/ld+json\" class=\"yoast-schema-graph\">{\"@context\":\"https:\/\/schema.org\",\"@graph\":[{\"@type\":\"WebPage\",\"@id\":\"https:\/\/michelle-beaudoin.com\/fr\/produit\/porte-document-portatif\/\",\"url\":\"https:\/\/michelle-beaudoin.com\/fr\/produit\/porte-document-portatif\/\",\"name\":\"CADRE PORTE-DOCUMENT M\u00c9TAL BROSS\u00c9 - Michelle Beaudoin\",\"isPartOf\":{\"@id\":\"https:\/\/michelle-beaudoin.com\/fr\/#website\"},\"primaryImageOfPage\":{\"@id\":\"https:\/\/michelle-beaudoin.com\/fr\/produit\/porte-document-portatif\/#primaryimage\"},\"image\":{\"@id\":\"https:\/\/michelle-beaudoin.com\/fr\/produit\/porte-document-portatif\/#primaryimage\"},\"thumbnailUrl\":\"https:\/\/michelle-beaudoin.com\/wp-content\/uploads\/2019\/03\/356-357-beauty.jpg\",\"datePublished\":\"2019-03-25T19:34:31+00:00\",\"dateModified\":\"2021-08-26T20:36:06+00:00\",\"breadcrumb\":{\"@id\":\"https:\/\/michelle-beaudoin.com\/fr\/produit\/porte-document-portatif\/#breadcrumb\"},\"inLanguage\":\"fr-FR\",\"potentialAction\":[{\"@type\":\"ReadAction\",\"target\":[\"https:\/\/michelle-beaudoin.com\/fr\/produit\/porte-document-portatif\/\"]}]},{\"@type\":\"ImageObject\",\"inLanguage\":\"fr-FR\",\"@id\":\"https:\/\/michelle-beaudoin.com\/fr\/produit\/porte-document-portatif\/#primaryimage\",\"url\":\"https:\/\/michelle-beaudoin.com\/wp-content\/uploads\/2019\/03\/356-357-beauty.jpg\",\"contentUrl\":\"https:\/\/michelle-beaudoin.com\/wp-content\/uploads\/2019\/03\/356-357-beauty.jpg\",\"width\":1334,\"height\":1334,\"caption\":\"Porte-document portatif Table-top file holder\"},{\"@type\":\"BreadcrumbList\",\"@id\":\"https:\/\/michelle-beaudoin.com\/fr\/produit\/porte-document-portatif\/#breadcrumb\",\"itemListElement\":[{\"@type\":\"ListItem\",\"position\":1,\"name\":\"Accueil\",\"item\":\"https:\/\/michelle-beaudoin.com\/fr\/\"},{\"@type\":\"ListItem\",\"position\":2,\"name\":\"Boutique Accueil\",\"item\":\"https:\/\/michelle-beaudoin.com\/fr\/boutique-accueil\/\"},{\"@type\":\"ListItem\",\"position\":3,\"name\":\"CADRE PORTE-DOCUMENT M\u00c9TAL BROSS\u00c9\"}]},{\"@type\":\"WebSite\",\"@id\":\"https:\/\/michelle-beaudoin.com\/fr\/#website\",\"url\":\"https:\/\/michelle-beaudoin.com\/fr\/\",\"name\":\"Michelle Beaudoin\",\"description\":\"De son atelier situ&eacute; au c&oelig;ur d&rsquo;un quartier historique de Montr&eacute;al, Michelle Beaudoin con&ccedil;oit et r&eacute;alise des objets d&eacute;coratifs uniques en leur genre.\",\"potentialAction\":[{\"@type\":\"SearchAction\",\"target\":{\"@type\":\"EntryPoint\",\"urlTemplate\":\"https:\/\/michelle-beaudoin.com\/fr\/?s={search_term_string}\"},\"query-input\":{\"@type\":\"PropertyValueSpecification\",\"valueRequired\":true,\"valueName\":\"search_term_string\"}}],\"inLanguage\":\"fr-FR\"}]}<\/script>\n<!-- \/ Yoast SEO plugin. -->","yoast_head_json":{"title":"CADRE PORTE-DOCUMENT M\u00c9TAL BROSS\u00c9 - Michelle Beaudoin","robots":{"index":"index","follow":"follow","max-snippet":"max-snippet:-1","max-image-preview":"max-image-preview:large","max-video-preview":"max-video-preview:-1"},"canonical":"https:\/\/michelle-beaudoin.com\/fr\/produit\/porte-document-portatif\/","og_locale":"fr_FR","og_type":"article","og_title":"CADRE PORTE-DOCUMENT M\u00c9TAL BROSS\u00c9 - Michelle Beaudoin","og_description":"Porte-magazine magn\u00e9tique. Fa\u00e7on cadre, sur pied.  A d\u00e9poser sur table ou bureau.  Accueille votre courrier, fili\u00e8res, magazines, livres de recettes.  D\u00e9corez la surface avant avec les aimants fantaisie de notre collection !  &nbsp;  Fait main dans notre atelier.  Mat\u00e9riau: acier bross\u00e9.","og_url":"https:\/\/michelle-beaudoin.com\/fr\/produit\/porte-document-portatif\/","og_site_name":"Michelle Beaudoin","article_modified_time":"2021-08-26T20:36:06+00:00","og_image":[{"width":1334,"height":1334,"url":"https:\/\/michelle-beaudoin.com\/wp-content\/uploads\/2019\/03\/356-357-beauty.jpg","type":"image\/jpeg"}],"twitter_card":"summary_large_image","schema":{"@context":"https:\/\/schema.org","@graph":[{"@type":"WebPage","@id":"https:\/\/michelle-beaudoin.com\/fr\/produit\/porte-document-portatif\/","url":"https:\/\/michelle-beaudoin.com\/fr\/produit\/porte-document-portatif\/","name":"CADRE PORTE-DOCUMENT M\u00c9TAL BROSS\u00c9 - Michelle Beaudoin","isPartOf":{"@id":"https:\/\/michelle-beaudoin.com\/fr\/#website"},"primaryImageOfPage":{"@id":"https:\/\/michelle-beaudoin.com\/fr\/produit\/porte-document-portatif\/#primaryimage"},"image":{"@id":"https:\/\/michelle-beaudoin.com\/fr\/produit\/porte-document-portatif\/#primaryimage"},"thumbnailUrl":"https:\/\/michelle-beaudoin.com\/wp-content\/uploads\/2019\/03\/356-357-beauty.jpg","datePublished":"2019-03-25T19:34:31+00:00","dateModified":"2021-08-26T20:36:06+00:00","breadcrumb":{"@id":"https:\/\/michelle-beaudoin.com\/fr\/produit\/porte-document-portatif\/#breadcrumb"},"inLanguage":"fr-FR","potentialAction":[{"@type":"ReadAction","target":["https:\/\/michelle-beaudoin.com\/fr\/produit\/porte-document-portatif\/"]}]},{"@type":"ImageObject","inLanguage":"fr-FR","@id":"https:\/\/michelle-beaudoin.com\/fr\/produit\/porte-document-portatif\/#primaryimage","url":"https:\/\/michelle-beaudoin.com\/wp-content\/uploads\/2019\/03\/356-357-beauty.jpg","contentUrl":"https:\/\/michelle-beaudoin.com\/wp-content\/uploads\/2019\/03\/356-357-beauty.jpg","width":1334,"height":1334,"caption":"Porte-document portatif Table-top file holder"},{"@type":"BreadcrumbList","@id":"https:\/\/michelle-beaudoin.com\/fr\/produit\/porte-document-portatif\/#breadcrumb","itemListElement":[{"@type":"ListItem","position":1,"name":"Accueil","item":"https:\/\/michelle-beaudoin.com\/fr\/"},{"@type":"ListItem","position":2,"name":"Boutique Accueil","item":"https:\/\/michelle-beaudoin.com\/fr\/boutique-accueil\/"},{"@type":"ListItem","position":3,"name":"CADRE PORTE-DOCUMENT M\u00c9TAL BROSS\u00c9"}]},{"@type":"WebSite","@id":"https:\/\/michelle-beaudoin.com\/fr\/#website","url":"https:\/\/michelle-beaudoin.com\/fr\/","name":"Michelle Beaudoin","description":"De son atelier situ&eacute; au c&oelig;ur d&rsquo;un quartier historique de Montr&eacute;al, Michelle Beaudoin con&ccedil;oit et r&eacute;alise des objets d&eacute;coratifs uniques en leur genre.","potentialAction":[{"@type":"SearchAction","target":{"@type":"EntryPoint","urlTemplate":"https:\/\/michelle-beaudoin.com\/fr\/?s={search_term_string}"},"query-input":{"@type":"PropertyValueSpecification","valueRequired":true,"valueName":"search_term_string"}}],"inLanguage":"fr-FR"}]}},"_links":{"self":[{"href":"https:\/\/michelle-beaudoin.com\/fr\/wp-json\/wp\/v2\/product\/8387","targetHints":{"allow":["GET"]}}],"collection":[{"href":"https:\/\/michelle-beaudoin.com\/fr\/wp-json\/wp\/v2\/product"}],"about":[{"href":"https:\/\/michelle-beaudoin.com\/fr\/wp-json\/wp\/v2\/types\/product"}],"replies":[{"embeddable":true,"href":"https:\/\/michelle-beaudoin.com\/fr\/wp-json\/wp\/v2\/comments?post=8387"}],"wp:featuredmedia":[{"embeddable":true,"href":"https:\/\/michelle-beaudoin.com\/fr\/wp-json\/wp\/v2\/media\/8395"}],"wp:attachment":[{"href":"https:\/\/michelle-beaudoin.com\/fr\/wp-json\/wp\/v2\/media?parent=8387"}],"wp:term":[{"taxonomy":"product_brand","embeddable":true,"href":"https:\/\/michelle-beaudoin.com\/fr\/wp-json\/wp\/v2\/product_brand?post=8387"},{"taxonomy":"product_cat","embeddable":true,"href":"https:\/\/michelle-beaudoin.com\/fr\/wp-json\/wp\/v2\/product_cat?post=8387"},{"taxonomy":"product_tag","embeddable":true,"href":"https:\/\/michelle-beaudoin.com\/fr\/wp-json\/wp\/v2\/product_tag?post=8387"}],"curies":[{"name":"wp","href":"https:\/\/api.w.org\/{rel}","templated":true}]}}