{"id":7723,"date":"2018-03-02T06:14:19","date_gmt":"2018-03-02T10:14:19","guid":{"rendered":"https:\/\/michelle-beaudoin.com\/?post_type=product&#038;p=7723"},"modified":"2018-06-17T05:29:57","modified_gmt":"2018-06-17T09:29:57","slug":"mandala-porte-bonheur-vision","status":"publish","type":"product","link":"https:\/\/michelle-beaudoin.com\/fr\/produit\/mandala-porte-bonheur-vision\/","title":{"rendered":"MANDALA &#8211; PORTE-BONHEUR VISION"},"content":{"rendered":"","protected":false},"excerpt":{"rendered":"<p>NOUVELLE COLLECTION MANDALA: ligne d\u2019inspiration pour la pens\u00e9e positive<\/p>\n<p>&nbsp;<\/p>\n<p>Porte-bonheur VISION<\/p>\n<p>Tout en maintenant son calme, la vision permet de maintenir le focus sur un objectif&#8230; et de l&rsquo;atteindre. En y voyant plus clair, il est aussi plus ais\u00e9 de se fixer des buts qui nous ressemblent.<\/p>\n<p>Mod\u00e8le \u00e9galement disponible en aimant, porte-cl\u00e9s, crochet magn\u00e9tique, et collier (voir page MANDALA).<\/p>\n<p>Moul\u00e9s en \u00e9tain, nos porte-bonheurs ont \u00e9t\u00e9 con\u00e7u dans le but de vous inspirer une pens\u00e9e positive, en accord avec chaque situation. Une excellente id\u00e9e-cadeau \u00e0 offrir \u00e0 vos amis, vos proches, vos h\u00f4tes ou au professeur de votre enfant\u2026 ou \u00e0 garder pour soi !<\/p>\n<p>Leurs dimensions varient entre 1 et 2 pouces.<\/p>\n<p>Voir toute notre gamme dans la section MANDALA.<\/p>\n","protected":false},"featured_media":7506,"comment_status":"open","ping_status":"closed","template":"","meta":{"_bbp_topic_count":0,"_bbp_reply_count":0,"_bbp_total_topic_count":0,"_bbp_total_reply_count":0,"_bbp_voice_count":0,"_bbp_anonymous_reply_count":0,"_bbp_topic_count_hidden":0,"_bbp_reply_count_hidden":0,"_bbp_forum_subforum_count":0},"product_brand":[],"product_cat":[1383,1404],"product_tag":[1368,1388,1387,22,97,21,1342,1362,1386,1389,1341,1364,98,1385,1365,374,180,179,375,1348,1425,1424,1363],"class_list":{"0":"post-7723","1":"product","2":"type-product","3":"status-publish","4":"has-post-thumbnail","6":"product_cat-mandala","7":"product_cat-porte-bonheurs-fr","8":"product_tag-bien-etre","9":"product_tag-brosse","10":"product_tag-brushed","11":"product_tag-cadeau","12":"product_tag-etain","13":"product_tag-gift","14":"product_tag-inspiration","15":"product_tag-introspection","16":"product_tag-key-chain","17":"product_tag-key-ring","18":"product_tag-mandala","19":"product_tag-meditation","20":"product_tag-pewter","21":"product_tag-porte-cles","22":"product_tag-key-holder","23":"product_tag-soleil","24":"product_tag-spiritual","25":"product_tag-spirituel","26":"product_tag-sun","27":"product_tag-vision","28":"product_tag-wellbeing","29":"product_tag-yoga","30":"product_tag-zen","32":"first","33":"instock","34":"taxable","35":"shipping-taxable","36":"purchasable","37":"product-type-simple"},"yoast_head":"<!-- This site is optimized with the Yoast SEO plugin v27.1.1 - https:\/\/yoast.com\/product\/yoast-seo-wordpress\/ -->\n<title>MANDALA - PORTE-BONHEUR VISION - Michelle Beaudoin<\/title>\n<meta name=\"robots\" content=\"index, follow, max-snippet:-1, max-image-preview:large, max-video-preview:-1\" \/>\n<link rel=\"canonical\" href=\"https:\/\/michelle-beaudoin.com\/fr\/produit\/mandala-porte-bonheur-vision\/\" \/>\n<meta property=\"og:locale\" content=\"fr_FR\" \/>\n<meta property=\"og:type\" content=\"article\" \/>\n<meta property=\"og:title\" content=\"MANDALA - PORTE-BONHEUR VISION - Michelle Beaudoin\" \/>\n<meta property=\"og:description\" content=\"NOUVELLE COLLECTION MANDALA: ligne d\u2019inspiration pour la pens\u00e9e positive  &nbsp;  Porte-bonheur VISION  Tout en maintenant son calme, la vision permet de maintenir le focus sur un objectif... et de l&#039;atteindre. En y voyant plus clair, il est aussi plus ais\u00e9 de se fixer des buts qui nous ressemblent.  Mod\u00e8le \u00e9galement disponible en aimant, porte-cl\u00e9s, crochet magn\u00e9tique, et collier (voir page MANDALA).  Moul\u00e9s en \u00e9tain, nos porte-bonheurs ont \u00e9t\u00e9 con\u00e7u dans le but de vous inspirer une pens\u00e9e positive, en accord avec chaque situation. Une excellente id\u00e9e-cadeau \u00e0 offrir \u00e0 vos amis, vos proches, vos h\u00f4tes ou au professeur de votre enfant\u2026 ou \u00e0 garder pour soi !  Leurs dimensions varient entre 1 et 2 pouces.  Voir toute notre gamme dans la section MANDALA.\" \/>\n<meta property=\"og:url\" content=\"https:\/\/michelle-beaudoin.com\/fr\/produit\/mandala-porte-bonheur-vision\/\" \/>\n<meta property=\"og:site_name\" content=\"Michelle Beaudoin\" \/>\n<meta property=\"article:modified_time\" content=\"2018-06-17T09:29:57+00:00\" \/>\n<meta property=\"og:image\" content=\"https:\/\/michelle-beaudoin.com\/wp-content\/uploads\/2018\/02\/IMG_1112.jpg\" \/>\n\t<meta property=\"og:image:width\" content=\"1964\" \/>\n\t<meta property=\"og:image:height\" content=\"2048\" \/>\n\t<meta property=\"og:image:type\" content=\"image\/jpeg\" \/>\n<meta name=\"twitter:card\" content=\"summary_large_image\" \/>\n<script type=\"application\/ld+json\" class=\"yoast-schema-graph\">{\"@context\":\"https:\/\/schema.org\",\"@graph\":[{\"@type\":\"WebPage\",\"@id\":\"https:\/\/michelle-beaudoin.com\/fr\/produit\/mandala-porte-bonheur-vision\/\",\"url\":\"https:\/\/michelle-beaudoin.com\/fr\/produit\/mandala-porte-bonheur-vision\/\",\"name\":\"MANDALA - PORTE-BONHEUR VISION - Michelle Beaudoin\",\"isPartOf\":{\"@id\":\"https:\/\/michelle-beaudoin.com\/fr\/#website\"},\"primaryImageOfPage\":{\"@id\":\"https:\/\/michelle-beaudoin.com\/fr\/produit\/mandala-porte-bonheur-vision\/#primaryimage\"},\"image\":{\"@id\":\"https:\/\/michelle-beaudoin.com\/fr\/produit\/mandala-porte-bonheur-vision\/#primaryimage\"},\"thumbnailUrl\":\"https:\/\/michelle-beaudoin.com\/wp-content\/uploads\/2018\/02\/IMG_1112.jpg\",\"datePublished\":\"2018-03-02T10:14:19+00:00\",\"dateModified\":\"2018-06-17T09:29:57+00:00\",\"breadcrumb\":{\"@id\":\"https:\/\/michelle-beaudoin.com\/fr\/produit\/mandala-porte-bonheur-vision\/#breadcrumb\"},\"inLanguage\":\"fr-FR\",\"potentialAction\":[{\"@type\":\"ReadAction\",\"target\":[\"https:\/\/michelle-beaudoin.com\/fr\/produit\/mandala-porte-bonheur-vision\/\"]}]},{\"@type\":\"ImageObject\",\"inLanguage\":\"fr-FR\",\"@id\":\"https:\/\/michelle-beaudoin.com\/fr\/produit\/mandala-porte-bonheur-vision\/#primaryimage\",\"url\":\"https:\/\/michelle-beaudoin.com\/wp-content\/uploads\/2018\/02\/IMG_1112.jpg\",\"contentUrl\":\"https:\/\/michelle-beaudoin.com\/wp-content\/uploads\/2018\/02\/IMG_1112.jpg\",\"width\":1964,\"height\":2048},{\"@type\":\"BreadcrumbList\",\"@id\":\"https:\/\/michelle-beaudoin.com\/fr\/produit\/mandala-porte-bonheur-vision\/#breadcrumb\",\"itemListElement\":[{\"@type\":\"ListItem\",\"position\":1,\"name\":\"Accueil\",\"item\":\"https:\/\/michelle-beaudoin.com\/fr\/\"},{\"@type\":\"ListItem\",\"position\":2,\"name\":\"Boutique Accueil\",\"item\":\"https:\/\/michelle-beaudoin.com\/fr\/boutique-accueil\/\"},{\"@type\":\"ListItem\",\"position\":3,\"name\":\"MANDALA &#8211; PORTE-BONHEUR VISION\"}]},{\"@type\":\"WebSite\",\"@id\":\"https:\/\/michelle-beaudoin.com\/fr\/#website\",\"url\":\"https:\/\/michelle-beaudoin.com\/fr\/\",\"name\":\"Michelle Beaudoin\",\"description\":\"De son atelier situ&eacute; au c&oelig;ur d&rsquo;un quartier historique de Montr&eacute;al, Michelle Beaudoin con&ccedil;oit et r&eacute;alise des objets d&eacute;coratifs uniques en leur genre.\",\"potentialAction\":[{\"@type\":\"SearchAction\",\"target\":{\"@type\":\"EntryPoint\",\"urlTemplate\":\"https:\/\/michelle-beaudoin.com\/fr\/?s={search_term_string}\"},\"query-input\":{\"@type\":\"PropertyValueSpecification\",\"valueRequired\":true,\"valueName\":\"search_term_string\"}}],\"inLanguage\":\"fr-FR\"}]}<\/script>\n<!-- \/ Yoast SEO plugin. -->","yoast_head_json":{"title":"MANDALA - PORTE-BONHEUR VISION - Michelle Beaudoin","robots":{"index":"index","follow":"follow","max-snippet":"max-snippet:-1","max-image-preview":"max-image-preview:large","max-video-preview":"max-video-preview:-1"},"canonical":"https:\/\/michelle-beaudoin.com\/fr\/produit\/mandala-porte-bonheur-vision\/","og_locale":"fr_FR","og_type":"article","og_title":"MANDALA - PORTE-BONHEUR VISION - Michelle Beaudoin","og_description":"NOUVELLE COLLECTION MANDALA: ligne d\u2019inspiration pour la pens\u00e9e positive  &nbsp;  Porte-bonheur VISION  Tout en maintenant son calme, la vision permet de maintenir le focus sur un objectif... et de l'atteindre. En y voyant plus clair, il est aussi plus ais\u00e9 de se fixer des buts qui nous ressemblent.  Mod\u00e8le \u00e9galement disponible en aimant, porte-cl\u00e9s, crochet magn\u00e9tique, et collier (voir page MANDALA).  Moul\u00e9s en \u00e9tain, nos porte-bonheurs ont \u00e9t\u00e9 con\u00e7u dans le but de vous inspirer une pens\u00e9e positive, en accord avec chaque situation. Une excellente id\u00e9e-cadeau \u00e0 offrir \u00e0 vos amis, vos proches, vos h\u00f4tes ou au professeur de votre enfant\u2026 ou \u00e0 garder pour soi !  Leurs dimensions varient entre 1 et 2 pouces.  Voir toute notre gamme dans la section MANDALA.","og_url":"https:\/\/michelle-beaudoin.com\/fr\/produit\/mandala-porte-bonheur-vision\/","og_site_name":"Michelle Beaudoin","article_modified_time":"2018-06-17T09:29:57+00:00","og_image":[{"width":1964,"height":2048,"url":"https:\/\/michelle-beaudoin.com\/wp-content\/uploads\/2018\/02\/IMG_1112.jpg","type":"image\/jpeg"}],"twitter_card":"summary_large_image","schema":{"@context":"https:\/\/schema.org","@graph":[{"@type":"WebPage","@id":"https:\/\/michelle-beaudoin.com\/fr\/produit\/mandala-porte-bonheur-vision\/","url":"https:\/\/michelle-beaudoin.com\/fr\/produit\/mandala-porte-bonheur-vision\/","name":"MANDALA - PORTE-BONHEUR VISION - Michelle Beaudoin","isPartOf":{"@id":"https:\/\/michelle-beaudoin.com\/fr\/#website"},"primaryImageOfPage":{"@id":"https:\/\/michelle-beaudoin.com\/fr\/produit\/mandala-porte-bonheur-vision\/#primaryimage"},"image":{"@id":"https:\/\/michelle-beaudoin.com\/fr\/produit\/mandala-porte-bonheur-vision\/#primaryimage"},"thumbnailUrl":"https:\/\/michelle-beaudoin.com\/wp-content\/uploads\/2018\/02\/IMG_1112.jpg","datePublished":"2018-03-02T10:14:19+00:00","dateModified":"2018-06-17T09:29:57+00:00","breadcrumb":{"@id":"https:\/\/michelle-beaudoin.com\/fr\/produit\/mandala-porte-bonheur-vision\/#breadcrumb"},"inLanguage":"fr-FR","potentialAction":[{"@type":"ReadAction","target":["https:\/\/michelle-beaudoin.com\/fr\/produit\/mandala-porte-bonheur-vision\/"]}]},{"@type":"ImageObject","inLanguage":"fr-FR","@id":"https:\/\/michelle-beaudoin.com\/fr\/produit\/mandala-porte-bonheur-vision\/#primaryimage","url":"https:\/\/michelle-beaudoin.com\/wp-content\/uploads\/2018\/02\/IMG_1112.jpg","contentUrl":"https:\/\/michelle-beaudoin.com\/wp-content\/uploads\/2018\/02\/IMG_1112.jpg","width":1964,"height":2048},{"@type":"BreadcrumbList","@id":"https:\/\/michelle-beaudoin.com\/fr\/produit\/mandala-porte-bonheur-vision\/#breadcrumb","itemListElement":[{"@type":"ListItem","position":1,"name":"Accueil","item":"https:\/\/michelle-beaudoin.com\/fr\/"},{"@type":"ListItem","position":2,"name":"Boutique Accueil","item":"https:\/\/michelle-beaudoin.com\/fr\/boutique-accueil\/"},{"@type":"ListItem","position":3,"name":"MANDALA &#8211; PORTE-BONHEUR VISION"}]},{"@type":"WebSite","@id":"https:\/\/michelle-beaudoin.com\/fr\/#website","url":"https:\/\/michelle-beaudoin.com\/fr\/","name":"Michelle Beaudoin","description":"De son atelier situ&eacute; au c&oelig;ur d&rsquo;un quartier historique de Montr&eacute;al, Michelle Beaudoin con&ccedil;oit et r&eacute;alise des objets d&eacute;coratifs uniques en leur genre.","potentialAction":[{"@type":"SearchAction","target":{"@type":"EntryPoint","urlTemplate":"https:\/\/michelle-beaudoin.com\/fr\/?s={search_term_string}"},"query-input":{"@type":"PropertyValueSpecification","valueRequired":true,"valueName":"search_term_string"}}],"inLanguage":"fr-FR"}]}},"_links":{"self":[{"href":"https:\/\/michelle-beaudoin.com\/fr\/wp-json\/wp\/v2\/product\/7723","targetHints":{"allow":["GET"]}}],"collection":[{"href":"https:\/\/michelle-beaudoin.com\/fr\/wp-json\/wp\/v2\/product"}],"about":[{"href":"https:\/\/michelle-beaudoin.com\/fr\/wp-json\/wp\/v2\/types\/product"}],"replies":[{"embeddable":true,"href":"https:\/\/michelle-beaudoin.com\/fr\/wp-json\/wp\/v2\/comments?post=7723"}],"wp:featuredmedia":[{"embeddable":true,"href":"https:\/\/michelle-beaudoin.com\/fr\/wp-json\/wp\/v2\/media\/7506"}],"wp:attachment":[{"href":"https:\/\/michelle-beaudoin.com\/fr\/wp-json\/wp\/v2\/media?parent=7723"}],"wp:term":[{"taxonomy":"product_brand","embeddable":true,"href":"https:\/\/michelle-beaudoin.com\/fr\/wp-json\/wp\/v2\/product_brand?post=7723"},{"taxonomy":"product_cat","embeddable":true,"href":"https:\/\/michelle-beaudoin.com\/fr\/wp-json\/wp\/v2\/product_cat?post=7723"},{"taxonomy":"product_tag","embeddable":true,"href":"https:\/\/michelle-beaudoin.com\/fr\/wp-json\/wp\/v2\/product_tag?post=7723"}],"curies":[{"name":"wp","href":"https:\/\/api.w.org\/{rel}","templated":true}]}}