{"id":7704,"date":"2018-03-02T04:15:03","date_gmt":"2018-03-02T08:15:03","guid":{"rendered":"https:\/\/michelle-beaudoin.com\/?post_type=product&#038;p=7704"},"modified":"2023-11-29T16:40:31","modified_gmt":"2023-11-29T20:40:31","slug":"mandala-collier-protection","status":"publish","type":"product","link":"https:\/\/michelle-beaudoin.com\/fr\/produit\/mandala-collier-protection\/","title":{"rendered":"MANDALA &#8211; COLLIER PROTECTION"},"content":{"rendered":"","protected":false},"excerpt":{"rendered":"<p>NOUVELLE COLLECTION MANDALA: ligne d\u2019inspiration pour la pens\u00e9e positive<\/p>\n<p>&nbsp;<\/p>\n<p>Collier PROTECTION<\/p>\n<p>La protection permet d\u2019instaurer un espace pour la gu\u00e9rison ou simplement de s\u2019offrir une bulle d\u2019ancrage de laquelle nous pouvons regarder le monde. De ma main, je cr\u00e9e cette sph\u00e8re temporaire, ce temps de recul pour m\u2019ajuster ad\u00e9quatement \u00e0 ce qui m\u2019entoure. Mod\u00e8le \u00e9galement disponible en aimant, porte-bonheur, crochet magn\u00e9tique, et porte-cl\u00e9s (voir page MANDALA).<\/p>\n<p>Moul\u00e9s en \u00e9tain, nos colliers ornent votre cou d&rsquo;une parure sobre et \u00e9l\u00e9gante, personnalis\u00e9e d&rsquo;une intention, d&rsquo;une \u00e9nergie \u00e0 porter. Une excellente id\u00e9e-cadeau \u00e0 offrir \u00e0 vos amis, vos proches, vos h\u00f4tes ou au professeur de votre enfant\u2026 ou \u00e0 garder pour soi !<\/p>\n<p>Leurs dimensions varient entre 1 et 2 pouces.<\/p>\n<p>Choisissez entre le collier avec cha\u00eene ou corde.<\/p>\n<p>Voir toute notre gamme dans la section MANDALA.<\/p>\n","protected":false},"featured_media":7540,"comment_status":"open","ping_status":"closed","template":"","meta":{"_bbp_topic_count":0,"_bbp_reply_count":0,"_bbp_total_topic_count":0,"_bbp_total_reply_count":0,"_bbp_voice_count":0,"_bbp_anonymous_reply_count":0,"_bbp_topic_count_hidden":0,"_bbp_reply_count_hidden":0,"_bbp_forum_subforum_count":0},"product_brand":[],"product_cat":[1403,1383],"product_tag":[57,58,1368,492,1388,1387,22,97,21,1359,89,1342,1362,1386,1389,1358,1341,1364,98,1385,1365,1357,180,179,1425,1424,1363],"class_list":{"0":"post-7704","1":"product","2":"type-product","3":"status-publish","4":"has-post-thumbnail","6":"product_cat-colliers-fr","7":"product_cat-mandala","8":"product_tag-accessoire","9":"product_tag-accessory","10":"product_tag-bien-etre","11":"product_tag-bijou","12":"product_tag-brosse","13":"product_tag-brushed","14":"product_tag-cadeau","15":"product_tag-etain","16":"product_tag-gift","17":"product_tag-hand","18":"product_tag-heart","19":"product_tag-inspiration","20":"product_tag-introspection","21":"product_tag-key-chain","22":"product_tag-key-ring","23":"product_tag-main","24":"product_tag-mandala","25":"product_tag-meditation","26":"product_tag-pewter","27":"product_tag-porte-cles","28":"product_tag-key-holder","29":"product_tag-protection","30":"product_tag-spiritual","31":"product_tag-spirituel","32":"product_tag-wellbeing","33":"product_tag-yoga","34":"product_tag-zen","35":"product_shipping_class-aimants-unites-et-paquets","36":"pa_options-chaine","37":"pa_options-corde","39":"first","40":"instock","41":"taxable","42":"shipping-taxable","43":"purchasable","44":"product-type-variable","45":"has-default-attributes"},"yoast_head":"<!-- This site is optimized with the Yoast SEO plugin v27.1.1 - https:\/\/yoast.com\/product\/yoast-seo-wordpress\/ -->\n<title>MANDALA - COLLIER PROTECTION - Michelle Beaudoin<\/title>\n<meta name=\"robots\" content=\"index, follow, max-snippet:-1, max-image-preview:large, max-video-preview:-1\" \/>\n<link rel=\"canonical\" href=\"https:\/\/michelle-beaudoin.com\/fr\/produit\/mandala-collier-protection\/\" \/>\n<meta property=\"og:locale\" content=\"fr_FR\" \/>\n<meta property=\"og:type\" content=\"article\" \/>\n<meta property=\"og:title\" content=\"MANDALA - COLLIER PROTECTION - Michelle Beaudoin\" \/>\n<meta property=\"og:description\" content=\"NOUVELLE COLLECTION MANDALA: ligne d\u2019inspiration pour la pens\u00e9e positive  &nbsp;  Collier PROTECTION  La protection permet d\u2019instaurer un espace pour la gu\u00e9rison ou simplement de s\u2019offrir une bulle d\u2019ancrage de laquelle nous pouvons regarder le monde. De ma main, je cr\u00e9e cette sph\u00e8re temporaire, ce temps de recul pour m\u2019ajuster ad\u00e9quatement \u00e0 ce qui m\u2019entoure. Mod\u00e8le \u00e9galement disponible en aimant, porte-bonheur, crochet magn\u00e9tique, et porte-cl\u00e9s (voir page MANDALA).  Moul\u00e9s en \u00e9tain, nos colliers ornent votre cou d&#039;une parure sobre et \u00e9l\u00e9gante, personnalis\u00e9e d&#039;une intention, d&#039;une \u00e9nergie \u00e0 porter. Une excellente id\u00e9e-cadeau \u00e0 offrir \u00e0 vos amis, vos proches, vos h\u00f4tes ou au professeur de votre enfant\u2026 ou \u00e0 garder pour soi !  Leurs dimensions varient entre 1 et 2 pouces.  Choisissez entre le collier avec cha\u00eene ou corde.  Voir toute notre gamme dans la section MANDALA.\" \/>\n<meta property=\"og:url\" content=\"https:\/\/michelle-beaudoin.com\/fr\/produit\/mandala-collier-protection\/\" \/>\n<meta property=\"og:site_name\" content=\"Michelle Beaudoin\" \/>\n<meta property=\"article:modified_time\" content=\"2023-11-29T20:40:31+00:00\" \/>\n<meta property=\"og:image\" content=\"https:\/\/michelle-beaudoin.com\/wp-content\/uploads\/2018\/02\/IMG_1173.jpg\" \/>\n\t<meta property=\"og:image:width\" content=\"1932\" \/>\n\t<meta property=\"og:image:height\" content=\"2048\" \/>\n\t<meta property=\"og:image:type\" content=\"image\/jpeg\" \/>\n<meta name=\"twitter:card\" content=\"summary_large_image\" \/>\n<script type=\"application\/ld+json\" class=\"yoast-schema-graph\">{\"@context\":\"https:\/\/schema.org\",\"@graph\":[{\"@type\":\"WebPage\",\"@id\":\"https:\/\/michelle-beaudoin.com\/fr\/produit\/mandala-collier-protection\/\",\"url\":\"https:\/\/michelle-beaudoin.com\/fr\/produit\/mandala-collier-protection\/\",\"name\":\"MANDALA - COLLIER PROTECTION - Michelle Beaudoin\",\"isPartOf\":{\"@id\":\"https:\/\/michelle-beaudoin.com\/fr\/#website\"},\"primaryImageOfPage\":{\"@id\":\"https:\/\/michelle-beaudoin.com\/fr\/produit\/mandala-collier-protection\/#primaryimage\"},\"image\":{\"@id\":\"https:\/\/michelle-beaudoin.com\/fr\/produit\/mandala-collier-protection\/#primaryimage\"},\"thumbnailUrl\":\"https:\/\/michelle-beaudoin.com\/wp-content\/uploads\/2018\/02\/IMG_1173.jpg\",\"datePublished\":\"2018-03-02T08:15:03+00:00\",\"dateModified\":\"2023-11-29T20:40:31+00:00\",\"breadcrumb\":{\"@id\":\"https:\/\/michelle-beaudoin.com\/fr\/produit\/mandala-collier-protection\/#breadcrumb\"},\"inLanguage\":\"fr-FR\",\"potentialAction\":[{\"@type\":\"ReadAction\",\"target\":[\"https:\/\/michelle-beaudoin.com\/fr\/produit\/mandala-collier-protection\/\"]}]},{\"@type\":\"ImageObject\",\"inLanguage\":\"fr-FR\",\"@id\":\"https:\/\/michelle-beaudoin.com\/fr\/produit\/mandala-collier-protection\/#primaryimage\",\"url\":\"https:\/\/michelle-beaudoin.com\/wp-content\/uploads\/2018\/02\/IMG_1173.jpg\",\"contentUrl\":\"https:\/\/michelle-beaudoin.com\/wp-content\/uploads\/2018\/02\/IMG_1173.jpg\",\"width\":1932,\"height\":2048},{\"@type\":\"BreadcrumbList\",\"@id\":\"https:\/\/michelle-beaudoin.com\/fr\/produit\/mandala-collier-protection\/#breadcrumb\",\"itemListElement\":[{\"@type\":\"ListItem\",\"position\":1,\"name\":\"Accueil\",\"item\":\"https:\/\/michelle-beaudoin.com\/fr\/\"},{\"@type\":\"ListItem\",\"position\":2,\"name\":\"Boutique Accueil\",\"item\":\"https:\/\/michelle-beaudoin.com\/fr\/boutique-accueil\/\"},{\"@type\":\"ListItem\",\"position\":3,\"name\":\"MANDALA &#8211; COLLIER PROTECTION\"}]},{\"@type\":\"WebSite\",\"@id\":\"https:\/\/michelle-beaudoin.com\/fr\/#website\",\"url\":\"https:\/\/michelle-beaudoin.com\/fr\/\",\"name\":\"Michelle Beaudoin\",\"description\":\"De son atelier situ&eacute; au c&oelig;ur d&rsquo;un quartier historique de Montr&eacute;al, Michelle Beaudoin con&ccedil;oit et r&eacute;alise des objets d&eacute;coratifs uniques en leur genre.\",\"potentialAction\":[{\"@type\":\"SearchAction\",\"target\":{\"@type\":\"EntryPoint\",\"urlTemplate\":\"https:\/\/michelle-beaudoin.com\/fr\/?s={search_term_string}\"},\"query-input\":{\"@type\":\"PropertyValueSpecification\",\"valueRequired\":true,\"valueName\":\"search_term_string\"}}],\"inLanguage\":\"fr-FR\"}]}<\/script>\n<!-- \/ Yoast SEO plugin. -->","yoast_head_json":{"title":"MANDALA - COLLIER PROTECTION - Michelle Beaudoin","robots":{"index":"index","follow":"follow","max-snippet":"max-snippet:-1","max-image-preview":"max-image-preview:large","max-video-preview":"max-video-preview:-1"},"canonical":"https:\/\/michelle-beaudoin.com\/fr\/produit\/mandala-collier-protection\/","og_locale":"fr_FR","og_type":"article","og_title":"MANDALA - COLLIER PROTECTION - Michelle Beaudoin","og_description":"NOUVELLE COLLECTION MANDALA: ligne d\u2019inspiration pour la pens\u00e9e positive  &nbsp;  Collier PROTECTION  La protection permet d\u2019instaurer un espace pour la gu\u00e9rison ou simplement de s\u2019offrir une bulle d\u2019ancrage de laquelle nous pouvons regarder le monde. De ma main, je cr\u00e9e cette sph\u00e8re temporaire, ce temps de recul pour m\u2019ajuster ad\u00e9quatement \u00e0 ce qui m\u2019entoure. Mod\u00e8le \u00e9galement disponible en aimant, porte-bonheur, crochet magn\u00e9tique, et porte-cl\u00e9s (voir page MANDALA).  Moul\u00e9s en \u00e9tain, nos colliers ornent votre cou d'une parure sobre et \u00e9l\u00e9gante, personnalis\u00e9e d'une intention, d'une \u00e9nergie \u00e0 porter. Une excellente id\u00e9e-cadeau \u00e0 offrir \u00e0 vos amis, vos proches, vos h\u00f4tes ou au professeur de votre enfant\u2026 ou \u00e0 garder pour soi !  Leurs dimensions varient entre 1 et 2 pouces.  Choisissez entre le collier avec cha\u00eene ou corde.  Voir toute notre gamme dans la section MANDALA.","og_url":"https:\/\/michelle-beaudoin.com\/fr\/produit\/mandala-collier-protection\/","og_site_name":"Michelle Beaudoin","article_modified_time":"2023-11-29T20:40:31+00:00","og_image":[{"width":1932,"height":2048,"url":"https:\/\/michelle-beaudoin.com\/wp-content\/uploads\/2018\/02\/IMG_1173.jpg","type":"image\/jpeg"}],"twitter_card":"summary_large_image","schema":{"@context":"https:\/\/schema.org","@graph":[{"@type":"WebPage","@id":"https:\/\/michelle-beaudoin.com\/fr\/produit\/mandala-collier-protection\/","url":"https:\/\/michelle-beaudoin.com\/fr\/produit\/mandala-collier-protection\/","name":"MANDALA - COLLIER PROTECTION - Michelle Beaudoin","isPartOf":{"@id":"https:\/\/michelle-beaudoin.com\/fr\/#website"},"primaryImageOfPage":{"@id":"https:\/\/michelle-beaudoin.com\/fr\/produit\/mandala-collier-protection\/#primaryimage"},"image":{"@id":"https:\/\/michelle-beaudoin.com\/fr\/produit\/mandala-collier-protection\/#primaryimage"},"thumbnailUrl":"https:\/\/michelle-beaudoin.com\/wp-content\/uploads\/2018\/02\/IMG_1173.jpg","datePublished":"2018-03-02T08:15:03+00:00","dateModified":"2023-11-29T20:40:31+00:00","breadcrumb":{"@id":"https:\/\/michelle-beaudoin.com\/fr\/produit\/mandala-collier-protection\/#breadcrumb"},"inLanguage":"fr-FR","potentialAction":[{"@type":"ReadAction","target":["https:\/\/michelle-beaudoin.com\/fr\/produit\/mandala-collier-protection\/"]}]},{"@type":"ImageObject","inLanguage":"fr-FR","@id":"https:\/\/michelle-beaudoin.com\/fr\/produit\/mandala-collier-protection\/#primaryimage","url":"https:\/\/michelle-beaudoin.com\/wp-content\/uploads\/2018\/02\/IMG_1173.jpg","contentUrl":"https:\/\/michelle-beaudoin.com\/wp-content\/uploads\/2018\/02\/IMG_1173.jpg","width":1932,"height":2048},{"@type":"BreadcrumbList","@id":"https:\/\/michelle-beaudoin.com\/fr\/produit\/mandala-collier-protection\/#breadcrumb","itemListElement":[{"@type":"ListItem","position":1,"name":"Accueil","item":"https:\/\/michelle-beaudoin.com\/fr\/"},{"@type":"ListItem","position":2,"name":"Boutique Accueil","item":"https:\/\/michelle-beaudoin.com\/fr\/boutique-accueil\/"},{"@type":"ListItem","position":3,"name":"MANDALA &#8211; COLLIER PROTECTION"}]},{"@type":"WebSite","@id":"https:\/\/michelle-beaudoin.com\/fr\/#website","url":"https:\/\/michelle-beaudoin.com\/fr\/","name":"Michelle Beaudoin","description":"De son atelier situ&eacute; au c&oelig;ur d&rsquo;un quartier historique de Montr&eacute;al, Michelle Beaudoin con&ccedil;oit et r&eacute;alise des objets d&eacute;coratifs uniques en leur genre.","potentialAction":[{"@type":"SearchAction","target":{"@type":"EntryPoint","urlTemplate":"https:\/\/michelle-beaudoin.com\/fr\/?s={search_term_string}"},"query-input":{"@type":"PropertyValueSpecification","valueRequired":true,"valueName":"search_term_string"}}],"inLanguage":"fr-FR"}]}},"_links":{"self":[{"href":"https:\/\/michelle-beaudoin.com\/fr\/wp-json\/wp\/v2\/product\/7704","targetHints":{"allow":["GET"]}}],"collection":[{"href":"https:\/\/michelle-beaudoin.com\/fr\/wp-json\/wp\/v2\/product"}],"about":[{"href":"https:\/\/michelle-beaudoin.com\/fr\/wp-json\/wp\/v2\/types\/product"}],"replies":[{"embeddable":true,"href":"https:\/\/michelle-beaudoin.com\/fr\/wp-json\/wp\/v2\/comments?post=7704"}],"wp:featuredmedia":[{"embeddable":true,"href":"https:\/\/michelle-beaudoin.com\/fr\/wp-json\/wp\/v2\/media\/7540"}],"wp:attachment":[{"href":"https:\/\/michelle-beaudoin.com\/fr\/wp-json\/wp\/v2\/media?parent=7704"}],"wp:term":[{"taxonomy":"product_brand","embeddable":true,"href":"https:\/\/michelle-beaudoin.com\/fr\/wp-json\/wp\/v2\/product_brand?post=7704"},{"taxonomy":"product_cat","embeddable":true,"href":"https:\/\/michelle-beaudoin.com\/fr\/wp-json\/wp\/v2\/product_cat?post=7704"},{"taxonomy":"product_tag","embeddable":true,"href":"https:\/\/michelle-beaudoin.com\/fr\/wp-json\/wp\/v2\/product_tag?post=7704"}],"curies":[{"name":"wp","href":"https:\/\/api.w.org\/{rel}","templated":true}]}}