{"id":7672,"date":"2018-03-02T03:04:53","date_gmt":"2018-03-02T07:04:53","guid":{"rendered":"https:\/\/michelle-beaudoin.com\/?post_type=product&#038;p=7672"},"modified":"2018-06-17T06:14:39","modified_gmt":"2018-06-17T10:14:39","slug":"mandala-collier-love","status":"publish","type":"product","link":"https:\/\/michelle-beaudoin.com\/fr\/produit\/mandala-collier-love\/","title":{"rendered":"MANDALA &#8211; COLLIER LOVE"},"content":{"rendered":"","protected":false},"excerpt":{"rendered":"<p>NOUVELLE COLLECTION MANDALA: ligne d\u2019inspiration pour la pens\u00e9e positive<\/p>\n<p>&nbsp;<\/p>\n<p>Collier LOVE<\/p>\n<p>La force de l\u2019amour vous permet de puiser \u00e0 l\u2019int\u00e9rieur et d\u2019offrir en votre coeur le plus beau cadeau qui soit, \u00e0 vous-m\u00eame et \u00e0 vos proches. Mod\u00e8le \u00e9galement disponible en aimant, porte-bonheur, crochet magn\u00e9tique, et porte-cl\u00e9s (voir page MANDALA).<\/p>\n<p>Moul\u00e9s en \u00e9tain, nos colliers ornent votre cou d&rsquo;une parure sobre et \u00e9l\u00e9gante, personnalis\u00e9e d&rsquo;une intention, d&rsquo;une \u00e9nergie \u00e0 porter. Une excellente id\u00e9e-cadeau \u00e0 offrir \u00e0 vos amis, vos proches, vos h\u00f4tes ou au professeur de votre enfant\u2026 ou \u00e0 garder pour soi !<\/p>\n<p>Leurs dimensions varient entre 1 et 2 pouces.<\/p>\n<p>Choisissez entre le collier avec cha\u00eene ou corde.<\/p>\n<p>Voir toute notre gamme dans la section MANDALA.<\/p>\n","protected":false},"featured_media":7538,"comment_status":"open","ping_status":"closed","template":"","meta":{"_bbp_topic_count":0,"_bbp_reply_count":0,"_bbp_total_topic_count":0,"_bbp_total_reply_count":0,"_bbp_voice_count":0,"_bbp_anonymous_reply_count":0,"_bbp_topic_count_hidden":0,"_bbp_reply_count_hidden":0,"_bbp_forum_subforum_count":0},"product_brand":[],"product_cat":[1403,1383],"product_tag":[57,58,152,1368,492,1388,1387,22,88,97,21,89,1342,1362,1386,1389,153,1341,1364,98,1365,1385,180,179,1425,1424,1363],"class_list":{"0":"post-7672","1":"product","2":"type-product","3":"status-publish","4":"has-post-thumbnail","6":"product_cat-colliers-fr","7":"product_cat-mandala","8":"product_tag-accessoire","9":"product_tag-accessory","10":"product_tag-amour","11":"product_tag-bien-etre","12":"product_tag-bijou","13":"product_tag-brosse","14":"product_tag-brushed","15":"product_tag-cadeau","16":"product_tag-coeur","17":"product_tag-etain","18":"product_tag-gift","19":"product_tag-heart","20":"product_tag-inspiration","21":"product_tag-introspection","22":"product_tag-key-chain","23":"product_tag-key-ring","24":"product_tag-love","25":"product_tag-mandala","26":"product_tag-meditation","27":"product_tag-pewter","28":"product_tag-key-holder","29":"product_tag-porte-cles","30":"product_tag-spiritual","31":"product_tag-spirituel","32":"product_tag-wellbeing","33":"product_tag-yoga","34":"product_tag-zen","35":"product_shipping_class-aimants-unites-et-paquets","36":"pa_options-chaine","37":"pa_options-corde","39":"first","40":"instock","41":"taxable","42":"shipping-taxable","43":"purchasable","44":"product-type-variable","45":"has-default-attributes"},"yoast_head":"<!-- This site is optimized with the Yoast SEO plugin v27.1.1 - https:\/\/yoast.com\/product\/yoast-seo-wordpress\/ -->\n<title>MANDALA - COLLIER LOVE - Michelle Beaudoin<\/title>\n<meta name=\"robots\" content=\"index, follow, max-snippet:-1, max-image-preview:large, max-video-preview:-1\" \/>\n<link rel=\"canonical\" href=\"https:\/\/michelle-beaudoin.com\/fr\/produit\/mandala-collier-love\/\" \/>\n<meta property=\"og:locale\" content=\"fr_FR\" \/>\n<meta property=\"og:type\" content=\"article\" \/>\n<meta property=\"og:title\" content=\"MANDALA - COLLIER LOVE - Michelle Beaudoin\" \/>\n<meta property=\"og:description\" content=\"NOUVELLE COLLECTION MANDALA: ligne d\u2019inspiration pour la pens\u00e9e positive  &nbsp;  Collier LOVE  La force de l\u2019amour vous permet de puiser \u00e0 l\u2019int\u00e9rieur et d\u2019offrir en votre coeur le plus beau cadeau qui soit, \u00e0 vous-m\u00eame et \u00e0 vos proches. Mod\u00e8le \u00e9galement disponible en aimant, porte-bonheur, crochet magn\u00e9tique, et porte-cl\u00e9s (voir page MANDALA).  Moul\u00e9s en \u00e9tain, nos colliers ornent votre cou d&#039;une parure sobre et \u00e9l\u00e9gante, personnalis\u00e9e d&#039;une intention, d&#039;une \u00e9nergie \u00e0 porter. Une excellente id\u00e9e-cadeau \u00e0 offrir \u00e0 vos amis, vos proches, vos h\u00f4tes ou au professeur de votre enfant\u2026 ou \u00e0 garder pour soi !  Leurs dimensions varient entre 1 et 2 pouces.  Choisissez entre le collier avec cha\u00eene ou corde.  Voir toute notre gamme dans la section MANDALA.\" \/>\n<meta property=\"og:url\" content=\"https:\/\/michelle-beaudoin.com\/fr\/produit\/mandala-collier-love\/\" \/>\n<meta property=\"og:site_name\" content=\"Michelle Beaudoin\" \/>\n<meta property=\"article:modified_time\" content=\"2018-06-17T10:14:39+00:00\" \/>\n<meta property=\"og:image\" content=\"https:\/\/michelle-beaudoin.com\/wp-content\/uploads\/2018\/02\/IMG_1171.jpg\" \/>\n\t<meta property=\"og:image:width\" content=\"1697\" \/>\n\t<meta property=\"og:image:height\" content=\"2048\" \/>\n\t<meta property=\"og:image:type\" content=\"image\/jpeg\" \/>\n<meta name=\"twitter:card\" content=\"summary_large_image\" \/>\n<script type=\"application\/ld+json\" class=\"yoast-schema-graph\">{\"@context\":\"https:\/\/schema.org\",\"@graph\":[{\"@type\":\"WebPage\",\"@id\":\"https:\/\/michelle-beaudoin.com\/fr\/produit\/mandala-collier-love\/\",\"url\":\"https:\/\/michelle-beaudoin.com\/fr\/produit\/mandala-collier-love\/\",\"name\":\"MANDALA - COLLIER LOVE - Michelle Beaudoin\",\"isPartOf\":{\"@id\":\"https:\/\/michelle-beaudoin.com\/fr\/#website\"},\"primaryImageOfPage\":{\"@id\":\"https:\/\/michelle-beaudoin.com\/fr\/produit\/mandala-collier-love\/#primaryimage\"},\"image\":{\"@id\":\"https:\/\/michelle-beaudoin.com\/fr\/produit\/mandala-collier-love\/#primaryimage\"},\"thumbnailUrl\":\"https:\/\/michelle-beaudoin.com\/wp-content\/uploads\/2018\/02\/IMG_1171.jpg\",\"datePublished\":\"2018-03-02T07:04:53+00:00\",\"dateModified\":\"2018-06-17T10:14:39+00:00\",\"breadcrumb\":{\"@id\":\"https:\/\/michelle-beaudoin.com\/fr\/produit\/mandala-collier-love\/#breadcrumb\"},\"inLanguage\":\"fr-FR\",\"potentialAction\":[{\"@type\":\"ReadAction\",\"target\":[\"https:\/\/michelle-beaudoin.com\/fr\/produit\/mandala-collier-love\/\"]}]},{\"@type\":\"ImageObject\",\"inLanguage\":\"fr-FR\",\"@id\":\"https:\/\/michelle-beaudoin.com\/fr\/produit\/mandala-collier-love\/#primaryimage\",\"url\":\"https:\/\/michelle-beaudoin.com\/wp-content\/uploads\/2018\/02\/IMG_1171.jpg\",\"contentUrl\":\"https:\/\/michelle-beaudoin.com\/wp-content\/uploads\/2018\/02\/IMG_1171.jpg\",\"width\":1697,\"height\":2048},{\"@type\":\"BreadcrumbList\",\"@id\":\"https:\/\/michelle-beaudoin.com\/fr\/produit\/mandala-collier-love\/#breadcrumb\",\"itemListElement\":[{\"@type\":\"ListItem\",\"position\":1,\"name\":\"Accueil\",\"item\":\"https:\/\/michelle-beaudoin.com\/fr\/\"},{\"@type\":\"ListItem\",\"position\":2,\"name\":\"Boutique Accueil\",\"item\":\"https:\/\/michelle-beaudoin.com\/fr\/boutique-accueil\/\"},{\"@type\":\"ListItem\",\"position\":3,\"name\":\"MANDALA &#8211; COLLIER LOVE\"}]},{\"@type\":\"WebSite\",\"@id\":\"https:\/\/michelle-beaudoin.com\/fr\/#website\",\"url\":\"https:\/\/michelle-beaudoin.com\/fr\/\",\"name\":\"Michelle Beaudoin\",\"description\":\"De son atelier situ&eacute; au c&oelig;ur d&rsquo;un quartier historique de Montr&eacute;al, Michelle Beaudoin con&ccedil;oit et r&eacute;alise des objets d&eacute;coratifs uniques en leur genre.\",\"potentialAction\":[{\"@type\":\"SearchAction\",\"target\":{\"@type\":\"EntryPoint\",\"urlTemplate\":\"https:\/\/michelle-beaudoin.com\/fr\/?s={search_term_string}\"},\"query-input\":{\"@type\":\"PropertyValueSpecification\",\"valueRequired\":true,\"valueName\":\"search_term_string\"}}],\"inLanguage\":\"fr-FR\"}]}<\/script>\n<!-- \/ Yoast SEO plugin. -->","yoast_head_json":{"title":"MANDALA - COLLIER LOVE - Michelle Beaudoin","robots":{"index":"index","follow":"follow","max-snippet":"max-snippet:-1","max-image-preview":"max-image-preview:large","max-video-preview":"max-video-preview:-1"},"canonical":"https:\/\/michelle-beaudoin.com\/fr\/produit\/mandala-collier-love\/","og_locale":"fr_FR","og_type":"article","og_title":"MANDALA - COLLIER LOVE - Michelle Beaudoin","og_description":"NOUVELLE COLLECTION MANDALA: ligne d\u2019inspiration pour la pens\u00e9e positive  &nbsp;  Collier LOVE  La force de l\u2019amour vous permet de puiser \u00e0 l\u2019int\u00e9rieur et d\u2019offrir en votre coeur le plus beau cadeau qui soit, \u00e0 vous-m\u00eame et \u00e0 vos proches. Mod\u00e8le \u00e9galement disponible en aimant, porte-bonheur, crochet magn\u00e9tique, et porte-cl\u00e9s (voir page MANDALA).  Moul\u00e9s en \u00e9tain, nos colliers ornent votre cou d'une parure sobre et \u00e9l\u00e9gante, personnalis\u00e9e d'une intention, d'une \u00e9nergie \u00e0 porter. Une excellente id\u00e9e-cadeau \u00e0 offrir \u00e0 vos amis, vos proches, vos h\u00f4tes ou au professeur de votre enfant\u2026 ou \u00e0 garder pour soi !  Leurs dimensions varient entre 1 et 2 pouces.  Choisissez entre le collier avec cha\u00eene ou corde.  Voir toute notre gamme dans la section MANDALA.","og_url":"https:\/\/michelle-beaudoin.com\/fr\/produit\/mandala-collier-love\/","og_site_name":"Michelle Beaudoin","article_modified_time":"2018-06-17T10:14:39+00:00","og_image":[{"width":1697,"height":2048,"url":"https:\/\/michelle-beaudoin.com\/wp-content\/uploads\/2018\/02\/IMG_1171.jpg","type":"image\/jpeg"}],"twitter_card":"summary_large_image","schema":{"@context":"https:\/\/schema.org","@graph":[{"@type":"WebPage","@id":"https:\/\/michelle-beaudoin.com\/fr\/produit\/mandala-collier-love\/","url":"https:\/\/michelle-beaudoin.com\/fr\/produit\/mandala-collier-love\/","name":"MANDALA - COLLIER LOVE - Michelle Beaudoin","isPartOf":{"@id":"https:\/\/michelle-beaudoin.com\/fr\/#website"},"primaryImageOfPage":{"@id":"https:\/\/michelle-beaudoin.com\/fr\/produit\/mandala-collier-love\/#primaryimage"},"image":{"@id":"https:\/\/michelle-beaudoin.com\/fr\/produit\/mandala-collier-love\/#primaryimage"},"thumbnailUrl":"https:\/\/michelle-beaudoin.com\/wp-content\/uploads\/2018\/02\/IMG_1171.jpg","datePublished":"2018-03-02T07:04:53+00:00","dateModified":"2018-06-17T10:14:39+00:00","breadcrumb":{"@id":"https:\/\/michelle-beaudoin.com\/fr\/produit\/mandala-collier-love\/#breadcrumb"},"inLanguage":"fr-FR","potentialAction":[{"@type":"ReadAction","target":["https:\/\/michelle-beaudoin.com\/fr\/produit\/mandala-collier-love\/"]}]},{"@type":"ImageObject","inLanguage":"fr-FR","@id":"https:\/\/michelle-beaudoin.com\/fr\/produit\/mandala-collier-love\/#primaryimage","url":"https:\/\/michelle-beaudoin.com\/wp-content\/uploads\/2018\/02\/IMG_1171.jpg","contentUrl":"https:\/\/michelle-beaudoin.com\/wp-content\/uploads\/2018\/02\/IMG_1171.jpg","width":1697,"height":2048},{"@type":"BreadcrumbList","@id":"https:\/\/michelle-beaudoin.com\/fr\/produit\/mandala-collier-love\/#breadcrumb","itemListElement":[{"@type":"ListItem","position":1,"name":"Accueil","item":"https:\/\/michelle-beaudoin.com\/fr\/"},{"@type":"ListItem","position":2,"name":"Boutique Accueil","item":"https:\/\/michelle-beaudoin.com\/fr\/boutique-accueil\/"},{"@type":"ListItem","position":3,"name":"MANDALA &#8211; COLLIER LOVE"}]},{"@type":"WebSite","@id":"https:\/\/michelle-beaudoin.com\/fr\/#website","url":"https:\/\/michelle-beaudoin.com\/fr\/","name":"Michelle Beaudoin","description":"De son atelier situ&eacute; au c&oelig;ur d&rsquo;un quartier historique de Montr&eacute;al, Michelle Beaudoin con&ccedil;oit et r&eacute;alise des objets d&eacute;coratifs uniques en leur genre.","potentialAction":[{"@type":"SearchAction","target":{"@type":"EntryPoint","urlTemplate":"https:\/\/michelle-beaudoin.com\/fr\/?s={search_term_string}"},"query-input":{"@type":"PropertyValueSpecification","valueRequired":true,"valueName":"search_term_string"}}],"inLanguage":"fr-FR"}]}},"_links":{"self":[{"href":"https:\/\/michelle-beaudoin.com\/fr\/wp-json\/wp\/v2\/product\/7672","targetHints":{"allow":["GET"]}}],"collection":[{"href":"https:\/\/michelle-beaudoin.com\/fr\/wp-json\/wp\/v2\/product"}],"about":[{"href":"https:\/\/michelle-beaudoin.com\/fr\/wp-json\/wp\/v2\/types\/product"}],"replies":[{"embeddable":true,"href":"https:\/\/michelle-beaudoin.com\/fr\/wp-json\/wp\/v2\/comments?post=7672"}],"wp:featuredmedia":[{"embeddable":true,"href":"https:\/\/michelle-beaudoin.com\/fr\/wp-json\/wp\/v2\/media\/7538"}],"wp:attachment":[{"href":"https:\/\/michelle-beaudoin.com\/fr\/wp-json\/wp\/v2\/media?parent=7672"}],"wp:term":[{"taxonomy":"product_brand","embeddable":true,"href":"https:\/\/michelle-beaudoin.com\/fr\/wp-json\/wp\/v2\/product_brand?post=7672"},{"taxonomy":"product_cat","embeddable":true,"href":"https:\/\/michelle-beaudoin.com\/fr\/wp-json\/wp\/v2\/product_cat?post=7672"},{"taxonomy":"product_tag","embeddable":true,"href":"https:\/\/michelle-beaudoin.com\/fr\/wp-json\/wp\/v2\/product_tag?post=7672"}],"curies":[{"name":"wp","href":"https:\/\/api.w.org\/{rel}","templated":true}]}}