{"id":7667,"date":"2018-03-02T02:44:59","date_gmt":"2018-03-02T06:44:59","guid":{"rendered":"https:\/\/michelle-beaudoin.com\/?post_type=product&#038;p=7667"},"modified":"2025-10-28T11:51:47","modified_gmt":"2025-10-28T15:51:47","slug":"mandala-porte-cles-vision","status":"publish","type":"product","link":"https:\/\/michelle-beaudoin.com\/fr\/produit\/mandala-porte-cles-vision\/","title":{"rendered":"MANDALA &#8211; PORTE-CL\u00c9S VISION"},"content":{"rendered":"","protected":false},"excerpt":{"rendered":"<p>NOUVELLE COLLECTION MANDALA: ligne d\u2019inspiration pour la pens\u00e9e positive<\/p>\n<p>&nbsp;<\/p>\n<p>Porte-cl\u00e9s VISION<\/p>\n<p>Tout en maintenant son calme, la vision permet de maintenir le focus sur un objectif&#8230; et de l&rsquo;atteindre. En y voyant plus clair, il est aussi plus ais\u00e9 de se fixer des buts qui nous ressemblent. Mod\u00e8le \u00e9galement disponible en aimant, porte-bonheur, crochet magn\u00e9tique, et collier (voir page MANDALA).<\/p>\n<p>Moul\u00e9s en \u00e9tain, nos porte-cl\u00e9s sauront personnaliser vos jeux de cl\u00e9s avec \u00e9l\u00e9gance. Une excellente id\u00e9e-cadeau \u00e0 offrir \u00e0 vos amis, vos proches, vos h\u00f4tes ou au professeur de votre enfant\u2026 ou \u00e0 garder pour soi !<\/p>\n<p>Leurs dimensions varient entre 1 et 2 pouces.<\/p>\n<p>&nbsp;<\/p>\n<p>Voir toute notre gamme dans la section MANDALA.<\/p>\n","protected":false},"featured_media":7725,"comment_status":"open","ping_status":"closed","template":"","meta":{"_bbp_topic_count":0,"_bbp_reply_count":0,"_bbp_total_topic_count":0,"_bbp_total_reply_count":0,"_bbp_voice_count":0,"_bbp_anonymous_reply_count":0,"_bbp_topic_count_hidden":0,"_bbp_reply_count_hidden":0,"_bbp_forum_subforum_count":0},"product_brand":[],"product_cat":[1383,3341,3342],"product_tag":[1368,1388,1387,22,97,21,1342,1362,1386,1389,1341,1364,98,1385,374,180,179,375,1348,1425,1424,1363],"class_list":{"0":"post-7667","1":"product","2":"type-product","3":"status-publish","4":"has-post-thumbnail","6":"product_cat-mandala","7":"product_cat-mandala-porte-cles","8":"product_cat-porte-cles","9":"product_tag-bien-etre","10":"product_tag-brosse","11":"product_tag-brushed","12":"product_tag-cadeau","13":"product_tag-etain","14":"product_tag-gift","15":"product_tag-inspiration","16":"product_tag-introspection","17":"product_tag-key-chain","18":"product_tag-key-ring","19":"product_tag-mandala","20":"product_tag-meditation","21":"product_tag-pewter","22":"product_tag-porte-cles","23":"product_tag-soleil","24":"product_tag-spiritual","25":"product_tag-spirituel","26":"product_tag-sun","27":"product_tag-vision","28":"product_tag-wellbeing","29":"product_tag-yoga","30":"product_tag-zen","31":"product_shipping_class-aimants-unites-et-paquets","33":"first","34":"instock","35":"taxable","36":"shipping-taxable","37":"purchasable","38":"product-type-simple"},"yoast_head":"<!-- This site is optimized with the Yoast SEO plugin v27.1.1 - https:\/\/yoast.com\/product\/yoast-seo-wordpress\/ -->\n<title>MANDALA - PORTE-CL\u00c9S VISION - Michelle Beaudoin<\/title>\n<meta name=\"robots\" content=\"index, follow, max-snippet:-1, max-image-preview:large, max-video-preview:-1\" \/>\n<link rel=\"canonical\" href=\"https:\/\/michelle-beaudoin.com\/fr\/produit\/mandala-porte-cles-vision\/\" \/>\n<meta property=\"og:locale\" content=\"fr_FR\" \/>\n<meta property=\"og:type\" content=\"article\" \/>\n<meta property=\"og:title\" content=\"MANDALA - PORTE-CL\u00c9S VISION - Michelle Beaudoin\" \/>\n<meta property=\"og:description\" content=\"NOUVELLE COLLECTION MANDALA: ligne d\u2019inspiration pour la pens\u00e9e positive  &nbsp;  Porte-cl\u00e9s VISION  Tout en maintenant son calme, la vision permet de maintenir le focus sur un objectif... et de l&#039;atteindre. En y voyant plus clair, il est aussi plus ais\u00e9 de se fixer des buts qui nous ressemblent. Mod\u00e8le \u00e9galement disponible en aimant, porte-bonheur, crochet magn\u00e9tique, et collier (voir page MANDALA).  Moul\u00e9s en \u00e9tain, nos porte-cl\u00e9s sauront personnaliser vos jeux de cl\u00e9s avec \u00e9l\u00e9gance. Une excellente id\u00e9e-cadeau \u00e0 offrir \u00e0 vos amis, vos proches, vos h\u00f4tes ou au professeur de votre enfant\u2026 ou \u00e0 garder pour soi !  Leurs dimensions varient entre 1 et 2 pouces.  &nbsp;  Voir toute notre gamme dans la section MANDALA.\" \/>\n<meta property=\"og:url\" content=\"https:\/\/michelle-beaudoin.com\/fr\/produit\/mandala-porte-cles-vision\/\" \/>\n<meta property=\"og:site_name\" content=\"Michelle Beaudoin\" \/>\n<meta property=\"article:modified_time\" content=\"2025-10-28T15:51:47+00:00\" \/>\n<meta property=\"og:image\" content=\"https:\/\/michelle-beaudoin.com\/wp-content\/uploads\/2018\/03\/MANDALA-VISION-PORTE-CLES-KEY-CHAIN.jpg\" \/>\n\t<meta property=\"og:image:width\" content=\"800\" \/>\n\t<meta property=\"og:image:height\" content=\"800\" \/>\n\t<meta property=\"og:image:type\" content=\"image\/jpeg\" \/>\n<meta name=\"twitter:card\" content=\"summary_large_image\" \/>\n<script type=\"application\/ld+json\" class=\"yoast-schema-graph\">{\"@context\":\"https:\/\/schema.org\",\"@graph\":[{\"@type\":\"WebPage\",\"@id\":\"https:\/\/michelle-beaudoin.com\/fr\/produit\/mandala-porte-cles-vision\/\",\"url\":\"https:\/\/michelle-beaudoin.com\/fr\/produit\/mandala-porte-cles-vision\/\",\"name\":\"MANDALA - PORTE-CL\u00c9S VISION - Michelle Beaudoin\",\"isPartOf\":{\"@id\":\"https:\/\/michelle-beaudoin.com\/fr\/#website\"},\"primaryImageOfPage\":{\"@id\":\"https:\/\/michelle-beaudoin.com\/fr\/produit\/mandala-porte-cles-vision\/#primaryimage\"},\"image\":{\"@id\":\"https:\/\/michelle-beaudoin.com\/fr\/produit\/mandala-porte-cles-vision\/#primaryimage\"},\"thumbnailUrl\":\"https:\/\/michelle-beaudoin.com\/wp-content\/uploads\/2018\/03\/MANDALA-VISION-PORTE-CLES-KEY-CHAIN.jpg\",\"datePublished\":\"2018-03-02T06:44:59+00:00\",\"dateModified\":\"2025-10-28T15:51:47+00:00\",\"breadcrumb\":{\"@id\":\"https:\/\/michelle-beaudoin.com\/fr\/produit\/mandala-porte-cles-vision\/#breadcrumb\"},\"inLanguage\":\"fr-FR\",\"potentialAction\":[{\"@type\":\"ReadAction\",\"target\":[\"https:\/\/michelle-beaudoin.com\/fr\/produit\/mandala-porte-cles-vision\/\"]}]},{\"@type\":\"ImageObject\",\"inLanguage\":\"fr-FR\",\"@id\":\"https:\/\/michelle-beaudoin.com\/fr\/produit\/mandala-porte-cles-vision\/#primaryimage\",\"url\":\"https:\/\/michelle-beaudoin.com\/wp-content\/uploads\/2018\/03\/MANDALA-VISION-PORTE-CLES-KEY-CHAIN.jpg\",\"contentUrl\":\"https:\/\/michelle-beaudoin.com\/wp-content\/uploads\/2018\/03\/MANDALA-VISION-PORTE-CLES-KEY-CHAIN.jpg\",\"width\":800,\"height\":800},{\"@type\":\"BreadcrumbList\",\"@id\":\"https:\/\/michelle-beaudoin.com\/fr\/produit\/mandala-porte-cles-vision\/#breadcrumb\",\"itemListElement\":[{\"@type\":\"ListItem\",\"position\":1,\"name\":\"Accueil\",\"item\":\"https:\/\/michelle-beaudoin.com\/fr\/\"},{\"@type\":\"ListItem\",\"position\":2,\"name\":\"Boutique Accueil\",\"item\":\"https:\/\/michelle-beaudoin.com\/fr\/boutique-accueil\/\"},{\"@type\":\"ListItem\",\"position\":3,\"name\":\"MANDALA &#8211; PORTE-CL\u00c9S VISION\"}]},{\"@type\":\"WebSite\",\"@id\":\"https:\/\/michelle-beaudoin.com\/fr\/#website\",\"url\":\"https:\/\/michelle-beaudoin.com\/fr\/\",\"name\":\"Michelle Beaudoin\",\"description\":\"De son atelier situ&eacute; au c&oelig;ur d&rsquo;un quartier historique de Montr&eacute;al, Michelle Beaudoin con&ccedil;oit et r&eacute;alise des objets d&eacute;coratifs uniques en leur genre.\",\"potentialAction\":[{\"@type\":\"SearchAction\",\"target\":{\"@type\":\"EntryPoint\",\"urlTemplate\":\"https:\/\/michelle-beaudoin.com\/fr\/?s={search_term_string}\"},\"query-input\":{\"@type\":\"PropertyValueSpecification\",\"valueRequired\":true,\"valueName\":\"search_term_string\"}}],\"inLanguage\":\"fr-FR\"}]}<\/script>\n<!-- \/ Yoast SEO plugin. -->","yoast_head_json":{"title":"MANDALA - PORTE-CL\u00c9S VISION - Michelle Beaudoin","robots":{"index":"index","follow":"follow","max-snippet":"max-snippet:-1","max-image-preview":"max-image-preview:large","max-video-preview":"max-video-preview:-1"},"canonical":"https:\/\/michelle-beaudoin.com\/fr\/produit\/mandala-porte-cles-vision\/","og_locale":"fr_FR","og_type":"article","og_title":"MANDALA - PORTE-CL\u00c9S VISION - Michelle Beaudoin","og_description":"NOUVELLE COLLECTION MANDALA: ligne d\u2019inspiration pour la pens\u00e9e positive  &nbsp;  Porte-cl\u00e9s VISION  Tout en maintenant son calme, la vision permet de maintenir le focus sur un objectif... et de l'atteindre. En y voyant plus clair, il est aussi plus ais\u00e9 de se fixer des buts qui nous ressemblent. Mod\u00e8le \u00e9galement disponible en aimant, porte-bonheur, crochet magn\u00e9tique, et collier (voir page MANDALA).  Moul\u00e9s en \u00e9tain, nos porte-cl\u00e9s sauront personnaliser vos jeux de cl\u00e9s avec \u00e9l\u00e9gance. Une excellente id\u00e9e-cadeau \u00e0 offrir \u00e0 vos amis, vos proches, vos h\u00f4tes ou au professeur de votre enfant\u2026 ou \u00e0 garder pour soi !  Leurs dimensions varient entre 1 et 2 pouces.  &nbsp;  Voir toute notre gamme dans la section MANDALA.","og_url":"https:\/\/michelle-beaudoin.com\/fr\/produit\/mandala-porte-cles-vision\/","og_site_name":"Michelle Beaudoin","article_modified_time":"2025-10-28T15:51:47+00:00","og_image":[{"width":800,"height":800,"url":"https:\/\/michelle-beaudoin.com\/wp-content\/uploads\/2018\/03\/MANDALA-VISION-PORTE-CLES-KEY-CHAIN.jpg","type":"image\/jpeg"}],"twitter_card":"summary_large_image","schema":{"@context":"https:\/\/schema.org","@graph":[{"@type":"WebPage","@id":"https:\/\/michelle-beaudoin.com\/fr\/produit\/mandala-porte-cles-vision\/","url":"https:\/\/michelle-beaudoin.com\/fr\/produit\/mandala-porte-cles-vision\/","name":"MANDALA - PORTE-CL\u00c9S VISION - Michelle Beaudoin","isPartOf":{"@id":"https:\/\/michelle-beaudoin.com\/fr\/#website"},"primaryImageOfPage":{"@id":"https:\/\/michelle-beaudoin.com\/fr\/produit\/mandala-porte-cles-vision\/#primaryimage"},"image":{"@id":"https:\/\/michelle-beaudoin.com\/fr\/produit\/mandala-porte-cles-vision\/#primaryimage"},"thumbnailUrl":"https:\/\/michelle-beaudoin.com\/wp-content\/uploads\/2018\/03\/MANDALA-VISION-PORTE-CLES-KEY-CHAIN.jpg","datePublished":"2018-03-02T06:44:59+00:00","dateModified":"2025-10-28T15:51:47+00:00","breadcrumb":{"@id":"https:\/\/michelle-beaudoin.com\/fr\/produit\/mandala-porte-cles-vision\/#breadcrumb"},"inLanguage":"fr-FR","potentialAction":[{"@type":"ReadAction","target":["https:\/\/michelle-beaudoin.com\/fr\/produit\/mandala-porte-cles-vision\/"]}]},{"@type":"ImageObject","inLanguage":"fr-FR","@id":"https:\/\/michelle-beaudoin.com\/fr\/produit\/mandala-porte-cles-vision\/#primaryimage","url":"https:\/\/michelle-beaudoin.com\/wp-content\/uploads\/2018\/03\/MANDALA-VISION-PORTE-CLES-KEY-CHAIN.jpg","contentUrl":"https:\/\/michelle-beaudoin.com\/wp-content\/uploads\/2018\/03\/MANDALA-VISION-PORTE-CLES-KEY-CHAIN.jpg","width":800,"height":800},{"@type":"BreadcrumbList","@id":"https:\/\/michelle-beaudoin.com\/fr\/produit\/mandala-porte-cles-vision\/#breadcrumb","itemListElement":[{"@type":"ListItem","position":1,"name":"Accueil","item":"https:\/\/michelle-beaudoin.com\/fr\/"},{"@type":"ListItem","position":2,"name":"Boutique Accueil","item":"https:\/\/michelle-beaudoin.com\/fr\/boutique-accueil\/"},{"@type":"ListItem","position":3,"name":"MANDALA &#8211; PORTE-CL\u00c9S VISION"}]},{"@type":"WebSite","@id":"https:\/\/michelle-beaudoin.com\/fr\/#website","url":"https:\/\/michelle-beaudoin.com\/fr\/","name":"Michelle Beaudoin","description":"De son atelier situ&eacute; au c&oelig;ur d&rsquo;un quartier historique de Montr&eacute;al, Michelle Beaudoin con&ccedil;oit et r&eacute;alise des objets d&eacute;coratifs uniques en leur genre.","potentialAction":[{"@type":"SearchAction","target":{"@type":"EntryPoint","urlTemplate":"https:\/\/michelle-beaudoin.com\/fr\/?s={search_term_string}"},"query-input":{"@type":"PropertyValueSpecification","valueRequired":true,"valueName":"search_term_string"}}],"inLanguage":"fr-FR"}]}},"_links":{"self":[{"href":"https:\/\/michelle-beaudoin.com\/fr\/wp-json\/wp\/v2\/product\/7667","targetHints":{"allow":["GET"]}}],"collection":[{"href":"https:\/\/michelle-beaudoin.com\/fr\/wp-json\/wp\/v2\/product"}],"about":[{"href":"https:\/\/michelle-beaudoin.com\/fr\/wp-json\/wp\/v2\/types\/product"}],"replies":[{"embeddable":true,"href":"https:\/\/michelle-beaudoin.com\/fr\/wp-json\/wp\/v2\/comments?post=7667"}],"wp:featuredmedia":[{"embeddable":true,"href":"https:\/\/michelle-beaudoin.com\/fr\/wp-json\/wp\/v2\/media\/7725"}],"wp:attachment":[{"href":"https:\/\/michelle-beaudoin.com\/fr\/wp-json\/wp\/v2\/media?parent=7667"}],"wp:term":[{"taxonomy":"product_brand","embeddable":true,"href":"https:\/\/michelle-beaudoin.com\/fr\/wp-json\/wp\/v2\/product_brand?post=7667"},{"taxonomy":"product_cat","embeddable":true,"href":"https:\/\/michelle-beaudoin.com\/fr\/wp-json\/wp\/v2\/product_cat?post=7667"},{"taxonomy":"product_tag","embeddable":true,"href":"https:\/\/michelle-beaudoin.com\/fr\/wp-json\/wp\/v2\/product_tag?post=7667"}],"curies":[{"name":"wp","href":"https:\/\/api.w.org\/{rel}","templated":true}]}}