{"id":7613,"date":"2018-02-27T13:56:29","date_gmt":"2018-02-27T17:56:29","guid":{"rendered":"https:\/\/michelle-beaudoin.com\/?post_type=product&#038;p=7613"},"modified":"2025-02-16T14:05:34","modified_gmt":"2025-02-16T18:05:34","slug":"mandala-crochet-magnetique-love","status":"publish","type":"product","link":"https:\/\/michelle-beaudoin.com\/fr\/produit\/mandala-crochet-magnetique-love\/","title":{"rendered":"MANDALA &#8211; CROCHET MAGN\u00c9TIQUE LOVE"},"content":{"rendered":"","protected":false},"excerpt":{"rendered":"<div class=\"post-content woocommerce-product-details__short-description\">\n<div class=\"box-1-3\">\n<div class=\"post-content woocommerce-product-details__short-description\">\n<div class=\"bloc p12\" data-richtextify-editable=\"true\">\n<p>NOUVELLE COLLECTION MANDALA: ligne d\u2019inspiration pour la pens\u00e9e positive<\/p>\n<p>&nbsp;<\/p>\n<p>Crochet magn\u00e9tique LOVE<\/p>\n<p>La force de l\u2019amour vous permet de puiser \u00e0 l\u2019int\u00e9rieur et d\u2019offrir en votre coeur le plus beau cadeau qui soit, \u00e0 vous-m\u00eame et \u00e0 vos proches. Mod\u00e8le \u00e9galement disponible en aimant, porte-bonheur, porte-cl\u00e9, et collier (voir page MANDALA).<\/p>\n<p>Moul\u00e9s en \u00e9tain, nos crochets \u00e0 cl\u00e9s magn\u00e9tiques peuvent \u00eatre appos\u00e9s sur toute surface de m\u00e9tal, r\u00e9frig\u00e9rateur, casier, classeur, etc. Ces aimants sont\u00a0mont\u00e9s sur de puissants aimants de terres rares, gage de solidit\u00e9. Une excellente id\u00e9e-cadeau \u00e0 offrir \u00e0 vos h\u00f4tes ou au professeur de votre enfant\u2026 ou \u00e0 garder dans votre entr\u00e9e pour accueillir vos cl\u00e9s.<\/p>\n<p>\u00c9l\u00e9gants, ils\u00a0sont pr\u00e9sent\u00e9s dans un bel emballage de 3 crochets.<\/p>\n<p>Leurs dimensions varient entre 1 et 2 pouces. Kit de fixation auto-collant inclus, ne n\u00e9cessite aucun per\u00e7age.<\/p>\n<p>&nbsp;<\/p>\n<p>Voir toute notre gamme dans la section AIMANTS et MANDALA.<\/p>\n<\/div>\n<\/div>\n<\/div>\n<\/div>\n","protected":false},"featured_media":11060,"comment_status":"open","ping_status":"closed","template":"","meta":{"_bbp_topic_count":0,"_bbp_reply_count":0,"_bbp_total_topic_count":0,"_bbp_total_reply_count":0,"_bbp_voice_count":0,"_bbp_anonymous_reply_count":0,"_bbp_topic_count_hidden":0,"_bbp_reply_count_hidden":0,"_bbp_forum_subforum_count":0},"product_brand":[],"product_cat":[175,176,1401,1383],"product_tag":[70,1368,22,1283,88,181,97,25,21,26,89,327,1362,153,71,24,23,325,1341,1364,1347,98,1385,182,1424,1363],"class_list":{"0":"post-7613","1":"product","2":"type-product","3":"status-publish","4":"has-post-thumbnail","6":"product_cat-aimants","7":"product_cat-aimants-crochets","8":"product_cat-crochets-magnetiques-fr","9":"product_cat-mandala","10":"product_tag-aimant","11":"product_tag-bien-etre","12":"product_tag-cadeau","13":"product_tag-cles","14":"product_tag-coeur","15":"product_tag-ensemble-de-3","16":"product_tag-etain","17":"product_tag-fait-main","18":"product_tag-gift","19":"product_tag-handmade","20":"product_tag-heart","21":"product_tag-home","22":"product_tag-introspection","23":"product_tag-love","24":"product_tag-magnet","25":"product_tag-magnetic","26":"product_tag-magnetique","27":"product_tag-maison","28":"product_tag-mandala","29":"product_tag-meditation","30":"product_tag-patience","31":"product_tag-pewter","32":"product_tag-porte-cles","33":"product_tag-set-of-3","34":"product_tag-yoga","35":"product_tag-zen","36":"product_shipping_class-crochets-aimants-longs-forts-ba5","38":"first","39":"instock","40":"taxable","41":"shipping-taxable","42":"purchasable","43":"product-type-variable","44":"has-default-attributes"},"yoast_head":"<!-- This site is optimized with the Yoast SEO plugin v27.1.1 - https:\/\/yoast.com\/product\/yoast-seo-wordpress\/ -->\n<title>MANDALA - CROCHET MAGN\u00c9TIQUE LOVE - Michelle Beaudoin<\/title>\n<meta name=\"robots\" content=\"index, follow, max-snippet:-1, max-image-preview:large, max-video-preview:-1\" \/>\n<link rel=\"canonical\" href=\"https:\/\/michelle-beaudoin.com\/fr\/produit\/mandala-crochet-magnetique-love\/\" \/>\n<meta property=\"og:locale\" content=\"fr_FR\" \/>\n<meta property=\"og:type\" content=\"article\" \/>\n<meta property=\"og:title\" content=\"MANDALA - CROCHET MAGN\u00c9TIQUE LOVE - Michelle Beaudoin\" \/>\n<meta property=\"og:description\" content=\"NOUVELLE COLLECTION MANDALA: ligne d\u2019inspiration pour la pens\u00e9e positive  &nbsp;  Crochet magn\u00e9tique LOVE  La force de l\u2019amour vous permet de puiser \u00e0 l\u2019int\u00e9rieur et d\u2019offrir en votre coeur le plus beau cadeau qui soit, \u00e0 vous-m\u00eame et \u00e0 vos proches. Mod\u00e8le \u00e9galement disponible en aimant, porte-bonheur, porte-cl\u00e9, et collier (voir page MANDALA).  Moul\u00e9s en \u00e9tain, nos crochets \u00e0 cl\u00e9s magn\u00e9tiques peuvent \u00eatre appos\u00e9s sur toute surface de m\u00e9tal, r\u00e9frig\u00e9rateur, casier, classeur, etc. Ces aimants sont\u00a0mont\u00e9s sur de puissants aimants de terres rares, gage de solidit\u00e9. Une excellente id\u00e9e-cadeau \u00e0 offrir \u00e0 vos h\u00f4tes ou au professeur de votre enfant\u2026 ou \u00e0 garder dans votre entr\u00e9e pour accueillir vos cl\u00e9s.  \u00c9l\u00e9gants, ils\u00a0sont pr\u00e9sent\u00e9s dans un bel emballage de 3 crochets.  Leurs dimensions varient entre 1 et 2 pouces. Kit de fixation auto-collant inclus, ne n\u00e9cessite aucun per\u00e7age.  &nbsp;  Voir toute notre gamme dans la section AIMANTS et MANDALA.\" \/>\n<meta property=\"og:url\" content=\"https:\/\/michelle-beaudoin.com\/fr\/produit\/mandala-crochet-magnetique-love\/\" \/>\n<meta property=\"og:site_name\" content=\"Michelle Beaudoin\" \/>\n<meta property=\"article:modified_time\" content=\"2025-02-16T18:05:34+00:00\" \/>\n<meta property=\"og:image\" content=\"https:\/\/michelle-beaudoin.com\/wp-content\/uploads\/2018\/02\/beauty-crochet-coeur-scaled.jpg\" \/>\n\t<meta property=\"og:image:width\" content=\"2560\" \/>\n\t<meta property=\"og:image:height\" content=\"2560\" \/>\n\t<meta property=\"og:image:type\" content=\"image\/jpeg\" \/>\n<meta name=\"twitter:card\" content=\"summary_large_image\" \/>\n<script type=\"application\/ld+json\" class=\"yoast-schema-graph\">{\"@context\":\"https:\/\/schema.org\",\"@graph\":[{\"@type\":\"WebPage\",\"@id\":\"https:\/\/michelle-beaudoin.com\/fr\/produit\/mandala-crochet-magnetique-love\/\",\"url\":\"https:\/\/michelle-beaudoin.com\/fr\/produit\/mandala-crochet-magnetique-love\/\",\"name\":\"MANDALA - CROCHET MAGN\u00c9TIQUE LOVE - Michelle Beaudoin\",\"isPartOf\":{\"@id\":\"https:\/\/michelle-beaudoin.com\/fr\/#website\"},\"primaryImageOfPage\":{\"@id\":\"https:\/\/michelle-beaudoin.com\/fr\/produit\/mandala-crochet-magnetique-love\/#primaryimage\"},\"image\":{\"@id\":\"https:\/\/michelle-beaudoin.com\/fr\/produit\/mandala-crochet-magnetique-love\/#primaryimage\"},\"thumbnailUrl\":\"https:\/\/michelle-beaudoin.com\/wp-content\/uploads\/2018\/02\/beauty-crochet-coeur-scaled.jpg\",\"datePublished\":\"2018-02-27T17:56:29+00:00\",\"dateModified\":\"2025-02-16T18:05:34+00:00\",\"breadcrumb\":{\"@id\":\"https:\/\/michelle-beaudoin.com\/fr\/produit\/mandala-crochet-magnetique-love\/#breadcrumb\"},\"inLanguage\":\"fr-FR\",\"potentialAction\":[{\"@type\":\"ReadAction\",\"target\":[\"https:\/\/michelle-beaudoin.com\/fr\/produit\/mandala-crochet-magnetique-love\/\"]}]},{\"@type\":\"ImageObject\",\"inLanguage\":\"fr-FR\",\"@id\":\"https:\/\/michelle-beaudoin.com\/fr\/produit\/mandala-crochet-magnetique-love\/#primaryimage\",\"url\":\"https:\/\/michelle-beaudoin.com\/wp-content\/uploads\/2018\/02\/beauty-crochet-coeur-scaled.jpg\",\"contentUrl\":\"https:\/\/michelle-beaudoin.com\/wp-content\/uploads\/2018\/02\/beauty-crochet-coeur-scaled.jpg\",\"width\":2560,\"height\":2560},{\"@type\":\"BreadcrumbList\",\"@id\":\"https:\/\/michelle-beaudoin.com\/fr\/produit\/mandala-crochet-magnetique-love\/#breadcrumb\",\"itemListElement\":[{\"@type\":\"ListItem\",\"position\":1,\"name\":\"Accueil\",\"item\":\"https:\/\/michelle-beaudoin.com\/fr\/\"},{\"@type\":\"ListItem\",\"position\":2,\"name\":\"Boutique Accueil\",\"item\":\"https:\/\/michelle-beaudoin.com\/fr\/boutique-accueil\/\"},{\"@type\":\"ListItem\",\"position\":3,\"name\":\"MANDALA &#8211; CROCHET MAGN\u00c9TIQUE LOVE\"}]},{\"@type\":\"WebSite\",\"@id\":\"https:\/\/michelle-beaudoin.com\/fr\/#website\",\"url\":\"https:\/\/michelle-beaudoin.com\/fr\/\",\"name\":\"Michelle Beaudoin\",\"description\":\"De son atelier situ&eacute; au c&oelig;ur d&rsquo;un quartier historique de Montr&eacute;al, Michelle Beaudoin con&ccedil;oit et r&eacute;alise des objets d&eacute;coratifs uniques en leur genre.\",\"potentialAction\":[{\"@type\":\"SearchAction\",\"target\":{\"@type\":\"EntryPoint\",\"urlTemplate\":\"https:\/\/michelle-beaudoin.com\/fr\/?s={search_term_string}\"},\"query-input\":{\"@type\":\"PropertyValueSpecification\",\"valueRequired\":true,\"valueName\":\"search_term_string\"}}],\"inLanguage\":\"fr-FR\"}]}<\/script>\n<!-- \/ Yoast SEO plugin. -->","yoast_head_json":{"title":"MANDALA - CROCHET MAGN\u00c9TIQUE LOVE - Michelle Beaudoin","robots":{"index":"index","follow":"follow","max-snippet":"max-snippet:-1","max-image-preview":"max-image-preview:large","max-video-preview":"max-video-preview:-1"},"canonical":"https:\/\/michelle-beaudoin.com\/fr\/produit\/mandala-crochet-magnetique-love\/","og_locale":"fr_FR","og_type":"article","og_title":"MANDALA - CROCHET MAGN\u00c9TIQUE LOVE - Michelle Beaudoin","og_description":"NOUVELLE COLLECTION MANDALA: ligne d\u2019inspiration pour la pens\u00e9e positive  &nbsp;  Crochet magn\u00e9tique LOVE  La force de l\u2019amour vous permet de puiser \u00e0 l\u2019int\u00e9rieur et d\u2019offrir en votre coeur le plus beau cadeau qui soit, \u00e0 vous-m\u00eame et \u00e0 vos proches. Mod\u00e8le \u00e9galement disponible en aimant, porte-bonheur, porte-cl\u00e9, et collier (voir page MANDALA).  Moul\u00e9s en \u00e9tain, nos crochets \u00e0 cl\u00e9s magn\u00e9tiques peuvent \u00eatre appos\u00e9s sur toute surface de m\u00e9tal, r\u00e9frig\u00e9rateur, casier, classeur, etc. Ces aimants sont\u00a0mont\u00e9s sur de puissants aimants de terres rares, gage de solidit\u00e9. Une excellente id\u00e9e-cadeau \u00e0 offrir \u00e0 vos h\u00f4tes ou au professeur de votre enfant\u2026 ou \u00e0 garder dans votre entr\u00e9e pour accueillir vos cl\u00e9s.  \u00c9l\u00e9gants, ils\u00a0sont pr\u00e9sent\u00e9s dans un bel emballage de 3 crochets.  Leurs dimensions varient entre 1 et 2 pouces. Kit de fixation auto-collant inclus, ne n\u00e9cessite aucun per\u00e7age.  &nbsp;  Voir toute notre gamme dans la section AIMANTS et MANDALA.","og_url":"https:\/\/michelle-beaudoin.com\/fr\/produit\/mandala-crochet-magnetique-love\/","og_site_name":"Michelle Beaudoin","article_modified_time":"2025-02-16T18:05:34+00:00","og_image":[{"width":2560,"height":2560,"url":"https:\/\/michelle-beaudoin.com\/wp-content\/uploads\/2018\/02\/beauty-crochet-coeur-scaled.jpg","type":"image\/jpeg"}],"twitter_card":"summary_large_image","schema":{"@context":"https:\/\/schema.org","@graph":[{"@type":"WebPage","@id":"https:\/\/michelle-beaudoin.com\/fr\/produit\/mandala-crochet-magnetique-love\/","url":"https:\/\/michelle-beaudoin.com\/fr\/produit\/mandala-crochet-magnetique-love\/","name":"MANDALA - CROCHET MAGN\u00c9TIQUE LOVE - Michelle Beaudoin","isPartOf":{"@id":"https:\/\/michelle-beaudoin.com\/fr\/#website"},"primaryImageOfPage":{"@id":"https:\/\/michelle-beaudoin.com\/fr\/produit\/mandala-crochet-magnetique-love\/#primaryimage"},"image":{"@id":"https:\/\/michelle-beaudoin.com\/fr\/produit\/mandala-crochet-magnetique-love\/#primaryimage"},"thumbnailUrl":"https:\/\/michelle-beaudoin.com\/wp-content\/uploads\/2018\/02\/beauty-crochet-coeur-scaled.jpg","datePublished":"2018-02-27T17:56:29+00:00","dateModified":"2025-02-16T18:05:34+00:00","breadcrumb":{"@id":"https:\/\/michelle-beaudoin.com\/fr\/produit\/mandala-crochet-magnetique-love\/#breadcrumb"},"inLanguage":"fr-FR","potentialAction":[{"@type":"ReadAction","target":["https:\/\/michelle-beaudoin.com\/fr\/produit\/mandala-crochet-magnetique-love\/"]}]},{"@type":"ImageObject","inLanguage":"fr-FR","@id":"https:\/\/michelle-beaudoin.com\/fr\/produit\/mandala-crochet-magnetique-love\/#primaryimage","url":"https:\/\/michelle-beaudoin.com\/wp-content\/uploads\/2018\/02\/beauty-crochet-coeur-scaled.jpg","contentUrl":"https:\/\/michelle-beaudoin.com\/wp-content\/uploads\/2018\/02\/beauty-crochet-coeur-scaled.jpg","width":2560,"height":2560},{"@type":"BreadcrumbList","@id":"https:\/\/michelle-beaudoin.com\/fr\/produit\/mandala-crochet-magnetique-love\/#breadcrumb","itemListElement":[{"@type":"ListItem","position":1,"name":"Accueil","item":"https:\/\/michelle-beaudoin.com\/fr\/"},{"@type":"ListItem","position":2,"name":"Boutique Accueil","item":"https:\/\/michelle-beaudoin.com\/fr\/boutique-accueil\/"},{"@type":"ListItem","position":3,"name":"MANDALA &#8211; CROCHET MAGN\u00c9TIQUE LOVE"}]},{"@type":"WebSite","@id":"https:\/\/michelle-beaudoin.com\/fr\/#website","url":"https:\/\/michelle-beaudoin.com\/fr\/","name":"Michelle Beaudoin","description":"De son atelier situ&eacute; au c&oelig;ur d&rsquo;un quartier historique de Montr&eacute;al, Michelle Beaudoin con&ccedil;oit et r&eacute;alise des objets d&eacute;coratifs uniques en leur genre.","potentialAction":[{"@type":"SearchAction","target":{"@type":"EntryPoint","urlTemplate":"https:\/\/michelle-beaudoin.com\/fr\/?s={search_term_string}"},"query-input":{"@type":"PropertyValueSpecification","valueRequired":true,"valueName":"search_term_string"}}],"inLanguage":"fr-FR"}]}},"_links":{"self":[{"href":"https:\/\/michelle-beaudoin.com\/fr\/wp-json\/wp\/v2\/product\/7613","targetHints":{"allow":["GET"]}}],"collection":[{"href":"https:\/\/michelle-beaudoin.com\/fr\/wp-json\/wp\/v2\/product"}],"about":[{"href":"https:\/\/michelle-beaudoin.com\/fr\/wp-json\/wp\/v2\/types\/product"}],"replies":[{"embeddable":true,"href":"https:\/\/michelle-beaudoin.com\/fr\/wp-json\/wp\/v2\/comments?post=7613"}],"wp:featuredmedia":[{"embeddable":true,"href":"https:\/\/michelle-beaudoin.com\/fr\/wp-json\/wp\/v2\/media\/11060"}],"wp:attachment":[{"href":"https:\/\/michelle-beaudoin.com\/fr\/wp-json\/wp\/v2\/media?parent=7613"}],"wp:term":[{"taxonomy":"product_brand","embeddable":true,"href":"https:\/\/michelle-beaudoin.com\/fr\/wp-json\/wp\/v2\/product_brand?post=7613"},{"taxonomy":"product_cat","embeddable":true,"href":"https:\/\/michelle-beaudoin.com\/fr\/wp-json\/wp\/v2\/product_cat?post=7613"},{"taxonomy":"product_tag","embeddable":true,"href":"https:\/\/michelle-beaudoin.com\/fr\/wp-json\/wp\/v2\/product_tag?post=7613"}],"curies":[{"name":"wp","href":"https:\/\/api.w.org\/{rel}","templated":true}]}}