{"id":7589,"date":"2018-02-26T12:21:00","date_gmt":"2018-02-26T16:21:00","guid":{"rendered":"https:\/\/michelle-beaudoin.com\/?post_type=product&#038;p=7589"},"modified":"2025-02-16T14:02:34","modified_gmt":"2025-02-16T18:02:34","slug":"mandala-aimant-protection","status":"publish","type":"product","link":"https:\/\/michelle-beaudoin.com\/fr\/produit\/mandala-aimant-protection\/","title":{"rendered":"MANDALA &#8211; AIMANT PROTECTION"},"content":{"rendered":"","protected":false},"excerpt":{"rendered":"<div class=\"box-1-3\">\n<div class=\"post-content woocommerce-product-details__short-description\">\n<div class=\"bloc p12\" data-richtextify-editable=\"true\">\n<p>NOUVELLE COLLECTION MANDALA: ligne d\u2019inspiration pour la pens\u00e9e positive<\/p>\n<p>&nbsp;<\/p>\n<p>Aimant PROTECTION<\/p>\n<p>La protection permet d&rsquo;instaurer un espace pour la gu\u00e9rison ou simplement de s&rsquo;offrir une bulle d&rsquo;ancrage de laquelle nous pouvons regarder le monde. De ma main, je cr\u00e9e cette sph\u00e8re temporaire, ce temps de recul pour m&rsquo;ajuster ad\u00e9quatement \u00e0 ce qui m&rsquo;entoure. Mod\u00e8le \u00e9galement disponible en crochet \u00e0 cl\u00e9, porte-bonheur, porte-cl\u00e9, et collier (voir page MANDALA).<\/p>\n<p>Nos\u00a0aimants d\u00e9coratifs peuvent \u00eatre appos\u00e9s sur toute surface de m\u00e9tal, r\u00e9frig\u00e9rateur, casier, classeur, etc. Une excellente id\u00e9e-cadeau \u00e0 offrir \u00e0 vos h\u00f4tes ou au professeur de votre enfant\u2026 pour n\u2019en nommer que quelques-unes. Leurs dimensions varient entre 1 et 2 pouces.<\/p>\n<p>\u00c9l\u00e9gants, ils\u00a0sont pr\u00e9sent\u00e9s dans un bel emballage de 4 aimants, qui s\u2019offre merveilleusement bien en cadeau.<\/p>\n<p>Moul\u00e9s en \u00e9tain, nos aimants sont\u00a0mont\u00e9s sur de puissants aimants de terres rares, ce qui signifie qu\u2019ils ne se retrouveront jamais au sol, m\u00eame apr\u00e8s avoir claqu\u00e9 accidentellement la porte du frigo!<\/p>\n<p>Voir toute notre gamme dans la section AIMANTS et MANDALA.<\/p>\n<\/div>\n<\/div>\n<\/div>\n","protected":false},"featured_media":7508,"comment_status":"open","ping_status":"closed","template":"","meta":{"_bbp_topic_count":0,"_bbp_reply_count":0,"_bbp_total_topic_count":0,"_bbp_total_reply_count":0,"_bbp_voice_count":0,"_bbp_anonymous_reply_count":0,"_bbp_topic_count_hidden":0,"_bbp_reply_count_hidden":0,"_bbp_forum_subforum_count":0},"product_brand":[],"product_cat":[1402,1383],"product_tag":[70,1368,22,78,97,25,21,1359,26,1362,71,24,23,1358,1341,1364,98,1357,79,220,219,1425,1424,1363],"class_list":{"0":"post-7589","1":"product","2":"type-product","3":"status-publish","4":"has-post-thumbnail","6":"product_cat-aimants-mandala","7":"product_cat-mandala","8":"product_tag-aimant","9":"product_tag-bien-etre","10":"product_tag-cadeau","11":"product_tag-ensemble-de-4","12":"product_tag-etain","13":"product_tag-fait-main","14":"product_tag-gift","15":"product_tag-hand","16":"product_tag-handmade","17":"product_tag-introspection","18":"product_tag-magnet","19":"product_tag-magnetic","20":"product_tag-magnetique","21":"product_tag-main","22":"product_tag-mandala","23":"product_tag-meditation","24":"product_tag-pewter","25":"product_tag-protection","26":"product_tag-set-of-4","27":"product_tag-unit","28":"product_tag-unite","29":"product_tag-wellbeing","30":"product_tag-yoga","31":"product_tag-zen","32":"product_shipping_class-aimants-unites-et-paquets","33":"pa_options-a-lunite-1","34":"pa_options-en-paquet-de-4","36":"first","37":"instock","38":"sold-individually","39":"taxable","40":"shipping-taxable","41":"purchasable","42":"product-type-variable","43":"has-default-attributes"},"yoast_head":"<!-- This site is optimized with the Yoast SEO plugin v27.1.1 - https:\/\/yoast.com\/product\/yoast-seo-wordpress\/ -->\n<title>MANDALA - AIMANT PROTECTION - Michelle Beaudoin<\/title>\n<meta name=\"robots\" content=\"index, follow, max-snippet:-1, max-image-preview:large, max-video-preview:-1\" \/>\n<link rel=\"canonical\" href=\"https:\/\/michelle-beaudoin.com\/fr\/produit\/mandala-aimant-protection\/\" \/>\n<meta property=\"og:locale\" content=\"fr_FR\" \/>\n<meta property=\"og:type\" content=\"article\" \/>\n<meta property=\"og:title\" content=\"MANDALA - AIMANT PROTECTION - Michelle Beaudoin\" \/>\n<meta property=\"og:description\" content=\"NOUVELLE COLLECTION MANDALA: ligne d\u2019inspiration pour la pens\u00e9e positive  &nbsp;  Aimant PROTECTION  La protection permet d&#039;instaurer un espace pour la gu\u00e9rison ou simplement de s&#039;offrir une bulle d&#039;ancrage de laquelle nous pouvons regarder le monde. De ma main, je cr\u00e9e cette sph\u00e8re temporaire, ce temps de recul pour m&#039;ajuster ad\u00e9quatement \u00e0 ce qui m&#039;entoure. Mod\u00e8le \u00e9galement disponible en crochet \u00e0 cl\u00e9, porte-bonheur, porte-cl\u00e9, et collier (voir page MANDALA).  Nos\u00a0aimants d\u00e9coratifs peuvent \u00eatre appos\u00e9s sur toute surface de m\u00e9tal, r\u00e9frig\u00e9rateur, casier, classeur, etc. Une excellente id\u00e9e-cadeau \u00e0 offrir \u00e0 vos h\u00f4tes ou au professeur de votre enfant\u2026 pour n\u2019en nommer que quelques-unes. Leurs dimensions varient entre 1 et 2 pouces.  \u00c9l\u00e9gants, ils\u00a0sont pr\u00e9sent\u00e9s dans un bel emballage de 4 aimants, qui s\u2019offre merveilleusement bien en cadeau.  Moul\u00e9s en \u00e9tain, nos aimants sont\u00a0mont\u00e9s sur de puissants aimants de terres rares, ce qui signifie qu\u2019ils ne se retrouveront jamais au sol, m\u00eame apr\u00e8s avoir claqu\u00e9 accidentellement la porte du frigo!  Voir toute notre gamme dans la section AIMANTS et MANDALA.\" \/>\n<meta property=\"og:url\" content=\"https:\/\/michelle-beaudoin.com\/fr\/produit\/mandala-aimant-protection\/\" \/>\n<meta property=\"og:site_name\" content=\"Michelle Beaudoin\" \/>\n<meta property=\"article:modified_time\" content=\"2025-02-16T18:02:34+00:00\" \/>\n<meta property=\"og:image\" content=\"https:\/\/michelle-beaudoin.com\/wp-content\/uploads\/2018\/02\/IMG_1113.jpg\" \/>\n\t<meta property=\"og:image:width\" content=\"1922\" \/>\n\t<meta property=\"og:image:height\" content=\"2048\" \/>\n\t<meta property=\"og:image:type\" content=\"image\/jpeg\" \/>\n<meta name=\"twitter:card\" content=\"summary_large_image\" \/>\n<script type=\"application\/ld+json\" class=\"yoast-schema-graph\">{\"@context\":\"https:\/\/schema.org\",\"@graph\":[{\"@type\":\"WebPage\",\"@id\":\"https:\/\/michelle-beaudoin.com\/fr\/produit\/mandala-aimant-protection\/\",\"url\":\"https:\/\/michelle-beaudoin.com\/fr\/produit\/mandala-aimant-protection\/\",\"name\":\"MANDALA - AIMANT PROTECTION - Michelle Beaudoin\",\"isPartOf\":{\"@id\":\"https:\/\/michelle-beaudoin.com\/fr\/#website\"},\"primaryImageOfPage\":{\"@id\":\"https:\/\/michelle-beaudoin.com\/fr\/produit\/mandala-aimant-protection\/#primaryimage\"},\"image\":{\"@id\":\"https:\/\/michelle-beaudoin.com\/fr\/produit\/mandala-aimant-protection\/#primaryimage\"},\"thumbnailUrl\":\"https:\/\/michelle-beaudoin.com\/wp-content\/uploads\/2018\/02\/IMG_1113.jpg\",\"datePublished\":\"2018-02-26T16:21:00+00:00\",\"dateModified\":\"2025-02-16T18:02:34+00:00\",\"breadcrumb\":{\"@id\":\"https:\/\/michelle-beaudoin.com\/fr\/produit\/mandala-aimant-protection\/#breadcrumb\"},\"inLanguage\":\"fr-FR\",\"potentialAction\":[{\"@type\":\"ReadAction\",\"target\":[\"https:\/\/michelle-beaudoin.com\/fr\/produit\/mandala-aimant-protection\/\"]}]},{\"@type\":\"ImageObject\",\"inLanguage\":\"fr-FR\",\"@id\":\"https:\/\/michelle-beaudoin.com\/fr\/produit\/mandala-aimant-protection\/#primaryimage\",\"url\":\"https:\/\/michelle-beaudoin.com\/wp-content\/uploads\/2018\/02\/IMG_1113.jpg\",\"contentUrl\":\"https:\/\/michelle-beaudoin.com\/wp-content\/uploads\/2018\/02\/IMG_1113.jpg\",\"width\":1922,\"height\":2048},{\"@type\":\"BreadcrumbList\",\"@id\":\"https:\/\/michelle-beaudoin.com\/fr\/produit\/mandala-aimant-protection\/#breadcrumb\",\"itemListElement\":[{\"@type\":\"ListItem\",\"position\":1,\"name\":\"Accueil\",\"item\":\"https:\/\/michelle-beaudoin.com\/fr\/\"},{\"@type\":\"ListItem\",\"position\":2,\"name\":\"Boutique Accueil\",\"item\":\"https:\/\/michelle-beaudoin.com\/fr\/boutique-accueil\/\"},{\"@type\":\"ListItem\",\"position\":3,\"name\":\"MANDALA &#8211; AIMANT PROTECTION\"}]},{\"@type\":\"WebSite\",\"@id\":\"https:\/\/michelle-beaudoin.com\/fr\/#website\",\"url\":\"https:\/\/michelle-beaudoin.com\/fr\/\",\"name\":\"Michelle Beaudoin\",\"description\":\"De son atelier situ&eacute; au c&oelig;ur d&rsquo;un quartier historique de Montr&eacute;al, Michelle Beaudoin con&ccedil;oit et r&eacute;alise des objets d&eacute;coratifs uniques en leur genre.\",\"potentialAction\":[{\"@type\":\"SearchAction\",\"target\":{\"@type\":\"EntryPoint\",\"urlTemplate\":\"https:\/\/michelle-beaudoin.com\/fr\/?s={search_term_string}\"},\"query-input\":{\"@type\":\"PropertyValueSpecification\",\"valueRequired\":true,\"valueName\":\"search_term_string\"}}],\"inLanguage\":\"fr-FR\"}]}<\/script>\n<!-- \/ Yoast SEO plugin. -->","yoast_head_json":{"title":"MANDALA - AIMANT PROTECTION - Michelle Beaudoin","robots":{"index":"index","follow":"follow","max-snippet":"max-snippet:-1","max-image-preview":"max-image-preview:large","max-video-preview":"max-video-preview:-1"},"canonical":"https:\/\/michelle-beaudoin.com\/fr\/produit\/mandala-aimant-protection\/","og_locale":"fr_FR","og_type":"article","og_title":"MANDALA - AIMANT PROTECTION - Michelle Beaudoin","og_description":"NOUVELLE COLLECTION MANDALA: ligne d\u2019inspiration pour la pens\u00e9e positive  &nbsp;  Aimant PROTECTION  La protection permet d'instaurer un espace pour la gu\u00e9rison ou simplement de s'offrir une bulle d'ancrage de laquelle nous pouvons regarder le monde. De ma main, je cr\u00e9e cette sph\u00e8re temporaire, ce temps de recul pour m'ajuster ad\u00e9quatement \u00e0 ce qui m'entoure. Mod\u00e8le \u00e9galement disponible en crochet \u00e0 cl\u00e9, porte-bonheur, porte-cl\u00e9, et collier (voir page MANDALA).  Nos\u00a0aimants d\u00e9coratifs peuvent \u00eatre appos\u00e9s sur toute surface de m\u00e9tal, r\u00e9frig\u00e9rateur, casier, classeur, etc. Une excellente id\u00e9e-cadeau \u00e0 offrir \u00e0 vos h\u00f4tes ou au professeur de votre enfant\u2026 pour n\u2019en nommer que quelques-unes. Leurs dimensions varient entre 1 et 2 pouces.  \u00c9l\u00e9gants, ils\u00a0sont pr\u00e9sent\u00e9s dans un bel emballage de 4 aimants, qui s\u2019offre merveilleusement bien en cadeau.  Moul\u00e9s en \u00e9tain, nos aimants sont\u00a0mont\u00e9s sur de puissants aimants de terres rares, ce qui signifie qu\u2019ils ne se retrouveront jamais au sol, m\u00eame apr\u00e8s avoir claqu\u00e9 accidentellement la porte du frigo!  Voir toute notre gamme dans la section AIMANTS et MANDALA.","og_url":"https:\/\/michelle-beaudoin.com\/fr\/produit\/mandala-aimant-protection\/","og_site_name":"Michelle Beaudoin","article_modified_time":"2025-02-16T18:02:34+00:00","og_image":[{"width":1922,"height":2048,"url":"https:\/\/michelle-beaudoin.com\/wp-content\/uploads\/2018\/02\/IMG_1113.jpg","type":"image\/jpeg"}],"twitter_card":"summary_large_image","schema":{"@context":"https:\/\/schema.org","@graph":[{"@type":"WebPage","@id":"https:\/\/michelle-beaudoin.com\/fr\/produit\/mandala-aimant-protection\/","url":"https:\/\/michelle-beaudoin.com\/fr\/produit\/mandala-aimant-protection\/","name":"MANDALA - AIMANT PROTECTION - Michelle Beaudoin","isPartOf":{"@id":"https:\/\/michelle-beaudoin.com\/fr\/#website"},"primaryImageOfPage":{"@id":"https:\/\/michelle-beaudoin.com\/fr\/produit\/mandala-aimant-protection\/#primaryimage"},"image":{"@id":"https:\/\/michelle-beaudoin.com\/fr\/produit\/mandala-aimant-protection\/#primaryimage"},"thumbnailUrl":"https:\/\/michelle-beaudoin.com\/wp-content\/uploads\/2018\/02\/IMG_1113.jpg","datePublished":"2018-02-26T16:21:00+00:00","dateModified":"2025-02-16T18:02:34+00:00","breadcrumb":{"@id":"https:\/\/michelle-beaudoin.com\/fr\/produit\/mandala-aimant-protection\/#breadcrumb"},"inLanguage":"fr-FR","potentialAction":[{"@type":"ReadAction","target":["https:\/\/michelle-beaudoin.com\/fr\/produit\/mandala-aimant-protection\/"]}]},{"@type":"ImageObject","inLanguage":"fr-FR","@id":"https:\/\/michelle-beaudoin.com\/fr\/produit\/mandala-aimant-protection\/#primaryimage","url":"https:\/\/michelle-beaudoin.com\/wp-content\/uploads\/2018\/02\/IMG_1113.jpg","contentUrl":"https:\/\/michelle-beaudoin.com\/wp-content\/uploads\/2018\/02\/IMG_1113.jpg","width":1922,"height":2048},{"@type":"BreadcrumbList","@id":"https:\/\/michelle-beaudoin.com\/fr\/produit\/mandala-aimant-protection\/#breadcrumb","itemListElement":[{"@type":"ListItem","position":1,"name":"Accueil","item":"https:\/\/michelle-beaudoin.com\/fr\/"},{"@type":"ListItem","position":2,"name":"Boutique Accueil","item":"https:\/\/michelle-beaudoin.com\/fr\/boutique-accueil\/"},{"@type":"ListItem","position":3,"name":"MANDALA &#8211; AIMANT PROTECTION"}]},{"@type":"WebSite","@id":"https:\/\/michelle-beaudoin.com\/fr\/#website","url":"https:\/\/michelle-beaudoin.com\/fr\/","name":"Michelle Beaudoin","description":"De son atelier situ&eacute; au c&oelig;ur d&rsquo;un quartier historique de Montr&eacute;al, Michelle Beaudoin con&ccedil;oit et r&eacute;alise des objets d&eacute;coratifs uniques en leur genre.","potentialAction":[{"@type":"SearchAction","target":{"@type":"EntryPoint","urlTemplate":"https:\/\/michelle-beaudoin.com\/fr\/?s={search_term_string}"},"query-input":{"@type":"PropertyValueSpecification","valueRequired":true,"valueName":"search_term_string"}}],"inLanguage":"fr-FR"}]}},"_links":{"self":[{"href":"https:\/\/michelle-beaudoin.com\/fr\/wp-json\/wp\/v2\/product\/7589","targetHints":{"allow":["GET"]}}],"collection":[{"href":"https:\/\/michelle-beaudoin.com\/fr\/wp-json\/wp\/v2\/product"}],"about":[{"href":"https:\/\/michelle-beaudoin.com\/fr\/wp-json\/wp\/v2\/types\/product"}],"replies":[{"embeddable":true,"href":"https:\/\/michelle-beaudoin.com\/fr\/wp-json\/wp\/v2\/comments?post=7589"}],"wp:featuredmedia":[{"embeddable":true,"href":"https:\/\/michelle-beaudoin.com\/fr\/wp-json\/wp\/v2\/media\/7508"}],"wp:attachment":[{"href":"https:\/\/michelle-beaudoin.com\/fr\/wp-json\/wp\/v2\/media?parent=7589"}],"wp:term":[{"taxonomy":"product_brand","embeddable":true,"href":"https:\/\/michelle-beaudoin.com\/fr\/wp-json\/wp\/v2\/product_brand?post=7589"},{"taxonomy":"product_cat","embeddable":true,"href":"https:\/\/michelle-beaudoin.com\/fr\/wp-json\/wp\/v2\/product_cat?post=7589"},{"taxonomy":"product_tag","embeddable":true,"href":"https:\/\/michelle-beaudoin.com\/fr\/wp-json\/wp\/v2\/product_tag?post=7589"}],"curies":[{"name":"wp","href":"https:\/\/api.w.org\/{rel}","templated":true}]}}