{"id":7581,"date":"2018-02-26T12:05:34","date_gmt":"2018-02-26T16:05:34","guid":{"rendered":"https:\/\/michelle-beaudoin.com\/?post_type=product&#038;p=7581"},"modified":"2025-02-16T14:02:26","modified_gmt":"2025-02-16T18:02:26","slug":"mandala-aimant-vision","status":"publish","type":"product","link":"https:\/\/michelle-beaudoin.com\/fr\/produit\/mandala-aimant-vision\/","title":{"rendered":"MANDALA &#8211; AIMANT VISION"},"content":{"rendered":"","protected":false},"excerpt":{"rendered":"<div class=\"box-1-3\">\n<div class=\"post-content woocommerce-product-details__short-description\">\n<div class=\"bloc p12\" data-richtextify-editable=\"true\">\n<p>NOUVELLE COLLECTION MANDALA: ligne d\u2019inspiration pour la pens\u00e9e positive<\/p>\n<p>&nbsp;<\/p>\n<p>Aimant VISION<\/p>\n<p>Tout en maintenant son calme, la vision permet de maintenir le focus sur un objectif&#8230; et de l&rsquo;atteindre. En y voyant plus clair, il est aussi plus ais\u00e9 de se fixer des buts qui nous ressemblent. Mod\u00e8le \u00e9galement disponible en crochet \u00e0 cl\u00e9, porte-bonheur, porte-cl\u00e9, et collier (voir page MANDALA).<\/p>\n<p>Nos\u00a0aimants d\u00e9coratifs peuvent \u00eatre appos\u00e9s sur toute surface de m\u00e9tal, r\u00e9frig\u00e9rateur, casier, classeur, etc. Une excellente id\u00e9e-cadeau \u00e0 offrir \u00e0 vos h\u00f4tes ou au professeur de votre enfant\u2026 pour n\u2019en nommer que quelques-unes. Leurs dimensions varient entre 1 et 2 pouces.<\/p>\n<p>\u00c9l\u00e9gants, ils\u00a0sont pr\u00e9sent\u00e9s dans un bel emballage de 4 aimants, qui s\u2019offre merveilleusement bien en cadeau.<\/p>\n<p>Moul\u00e9s en \u00e9tain, nos aimants sont\u00a0mont\u00e9s sur de puissants aimants de terres rares, ce qui signifie qu\u2019ils ne se retrouveront jamais au sol, m\u00eame apr\u00e8s avoir claqu\u00e9 accidentellement la porte du frigo!<\/p>\n<p>Voir toute notre gamme dans la section AIMANTS et MANDALA.<\/p>\n<\/div>\n<\/div>\n<\/div>\n","protected":false},"featured_media":7506,"comment_status":"open","ping_status":"closed","template":"","meta":{"_bbp_topic_count":0,"_bbp_reply_count":0,"_bbp_total_topic_count":0,"_bbp_total_reply_count":0,"_bbp_voice_count":0,"_bbp_anonymous_reply_count":0,"_bbp_topic_count_hidden":0,"_bbp_reply_count_hidden":0,"_bbp_forum_subforum_count":0},"product_brand":[],"product_cat":[1402,1383],"product_tag":[70,1368,22,78,97,25,21,26,71,24,23,1341,98,79,374,375,220,219,1348,1425,1424],"class_list":{"0":"post-7581","1":"product","2":"type-product","3":"status-publish","4":"has-post-thumbnail","6":"product_cat-aimants-mandala","7":"product_cat-mandala","8":"product_tag-aimant","9":"product_tag-bien-etre","10":"product_tag-cadeau","11":"product_tag-ensemble-de-4","12":"product_tag-etain","13":"product_tag-fait-main","14":"product_tag-gift","15":"product_tag-handmade","16":"product_tag-magnet","17":"product_tag-magnetic","18":"product_tag-magnetique","19":"product_tag-mandala","20":"product_tag-pewter","21":"product_tag-set-of-4","22":"product_tag-soleil","23":"product_tag-sun","24":"product_tag-unit","25":"product_tag-unite","26":"product_tag-vision","27":"product_tag-wellbeing","28":"product_tag-yoga","29":"product_shipping_class-aimants-unites-et-paquets","30":"pa_options-a-lunite-1","31":"pa_options-en-paquet-de-4","33":"first","34":"instock","35":"sold-individually","36":"taxable","37":"shipping-taxable","38":"purchasable","39":"product-type-variable","40":"has-default-attributes"},"yoast_head":"<!-- This site is optimized with the Yoast SEO plugin v27.1.1 - https:\/\/yoast.com\/product\/yoast-seo-wordpress\/ -->\n<title>MANDALA - AIMANT VISION - Michelle Beaudoin<\/title>\n<meta name=\"robots\" content=\"index, follow, max-snippet:-1, max-image-preview:large, max-video-preview:-1\" \/>\n<link rel=\"canonical\" href=\"https:\/\/michelle-beaudoin.com\/fr\/produit\/mandala-aimant-vision\/\" \/>\n<meta property=\"og:locale\" content=\"fr_FR\" \/>\n<meta property=\"og:type\" content=\"article\" \/>\n<meta property=\"og:title\" content=\"MANDALA - AIMANT VISION - Michelle Beaudoin\" \/>\n<meta property=\"og:description\" content=\"NOUVELLE COLLECTION MANDALA: ligne d\u2019inspiration pour la pens\u00e9e positive  &nbsp;  Aimant VISION  Tout en maintenant son calme, la vision permet de maintenir le focus sur un objectif... et de l&#039;atteindre. En y voyant plus clair, il est aussi plus ais\u00e9 de se fixer des buts qui nous ressemblent. Mod\u00e8le \u00e9galement disponible en crochet \u00e0 cl\u00e9, porte-bonheur, porte-cl\u00e9, et collier (voir page MANDALA).  Nos\u00a0aimants d\u00e9coratifs peuvent \u00eatre appos\u00e9s sur toute surface de m\u00e9tal, r\u00e9frig\u00e9rateur, casier, classeur, etc. Une excellente id\u00e9e-cadeau \u00e0 offrir \u00e0 vos h\u00f4tes ou au professeur de votre enfant\u2026 pour n\u2019en nommer que quelques-unes. Leurs dimensions varient entre 1 et 2 pouces.  \u00c9l\u00e9gants, ils\u00a0sont pr\u00e9sent\u00e9s dans un bel emballage de 4 aimants, qui s\u2019offre merveilleusement bien en cadeau.  Moul\u00e9s en \u00e9tain, nos aimants sont\u00a0mont\u00e9s sur de puissants aimants de terres rares, ce qui signifie qu\u2019ils ne se retrouveront jamais au sol, m\u00eame apr\u00e8s avoir claqu\u00e9 accidentellement la porte du frigo!  Voir toute notre gamme dans la section AIMANTS et MANDALA.\" \/>\n<meta property=\"og:url\" content=\"https:\/\/michelle-beaudoin.com\/fr\/produit\/mandala-aimant-vision\/\" \/>\n<meta property=\"og:site_name\" content=\"Michelle Beaudoin\" \/>\n<meta property=\"article:modified_time\" content=\"2025-02-16T18:02:26+00:00\" \/>\n<meta property=\"og:image\" content=\"https:\/\/michelle-beaudoin.com\/wp-content\/uploads\/2018\/02\/IMG_1112.jpg\" \/>\n\t<meta property=\"og:image:width\" content=\"1964\" \/>\n\t<meta property=\"og:image:height\" content=\"2048\" \/>\n\t<meta property=\"og:image:type\" content=\"image\/jpeg\" \/>\n<meta name=\"twitter:card\" content=\"summary_large_image\" \/>\n<script type=\"application\/ld+json\" class=\"yoast-schema-graph\">{\"@context\":\"https:\/\/schema.org\",\"@graph\":[{\"@type\":\"WebPage\",\"@id\":\"https:\/\/michelle-beaudoin.com\/fr\/produit\/mandala-aimant-vision\/\",\"url\":\"https:\/\/michelle-beaudoin.com\/fr\/produit\/mandala-aimant-vision\/\",\"name\":\"MANDALA - AIMANT VISION - Michelle Beaudoin\",\"isPartOf\":{\"@id\":\"https:\/\/michelle-beaudoin.com\/fr\/#website\"},\"primaryImageOfPage\":{\"@id\":\"https:\/\/michelle-beaudoin.com\/fr\/produit\/mandala-aimant-vision\/#primaryimage\"},\"image\":{\"@id\":\"https:\/\/michelle-beaudoin.com\/fr\/produit\/mandala-aimant-vision\/#primaryimage\"},\"thumbnailUrl\":\"https:\/\/michelle-beaudoin.com\/wp-content\/uploads\/2018\/02\/IMG_1112.jpg\",\"datePublished\":\"2018-02-26T16:05:34+00:00\",\"dateModified\":\"2025-02-16T18:02:26+00:00\",\"breadcrumb\":{\"@id\":\"https:\/\/michelle-beaudoin.com\/fr\/produit\/mandala-aimant-vision\/#breadcrumb\"},\"inLanguage\":\"fr-FR\",\"potentialAction\":[{\"@type\":\"ReadAction\",\"target\":[\"https:\/\/michelle-beaudoin.com\/fr\/produit\/mandala-aimant-vision\/\"]}]},{\"@type\":\"ImageObject\",\"inLanguage\":\"fr-FR\",\"@id\":\"https:\/\/michelle-beaudoin.com\/fr\/produit\/mandala-aimant-vision\/#primaryimage\",\"url\":\"https:\/\/michelle-beaudoin.com\/wp-content\/uploads\/2018\/02\/IMG_1112.jpg\",\"contentUrl\":\"https:\/\/michelle-beaudoin.com\/wp-content\/uploads\/2018\/02\/IMG_1112.jpg\",\"width\":1964,\"height\":2048},{\"@type\":\"BreadcrumbList\",\"@id\":\"https:\/\/michelle-beaudoin.com\/fr\/produit\/mandala-aimant-vision\/#breadcrumb\",\"itemListElement\":[{\"@type\":\"ListItem\",\"position\":1,\"name\":\"Accueil\",\"item\":\"https:\/\/michelle-beaudoin.com\/fr\/\"},{\"@type\":\"ListItem\",\"position\":2,\"name\":\"Boutique Accueil\",\"item\":\"https:\/\/michelle-beaudoin.com\/fr\/boutique-accueil\/\"},{\"@type\":\"ListItem\",\"position\":3,\"name\":\"MANDALA &#8211; AIMANT VISION\"}]},{\"@type\":\"WebSite\",\"@id\":\"https:\/\/michelle-beaudoin.com\/fr\/#website\",\"url\":\"https:\/\/michelle-beaudoin.com\/fr\/\",\"name\":\"Michelle Beaudoin\",\"description\":\"De son atelier situ&eacute; au c&oelig;ur d&rsquo;un quartier historique de Montr&eacute;al, Michelle Beaudoin con&ccedil;oit et r&eacute;alise des objets d&eacute;coratifs uniques en leur genre.\",\"potentialAction\":[{\"@type\":\"SearchAction\",\"target\":{\"@type\":\"EntryPoint\",\"urlTemplate\":\"https:\/\/michelle-beaudoin.com\/fr\/?s={search_term_string}\"},\"query-input\":{\"@type\":\"PropertyValueSpecification\",\"valueRequired\":true,\"valueName\":\"search_term_string\"}}],\"inLanguage\":\"fr-FR\"}]}<\/script>\n<!-- \/ Yoast SEO plugin. -->","yoast_head_json":{"title":"MANDALA - AIMANT VISION - Michelle Beaudoin","robots":{"index":"index","follow":"follow","max-snippet":"max-snippet:-1","max-image-preview":"max-image-preview:large","max-video-preview":"max-video-preview:-1"},"canonical":"https:\/\/michelle-beaudoin.com\/fr\/produit\/mandala-aimant-vision\/","og_locale":"fr_FR","og_type":"article","og_title":"MANDALA - AIMANT VISION - Michelle Beaudoin","og_description":"NOUVELLE COLLECTION MANDALA: ligne d\u2019inspiration pour la pens\u00e9e positive  &nbsp;  Aimant VISION  Tout en maintenant son calme, la vision permet de maintenir le focus sur un objectif... et de l'atteindre. En y voyant plus clair, il est aussi plus ais\u00e9 de se fixer des buts qui nous ressemblent. Mod\u00e8le \u00e9galement disponible en crochet \u00e0 cl\u00e9, porte-bonheur, porte-cl\u00e9, et collier (voir page MANDALA).  Nos\u00a0aimants d\u00e9coratifs peuvent \u00eatre appos\u00e9s sur toute surface de m\u00e9tal, r\u00e9frig\u00e9rateur, casier, classeur, etc. Une excellente id\u00e9e-cadeau \u00e0 offrir \u00e0 vos h\u00f4tes ou au professeur de votre enfant\u2026 pour n\u2019en nommer que quelques-unes. Leurs dimensions varient entre 1 et 2 pouces.  \u00c9l\u00e9gants, ils\u00a0sont pr\u00e9sent\u00e9s dans un bel emballage de 4 aimants, qui s\u2019offre merveilleusement bien en cadeau.  Moul\u00e9s en \u00e9tain, nos aimants sont\u00a0mont\u00e9s sur de puissants aimants de terres rares, ce qui signifie qu\u2019ils ne se retrouveront jamais au sol, m\u00eame apr\u00e8s avoir claqu\u00e9 accidentellement la porte du frigo!  Voir toute notre gamme dans la section AIMANTS et MANDALA.","og_url":"https:\/\/michelle-beaudoin.com\/fr\/produit\/mandala-aimant-vision\/","og_site_name":"Michelle Beaudoin","article_modified_time":"2025-02-16T18:02:26+00:00","og_image":[{"width":1964,"height":2048,"url":"https:\/\/michelle-beaudoin.com\/wp-content\/uploads\/2018\/02\/IMG_1112.jpg","type":"image\/jpeg"}],"twitter_card":"summary_large_image","schema":{"@context":"https:\/\/schema.org","@graph":[{"@type":"WebPage","@id":"https:\/\/michelle-beaudoin.com\/fr\/produit\/mandala-aimant-vision\/","url":"https:\/\/michelle-beaudoin.com\/fr\/produit\/mandala-aimant-vision\/","name":"MANDALA - AIMANT VISION - Michelle Beaudoin","isPartOf":{"@id":"https:\/\/michelle-beaudoin.com\/fr\/#website"},"primaryImageOfPage":{"@id":"https:\/\/michelle-beaudoin.com\/fr\/produit\/mandala-aimant-vision\/#primaryimage"},"image":{"@id":"https:\/\/michelle-beaudoin.com\/fr\/produit\/mandala-aimant-vision\/#primaryimage"},"thumbnailUrl":"https:\/\/michelle-beaudoin.com\/wp-content\/uploads\/2018\/02\/IMG_1112.jpg","datePublished":"2018-02-26T16:05:34+00:00","dateModified":"2025-02-16T18:02:26+00:00","breadcrumb":{"@id":"https:\/\/michelle-beaudoin.com\/fr\/produit\/mandala-aimant-vision\/#breadcrumb"},"inLanguage":"fr-FR","potentialAction":[{"@type":"ReadAction","target":["https:\/\/michelle-beaudoin.com\/fr\/produit\/mandala-aimant-vision\/"]}]},{"@type":"ImageObject","inLanguage":"fr-FR","@id":"https:\/\/michelle-beaudoin.com\/fr\/produit\/mandala-aimant-vision\/#primaryimage","url":"https:\/\/michelle-beaudoin.com\/wp-content\/uploads\/2018\/02\/IMG_1112.jpg","contentUrl":"https:\/\/michelle-beaudoin.com\/wp-content\/uploads\/2018\/02\/IMG_1112.jpg","width":1964,"height":2048},{"@type":"BreadcrumbList","@id":"https:\/\/michelle-beaudoin.com\/fr\/produit\/mandala-aimant-vision\/#breadcrumb","itemListElement":[{"@type":"ListItem","position":1,"name":"Accueil","item":"https:\/\/michelle-beaudoin.com\/fr\/"},{"@type":"ListItem","position":2,"name":"Boutique Accueil","item":"https:\/\/michelle-beaudoin.com\/fr\/boutique-accueil\/"},{"@type":"ListItem","position":3,"name":"MANDALA &#8211; AIMANT VISION"}]},{"@type":"WebSite","@id":"https:\/\/michelle-beaudoin.com\/fr\/#website","url":"https:\/\/michelle-beaudoin.com\/fr\/","name":"Michelle Beaudoin","description":"De son atelier situ&eacute; au c&oelig;ur d&rsquo;un quartier historique de Montr&eacute;al, Michelle Beaudoin con&ccedil;oit et r&eacute;alise des objets d&eacute;coratifs uniques en leur genre.","potentialAction":[{"@type":"SearchAction","target":{"@type":"EntryPoint","urlTemplate":"https:\/\/michelle-beaudoin.com\/fr\/?s={search_term_string}"},"query-input":{"@type":"PropertyValueSpecification","valueRequired":true,"valueName":"search_term_string"}}],"inLanguage":"fr-FR"}]}},"_links":{"self":[{"href":"https:\/\/michelle-beaudoin.com\/fr\/wp-json\/wp\/v2\/product\/7581","targetHints":{"allow":["GET"]}}],"collection":[{"href":"https:\/\/michelle-beaudoin.com\/fr\/wp-json\/wp\/v2\/product"}],"about":[{"href":"https:\/\/michelle-beaudoin.com\/fr\/wp-json\/wp\/v2\/types\/product"}],"replies":[{"embeddable":true,"href":"https:\/\/michelle-beaudoin.com\/fr\/wp-json\/wp\/v2\/comments?post=7581"}],"wp:featuredmedia":[{"embeddable":true,"href":"https:\/\/michelle-beaudoin.com\/fr\/wp-json\/wp\/v2\/media\/7506"}],"wp:attachment":[{"href":"https:\/\/michelle-beaudoin.com\/fr\/wp-json\/wp\/v2\/media?parent=7581"}],"wp:term":[{"taxonomy":"product_brand","embeddable":true,"href":"https:\/\/michelle-beaudoin.com\/fr\/wp-json\/wp\/v2\/product_brand?post=7581"},{"taxonomy":"product_cat","embeddable":true,"href":"https:\/\/michelle-beaudoin.com\/fr\/wp-json\/wp\/v2\/product_cat?post=7581"},{"taxonomy":"product_tag","embeddable":true,"href":"https:\/\/michelle-beaudoin.com\/fr\/wp-json\/wp\/v2\/product_tag?post=7581"}],"curies":[{"name":"wp","href":"https:\/\/api.w.org\/{rel}","templated":true}]}}