{"id":684,"date":"2016-06-30T21:40:01","date_gmt":"2016-06-30T21:40:01","guid":{"rendered":"http:\/\/michelle-beaudoin.com\/product\/porte-magazine-magnetique-metal-brosse-accessoire-babillard\/"},"modified":"2021-08-26T16:41:39","modified_gmt":"2021-08-26T20:41:39","slug":"porte-magazine-magnetique-metal-brosse-accessoire-babillard","status":"publish","type":"product","link":"https:\/\/michelle-beaudoin.com\/fr\/produit\/porte-magazine-magnetique-metal-brosse-accessoire-babillard\/","title":{"rendered":"PORTE-MAGAZINE MAGNETIQUE METAL BROSSE &#8211; ACCESSOIRE BABILLARD"},"content":{"rendered":"","protected":false},"excerpt":{"rendered":"<div class=\"\" data-richtextify-editable=\"true\">\n<div class=\"post-content woocommerce-product-details__short-description\">\n<div class=\"\" data-richtextify-editable=\"true\">\n<p>Porte-magazine magn\u00e9tique, muni de 3 aimants forts sur la tranche du dessous. Pour accueillir vos cl\u00e9s en rentrant chez vous !<\/p>\n<p>Utile pour y d\u00e9poser votre courrier, fili\u00e8res, magazines, livres de recettes.<\/p>\n<p>Se place sur une surface d&rsquo;acier, nos babillards par exemple.<\/p>\n<p>Extr\u00eamement solide, il est dot\u00e9 de 4 butoirs \u00e0 l\u2019arri\u00e8re pour le maintien de l&rsquo;objet et d&rsquo;aimants de terre rare. Fait main dans notre atelier.<\/p>\n<p>Disponible en 2 tailles : 8.50&Prime; x 5.50&Prime; x 1.50&Prime; et 5&Prime; x 6&Prime; x 1.50&Prime;<\/p>\n<p>Mat\u00e9riaux: acier bross\u00e9.<\/p>\n<\/div>\n<\/div>\n<\/div>\n","protected":false},"featured_media":8438,"comment_status":"closed","ping_status":"closed","template":"","meta":{"_bbp_topic_count":0,"_bbp_reply_count":0,"_bbp_total_topic_count":0,"_bbp_total_reply_count":0,"_bbp_voice_count":0,"_bbp_anonymous_reply_count":0,"_bbp_topic_count_hidden":0,"_bbp_reply_count_hidden":0,"_bbp_forum_subforum_count":0},"product_brand":[],"product_cat":[1260,38],"product_tag":[57,58,18,39,40,19,1513,1530,1531,25,26,60,61,24,1581,23,20,59,1385,1514],"class_list":{"0":"post-684","1":"product","2":"type-product","3":"status-publish","4":"has-post-thumbnail","6":"product_cat-accessoires-magnetiques","7":"product_cat-babillards-accessoires","8":"product_tag-accessoire","9":"product_tag-accessory","10":"product_tag-acier-brosse","11":"product_tag-babillard","12":"product_tag-board","13":"product_tag-brushed-steel","14":"product_tag-depose-cles","15":"product_tag-espace-de-decoration","16":"product_tag-espace-de-rangement","17":"product_tag-fait-main","18":"product_tag-handmade","19":"product_tag-holder","20":"product_tag-magazine","21":"product_tag-magnetic","22":"product_tag-magnetic-en-fr","23":"product_tag-magnetique","24":"product_tag-metal","25":"product_tag-porte","26":"product_tag-porte-cles","27":"product_tag-station-a-cles","28":"product_shipping_class-tous-les-cadres","29":"pa_grandeur-5-x-6-x-1-50","30":"pa_grandeur-8-50-x-5-50-x-1-50","32":"first","33":"instock","34":"taxable","35":"shipping-taxable","36":"purchasable","37":"product-type-variable","38":"has-default-attributes"},"yoast_head":"<!-- This site is optimized with the Yoast SEO plugin v27.1.1 - https:\/\/yoast.com\/product\/yoast-seo-wordpress\/ -->\n<title>PORTE-MAGAZINE MAGNETIQUE METAL BROSSE - ACCESSOIRE BABILLARD - Michelle Beaudoin<\/title>\n<meta name=\"robots\" content=\"index, follow, max-snippet:-1, max-image-preview:large, max-video-preview:-1\" \/>\n<link rel=\"canonical\" href=\"https:\/\/michelle-beaudoin.com\/fr\/produit\/porte-magazine-magnetique-metal-brosse-accessoire-babillard\/\" \/>\n<meta property=\"og:locale\" content=\"fr_FR\" \/>\n<meta property=\"og:type\" content=\"article\" \/>\n<meta property=\"og:title\" content=\"PORTE-MAGAZINE MAGNETIQUE METAL BROSSE - ACCESSOIRE BABILLARD - Michelle Beaudoin\" \/>\n<meta property=\"og:description\" content=\"Porte-magazine magn\u00e9tique, muni de 3 aimants forts sur la tranche du dessous. Pour accueillir vos cl\u00e9s en rentrant chez vous !  Utile pour y d\u00e9poser votre courrier, fili\u00e8res, magazines, livres de recettes.  Se place sur une surface d&#039;acier, nos babillards par exemple.  Extr\u00eamement solide, il est dot\u00e9 de 4 butoirs \u00e0 l\u2019arri\u00e8re pour le maintien de l&#039;objet et d&#039;aimants de terre rare. Fait main dans notre atelier.  Disponible en 2 tailles : 8.50&quot; x 5.50&quot; x 1.50&quot; et 5&quot; x 6&quot; x 1.50&quot;  Mat\u00e9riaux: acier bross\u00e9.\" \/>\n<meta property=\"og:url\" content=\"https:\/\/michelle-beaudoin.com\/fr\/produit\/porte-magazine-magnetique-metal-brosse-accessoire-babillard\/\" \/>\n<meta property=\"og:site_name\" content=\"Michelle Beaudoin\" \/>\n<meta property=\"article:modified_time\" content=\"2021-08-26T20:41:39+00:00\" \/>\n<meta property=\"og:image\" content=\"https:\/\/michelle-beaudoin.com\/wp-content\/uploads\/2016\/06\/BA1-catalogue.jpg\" \/>\n\t<meta property=\"og:image:width\" content=\"2449\" \/>\n\t<meta property=\"og:image:height\" content=\"1825\" \/>\n\t<meta property=\"og:image:type\" content=\"image\/jpeg\" \/>\n<meta name=\"twitter:card\" content=\"summary_large_image\" \/>\n<script type=\"application\/ld+json\" class=\"yoast-schema-graph\">{\"@context\":\"https:\/\/schema.org\",\"@graph\":[{\"@type\":\"WebPage\",\"@id\":\"https:\/\/michelle-beaudoin.com\/fr\/produit\/porte-magazine-magnetique-metal-brosse-accessoire-babillard\/\",\"url\":\"https:\/\/michelle-beaudoin.com\/fr\/produit\/porte-magazine-magnetique-metal-brosse-accessoire-babillard\/\",\"name\":\"PORTE-MAGAZINE MAGNETIQUE METAL BROSSE - ACCESSOIRE BABILLARD - Michelle Beaudoin\",\"isPartOf\":{\"@id\":\"https:\/\/michelle-beaudoin.com\/fr\/#website\"},\"primaryImageOfPage\":{\"@id\":\"https:\/\/michelle-beaudoin.com\/fr\/produit\/porte-magazine-magnetique-metal-brosse-accessoire-babillard\/#primaryimage\"},\"image\":{\"@id\":\"https:\/\/michelle-beaudoin.com\/fr\/produit\/porte-magazine-magnetique-metal-brosse-accessoire-babillard\/#primaryimage\"},\"thumbnailUrl\":\"https:\/\/michelle-beaudoin.com\/wp-content\/uploads\/2016\/06\/BA1-catalogue.jpg\",\"datePublished\":\"2016-06-30T21:40:01+00:00\",\"dateModified\":\"2021-08-26T20:41:39+00:00\",\"breadcrumb\":{\"@id\":\"https:\/\/michelle-beaudoin.com\/fr\/produit\/porte-magazine-magnetique-metal-brosse-accessoire-babillard\/#breadcrumb\"},\"inLanguage\":\"fr-FR\",\"potentialAction\":[{\"@type\":\"ReadAction\",\"target\":[\"https:\/\/michelle-beaudoin.com\/fr\/produit\/porte-magazine-magnetique-metal-brosse-accessoire-babillard\/\"]}]},{\"@type\":\"ImageObject\",\"inLanguage\":\"fr-FR\",\"@id\":\"https:\/\/michelle-beaudoin.com\/fr\/produit\/porte-magazine-magnetique-metal-brosse-accessoire-babillard\/#primaryimage\",\"url\":\"https:\/\/michelle-beaudoin.com\/wp-content\/uploads\/2016\/06\/BA1-catalogue.jpg\",\"contentUrl\":\"https:\/\/michelle-beaudoin.com\/wp-content\/uploads\/2016\/06\/BA1-catalogue.jpg\",\"width\":2449,\"height\":1825,\"caption\":\"porte-magazine magn\u00e9tique avec aimants porte-cl\u00e9s - magnetic file holder with key holding magnets\"},{\"@type\":\"BreadcrumbList\",\"@id\":\"https:\/\/michelle-beaudoin.com\/fr\/produit\/porte-magazine-magnetique-metal-brosse-accessoire-babillard\/#breadcrumb\",\"itemListElement\":[{\"@type\":\"ListItem\",\"position\":1,\"name\":\"Accueil\",\"item\":\"https:\/\/michelle-beaudoin.com\/fr\/\"},{\"@type\":\"ListItem\",\"position\":2,\"name\":\"Boutique Accueil\",\"item\":\"https:\/\/michelle-beaudoin.com\/fr\/boutique-accueil\/\"},{\"@type\":\"ListItem\",\"position\":3,\"name\":\"PORTE-MAGAZINE MAGNETIQUE METAL BROSSE &#8211; ACCESSOIRE BABILLARD\"}]},{\"@type\":\"WebSite\",\"@id\":\"https:\/\/michelle-beaudoin.com\/fr\/#website\",\"url\":\"https:\/\/michelle-beaudoin.com\/fr\/\",\"name\":\"Michelle Beaudoin\",\"description\":\"De son atelier situ&eacute; au c&oelig;ur d&rsquo;un quartier historique de Montr&eacute;al, Michelle Beaudoin con&ccedil;oit et r&eacute;alise des objets d&eacute;coratifs uniques en leur genre.\",\"potentialAction\":[{\"@type\":\"SearchAction\",\"target\":{\"@type\":\"EntryPoint\",\"urlTemplate\":\"https:\/\/michelle-beaudoin.com\/fr\/?s={search_term_string}\"},\"query-input\":{\"@type\":\"PropertyValueSpecification\",\"valueRequired\":true,\"valueName\":\"search_term_string\"}}],\"inLanguage\":\"fr-FR\"}]}<\/script>\n<!-- \/ Yoast SEO plugin. -->","yoast_head_json":{"title":"PORTE-MAGAZINE MAGNETIQUE METAL BROSSE - ACCESSOIRE BABILLARD - Michelle Beaudoin","robots":{"index":"index","follow":"follow","max-snippet":"max-snippet:-1","max-image-preview":"max-image-preview:large","max-video-preview":"max-video-preview:-1"},"canonical":"https:\/\/michelle-beaudoin.com\/fr\/produit\/porte-magazine-magnetique-metal-brosse-accessoire-babillard\/","og_locale":"fr_FR","og_type":"article","og_title":"PORTE-MAGAZINE MAGNETIQUE METAL BROSSE - ACCESSOIRE BABILLARD - Michelle Beaudoin","og_description":"Porte-magazine magn\u00e9tique, muni de 3 aimants forts sur la tranche du dessous. Pour accueillir vos cl\u00e9s en rentrant chez vous !  Utile pour y d\u00e9poser votre courrier, fili\u00e8res, magazines, livres de recettes.  Se place sur une surface d'acier, nos babillards par exemple.  Extr\u00eamement solide, il est dot\u00e9 de 4 butoirs \u00e0 l\u2019arri\u00e8re pour le maintien de l'objet et d'aimants de terre rare. Fait main dans notre atelier.  Disponible en 2 tailles : 8.50\" x 5.50\" x 1.50\" et 5\" x 6\" x 1.50\"  Mat\u00e9riaux: acier bross\u00e9.","og_url":"https:\/\/michelle-beaudoin.com\/fr\/produit\/porte-magazine-magnetique-metal-brosse-accessoire-babillard\/","og_site_name":"Michelle Beaudoin","article_modified_time":"2021-08-26T20:41:39+00:00","og_image":[{"width":2449,"height":1825,"url":"https:\/\/michelle-beaudoin.com\/wp-content\/uploads\/2016\/06\/BA1-catalogue.jpg","type":"image\/jpeg"}],"twitter_card":"summary_large_image","schema":{"@context":"https:\/\/schema.org","@graph":[{"@type":"WebPage","@id":"https:\/\/michelle-beaudoin.com\/fr\/produit\/porte-magazine-magnetique-metal-brosse-accessoire-babillard\/","url":"https:\/\/michelle-beaudoin.com\/fr\/produit\/porte-magazine-magnetique-metal-brosse-accessoire-babillard\/","name":"PORTE-MAGAZINE MAGNETIQUE METAL BROSSE - ACCESSOIRE BABILLARD - Michelle Beaudoin","isPartOf":{"@id":"https:\/\/michelle-beaudoin.com\/fr\/#website"},"primaryImageOfPage":{"@id":"https:\/\/michelle-beaudoin.com\/fr\/produit\/porte-magazine-magnetique-metal-brosse-accessoire-babillard\/#primaryimage"},"image":{"@id":"https:\/\/michelle-beaudoin.com\/fr\/produit\/porte-magazine-magnetique-metal-brosse-accessoire-babillard\/#primaryimage"},"thumbnailUrl":"https:\/\/michelle-beaudoin.com\/wp-content\/uploads\/2016\/06\/BA1-catalogue.jpg","datePublished":"2016-06-30T21:40:01+00:00","dateModified":"2021-08-26T20:41:39+00:00","breadcrumb":{"@id":"https:\/\/michelle-beaudoin.com\/fr\/produit\/porte-magazine-magnetique-metal-brosse-accessoire-babillard\/#breadcrumb"},"inLanguage":"fr-FR","potentialAction":[{"@type":"ReadAction","target":["https:\/\/michelle-beaudoin.com\/fr\/produit\/porte-magazine-magnetique-metal-brosse-accessoire-babillard\/"]}]},{"@type":"ImageObject","inLanguage":"fr-FR","@id":"https:\/\/michelle-beaudoin.com\/fr\/produit\/porte-magazine-magnetique-metal-brosse-accessoire-babillard\/#primaryimage","url":"https:\/\/michelle-beaudoin.com\/wp-content\/uploads\/2016\/06\/BA1-catalogue.jpg","contentUrl":"https:\/\/michelle-beaudoin.com\/wp-content\/uploads\/2016\/06\/BA1-catalogue.jpg","width":2449,"height":1825,"caption":"porte-magazine magn\u00e9tique avec aimants porte-cl\u00e9s - magnetic file holder with key holding magnets"},{"@type":"BreadcrumbList","@id":"https:\/\/michelle-beaudoin.com\/fr\/produit\/porte-magazine-magnetique-metal-brosse-accessoire-babillard\/#breadcrumb","itemListElement":[{"@type":"ListItem","position":1,"name":"Accueil","item":"https:\/\/michelle-beaudoin.com\/fr\/"},{"@type":"ListItem","position":2,"name":"Boutique Accueil","item":"https:\/\/michelle-beaudoin.com\/fr\/boutique-accueil\/"},{"@type":"ListItem","position":3,"name":"PORTE-MAGAZINE MAGNETIQUE METAL BROSSE &#8211; ACCESSOIRE BABILLARD"}]},{"@type":"WebSite","@id":"https:\/\/michelle-beaudoin.com\/fr\/#website","url":"https:\/\/michelle-beaudoin.com\/fr\/","name":"Michelle Beaudoin","description":"De son atelier situ&eacute; au c&oelig;ur d&rsquo;un quartier historique de Montr&eacute;al, Michelle Beaudoin con&ccedil;oit et r&eacute;alise des objets d&eacute;coratifs uniques en leur genre.","potentialAction":[{"@type":"SearchAction","target":{"@type":"EntryPoint","urlTemplate":"https:\/\/michelle-beaudoin.com\/fr\/?s={search_term_string}"},"query-input":{"@type":"PropertyValueSpecification","valueRequired":true,"valueName":"search_term_string"}}],"inLanguage":"fr-FR"}]}},"_links":{"self":[{"href":"https:\/\/michelle-beaudoin.com\/fr\/wp-json\/wp\/v2\/product\/684","targetHints":{"allow":["GET"]}}],"collection":[{"href":"https:\/\/michelle-beaudoin.com\/fr\/wp-json\/wp\/v2\/product"}],"about":[{"href":"https:\/\/michelle-beaudoin.com\/fr\/wp-json\/wp\/v2\/types\/product"}],"replies":[{"embeddable":true,"href":"https:\/\/michelle-beaudoin.com\/fr\/wp-json\/wp\/v2\/comments?post=684"}],"wp:featuredmedia":[{"embeddable":true,"href":"https:\/\/michelle-beaudoin.com\/fr\/wp-json\/wp\/v2\/media\/8438"}],"wp:attachment":[{"href":"https:\/\/michelle-beaudoin.com\/fr\/wp-json\/wp\/v2\/media?parent=684"}],"wp:term":[{"taxonomy":"product_brand","embeddable":true,"href":"https:\/\/michelle-beaudoin.com\/fr\/wp-json\/wp\/v2\/product_brand?post=684"},{"taxonomy":"product_cat","embeddable":true,"href":"https:\/\/michelle-beaudoin.com\/fr\/wp-json\/wp\/v2\/product_cat?post=684"},{"taxonomy":"product_tag","embeddable":true,"href":"https:\/\/michelle-beaudoin.com\/fr\/wp-json\/wp\/v2\/product_tag?post=684"}],"curies":[{"name":"wp","href":"https:\/\/api.w.org\/{rel}","templated":true}]}}