{"id":6450,"date":"2017-02-14T17:27:23","date_gmt":"2017-02-14T21:27:23","guid":{"rendered":"https:\/\/michelle-beaudoin.com\/produit\/kit-porte-collier\/"},"modified":"2021-05-12T14:46:49","modified_gmt":"2021-05-12T18:46:49","slug":"kit-porte-collier","status":"publish","type":"product","link":"https:\/\/michelle-beaudoin.com\/fr\/produit\/kit-porte-collier\/","title":{"rendered":"KIT PORTE-COLLIER PLUME GINGKO CHAMPIGNON"},"content":{"rendered":"","protected":false},"excerpt":{"rendered":"<div class=\"box-1-3\">\n<div class=\"bloc p12\" style=\"position: relative;\" data-richtextify-editable=\"true\">\n<p style=\"text-align: justify;\">Trio d&rsquo;aimants coul\u00e9s en \u00e9tain et pos\u00e9s sur des aimants forts de terre rare. Plume\u00a0\/ Gingko\u00a0\/ Champignon.\u00a0Porte-colliers magn\u00e9tiques, il vous serviront \u00e0 disposer vos pendentifs avec \u00e9l\u00e9gance et vous n&rsquo;aurez plus \u00e0 d\u00e9m\u00ealer aucun de vos colliers !<\/p>\n<p style=\"text-align: justify;\">Nos\u00a0aimants d\u00e9coratifs peuvent \u00eatre appos\u00e9s sur toute surface de m\u00e9tal, r\u00e9frig\u00e9rateur, casier, classeur, etc, ainsi que sur nos <a href=\"https:\/\/michelle-beaudoin.com\/categorie-produit\/babillards-magnetiques\/\">babillards magn\u00e9tiques<\/a>. Leurs dimensions varient entre 1 et 2 pouces.<\/p>\n<p style=\"text-align: justify;\">\u00c9l\u00e9gants, ils\u00a0sont pr\u00e9sent\u00e9s dans un beau coffret transparent de 3\u00a0aimants.<\/p>\n<p style=\"text-align: justify;\">Voir toute notre gamme dans la section <a href=\"https:\/\/michelle-beaudoin.com\/boutique-accueil\/aimants\/\">AIMANTS<\/a>.<\/p>\n<\/div>\n<p style=\"text-align: justify;\">\n<\/div>\n","protected":false},"featured_media":6456,"comment_status":"open","ping_status":"closed","template":"","meta":{"_bbp_topic_count":0,"_bbp_reply_count":0,"_bbp_total_topic_count":0,"_bbp_total_reply_count":0,"_bbp_voice_count":0,"_bbp_anonymous_reply_count":0,"_bbp_topic_count_hidden":0,"_bbp_reply_count_hidden":0,"_bbp_forum_subforum_count":0},"product_brand":[],"product_cat":[175,333],"product_tag":[70,492,85,339,181,97,25,26,60,153,71,24,23,340,98,59,182,220,219],"class_list":{"0":"post-6450","1":"product","2":"type-product","3":"status-publish","4":"has-post-thumbnail","6":"product_cat-aimants","7":"product_cat-aimants-forts","8":"product_tag-aimant","9":"product_tag-bijou","10":"product_tag-celebration","11":"product_tag-champignon","12":"product_tag-ensemble-de-3","13":"product_tag-etain","14":"product_tag-fait-main","15":"product_tag-handmade","16":"product_tag-holder","17":"product_tag-love","18":"product_tag-magnet","19":"product_tag-magnetic","20":"product_tag-magnetique","21":"product_tag-mushroom","22":"product_tag-pewter","23":"product_tag-porte","24":"product_tag-set-of-3","25":"product_tag-unit","26":"product_tag-unite","27":"product_shipping_class-crochets-aimants-longs-forts-ba5","28":"pa_options-a-lunite-1","29":"pa_options-en-paquet-de-4","31":"first","32":"instock","33":"taxable","34":"shipping-taxable","35":"purchasable","36":"product-type-simple"},"yoast_head":"<!-- This site is optimized with the Yoast SEO plugin v27.1.1 - https:\/\/yoast.com\/product\/yoast-seo-wordpress\/ -->\n<title>KIT PORTE-COLLIER PLUME GINGKO CHAMPIGNON - Michelle Beaudoin<\/title>\n<meta name=\"robots\" content=\"index, follow, max-snippet:-1, max-image-preview:large, max-video-preview:-1\" \/>\n<link rel=\"canonical\" href=\"https:\/\/michelle-beaudoin.com\/fr\/produit\/kit-porte-collier\/\" \/>\n<meta property=\"og:locale\" content=\"fr_FR\" \/>\n<meta property=\"og:type\" content=\"article\" \/>\n<meta property=\"og:title\" content=\"KIT PORTE-COLLIER PLUME GINGKO CHAMPIGNON - Michelle Beaudoin\" \/>\n<meta property=\"og:description\" content=\"Trio d&#039;aimants coul\u00e9s en \u00e9tain et pos\u00e9s sur des aimants forts de terre rare. Plume\u00a0\/ Gingko\u00a0\/ Champignon.\u00a0Porte-colliers magn\u00e9tiques, il vous serviront \u00e0 disposer vos pendentifs avec \u00e9l\u00e9gance et vous n&#039;aurez plus \u00e0 d\u00e9m\u00ealer aucun de vos colliers ! Nos\u00a0aimants d\u00e9coratifs peuvent \u00eatre appos\u00e9s sur toute surface de m\u00e9tal, r\u00e9frig\u00e9rateur, casier, classeur, etc, ainsi que sur nos babillards magn\u00e9tiques. Leurs dimensions varient entre 1 et 2 pouces. \u00c9l\u00e9gants, ils\u00a0sont pr\u00e9sent\u00e9s dans un beau coffret transparent de 3\u00a0aimants. Voir toute notre gamme dans la section AIMANTS.\" \/>\n<meta property=\"og:url\" content=\"https:\/\/michelle-beaudoin.com\/fr\/produit\/kit-porte-collier\/\" \/>\n<meta property=\"og:site_name\" content=\"Michelle Beaudoin\" \/>\n<meta property=\"article:modified_time\" content=\"2021-05-12T18:46:49+00:00\" \/>\n<meta property=\"og:image\" content=\"https:\/\/michelle-beaudoin.com\/wp-content\/uploads\/2017\/02\/FullSizeRender-17.jpg\" \/>\n\t<meta property=\"og:image:width\" content=\"1536\" \/>\n\t<meta property=\"og:image:height\" content=\"2048\" \/>\n\t<meta property=\"og:image:type\" content=\"image\/jpeg\" \/>\n<meta name=\"twitter:card\" content=\"summary_large_image\" \/>\n<script type=\"application\/ld+json\" class=\"yoast-schema-graph\">{\"@context\":\"https:\/\/schema.org\",\"@graph\":[{\"@type\":\"WebPage\",\"@id\":\"https:\/\/michelle-beaudoin.com\/fr\/produit\/kit-porte-collier\/\",\"url\":\"https:\/\/michelle-beaudoin.com\/fr\/produit\/kit-porte-collier\/\",\"name\":\"KIT PORTE-COLLIER PLUME GINGKO CHAMPIGNON - Michelle Beaudoin\",\"isPartOf\":{\"@id\":\"https:\/\/michelle-beaudoin.com\/fr\/#website\"},\"primaryImageOfPage\":{\"@id\":\"https:\/\/michelle-beaudoin.com\/fr\/produit\/kit-porte-collier\/#primaryimage\"},\"image\":{\"@id\":\"https:\/\/michelle-beaudoin.com\/fr\/produit\/kit-porte-collier\/#primaryimage\"},\"thumbnailUrl\":\"https:\/\/michelle-beaudoin.com\/wp-content\/uploads\/2017\/02\/FullSizeRender-17.jpg\",\"datePublished\":\"2017-02-14T21:27:23+00:00\",\"dateModified\":\"2021-05-12T18:46:49+00:00\",\"breadcrumb\":{\"@id\":\"https:\/\/michelle-beaudoin.com\/fr\/produit\/kit-porte-collier\/#breadcrumb\"},\"inLanguage\":\"fr-FR\",\"potentialAction\":[{\"@type\":\"ReadAction\",\"target\":[\"https:\/\/michelle-beaudoin.com\/fr\/produit\/kit-porte-collier\/\"]}]},{\"@type\":\"ImageObject\",\"inLanguage\":\"fr-FR\",\"@id\":\"https:\/\/michelle-beaudoin.com\/fr\/produit\/kit-porte-collier\/#primaryimage\",\"url\":\"https:\/\/michelle-beaudoin.com\/wp-content\/uploads\/2017\/02\/FullSizeRender-17.jpg\",\"contentUrl\":\"https:\/\/michelle-beaudoin.com\/wp-content\/uploads\/2017\/02\/FullSizeRender-17.jpg\",\"width\":1536,\"height\":2048},{\"@type\":\"BreadcrumbList\",\"@id\":\"https:\/\/michelle-beaudoin.com\/fr\/produit\/kit-porte-collier\/#breadcrumb\",\"itemListElement\":[{\"@type\":\"ListItem\",\"position\":1,\"name\":\"Accueil\",\"item\":\"https:\/\/michelle-beaudoin.com\/fr\/\"},{\"@type\":\"ListItem\",\"position\":2,\"name\":\"Boutique Accueil\",\"item\":\"https:\/\/michelle-beaudoin.com\/fr\/boutique-accueil\/\"},{\"@type\":\"ListItem\",\"position\":3,\"name\":\"KIT PORTE-COLLIER PLUME GINGKO CHAMPIGNON\"}]},{\"@type\":\"WebSite\",\"@id\":\"https:\/\/michelle-beaudoin.com\/fr\/#website\",\"url\":\"https:\/\/michelle-beaudoin.com\/fr\/\",\"name\":\"Michelle Beaudoin\",\"description\":\"De son atelier situ&eacute; au c&oelig;ur d&rsquo;un quartier historique de Montr&eacute;al, Michelle Beaudoin con&ccedil;oit et r&eacute;alise des objets d&eacute;coratifs uniques en leur genre.\",\"potentialAction\":[{\"@type\":\"SearchAction\",\"target\":{\"@type\":\"EntryPoint\",\"urlTemplate\":\"https:\/\/michelle-beaudoin.com\/fr\/?s={search_term_string}\"},\"query-input\":{\"@type\":\"PropertyValueSpecification\",\"valueRequired\":true,\"valueName\":\"search_term_string\"}}],\"inLanguage\":\"fr-FR\"}]}<\/script>\n<!-- \/ Yoast SEO plugin. -->","yoast_head_json":{"title":"KIT PORTE-COLLIER PLUME GINGKO CHAMPIGNON - Michelle Beaudoin","robots":{"index":"index","follow":"follow","max-snippet":"max-snippet:-1","max-image-preview":"max-image-preview:large","max-video-preview":"max-video-preview:-1"},"canonical":"https:\/\/michelle-beaudoin.com\/fr\/produit\/kit-porte-collier\/","og_locale":"fr_FR","og_type":"article","og_title":"KIT PORTE-COLLIER PLUME GINGKO CHAMPIGNON - Michelle Beaudoin","og_description":"Trio d'aimants coul\u00e9s en \u00e9tain et pos\u00e9s sur des aimants forts de terre rare. Plume\u00a0\/ Gingko\u00a0\/ Champignon.\u00a0Porte-colliers magn\u00e9tiques, il vous serviront \u00e0 disposer vos pendentifs avec \u00e9l\u00e9gance et vous n'aurez plus \u00e0 d\u00e9m\u00ealer aucun de vos colliers ! Nos\u00a0aimants d\u00e9coratifs peuvent \u00eatre appos\u00e9s sur toute surface de m\u00e9tal, r\u00e9frig\u00e9rateur, casier, classeur, etc, ainsi que sur nos babillards magn\u00e9tiques. Leurs dimensions varient entre 1 et 2 pouces. \u00c9l\u00e9gants, ils\u00a0sont pr\u00e9sent\u00e9s dans un beau coffret transparent de 3\u00a0aimants. Voir toute notre gamme dans la section AIMANTS.","og_url":"https:\/\/michelle-beaudoin.com\/fr\/produit\/kit-porte-collier\/","og_site_name":"Michelle Beaudoin","article_modified_time":"2021-05-12T18:46:49+00:00","og_image":[{"width":1536,"height":2048,"url":"https:\/\/michelle-beaudoin.com\/wp-content\/uploads\/2017\/02\/FullSizeRender-17.jpg","type":"image\/jpeg"}],"twitter_card":"summary_large_image","schema":{"@context":"https:\/\/schema.org","@graph":[{"@type":"WebPage","@id":"https:\/\/michelle-beaudoin.com\/fr\/produit\/kit-porte-collier\/","url":"https:\/\/michelle-beaudoin.com\/fr\/produit\/kit-porte-collier\/","name":"KIT PORTE-COLLIER PLUME GINGKO CHAMPIGNON - Michelle Beaudoin","isPartOf":{"@id":"https:\/\/michelle-beaudoin.com\/fr\/#website"},"primaryImageOfPage":{"@id":"https:\/\/michelle-beaudoin.com\/fr\/produit\/kit-porte-collier\/#primaryimage"},"image":{"@id":"https:\/\/michelle-beaudoin.com\/fr\/produit\/kit-porte-collier\/#primaryimage"},"thumbnailUrl":"https:\/\/michelle-beaudoin.com\/wp-content\/uploads\/2017\/02\/FullSizeRender-17.jpg","datePublished":"2017-02-14T21:27:23+00:00","dateModified":"2021-05-12T18:46:49+00:00","breadcrumb":{"@id":"https:\/\/michelle-beaudoin.com\/fr\/produit\/kit-porte-collier\/#breadcrumb"},"inLanguage":"fr-FR","potentialAction":[{"@type":"ReadAction","target":["https:\/\/michelle-beaudoin.com\/fr\/produit\/kit-porte-collier\/"]}]},{"@type":"ImageObject","inLanguage":"fr-FR","@id":"https:\/\/michelle-beaudoin.com\/fr\/produit\/kit-porte-collier\/#primaryimage","url":"https:\/\/michelle-beaudoin.com\/wp-content\/uploads\/2017\/02\/FullSizeRender-17.jpg","contentUrl":"https:\/\/michelle-beaudoin.com\/wp-content\/uploads\/2017\/02\/FullSizeRender-17.jpg","width":1536,"height":2048},{"@type":"BreadcrumbList","@id":"https:\/\/michelle-beaudoin.com\/fr\/produit\/kit-porte-collier\/#breadcrumb","itemListElement":[{"@type":"ListItem","position":1,"name":"Accueil","item":"https:\/\/michelle-beaudoin.com\/fr\/"},{"@type":"ListItem","position":2,"name":"Boutique Accueil","item":"https:\/\/michelle-beaudoin.com\/fr\/boutique-accueil\/"},{"@type":"ListItem","position":3,"name":"KIT PORTE-COLLIER PLUME GINGKO CHAMPIGNON"}]},{"@type":"WebSite","@id":"https:\/\/michelle-beaudoin.com\/fr\/#website","url":"https:\/\/michelle-beaudoin.com\/fr\/","name":"Michelle Beaudoin","description":"De son atelier situ&eacute; au c&oelig;ur d&rsquo;un quartier historique de Montr&eacute;al, Michelle Beaudoin con&ccedil;oit et r&eacute;alise des objets d&eacute;coratifs uniques en leur genre.","potentialAction":[{"@type":"SearchAction","target":{"@type":"EntryPoint","urlTemplate":"https:\/\/michelle-beaudoin.com\/fr\/?s={search_term_string}"},"query-input":{"@type":"PropertyValueSpecification","valueRequired":true,"valueName":"search_term_string"}}],"inLanguage":"fr-FR"}]}},"_links":{"self":[{"href":"https:\/\/michelle-beaudoin.com\/fr\/wp-json\/wp\/v2\/product\/6450","targetHints":{"allow":["GET"]}}],"collection":[{"href":"https:\/\/michelle-beaudoin.com\/fr\/wp-json\/wp\/v2\/product"}],"about":[{"href":"https:\/\/michelle-beaudoin.com\/fr\/wp-json\/wp\/v2\/types\/product"}],"replies":[{"embeddable":true,"href":"https:\/\/michelle-beaudoin.com\/fr\/wp-json\/wp\/v2\/comments?post=6450"}],"wp:featuredmedia":[{"embeddable":true,"href":"https:\/\/michelle-beaudoin.com\/fr\/wp-json\/wp\/v2\/media\/6456"}],"wp:attachment":[{"href":"https:\/\/michelle-beaudoin.com\/fr\/wp-json\/wp\/v2\/media?parent=6450"}],"wp:term":[{"taxonomy":"product_brand","embeddable":true,"href":"https:\/\/michelle-beaudoin.com\/fr\/wp-json\/wp\/v2\/product_brand?post=6450"},{"taxonomy":"product_cat","embeddable":true,"href":"https:\/\/michelle-beaudoin.com\/fr\/wp-json\/wp\/v2\/product_cat?post=6450"},{"taxonomy":"product_tag","embeddable":true,"href":"https:\/\/michelle-beaudoin.com\/fr\/wp-json\/wp\/v2\/product_tag?post=6450"}],"curies":[{"name":"wp","href":"https:\/\/api.w.org\/{rel}","templated":true}]}}