{"id":6341,"date":"2017-01-19T16:42:35","date_gmt":"2017-01-19T20:42:35","guid":{"rendered":"https:\/\/michelle-beaudoin.com\/produit\/st-valentin\/"},"modified":"2025-02-16T14:26:37","modified_gmt":"2025-02-16T18:26:37","slug":"st-valentin","status":"publish","type":"product","link":"https:\/\/michelle-beaudoin.com\/fr\/produit\/st-valentin\/","title":{"rendered":"ST VALENTIN"},"content":{"rendered":"","protected":false},"excerpt":{"rendered":"<div class=\"box-1-3\">\n<div class=\"bloc p12\" style=\"position: relative;\" data-richtextify-editable=\"true\">\n<p style=\"text-align: justify;\">D\u00eetes-le avec le coeur !<\/p>\n<p style=\"text-align: justify;\">Trio d&rsquo;aimants coul\u00e9s en \u00e9tain et pos\u00e9s sur des aimants de terre rare. Coeur bomb\u00e9 \/ Coeur textur\u00e9 et pierre du rhin \/ Coeur grav\u00e9. Pour faire LE cadeau original \u00e0 votre dulcin\u00e9(e).<\/p>\n<p style=\"text-align: justify;\">Nos\u00a0aimants d\u00e9coratifs peuvent \u00eatre appos\u00e9s sur toute surface de m\u00e9tal, r\u00e9frig\u00e9rateur, casier, classeur, etc, ainsi que sur nos <a href=\"https:\/\/michelle-beaudoin.com\/boutique-accueil\/cadres\/\">cadres \u00e0 photo magn\u00e9tiques<\/a>. Leurs dimensions varient entre 1 et 2 pouces.<\/p>\n<p style=\"text-align: justify;\">\u00c9l\u00e9gants, ils\u00a0sont pr\u00e9sent\u00e9s dans un bel emballage de 3\u00a0aimants.<\/p>\n<p style=\"text-align: justify;\">Voir toute notre gamme dans la section <a href=\"https:\/\/michelle-beaudoin.com\/boutique-accueil\/aimants\/\">AIMANTS<\/a>.<\/p>\n<\/div>\n<div class=\"bloc-2 \" style=\"position: relative; text-align: justify;\" data-richtextify-editable=\"true\"><\/div>\n<\/div>\n","protected":false},"featured_media":10599,"comment_status":"closed","ping_status":"closed","template":"","meta":{"_bbp_topic_count":0,"_bbp_reply_count":0,"_bbp_total_topic_count":0,"_bbp_total_reply_count":0,"_bbp_voice_count":0,"_bbp_anonymous_reply_count":0,"_bbp_topic_count_hidden":0,"_bbp_reply_count_hidden":0,"_bbp_forum_subforum_count":0},"product_brand":[],"product_cat":[175,218],"product_tag":[70,152,85,88,181,97,25,26,89,153,71,24,23,86,98,182,220,219,87],"class_list":{"0":"post-6341","1":"product","2":"type-product","3":"status-publish","4":"has-post-thumbnail","6":"product_cat-aimants","7":"product_cat-aimants-unites-ou-paquets","8":"product_tag-aimant","9":"product_tag-amour","10":"product_tag-celebration","11":"product_tag-coeur","12":"product_tag-ensemble-de-3","13":"product_tag-etain","14":"product_tag-fait-main","15":"product_tag-handmade","16":"product_tag-heart","17":"product_tag-love","18":"product_tag-magnet","19":"product_tag-magnetic","20":"product_tag-magnetique","21":"product_tag-mariage","22":"product_tag-pewter","23":"product_tag-set-of-3","24":"product_tag-unit","25":"product_tag-unite","26":"product_tag-wedding","27":"pa_options-a-lunite-1","28":"pa_options-en-paquet-de-4","30":"first","31":"instock","32":"taxable","33":"shipping-taxable","34":"purchasable","35":"product-type-simple"},"yoast_head":"<!-- This site is optimized with the Yoast SEO plugin v27.1.1 - https:\/\/yoast.com\/product\/yoast-seo-wordpress\/ -->\n<title>ST VALENTIN - Michelle Beaudoin<\/title>\n<meta name=\"robots\" content=\"index, follow, max-snippet:-1, max-image-preview:large, max-video-preview:-1\" \/>\n<link rel=\"canonical\" href=\"https:\/\/michelle-beaudoin.com\/fr\/produit\/st-valentin\/\" \/>\n<meta property=\"og:locale\" content=\"fr_FR\" \/>\n<meta property=\"og:type\" content=\"article\" \/>\n<meta property=\"og:title\" content=\"ST VALENTIN - Michelle Beaudoin\" \/>\n<meta property=\"og:description\" content=\"D\u00eetes-le avec le coeur ! Trio d&#039;aimants coul\u00e9s en \u00e9tain et pos\u00e9s sur des aimants de terre rare. Coeur bomb\u00e9 \/ Coeur textur\u00e9 et pierre du rhin \/ Coeur grav\u00e9. Pour faire LE cadeau original \u00e0 votre dulcin\u00e9(e). Nos\u00a0aimants d\u00e9coratifs peuvent \u00eatre appos\u00e9s sur toute surface de m\u00e9tal, r\u00e9frig\u00e9rateur, casier, classeur, etc, ainsi que sur nos cadres \u00e0 photo magn\u00e9tiques. Leurs dimensions varient entre 1 et 2 pouces. \u00c9l\u00e9gants, ils\u00a0sont pr\u00e9sent\u00e9s dans un bel emballage de 3\u00a0aimants. Voir toute notre gamme dans la section AIMANTS.\" \/>\n<meta property=\"og:url\" content=\"https:\/\/michelle-beaudoin.com\/fr\/produit\/st-valentin\/\" \/>\n<meta property=\"og:site_name\" content=\"Michelle Beaudoin\" \/>\n<meta property=\"article:modified_time\" content=\"2025-02-16T18:26:37+00:00\" \/>\n<meta property=\"og:image\" content=\"https:\/\/michelle-beaudoin.com\/wp-content\/uploads\/2017\/01\/Fichier_002-8-scaled.jpeg\" \/>\n\t<meta property=\"og:image:width\" content=\"2560\" \/>\n\t<meta property=\"og:image:height\" content=\"2560\" \/>\n\t<meta property=\"og:image:type\" content=\"image\/jpeg\" \/>\n<meta name=\"twitter:card\" content=\"summary_large_image\" \/>\n<script type=\"application\/ld+json\" class=\"yoast-schema-graph\">{\"@context\":\"https:\/\/schema.org\",\"@graph\":[{\"@type\":\"WebPage\",\"@id\":\"https:\/\/michelle-beaudoin.com\/fr\/produit\/st-valentin\/\",\"url\":\"https:\/\/michelle-beaudoin.com\/fr\/produit\/st-valentin\/\",\"name\":\"ST VALENTIN - Michelle Beaudoin\",\"isPartOf\":{\"@id\":\"https:\/\/michelle-beaudoin.com\/fr\/#website\"},\"primaryImageOfPage\":{\"@id\":\"https:\/\/michelle-beaudoin.com\/fr\/produit\/st-valentin\/#primaryimage\"},\"image\":{\"@id\":\"https:\/\/michelle-beaudoin.com\/fr\/produit\/st-valentin\/#primaryimage\"},\"thumbnailUrl\":\"https:\/\/michelle-beaudoin.com\/wp-content\/uploads\/2017\/01\/Fichier_002-8-scaled.jpeg\",\"datePublished\":\"2017-01-19T20:42:35+00:00\",\"dateModified\":\"2025-02-16T18:26:37+00:00\",\"breadcrumb\":{\"@id\":\"https:\/\/michelle-beaudoin.com\/fr\/produit\/st-valentin\/#breadcrumb\"},\"inLanguage\":\"fr-FR\",\"potentialAction\":[{\"@type\":\"ReadAction\",\"target\":[\"https:\/\/michelle-beaudoin.com\/fr\/produit\/st-valentin\/\"]}]},{\"@type\":\"ImageObject\",\"inLanguage\":\"fr-FR\",\"@id\":\"https:\/\/michelle-beaudoin.com\/fr\/produit\/st-valentin\/#primaryimage\",\"url\":\"https:\/\/michelle-beaudoin.com\/wp-content\/uploads\/2017\/01\/Fichier_002-8-scaled.jpeg\",\"contentUrl\":\"https:\/\/michelle-beaudoin.com\/wp-content\/uploads\/2017\/01\/Fichier_002-8-scaled.jpeg\",\"width\":2560,\"height\":2560},{\"@type\":\"BreadcrumbList\",\"@id\":\"https:\/\/michelle-beaudoin.com\/fr\/produit\/st-valentin\/#breadcrumb\",\"itemListElement\":[{\"@type\":\"ListItem\",\"position\":1,\"name\":\"Accueil\",\"item\":\"https:\/\/michelle-beaudoin.com\/fr\/\"},{\"@type\":\"ListItem\",\"position\":2,\"name\":\"Boutique Accueil\",\"item\":\"https:\/\/michelle-beaudoin.com\/fr\/boutique-accueil\/\"},{\"@type\":\"ListItem\",\"position\":3,\"name\":\"ST VALENTIN\"}]},{\"@type\":\"WebSite\",\"@id\":\"https:\/\/michelle-beaudoin.com\/fr\/#website\",\"url\":\"https:\/\/michelle-beaudoin.com\/fr\/\",\"name\":\"Michelle Beaudoin\",\"description\":\"De son atelier situ&eacute; au c&oelig;ur d&rsquo;un quartier historique de Montr&eacute;al, Michelle Beaudoin con&ccedil;oit et r&eacute;alise des objets d&eacute;coratifs uniques en leur genre.\",\"potentialAction\":[{\"@type\":\"SearchAction\",\"target\":{\"@type\":\"EntryPoint\",\"urlTemplate\":\"https:\/\/michelle-beaudoin.com\/fr\/?s={search_term_string}\"},\"query-input\":{\"@type\":\"PropertyValueSpecification\",\"valueRequired\":true,\"valueName\":\"search_term_string\"}}],\"inLanguage\":\"fr-FR\"}]}<\/script>\n<!-- \/ Yoast SEO plugin. -->","yoast_head_json":{"title":"ST VALENTIN - Michelle Beaudoin","robots":{"index":"index","follow":"follow","max-snippet":"max-snippet:-1","max-image-preview":"max-image-preview:large","max-video-preview":"max-video-preview:-1"},"canonical":"https:\/\/michelle-beaudoin.com\/fr\/produit\/st-valentin\/","og_locale":"fr_FR","og_type":"article","og_title":"ST VALENTIN - Michelle Beaudoin","og_description":"D\u00eetes-le avec le coeur ! Trio d'aimants coul\u00e9s en \u00e9tain et pos\u00e9s sur des aimants de terre rare. Coeur bomb\u00e9 \/ Coeur textur\u00e9 et pierre du rhin \/ Coeur grav\u00e9. Pour faire LE cadeau original \u00e0 votre dulcin\u00e9(e). Nos\u00a0aimants d\u00e9coratifs peuvent \u00eatre appos\u00e9s sur toute surface de m\u00e9tal, r\u00e9frig\u00e9rateur, casier, classeur, etc, ainsi que sur nos cadres \u00e0 photo magn\u00e9tiques. Leurs dimensions varient entre 1 et 2 pouces. \u00c9l\u00e9gants, ils\u00a0sont pr\u00e9sent\u00e9s dans un bel emballage de 3\u00a0aimants. Voir toute notre gamme dans la section AIMANTS.","og_url":"https:\/\/michelle-beaudoin.com\/fr\/produit\/st-valentin\/","og_site_name":"Michelle Beaudoin","article_modified_time":"2025-02-16T18:26:37+00:00","og_image":[{"width":2560,"height":2560,"url":"https:\/\/michelle-beaudoin.com\/wp-content\/uploads\/2017\/01\/Fichier_002-8-scaled.jpeg","type":"image\/jpeg"}],"twitter_card":"summary_large_image","schema":{"@context":"https:\/\/schema.org","@graph":[{"@type":"WebPage","@id":"https:\/\/michelle-beaudoin.com\/fr\/produit\/st-valentin\/","url":"https:\/\/michelle-beaudoin.com\/fr\/produit\/st-valentin\/","name":"ST VALENTIN - Michelle Beaudoin","isPartOf":{"@id":"https:\/\/michelle-beaudoin.com\/fr\/#website"},"primaryImageOfPage":{"@id":"https:\/\/michelle-beaudoin.com\/fr\/produit\/st-valentin\/#primaryimage"},"image":{"@id":"https:\/\/michelle-beaudoin.com\/fr\/produit\/st-valentin\/#primaryimage"},"thumbnailUrl":"https:\/\/michelle-beaudoin.com\/wp-content\/uploads\/2017\/01\/Fichier_002-8-scaled.jpeg","datePublished":"2017-01-19T20:42:35+00:00","dateModified":"2025-02-16T18:26:37+00:00","breadcrumb":{"@id":"https:\/\/michelle-beaudoin.com\/fr\/produit\/st-valentin\/#breadcrumb"},"inLanguage":"fr-FR","potentialAction":[{"@type":"ReadAction","target":["https:\/\/michelle-beaudoin.com\/fr\/produit\/st-valentin\/"]}]},{"@type":"ImageObject","inLanguage":"fr-FR","@id":"https:\/\/michelle-beaudoin.com\/fr\/produit\/st-valentin\/#primaryimage","url":"https:\/\/michelle-beaudoin.com\/wp-content\/uploads\/2017\/01\/Fichier_002-8-scaled.jpeg","contentUrl":"https:\/\/michelle-beaudoin.com\/wp-content\/uploads\/2017\/01\/Fichier_002-8-scaled.jpeg","width":2560,"height":2560},{"@type":"BreadcrumbList","@id":"https:\/\/michelle-beaudoin.com\/fr\/produit\/st-valentin\/#breadcrumb","itemListElement":[{"@type":"ListItem","position":1,"name":"Accueil","item":"https:\/\/michelle-beaudoin.com\/fr\/"},{"@type":"ListItem","position":2,"name":"Boutique Accueil","item":"https:\/\/michelle-beaudoin.com\/fr\/boutique-accueil\/"},{"@type":"ListItem","position":3,"name":"ST VALENTIN"}]},{"@type":"WebSite","@id":"https:\/\/michelle-beaudoin.com\/fr\/#website","url":"https:\/\/michelle-beaudoin.com\/fr\/","name":"Michelle Beaudoin","description":"De son atelier situ&eacute; au c&oelig;ur d&rsquo;un quartier historique de Montr&eacute;al, Michelle Beaudoin con&ccedil;oit et r&eacute;alise des objets d&eacute;coratifs uniques en leur genre.","potentialAction":[{"@type":"SearchAction","target":{"@type":"EntryPoint","urlTemplate":"https:\/\/michelle-beaudoin.com\/fr\/?s={search_term_string}"},"query-input":{"@type":"PropertyValueSpecification","valueRequired":true,"valueName":"search_term_string"}}],"inLanguage":"fr-FR"}]}},"_links":{"self":[{"href":"https:\/\/michelle-beaudoin.com\/fr\/wp-json\/wp\/v2\/product\/6341","targetHints":{"allow":["GET"]}}],"collection":[{"href":"https:\/\/michelle-beaudoin.com\/fr\/wp-json\/wp\/v2\/product"}],"about":[{"href":"https:\/\/michelle-beaudoin.com\/fr\/wp-json\/wp\/v2\/types\/product"}],"replies":[{"embeddable":true,"href":"https:\/\/michelle-beaudoin.com\/fr\/wp-json\/wp\/v2\/comments?post=6341"}],"wp:featuredmedia":[{"embeddable":true,"href":"https:\/\/michelle-beaudoin.com\/fr\/wp-json\/wp\/v2\/media\/10599"}],"wp:attachment":[{"href":"https:\/\/michelle-beaudoin.com\/fr\/wp-json\/wp\/v2\/media?parent=6341"}],"wp:term":[{"taxonomy":"product_brand","embeddable":true,"href":"https:\/\/michelle-beaudoin.com\/fr\/wp-json\/wp\/v2\/product_brand?post=6341"},{"taxonomy":"product_cat","embeddable":true,"href":"https:\/\/michelle-beaudoin.com\/fr\/wp-json\/wp\/v2\/product_cat?post=6341"},{"taxonomy":"product_tag","embeddable":true,"href":"https:\/\/michelle-beaudoin.com\/fr\/wp-json\/wp\/v2\/product_tag?post=6341"}],"curies":[{"name":"wp","href":"https:\/\/api.w.org\/{rel}","templated":true}]}}