{"id":4952,"date":"2016-07-21T17:29:05","date_gmt":"2016-07-21T21:29:05","guid":{"rendered":"http:\/\/michelle-beaudoin.com\/product\/la-vague-aimants-canada\/"},"modified":"2017-01-30T15:05:00","modified_gmt":"2017-01-30T19:05:00","slug":"la-vague-aimants-canada","status":"publish","type":"product","link":"https:\/\/michelle-beaudoin.com\/fr\/produit\/la-vague-aimants-canada\/","title":{"rendered":"LA VAGUE + AIMANTS CANADA"},"content":{"rendered":"","protected":false},"excerpt":{"rendered":"<p class=\"p1\" style=\"text-align: justify;\"><span class=\"s1\">Caribou, feuille d\u2019\u00e9rable et inukshuk, tout est l\u00e0, ou presque, pour vous y emmener !<\/span><\/p>\n<p class=\"p1\" style=\"text-align: justify;\"><span class=\"s1\">Un kit sp\u00e9cial pour c\u00e9l\u00e9brer le Canada et ses motifs traditionnels.<\/span><\/p>\n<p class=\"p1\" style=\"text-align: justify;\"><span class=\"s1\">\u00a0<\/span><\/p>\n<p class=\"p1\" style=\"text-align: justify;\"><span class=\"s1\">Il contient:<\/span><\/p>\n<p class=\"p1\" style=\"text-align: justify;\"><span class=\"s1\">-un cadre magn\u00e9tique en acier bross\u00e9, fini des deux c\u00f4t\u00e9s, fait-main<\/span><\/p>\n<p class=\"p1\" style=\"text-align: justify;\"><span class=\"s1\">-un set de quatre aimants th\u00e9matiques, en \u00e9tain, mont\u00e9s sur aimants de terre<\/span><\/p>\n<p class=\"p1\" style=\"text-align: justify;\"><span class=\"s1\">\u00a0<\/span><\/p>\n<p class=\"p1\" style=\"text-align: justify;\"><span class=\"s1\">Plus d&rsquo;options d&rsquo;aimants, de cadres et de babillards disponibles sur le site.<\/span><\/p>\n","protected":false},"featured_media":4953,"comment_status":"closed","ping_status":"closed","template":"","meta":{"_bbp_topic_count":0,"_bbp_reply_count":0,"_bbp_total_topic_count":0,"_bbp_total_reply_count":0,"_bbp_voice_count":0,"_bbp_anonymous_reply_count":0,"_bbp_topic_count_hidden":0,"_bbp_reply_count_hidden":0,"_bbp_forum_subforum_count":0},"product_brand":[],"product_cat":[1491],"product_tag":[18,70,111,105,19,101,102,22,10,100,104,78,97,25,11,21,26,108,103,65,71,24,23,20,107,77,106,98,79,109,110,149,150],"class_list":{"0":"post-4952","1":"product","2":"type-product","3":"status-publish","4":"has-post-thumbnail","6":"product_cat-uncategorized","7":"product_tag-acier-brosse","8":"product_tag-aimant","9":"product_tag-animal","10":"product_tag-beaver","11":"product_tag-brushed-steel","12":"product_tag-cabane","13":"product_tag-cabin","14":"product_tag-cadeau","15":"product_tag-cadre","16":"product_tag-canada","17":"product_tag-castor","18":"product_tag-ensemble-de-4","19":"product_tag-etain","20":"product_tag-fait-main","21":"product_tag-frame","22":"product_tag-gift","23":"product_tag-handmade","24":"product_tag-harfang-des-neiges","25":"product_tag-inukshuk","26":"product_tag-kit","27":"product_tag-magnet","28":"product_tag-magnetic","29":"product_tag-magnetique","30":"product_tag-metal","31":"product_tag-moose","32":"product_tag-nature","33":"product_tag-orignal","34":"product_tag-pewter","35":"product_tag-set-of-4","36":"product_tag-snowy-owl","37":"product_tag-souvenir","38":"product_tag-vague","39":"product_tag-wave","41":"first","42":"instock","43":"taxable","44":"shipping-taxable","45":"purchasable","46":"product-type-simple"},"yoast_head":"<!-- This site is optimized with the Yoast SEO plugin v27.1.1 - https:\/\/yoast.com\/product\/yoast-seo-wordpress\/ -->\n<title>LA VAGUE + AIMANTS CANADA - Michelle Beaudoin<\/title>\n<meta name=\"robots\" content=\"index, follow, max-snippet:-1, max-image-preview:large, max-video-preview:-1\" \/>\n<link rel=\"canonical\" href=\"https:\/\/michelle-beaudoin.com\/fr\/produit\/la-vague-aimants-canada\/\" \/>\n<meta property=\"og:locale\" content=\"fr_FR\" \/>\n<meta property=\"og:type\" content=\"article\" \/>\n<meta property=\"og:title\" content=\"LA VAGUE + AIMANTS CANADA - Michelle Beaudoin\" \/>\n<meta property=\"og:description\" content=\"Caribou, feuille d\u2019\u00e9rable et inukshuk, tout est l\u00e0, ou presque, pour vous y emmener ! Un kit sp\u00e9cial pour c\u00e9l\u00e9brer le Canada et ses motifs traditionnels. \u00a0 Il contient: -un cadre magn\u00e9tique en acier bross\u00e9, fini des deux c\u00f4t\u00e9s, fait-main -un set de quatre aimants th\u00e9matiques, en \u00e9tain, mont\u00e9s sur aimants de terre \u00a0 Plus d&#039;options d&#039;aimants, de cadres et de babillards disponibles sur le site.\" \/>\n<meta property=\"og:url\" content=\"https:\/\/michelle-beaudoin.com\/fr\/produit\/la-vague-aimants-canada\/\" \/>\n<meta property=\"og:site_name\" content=\"Michelle Beaudoin\" \/>\n<meta property=\"article:modified_time\" content=\"2017-01-30T19:05:00+00:00\" \/>\n<meta property=\"og:image\" content=\"https:\/\/michelle-beaudoin.com\/wp-content\/uploads\/2016\/07\/la-vague-aimants-canada.jpg\" \/>\n\t<meta property=\"og:image:width\" content=\"1200\" \/>\n\t<meta property=\"og:image:height\" content=\"795\" \/>\n\t<meta property=\"og:image:type\" content=\"image\/jpeg\" \/>\n<meta name=\"twitter:card\" content=\"summary_large_image\" \/>\n<script type=\"application\/ld+json\" class=\"yoast-schema-graph\">{\"@context\":\"https:\/\/schema.org\",\"@graph\":[{\"@type\":\"WebPage\",\"@id\":\"https:\/\/michelle-beaudoin.com\/fr\/produit\/la-vague-aimants-canada\/\",\"url\":\"https:\/\/michelle-beaudoin.com\/fr\/produit\/la-vague-aimants-canada\/\",\"name\":\"LA VAGUE + AIMANTS CANADA - Michelle Beaudoin\",\"isPartOf\":{\"@id\":\"https:\/\/michelle-beaudoin.com\/fr\/#website\"},\"primaryImageOfPage\":{\"@id\":\"https:\/\/michelle-beaudoin.com\/fr\/produit\/la-vague-aimants-canada\/#primaryimage\"},\"image\":{\"@id\":\"https:\/\/michelle-beaudoin.com\/fr\/produit\/la-vague-aimants-canada\/#primaryimage\"},\"thumbnailUrl\":\"https:\/\/michelle-beaudoin.com\/wp-content\/uploads\/2016\/07\/la-vague-aimants-canada.jpg\",\"datePublished\":\"2016-07-21T21:29:05+00:00\",\"dateModified\":\"2017-01-30T19:05:00+00:00\",\"breadcrumb\":{\"@id\":\"https:\/\/michelle-beaudoin.com\/fr\/produit\/la-vague-aimants-canada\/#breadcrumb\"},\"inLanguage\":\"fr-FR\",\"potentialAction\":[{\"@type\":\"ReadAction\",\"target\":[\"https:\/\/michelle-beaudoin.com\/fr\/produit\/la-vague-aimants-canada\/\"]}]},{\"@type\":\"ImageObject\",\"inLanguage\":\"fr-FR\",\"@id\":\"https:\/\/michelle-beaudoin.com\/fr\/produit\/la-vague-aimants-canada\/#primaryimage\",\"url\":\"https:\/\/michelle-beaudoin.com\/wp-content\/uploads\/2016\/07\/la-vague-aimants-canada.jpg\",\"contentUrl\":\"https:\/\/michelle-beaudoin.com\/wp-content\/uploads\/2016\/07\/la-vague-aimants-canada.jpg\",\"width\":1200,\"height\":795},{\"@type\":\"BreadcrumbList\",\"@id\":\"https:\/\/michelle-beaudoin.com\/fr\/produit\/la-vague-aimants-canada\/#breadcrumb\",\"itemListElement\":[{\"@type\":\"ListItem\",\"position\":1,\"name\":\"Accueil\",\"item\":\"https:\/\/michelle-beaudoin.com\/fr\/\"},{\"@type\":\"ListItem\",\"position\":2,\"name\":\"Boutique Accueil\",\"item\":\"https:\/\/michelle-beaudoin.com\/fr\/boutique-accueil\/\"},{\"@type\":\"ListItem\",\"position\":3,\"name\":\"LA VAGUE + AIMANTS CANADA\"}]},{\"@type\":\"WebSite\",\"@id\":\"https:\/\/michelle-beaudoin.com\/fr\/#website\",\"url\":\"https:\/\/michelle-beaudoin.com\/fr\/\",\"name\":\"Michelle Beaudoin\",\"description\":\"De son atelier situ&eacute; au c&oelig;ur d&rsquo;un quartier historique de Montr&eacute;al, Michelle Beaudoin con&ccedil;oit et r&eacute;alise des objets d&eacute;coratifs uniques en leur genre.\",\"potentialAction\":[{\"@type\":\"SearchAction\",\"target\":{\"@type\":\"EntryPoint\",\"urlTemplate\":\"https:\/\/michelle-beaudoin.com\/fr\/?s={search_term_string}\"},\"query-input\":{\"@type\":\"PropertyValueSpecification\",\"valueRequired\":true,\"valueName\":\"search_term_string\"}}],\"inLanguage\":\"fr-FR\"}]}<\/script>\n<!-- \/ Yoast SEO plugin. -->","yoast_head_json":{"title":"LA VAGUE + AIMANTS CANADA - Michelle Beaudoin","robots":{"index":"index","follow":"follow","max-snippet":"max-snippet:-1","max-image-preview":"max-image-preview:large","max-video-preview":"max-video-preview:-1"},"canonical":"https:\/\/michelle-beaudoin.com\/fr\/produit\/la-vague-aimants-canada\/","og_locale":"fr_FR","og_type":"article","og_title":"LA VAGUE + AIMANTS CANADA - Michelle Beaudoin","og_description":"Caribou, feuille d\u2019\u00e9rable et inukshuk, tout est l\u00e0, ou presque, pour vous y emmener ! Un kit sp\u00e9cial pour c\u00e9l\u00e9brer le Canada et ses motifs traditionnels. \u00a0 Il contient: -un cadre magn\u00e9tique en acier bross\u00e9, fini des deux c\u00f4t\u00e9s, fait-main -un set de quatre aimants th\u00e9matiques, en \u00e9tain, mont\u00e9s sur aimants de terre \u00a0 Plus d'options d'aimants, de cadres et de babillards disponibles sur le site.","og_url":"https:\/\/michelle-beaudoin.com\/fr\/produit\/la-vague-aimants-canada\/","og_site_name":"Michelle Beaudoin","article_modified_time":"2017-01-30T19:05:00+00:00","og_image":[{"width":1200,"height":795,"url":"https:\/\/michelle-beaudoin.com\/wp-content\/uploads\/2016\/07\/la-vague-aimants-canada.jpg","type":"image\/jpeg"}],"twitter_card":"summary_large_image","schema":{"@context":"https:\/\/schema.org","@graph":[{"@type":"WebPage","@id":"https:\/\/michelle-beaudoin.com\/fr\/produit\/la-vague-aimants-canada\/","url":"https:\/\/michelle-beaudoin.com\/fr\/produit\/la-vague-aimants-canada\/","name":"LA VAGUE + AIMANTS CANADA - Michelle Beaudoin","isPartOf":{"@id":"https:\/\/michelle-beaudoin.com\/fr\/#website"},"primaryImageOfPage":{"@id":"https:\/\/michelle-beaudoin.com\/fr\/produit\/la-vague-aimants-canada\/#primaryimage"},"image":{"@id":"https:\/\/michelle-beaudoin.com\/fr\/produit\/la-vague-aimants-canada\/#primaryimage"},"thumbnailUrl":"https:\/\/michelle-beaudoin.com\/wp-content\/uploads\/2016\/07\/la-vague-aimants-canada.jpg","datePublished":"2016-07-21T21:29:05+00:00","dateModified":"2017-01-30T19:05:00+00:00","breadcrumb":{"@id":"https:\/\/michelle-beaudoin.com\/fr\/produit\/la-vague-aimants-canada\/#breadcrumb"},"inLanguage":"fr-FR","potentialAction":[{"@type":"ReadAction","target":["https:\/\/michelle-beaudoin.com\/fr\/produit\/la-vague-aimants-canada\/"]}]},{"@type":"ImageObject","inLanguage":"fr-FR","@id":"https:\/\/michelle-beaudoin.com\/fr\/produit\/la-vague-aimants-canada\/#primaryimage","url":"https:\/\/michelle-beaudoin.com\/wp-content\/uploads\/2016\/07\/la-vague-aimants-canada.jpg","contentUrl":"https:\/\/michelle-beaudoin.com\/wp-content\/uploads\/2016\/07\/la-vague-aimants-canada.jpg","width":1200,"height":795},{"@type":"BreadcrumbList","@id":"https:\/\/michelle-beaudoin.com\/fr\/produit\/la-vague-aimants-canada\/#breadcrumb","itemListElement":[{"@type":"ListItem","position":1,"name":"Accueil","item":"https:\/\/michelle-beaudoin.com\/fr\/"},{"@type":"ListItem","position":2,"name":"Boutique Accueil","item":"https:\/\/michelle-beaudoin.com\/fr\/boutique-accueil\/"},{"@type":"ListItem","position":3,"name":"LA VAGUE + AIMANTS CANADA"}]},{"@type":"WebSite","@id":"https:\/\/michelle-beaudoin.com\/fr\/#website","url":"https:\/\/michelle-beaudoin.com\/fr\/","name":"Michelle Beaudoin","description":"De son atelier situ&eacute; au c&oelig;ur d&rsquo;un quartier historique de Montr&eacute;al, Michelle Beaudoin con&ccedil;oit et r&eacute;alise des objets d&eacute;coratifs uniques en leur genre.","potentialAction":[{"@type":"SearchAction","target":{"@type":"EntryPoint","urlTemplate":"https:\/\/michelle-beaudoin.com\/fr\/?s={search_term_string}"},"query-input":{"@type":"PropertyValueSpecification","valueRequired":true,"valueName":"search_term_string"}}],"inLanguage":"fr-FR"}]}},"_links":{"self":[{"href":"https:\/\/michelle-beaudoin.com\/fr\/wp-json\/wp\/v2\/product\/4952","targetHints":{"allow":["GET"]}}],"collection":[{"href":"https:\/\/michelle-beaudoin.com\/fr\/wp-json\/wp\/v2\/product"}],"about":[{"href":"https:\/\/michelle-beaudoin.com\/fr\/wp-json\/wp\/v2\/types\/product"}],"replies":[{"embeddable":true,"href":"https:\/\/michelle-beaudoin.com\/fr\/wp-json\/wp\/v2\/comments?post=4952"}],"wp:featuredmedia":[{"embeddable":true,"href":"https:\/\/michelle-beaudoin.com\/fr\/wp-json\/wp\/v2\/media\/4953"}],"wp:attachment":[{"href":"https:\/\/michelle-beaudoin.com\/fr\/wp-json\/wp\/v2\/media?parent=4952"}],"wp:term":[{"taxonomy":"product_brand","embeddable":true,"href":"https:\/\/michelle-beaudoin.com\/fr\/wp-json\/wp\/v2\/product_brand?post=4952"},{"taxonomy":"product_cat","embeddable":true,"href":"https:\/\/michelle-beaudoin.com\/fr\/wp-json\/wp\/v2\/product_cat?post=4952"},{"taxonomy":"product_tag","embeddable":true,"href":"https:\/\/michelle-beaudoin.com\/fr\/wp-json\/wp\/v2\/product_tag?post=4952"}],"curies":[{"name":"wp","href":"https:\/\/api.w.org\/{rel}","templated":true}]}}