{"id":4860,"date":"2016-07-21T17:26:21","date_gmt":"2016-07-21T21:26:21","guid":{"rendered":"http:\/\/michelle-beaudoin.com\/product\/la-vague-aimants-enfants\/"},"modified":"2017-01-30T15:07:03","modified_gmt":"2017-01-30T19:07:03","slug":"la-vague-aimants-enfants","status":"publish","type":"product","link":"https:\/\/michelle-beaudoin.com\/fr\/produit\/la-vague-aimants-enfants\/","title":{"rendered":"LA VAGUE + AIMANTS ENFANTS"},"content":{"rendered":"","protected":false},"excerpt":{"rendered":"<p class=\"p1\" style=\"text-align: justify;\"><span class=\"s1\">Compos\u00e9 sp\u00e9cialement par nos soins, ce kit exclusif viendra ajouter une touche personnalis\u00e9e \u00e0 votre int\u00e9rieur, en vous permettant de permuter vos photos \u00e0 volont\u00e9. Salon, cuisine, chambre ou bureau, cet ensemble d\u00e9coratif est un plus pour la maison !<\/span><\/p>\n<p class=\"p1\" style=\"text-align: justify;\"><span class=\"s1\">\u00a0<\/span><\/p>\n<p class=\"p1\" style=\"text-align: justify;\"><span class=\"s1\">Kit contenant\u00a0:<\/span><\/p>\n<p class=\"p1\" style=\"text-align: justify;\"><span class=\"s1\">-un cadre magn\u00e9tique en acier bross\u00e9, fini des deux c\u00f4t\u00e9s, fait-main<\/span><\/p>\n<p class=\"p1\" style=\"text-align: justify;\"><span class=\"s1\">-un set de quatre aimants th\u00e9matiques, en \u00e9tain, mont\u00e9s sur aimants de terre<\/span><\/p>\n","protected":false},"featured_media":4861,"comment_status":"closed","ping_status":"closed","template":"","meta":{"_bbp_topic_count":0,"_bbp_reply_count":0,"_bbp_total_topic_count":0,"_bbp_total_reply_count":0,"_bbp_voice_count":0,"_bbp_anonymous_reply_count":0,"_bbp_topic_count_hidden":0,"_bbp_reply_count_hidden":0,"_bbp_forum_subforum_count":0},"product_brand":[],"product_cat":[1491],"product_tag":[18,70,139,138,19,22,10,66,141,78,25,11,21,26,67,65,71,24,23,20,135,133,79,140,137,134,136,149,150],"class_list":{"0":"post-4860","1":"product","2":"type-product","3":"status-publish","4":"has-post-thumbnail","6":"product_cat-uncategorized","7":"product_tag-acier-brosse","8":"product_tag-aimant","9":"product_tag-baby","10":"product_tag-bebe","11":"product_tag-brushed-steel","12":"product_tag-cadeau","13":"product_tag-cadre","14":"product_tag-deco-maison","15":"product_tag-elephant","16":"product_tag-ensemble-de-4","17":"product_tag-fait-main","18":"product_tag-frame","19":"product_tag-gift","20":"product_tag-handmade","21":"product_tag-home-decor","22":"product_tag-kit","23":"product_tag-magnet","24":"product_tag-magnetic","25":"product_tag-magnetique","26":"product_tag-metal","27":"product_tag-peluche","28":"product_tag-poussette","29":"product_tag-set-of-4","30":"product_tag-shoe","31":"product_tag-soulier","32":"product_tag-stroller","33":"product_tag-teddybear","34":"product_tag-vague","35":"product_tag-wave","37":"first","38":"instock","39":"taxable","40":"shipping-taxable","41":"purchasable","42":"product-type-simple"},"yoast_head":"<!-- This site is optimized with the Yoast SEO plugin v27.1.1 - https:\/\/yoast.com\/product\/yoast-seo-wordpress\/ -->\n<title>LA VAGUE + AIMANTS ENFANTS - Michelle Beaudoin<\/title>\n<meta name=\"robots\" content=\"index, follow, max-snippet:-1, max-image-preview:large, max-video-preview:-1\" \/>\n<link rel=\"canonical\" href=\"https:\/\/michelle-beaudoin.com\/fr\/produit\/la-vague-aimants-enfants\/\" \/>\n<meta property=\"og:locale\" content=\"fr_FR\" \/>\n<meta property=\"og:type\" content=\"article\" \/>\n<meta property=\"og:title\" content=\"LA VAGUE + AIMANTS ENFANTS - Michelle Beaudoin\" \/>\n<meta property=\"og:description\" content=\"Compos\u00e9 sp\u00e9cialement par nos soins, ce kit exclusif viendra ajouter une touche personnalis\u00e9e \u00e0 votre int\u00e9rieur, en vous permettant de permuter vos photos \u00e0 volont\u00e9. Salon, cuisine, chambre ou bureau, cet ensemble d\u00e9coratif est un plus pour la maison ! \u00a0 Kit contenant\u00a0: -un cadre magn\u00e9tique en acier bross\u00e9, fini des deux c\u00f4t\u00e9s, fait-main -un set de quatre aimants th\u00e9matiques, en \u00e9tain, mont\u00e9s sur aimants de terre\" \/>\n<meta property=\"og:url\" content=\"https:\/\/michelle-beaudoin.com\/fr\/produit\/la-vague-aimants-enfants\/\" \/>\n<meta property=\"og:site_name\" content=\"Michelle Beaudoin\" \/>\n<meta property=\"article:modified_time\" content=\"2017-01-30T19:07:03+00:00\" \/>\n<meta property=\"og:image\" content=\"https:\/\/michelle-beaudoin.com\/wp-content\/uploads\/2016\/07\/la-vague-aimants-enfant.jpg\" \/>\n\t<meta property=\"og:image:width\" content=\"1200\" \/>\n\t<meta property=\"og:image:height\" content=\"795\" \/>\n\t<meta property=\"og:image:type\" content=\"image\/jpeg\" \/>\n<meta name=\"twitter:card\" content=\"summary_large_image\" \/>\n<script type=\"application\/ld+json\" class=\"yoast-schema-graph\">{\"@context\":\"https:\/\/schema.org\",\"@graph\":[{\"@type\":\"WebPage\",\"@id\":\"https:\/\/michelle-beaudoin.com\/fr\/produit\/la-vague-aimants-enfants\/\",\"url\":\"https:\/\/michelle-beaudoin.com\/fr\/produit\/la-vague-aimants-enfants\/\",\"name\":\"LA VAGUE + AIMANTS ENFANTS - Michelle Beaudoin\",\"isPartOf\":{\"@id\":\"https:\/\/michelle-beaudoin.com\/fr\/#website\"},\"primaryImageOfPage\":{\"@id\":\"https:\/\/michelle-beaudoin.com\/fr\/produit\/la-vague-aimants-enfants\/#primaryimage\"},\"image\":{\"@id\":\"https:\/\/michelle-beaudoin.com\/fr\/produit\/la-vague-aimants-enfants\/#primaryimage\"},\"thumbnailUrl\":\"https:\/\/michelle-beaudoin.com\/wp-content\/uploads\/2016\/07\/la-vague-aimants-enfant.jpg\",\"datePublished\":\"2016-07-21T21:26:21+00:00\",\"dateModified\":\"2017-01-30T19:07:03+00:00\",\"breadcrumb\":{\"@id\":\"https:\/\/michelle-beaudoin.com\/fr\/produit\/la-vague-aimants-enfants\/#breadcrumb\"},\"inLanguage\":\"fr-FR\",\"potentialAction\":[{\"@type\":\"ReadAction\",\"target\":[\"https:\/\/michelle-beaudoin.com\/fr\/produit\/la-vague-aimants-enfants\/\"]}]},{\"@type\":\"ImageObject\",\"inLanguage\":\"fr-FR\",\"@id\":\"https:\/\/michelle-beaudoin.com\/fr\/produit\/la-vague-aimants-enfants\/#primaryimage\",\"url\":\"https:\/\/michelle-beaudoin.com\/wp-content\/uploads\/2016\/07\/la-vague-aimants-enfant.jpg\",\"contentUrl\":\"https:\/\/michelle-beaudoin.com\/wp-content\/uploads\/2016\/07\/la-vague-aimants-enfant.jpg\",\"width\":1200,\"height\":795},{\"@type\":\"BreadcrumbList\",\"@id\":\"https:\/\/michelle-beaudoin.com\/fr\/produit\/la-vague-aimants-enfants\/#breadcrumb\",\"itemListElement\":[{\"@type\":\"ListItem\",\"position\":1,\"name\":\"Accueil\",\"item\":\"https:\/\/michelle-beaudoin.com\/fr\/\"},{\"@type\":\"ListItem\",\"position\":2,\"name\":\"Boutique Accueil\",\"item\":\"https:\/\/michelle-beaudoin.com\/fr\/boutique-accueil\/\"},{\"@type\":\"ListItem\",\"position\":3,\"name\":\"LA VAGUE + AIMANTS ENFANTS\"}]},{\"@type\":\"WebSite\",\"@id\":\"https:\/\/michelle-beaudoin.com\/fr\/#website\",\"url\":\"https:\/\/michelle-beaudoin.com\/fr\/\",\"name\":\"Michelle Beaudoin\",\"description\":\"De son atelier situ&eacute; au c&oelig;ur d&rsquo;un quartier historique de Montr&eacute;al, Michelle Beaudoin con&ccedil;oit et r&eacute;alise des objets d&eacute;coratifs uniques en leur genre.\",\"potentialAction\":[{\"@type\":\"SearchAction\",\"target\":{\"@type\":\"EntryPoint\",\"urlTemplate\":\"https:\/\/michelle-beaudoin.com\/fr\/?s={search_term_string}\"},\"query-input\":{\"@type\":\"PropertyValueSpecification\",\"valueRequired\":true,\"valueName\":\"search_term_string\"}}],\"inLanguage\":\"fr-FR\"}]}<\/script>\n<!-- \/ Yoast SEO plugin. -->","yoast_head_json":{"title":"LA VAGUE + AIMANTS ENFANTS - Michelle Beaudoin","robots":{"index":"index","follow":"follow","max-snippet":"max-snippet:-1","max-image-preview":"max-image-preview:large","max-video-preview":"max-video-preview:-1"},"canonical":"https:\/\/michelle-beaudoin.com\/fr\/produit\/la-vague-aimants-enfants\/","og_locale":"fr_FR","og_type":"article","og_title":"LA VAGUE + AIMANTS ENFANTS - Michelle Beaudoin","og_description":"Compos\u00e9 sp\u00e9cialement par nos soins, ce kit exclusif viendra ajouter une touche personnalis\u00e9e \u00e0 votre int\u00e9rieur, en vous permettant de permuter vos photos \u00e0 volont\u00e9. Salon, cuisine, chambre ou bureau, cet ensemble d\u00e9coratif est un plus pour la maison ! \u00a0 Kit contenant\u00a0: -un cadre magn\u00e9tique en acier bross\u00e9, fini des deux c\u00f4t\u00e9s, fait-main -un set de quatre aimants th\u00e9matiques, en \u00e9tain, mont\u00e9s sur aimants de terre","og_url":"https:\/\/michelle-beaudoin.com\/fr\/produit\/la-vague-aimants-enfants\/","og_site_name":"Michelle Beaudoin","article_modified_time":"2017-01-30T19:07:03+00:00","og_image":[{"width":1200,"height":795,"url":"https:\/\/michelle-beaudoin.com\/wp-content\/uploads\/2016\/07\/la-vague-aimants-enfant.jpg","type":"image\/jpeg"}],"twitter_card":"summary_large_image","schema":{"@context":"https:\/\/schema.org","@graph":[{"@type":"WebPage","@id":"https:\/\/michelle-beaudoin.com\/fr\/produit\/la-vague-aimants-enfants\/","url":"https:\/\/michelle-beaudoin.com\/fr\/produit\/la-vague-aimants-enfants\/","name":"LA VAGUE + AIMANTS ENFANTS - Michelle Beaudoin","isPartOf":{"@id":"https:\/\/michelle-beaudoin.com\/fr\/#website"},"primaryImageOfPage":{"@id":"https:\/\/michelle-beaudoin.com\/fr\/produit\/la-vague-aimants-enfants\/#primaryimage"},"image":{"@id":"https:\/\/michelle-beaudoin.com\/fr\/produit\/la-vague-aimants-enfants\/#primaryimage"},"thumbnailUrl":"https:\/\/michelle-beaudoin.com\/wp-content\/uploads\/2016\/07\/la-vague-aimants-enfant.jpg","datePublished":"2016-07-21T21:26:21+00:00","dateModified":"2017-01-30T19:07:03+00:00","breadcrumb":{"@id":"https:\/\/michelle-beaudoin.com\/fr\/produit\/la-vague-aimants-enfants\/#breadcrumb"},"inLanguage":"fr-FR","potentialAction":[{"@type":"ReadAction","target":["https:\/\/michelle-beaudoin.com\/fr\/produit\/la-vague-aimants-enfants\/"]}]},{"@type":"ImageObject","inLanguage":"fr-FR","@id":"https:\/\/michelle-beaudoin.com\/fr\/produit\/la-vague-aimants-enfants\/#primaryimage","url":"https:\/\/michelle-beaudoin.com\/wp-content\/uploads\/2016\/07\/la-vague-aimants-enfant.jpg","contentUrl":"https:\/\/michelle-beaudoin.com\/wp-content\/uploads\/2016\/07\/la-vague-aimants-enfant.jpg","width":1200,"height":795},{"@type":"BreadcrumbList","@id":"https:\/\/michelle-beaudoin.com\/fr\/produit\/la-vague-aimants-enfants\/#breadcrumb","itemListElement":[{"@type":"ListItem","position":1,"name":"Accueil","item":"https:\/\/michelle-beaudoin.com\/fr\/"},{"@type":"ListItem","position":2,"name":"Boutique Accueil","item":"https:\/\/michelle-beaudoin.com\/fr\/boutique-accueil\/"},{"@type":"ListItem","position":3,"name":"LA VAGUE + AIMANTS ENFANTS"}]},{"@type":"WebSite","@id":"https:\/\/michelle-beaudoin.com\/fr\/#website","url":"https:\/\/michelle-beaudoin.com\/fr\/","name":"Michelle Beaudoin","description":"De son atelier situ&eacute; au c&oelig;ur d&rsquo;un quartier historique de Montr&eacute;al, Michelle Beaudoin con&ccedil;oit et r&eacute;alise des objets d&eacute;coratifs uniques en leur genre.","potentialAction":[{"@type":"SearchAction","target":{"@type":"EntryPoint","urlTemplate":"https:\/\/michelle-beaudoin.com\/fr\/?s={search_term_string}"},"query-input":{"@type":"PropertyValueSpecification","valueRequired":true,"valueName":"search_term_string"}}],"inLanguage":"fr-FR"}]}},"_links":{"self":[{"href":"https:\/\/michelle-beaudoin.com\/fr\/wp-json\/wp\/v2\/product\/4860","targetHints":{"allow":["GET"]}}],"collection":[{"href":"https:\/\/michelle-beaudoin.com\/fr\/wp-json\/wp\/v2\/product"}],"about":[{"href":"https:\/\/michelle-beaudoin.com\/fr\/wp-json\/wp\/v2\/types\/product"}],"replies":[{"embeddable":true,"href":"https:\/\/michelle-beaudoin.com\/fr\/wp-json\/wp\/v2\/comments?post=4860"}],"wp:featuredmedia":[{"embeddable":true,"href":"https:\/\/michelle-beaudoin.com\/fr\/wp-json\/wp\/v2\/media\/4861"}],"wp:attachment":[{"href":"https:\/\/michelle-beaudoin.com\/fr\/wp-json\/wp\/v2\/media?parent=4860"}],"wp:term":[{"taxonomy":"product_brand","embeddable":true,"href":"https:\/\/michelle-beaudoin.com\/fr\/wp-json\/wp\/v2\/product_brand?post=4860"},{"taxonomy":"product_cat","embeddable":true,"href":"https:\/\/michelle-beaudoin.com\/fr\/wp-json\/wp\/v2\/product_cat?post=4860"},{"taxonomy":"product_tag","embeddable":true,"href":"https:\/\/michelle-beaudoin.com\/fr\/wp-json\/wp\/v2\/product_tag?post=4860"}],"curies":[{"name":"wp","href":"https:\/\/api.w.org\/{rel}","templated":true}]}}