{"id":4845,"date":"2016-07-21T17:26:21","date_gmt":"2016-07-21T21:26:21","guid":{"rendered":"http:\/\/michelle-beaudoin.com\/product\/la-vague-aimants-feuilles\/"},"modified":"2017-01-30T15:05:16","modified_gmt":"2017-01-30T19:05:16","slug":"la-vague-aimants-feuilles","status":"publish","type":"product","link":"https:\/\/michelle-beaudoin.com\/fr\/produit\/la-vague-aimants-feuilles\/","title":{"rendered":"LA VAGUE + AIMANTS FEUILLES"},"content":{"rendered":"","protected":false},"excerpt":{"rendered":"<p class=\"p1\" style=\"text-align: justify;\"><span class=\"s1\">Compos\u00e9 sp\u00e9cialement par nos soins, ce kit exclusif viendra ajouter une touche personnalis\u00e9e \u00e0 votre int\u00e9rieur, en vous permettant de permuter vos photos \u00e0 volont\u00e9. Salon, cuisine, chambre ou bureau, cet ensemble d\u00e9coratif est un plus pour la maison !<\/span><\/p>\n<p class=\"p1\" style=\"text-align: justify;\"><span class=\"s1\">\u00a0<\/span><\/p>\n<p class=\"p1\" style=\"text-align: justify;\"><span class=\"s1\">Kit contenant\u00a0:<\/span><\/p>\n<p class=\"p1\" style=\"text-align: justify;\"><span class=\"s1\">-un cadre magn\u00e9tique en acier bross\u00e9, fini des deux c\u00f4t\u00e9s, fait-main<\/span><\/p>\n<p class=\"p1\" style=\"text-align: justify;\"><span class=\"s1\">-un set de quatre aimants th\u00e9matiques, en \u00e9tain, mont\u00e9s sur aimants de terre<\/span><\/p>\n","protected":false},"featured_media":4846,"comment_status":"closed","ping_status":"closed","template":"","meta":{"_bbp_topic_count":0,"_bbp_reply_count":0,"_bbp_total_topic_count":0,"_bbp_total_reply_count":0,"_bbp_voice_count":0,"_bbp_anonymous_reply_count":0,"_bbp_topic_count_hidden":0,"_bbp_reply_count_hidden":0,"_bbp_forum_subforum_count":0},"product_brand":[],"product_cat":[1491],"product_tag":[18,70,76,19,22,10,66,78,25,90,11,21,26,67,65,91,71,24,23,20,77,79,75,149,150],"class_list":{"0":"post-4845","1":"product","2":"type-product","3":"status-publish","4":"has-post-thumbnail","6":"product_cat-uncategorized","7":"product_tag-acier-brosse","8":"product_tag-aimant","9":"product_tag-arbre","10":"product_tag-brushed-steel","11":"product_tag-cadeau","12":"product_tag-cadre","13":"product_tag-deco-maison","14":"product_tag-ensemble-de-4","15":"product_tag-fait-main","16":"product_tag-feuille","17":"product_tag-frame","18":"product_tag-gift","19":"product_tag-handmade","20":"product_tag-home-decor","21":"product_tag-kit","22":"product_tag-leaf","23":"product_tag-magnet","24":"product_tag-magnetic","25":"product_tag-magnetique","26":"product_tag-metal","27":"product_tag-nature","28":"product_tag-set-of-4","29":"product_tag-tree","30":"product_tag-vague","31":"product_tag-wave","33":"first","34":"instock","35":"taxable","36":"shipping-taxable","37":"purchasable","38":"product-type-simple"},"yoast_head":"<!-- This site is optimized with the Yoast SEO plugin v27.1.1 - https:\/\/yoast.com\/product\/yoast-seo-wordpress\/ -->\n<title>LA VAGUE + AIMANTS FEUILLES - Michelle Beaudoin<\/title>\n<meta name=\"robots\" content=\"index, follow, max-snippet:-1, max-image-preview:large, max-video-preview:-1\" \/>\n<link rel=\"canonical\" href=\"https:\/\/michelle-beaudoin.com\/fr\/produit\/la-vague-aimants-feuilles\/\" \/>\n<meta property=\"og:locale\" content=\"fr_FR\" \/>\n<meta property=\"og:type\" content=\"article\" \/>\n<meta property=\"og:title\" content=\"LA VAGUE + AIMANTS FEUILLES - Michelle Beaudoin\" \/>\n<meta property=\"og:description\" content=\"Compos\u00e9 sp\u00e9cialement par nos soins, ce kit exclusif viendra ajouter une touche personnalis\u00e9e \u00e0 votre int\u00e9rieur, en vous permettant de permuter vos photos \u00e0 volont\u00e9. Salon, cuisine, chambre ou bureau, cet ensemble d\u00e9coratif est un plus pour la maison ! \u00a0 Kit contenant\u00a0: -un cadre magn\u00e9tique en acier bross\u00e9, fini des deux c\u00f4t\u00e9s, fait-main -un set de quatre aimants th\u00e9matiques, en \u00e9tain, mont\u00e9s sur aimants de terre\" \/>\n<meta property=\"og:url\" content=\"https:\/\/michelle-beaudoin.com\/fr\/produit\/la-vague-aimants-feuilles\/\" \/>\n<meta property=\"og:site_name\" content=\"Michelle Beaudoin\" \/>\n<meta property=\"article:modified_time\" content=\"2017-01-30T19:05:16+00:00\" \/>\n<meta property=\"og:image\" content=\"https:\/\/michelle-beaudoin.com\/wp-content\/uploads\/2016\/07\/la-vague-aimants-feuilles.jpg\" \/>\n\t<meta property=\"og:image:width\" content=\"1200\" \/>\n\t<meta property=\"og:image:height\" content=\"795\" \/>\n\t<meta property=\"og:image:type\" content=\"image\/jpeg\" \/>\n<meta name=\"twitter:card\" content=\"summary_large_image\" \/>\n<script type=\"application\/ld+json\" class=\"yoast-schema-graph\">{\"@context\":\"https:\/\/schema.org\",\"@graph\":[{\"@type\":\"WebPage\",\"@id\":\"https:\/\/michelle-beaudoin.com\/fr\/produit\/la-vague-aimants-feuilles\/\",\"url\":\"https:\/\/michelle-beaudoin.com\/fr\/produit\/la-vague-aimants-feuilles\/\",\"name\":\"LA VAGUE + AIMANTS FEUILLES - Michelle Beaudoin\",\"isPartOf\":{\"@id\":\"https:\/\/michelle-beaudoin.com\/fr\/#website\"},\"primaryImageOfPage\":{\"@id\":\"https:\/\/michelle-beaudoin.com\/fr\/produit\/la-vague-aimants-feuilles\/#primaryimage\"},\"image\":{\"@id\":\"https:\/\/michelle-beaudoin.com\/fr\/produit\/la-vague-aimants-feuilles\/#primaryimage\"},\"thumbnailUrl\":\"https:\/\/michelle-beaudoin.com\/wp-content\/uploads\/2016\/07\/la-vague-aimants-feuilles.jpg\",\"datePublished\":\"2016-07-21T21:26:21+00:00\",\"dateModified\":\"2017-01-30T19:05:16+00:00\",\"breadcrumb\":{\"@id\":\"https:\/\/michelle-beaudoin.com\/fr\/produit\/la-vague-aimants-feuilles\/#breadcrumb\"},\"inLanguage\":\"fr-FR\",\"potentialAction\":[{\"@type\":\"ReadAction\",\"target\":[\"https:\/\/michelle-beaudoin.com\/fr\/produit\/la-vague-aimants-feuilles\/\"]}]},{\"@type\":\"ImageObject\",\"inLanguage\":\"fr-FR\",\"@id\":\"https:\/\/michelle-beaudoin.com\/fr\/produit\/la-vague-aimants-feuilles\/#primaryimage\",\"url\":\"https:\/\/michelle-beaudoin.com\/wp-content\/uploads\/2016\/07\/la-vague-aimants-feuilles.jpg\",\"contentUrl\":\"https:\/\/michelle-beaudoin.com\/wp-content\/uploads\/2016\/07\/la-vague-aimants-feuilles.jpg\",\"width\":1200,\"height\":795},{\"@type\":\"BreadcrumbList\",\"@id\":\"https:\/\/michelle-beaudoin.com\/fr\/produit\/la-vague-aimants-feuilles\/#breadcrumb\",\"itemListElement\":[{\"@type\":\"ListItem\",\"position\":1,\"name\":\"Accueil\",\"item\":\"https:\/\/michelle-beaudoin.com\/fr\/\"},{\"@type\":\"ListItem\",\"position\":2,\"name\":\"Boutique Accueil\",\"item\":\"https:\/\/michelle-beaudoin.com\/fr\/boutique-accueil\/\"},{\"@type\":\"ListItem\",\"position\":3,\"name\":\"LA VAGUE + AIMANTS FEUILLES\"}]},{\"@type\":\"WebSite\",\"@id\":\"https:\/\/michelle-beaudoin.com\/fr\/#website\",\"url\":\"https:\/\/michelle-beaudoin.com\/fr\/\",\"name\":\"Michelle Beaudoin\",\"description\":\"De son atelier situ&eacute; au c&oelig;ur d&rsquo;un quartier historique de Montr&eacute;al, Michelle Beaudoin con&ccedil;oit et r&eacute;alise des objets d&eacute;coratifs uniques en leur genre.\",\"potentialAction\":[{\"@type\":\"SearchAction\",\"target\":{\"@type\":\"EntryPoint\",\"urlTemplate\":\"https:\/\/michelle-beaudoin.com\/fr\/?s={search_term_string}\"},\"query-input\":{\"@type\":\"PropertyValueSpecification\",\"valueRequired\":true,\"valueName\":\"search_term_string\"}}],\"inLanguage\":\"fr-FR\"}]}<\/script>\n<!-- \/ Yoast SEO plugin. -->","yoast_head_json":{"title":"LA VAGUE + AIMANTS FEUILLES - Michelle Beaudoin","robots":{"index":"index","follow":"follow","max-snippet":"max-snippet:-1","max-image-preview":"max-image-preview:large","max-video-preview":"max-video-preview:-1"},"canonical":"https:\/\/michelle-beaudoin.com\/fr\/produit\/la-vague-aimants-feuilles\/","og_locale":"fr_FR","og_type":"article","og_title":"LA VAGUE + AIMANTS FEUILLES - Michelle Beaudoin","og_description":"Compos\u00e9 sp\u00e9cialement par nos soins, ce kit exclusif viendra ajouter une touche personnalis\u00e9e \u00e0 votre int\u00e9rieur, en vous permettant de permuter vos photos \u00e0 volont\u00e9. Salon, cuisine, chambre ou bureau, cet ensemble d\u00e9coratif est un plus pour la maison ! \u00a0 Kit contenant\u00a0: -un cadre magn\u00e9tique en acier bross\u00e9, fini des deux c\u00f4t\u00e9s, fait-main -un set de quatre aimants th\u00e9matiques, en \u00e9tain, mont\u00e9s sur aimants de terre","og_url":"https:\/\/michelle-beaudoin.com\/fr\/produit\/la-vague-aimants-feuilles\/","og_site_name":"Michelle Beaudoin","article_modified_time":"2017-01-30T19:05:16+00:00","og_image":[{"width":1200,"height":795,"url":"https:\/\/michelle-beaudoin.com\/wp-content\/uploads\/2016\/07\/la-vague-aimants-feuilles.jpg","type":"image\/jpeg"}],"twitter_card":"summary_large_image","schema":{"@context":"https:\/\/schema.org","@graph":[{"@type":"WebPage","@id":"https:\/\/michelle-beaudoin.com\/fr\/produit\/la-vague-aimants-feuilles\/","url":"https:\/\/michelle-beaudoin.com\/fr\/produit\/la-vague-aimants-feuilles\/","name":"LA VAGUE + AIMANTS FEUILLES - Michelle Beaudoin","isPartOf":{"@id":"https:\/\/michelle-beaudoin.com\/fr\/#website"},"primaryImageOfPage":{"@id":"https:\/\/michelle-beaudoin.com\/fr\/produit\/la-vague-aimants-feuilles\/#primaryimage"},"image":{"@id":"https:\/\/michelle-beaudoin.com\/fr\/produit\/la-vague-aimants-feuilles\/#primaryimage"},"thumbnailUrl":"https:\/\/michelle-beaudoin.com\/wp-content\/uploads\/2016\/07\/la-vague-aimants-feuilles.jpg","datePublished":"2016-07-21T21:26:21+00:00","dateModified":"2017-01-30T19:05:16+00:00","breadcrumb":{"@id":"https:\/\/michelle-beaudoin.com\/fr\/produit\/la-vague-aimants-feuilles\/#breadcrumb"},"inLanguage":"fr-FR","potentialAction":[{"@type":"ReadAction","target":["https:\/\/michelle-beaudoin.com\/fr\/produit\/la-vague-aimants-feuilles\/"]}]},{"@type":"ImageObject","inLanguage":"fr-FR","@id":"https:\/\/michelle-beaudoin.com\/fr\/produit\/la-vague-aimants-feuilles\/#primaryimage","url":"https:\/\/michelle-beaudoin.com\/wp-content\/uploads\/2016\/07\/la-vague-aimants-feuilles.jpg","contentUrl":"https:\/\/michelle-beaudoin.com\/wp-content\/uploads\/2016\/07\/la-vague-aimants-feuilles.jpg","width":1200,"height":795},{"@type":"BreadcrumbList","@id":"https:\/\/michelle-beaudoin.com\/fr\/produit\/la-vague-aimants-feuilles\/#breadcrumb","itemListElement":[{"@type":"ListItem","position":1,"name":"Accueil","item":"https:\/\/michelle-beaudoin.com\/fr\/"},{"@type":"ListItem","position":2,"name":"Boutique Accueil","item":"https:\/\/michelle-beaudoin.com\/fr\/boutique-accueil\/"},{"@type":"ListItem","position":3,"name":"LA VAGUE + AIMANTS FEUILLES"}]},{"@type":"WebSite","@id":"https:\/\/michelle-beaudoin.com\/fr\/#website","url":"https:\/\/michelle-beaudoin.com\/fr\/","name":"Michelle Beaudoin","description":"De son atelier situ&eacute; au c&oelig;ur d&rsquo;un quartier historique de Montr&eacute;al, Michelle Beaudoin con&ccedil;oit et r&eacute;alise des objets d&eacute;coratifs uniques en leur genre.","potentialAction":[{"@type":"SearchAction","target":{"@type":"EntryPoint","urlTemplate":"https:\/\/michelle-beaudoin.com\/fr\/?s={search_term_string}"},"query-input":{"@type":"PropertyValueSpecification","valueRequired":true,"valueName":"search_term_string"}}],"inLanguage":"fr-FR"}]}},"_links":{"self":[{"href":"https:\/\/michelle-beaudoin.com\/fr\/wp-json\/wp\/v2\/product\/4845","targetHints":{"allow":["GET"]}}],"collection":[{"href":"https:\/\/michelle-beaudoin.com\/fr\/wp-json\/wp\/v2\/product"}],"about":[{"href":"https:\/\/michelle-beaudoin.com\/fr\/wp-json\/wp\/v2\/types\/product"}],"replies":[{"embeddable":true,"href":"https:\/\/michelle-beaudoin.com\/fr\/wp-json\/wp\/v2\/comments?post=4845"}],"wp:featuredmedia":[{"embeddable":true,"href":"https:\/\/michelle-beaudoin.com\/fr\/wp-json\/wp\/v2\/media\/4846"}],"wp:attachment":[{"href":"https:\/\/michelle-beaudoin.com\/fr\/wp-json\/wp\/v2\/media?parent=4845"}],"wp:term":[{"taxonomy":"product_brand","embeddable":true,"href":"https:\/\/michelle-beaudoin.com\/fr\/wp-json\/wp\/v2\/product_brand?post=4845"},{"taxonomy":"product_cat","embeddable":true,"href":"https:\/\/michelle-beaudoin.com\/fr\/wp-json\/wp\/v2\/product_cat?post=4845"},{"taxonomy":"product_tag","embeddable":true,"href":"https:\/\/michelle-beaudoin.com\/fr\/wp-json\/wp\/v2\/product_tag?post=4845"}],"curies":[{"name":"wp","href":"https:\/\/api.w.org\/{rel}","templated":true}]}}