{"id":4789,"date":"2016-07-21T17:26:21","date_gmt":"2016-07-21T21:26:21","guid":{"rendered":"http:\/\/michelle-beaudoin.com\/product\/la-courbe-aimants-mariage\/"},"modified":"2017-01-30T15:48:34","modified_gmt":"2017-01-30T19:48:34","slug":"la-courbe-aimants-mariage","status":"publish","type":"product","link":"https:\/\/michelle-beaudoin.com\/fr\/produit\/la-courbe-aimants-mariage\/","title":{"rendered":"LA COURBE + AIMANTS MARIAGE"},"content":{"rendered":"","protected":false},"excerpt":{"rendered":"<p class=\"p1\" style=\"text-align: justify;\"><span class=\"s1\">Offrir et faire plaisir, ravir et faire sourire\u2026 Ce kit con\u00e7u par nos soins se veut gage d\u2019affection pour qui le re\u00e7oit.<\/span><\/p>\n<p class=\"p1\" style=\"text-align: justify;\"><span class=\"s1\">\u00a0<\/span><\/p>\n<p class=\"p1\" style=\"text-align: justify;\"><span class=\"s1\">Celui-ci contient\u00a0:<\/span><\/p>\n<p class=\"p1\" style=\"text-align: justify;\"><span class=\"s1\">-un cadre magn\u00e9tique en acier bross\u00e9, fini des deux c\u00f4t\u00e9s, fait-main<\/span><\/p>\n<p class=\"p1\" style=\"text-align: justify;\"><span class=\"s1\">-un set de quatre aimants th\u00e9matiques, en \u00e9tain, mont\u00e9s sur aimants de terre<\/span><\/p>\n<p class=\"p1\" style=\"text-align: justify;\"><span class=\"s1\">\u00a0<\/span><\/p>\n<p class=\"p1\" style=\"text-align: justify;\"><span class=\"s1\">De nombreuses combinaisons existent pour g\u00e2tez votre famille et vos amis, visitez \u00e9galement nos pages Cadres, Babillards et Aimants.<\/span><\/p>\n","protected":false},"featured_media":4790,"comment_status":"closed","ping_status":"closed","template":"","meta":{"_bbp_topic_count":0,"_bbp_reply_count":0,"_bbp_total_topic_count":0,"_bbp_total_reply_count":0,"_bbp_voice_count":0,"_bbp_anonymous_reply_count":0,"_bbp_topic_count_hidden":0,"_bbp_reply_count_hidden":0,"_bbp_forum_subforum_count":0},"product_brand":[],"product_cat":[1491],"product_tag":[18,19,22,10,85,84,171,172,78,25,11,21,26,65,24,23,86,79,87],"class_list":{"0":"post-4789","1":"product","2":"type-product","3":"status-publish","4":"has-post-thumbnail","6":"product_cat-uncategorized","7":"product_tag-acier-brosse","8":"product_tag-brushed-steel","9":"product_tag-cadeau","10":"product_tag-cadre","11":"product_tag-celebration","12":"product_tag-celebrations","13":"product_tag-courbe","14":"product_tag-curve","15":"product_tag-ensemble-de-4","16":"product_tag-fait-main","17":"product_tag-frame","18":"product_tag-gift","19":"product_tag-handmade","20":"product_tag-kit","21":"product_tag-magnetic","22":"product_tag-magnetique","23":"product_tag-mariage","24":"product_tag-set-of-4","25":"product_tag-wedding","27":"first","28":"instock","29":"taxable","30":"shipping-taxable","31":"purchasable","32":"product-type-simple"},"yoast_head":"<!-- This site is optimized with the Yoast SEO plugin v27.1.1 - https:\/\/yoast.com\/product\/yoast-seo-wordpress\/ -->\n<title>LA COURBE + AIMANTS MARIAGE - Michelle Beaudoin<\/title>\n<meta name=\"robots\" content=\"index, follow, max-snippet:-1, max-image-preview:large, max-video-preview:-1\" \/>\n<link rel=\"canonical\" href=\"https:\/\/michelle-beaudoin.com\/fr\/produit\/la-courbe-aimants-mariage\/\" \/>\n<meta property=\"og:locale\" content=\"fr_FR\" \/>\n<meta property=\"og:type\" content=\"article\" \/>\n<meta property=\"og:title\" content=\"LA COURBE + AIMANTS MARIAGE - Michelle Beaudoin\" \/>\n<meta property=\"og:description\" content=\"Offrir et faire plaisir, ravir et faire sourire\u2026 Ce kit con\u00e7u par nos soins se veut gage d\u2019affection pour qui le re\u00e7oit. \u00a0 Celui-ci contient\u00a0: -un cadre magn\u00e9tique en acier bross\u00e9, fini des deux c\u00f4t\u00e9s, fait-main -un set de quatre aimants th\u00e9matiques, en \u00e9tain, mont\u00e9s sur aimants de terre \u00a0 De nombreuses combinaisons existent pour g\u00e2tez votre famille et vos amis, visitez \u00e9galement nos pages Cadres, Babillards et Aimants.\" \/>\n<meta property=\"og:url\" content=\"https:\/\/michelle-beaudoin.com\/fr\/produit\/la-courbe-aimants-mariage\/\" \/>\n<meta property=\"og:site_name\" content=\"Michelle Beaudoin\" \/>\n<meta property=\"article:modified_time\" content=\"2017-01-30T19:48:34+00:00\" \/>\n<meta property=\"og:image\" content=\"https:\/\/michelle-beaudoin.com\/wp-content\/uploads\/2016\/07\/la-courbe-aimants-mariage.jpg\" \/>\n\t<meta property=\"og:image:width\" content=\"1200\" \/>\n\t<meta property=\"og:image:height\" content=\"795\" \/>\n\t<meta property=\"og:image:type\" content=\"image\/jpeg\" \/>\n<meta name=\"twitter:card\" content=\"summary_large_image\" \/>\n<script type=\"application\/ld+json\" class=\"yoast-schema-graph\">{\"@context\":\"https:\/\/schema.org\",\"@graph\":[{\"@type\":\"WebPage\",\"@id\":\"https:\/\/michelle-beaudoin.com\/fr\/produit\/la-courbe-aimants-mariage\/\",\"url\":\"https:\/\/michelle-beaudoin.com\/fr\/produit\/la-courbe-aimants-mariage\/\",\"name\":\"LA COURBE + AIMANTS MARIAGE - Michelle Beaudoin\",\"isPartOf\":{\"@id\":\"https:\/\/michelle-beaudoin.com\/fr\/#website\"},\"primaryImageOfPage\":{\"@id\":\"https:\/\/michelle-beaudoin.com\/fr\/produit\/la-courbe-aimants-mariage\/#primaryimage\"},\"image\":{\"@id\":\"https:\/\/michelle-beaudoin.com\/fr\/produit\/la-courbe-aimants-mariage\/#primaryimage\"},\"thumbnailUrl\":\"https:\/\/michelle-beaudoin.com\/wp-content\/uploads\/2016\/07\/la-courbe-aimants-mariage.jpg\",\"datePublished\":\"2016-07-21T21:26:21+00:00\",\"dateModified\":\"2017-01-30T19:48:34+00:00\",\"breadcrumb\":{\"@id\":\"https:\/\/michelle-beaudoin.com\/fr\/produit\/la-courbe-aimants-mariage\/#breadcrumb\"},\"inLanguage\":\"fr-FR\",\"potentialAction\":[{\"@type\":\"ReadAction\",\"target\":[\"https:\/\/michelle-beaudoin.com\/fr\/produit\/la-courbe-aimants-mariage\/\"]}]},{\"@type\":\"ImageObject\",\"inLanguage\":\"fr-FR\",\"@id\":\"https:\/\/michelle-beaudoin.com\/fr\/produit\/la-courbe-aimants-mariage\/#primaryimage\",\"url\":\"https:\/\/michelle-beaudoin.com\/wp-content\/uploads\/2016\/07\/la-courbe-aimants-mariage.jpg\",\"contentUrl\":\"https:\/\/michelle-beaudoin.com\/wp-content\/uploads\/2016\/07\/la-courbe-aimants-mariage.jpg\",\"width\":1200,\"height\":795},{\"@type\":\"BreadcrumbList\",\"@id\":\"https:\/\/michelle-beaudoin.com\/fr\/produit\/la-courbe-aimants-mariage\/#breadcrumb\",\"itemListElement\":[{\"@type\":\"ListItem\",\"position\":1,\"name\":\"Accueil\",\"item\":\"https:\/\/michelle-beaudoin.com\/fr\/\"},{\"@type\":\"ListItem\",\"position\":2,\"name\":\"Boutique Accueil\",\"item\":\"https:\/\/michelle-beaudoin.com\/fr\/boutique-accueil\/\"},{\"@type\":\"ListItem\",\"position\":3,\"name\":\"LA COURBE + AIMANTS MARIAGE\"}]},{\"@type\":\"WebSite\",\"@id\":\"https:\/\/michelle-beaudoin.com\/fr\/#website\",\"url\":\"https:\/\/michelle-beaudoin.com\/fr\/\",\"name\":\"Michelle Beaudoin\",\"description\":\"De son atelier situ&eacute; au c&oelig;ur d&rsquo;un quartier historique de Montr&eacute;al, Michelle Beaudoin con&ccedil;oit et r&eacute;alise des objets d&eacute;coratifs uniques en leur genre.\",\"potentialAction\":[{\"@type\":\"SearchAction\",\"target\":{\"@type\":\"EntryPoint\",\"urlTemplate\":\"https:\/\/michelle-beaudoin.com\/fr\/?s={search_term_string}\"},\"query-input\":{\"@type\":\"PropertyValueSpecification\",\"valueRequired\":true,\"valueName\":\"search_term_string\"}}],\"inLanguage\":\"fr-FR\"}]}<\/script>\n<!-- \/ Yoast SEO plugin. -->","yoast_head_json":{"title":"LA COURBE + AIMANTS MARIAGE - Michelle Beaudoin","robots":{"index":"index","follow":"follow","max-snippet":"max-snippet:-1","max-image-preview":"max-image-preview:large","max-video-preview":"max-video-preview:-1"},"canonical":"https:\/\/michelle-beaudoin.com\/fr\/produit\/la-courbe-aimants-mariage\/","og_locale":"fr_FR","og_type":"article","og_title":"LA COURBE + AIMANTS MARIAGE - Michelle Beaudoin","og_description":"Offrir et faire plaisir, ravir et faire sourire\u2026 Ce kit con\u00e7u par nos soins se veut gage d\u2019affection pour qui le re\u00e7oit. \u00a0 Celui-ci contient\u00a0: -un cadre magn\u00e9tique en acier bross\u00e9, fini des deux c\u00f4t\u00e9s, fait-main -un set de quatre aimants th\u00e9matiques, en \u00e9tain, mont\u00e9s sur aimants de terre \u00a0 De nombreuses combinaisons existent pour g\u00e2tez votre famille et vos amis, visitez \u00e9galement nos pages Cadres, Babillards et Aimants.","og_url":"https:\/\/michelle-beaudoin.com\/fr\/produit\/la-courbe-aimants-mariage\/","og_site_name":"Michelle Beaudoin","article_modified_time":"2017-01-30T19:48:34+00:00","og_image":[{"width":1200,"height":795,"url":"https:\/\/michelle-beaudoin.com\/wp-content\/uploads\/2016\/07\/la-courbe-aimants-mariage.jpg","type":"image\/jpeg"}],"twitter_card":"summary_large_image","schema":{"@context":"https:\/\/schema.org","@graph":[{"@type":"WebPage","@id":"https:\/\/michelle-beaudoin.com\/fr\/produit\/la-courbe-aimants-mariage\/","url":"https:\/\/michelle-beaudoin.com\/fr\/produit\/la-courbe-aimants-mariage\/","name":"LA COURBE + AIMANTS MARIAGE - Michelle Beaudoin","isPartOf":{"@id":"https:\/\/michelle-beaudoin.com\/fr\/#website"},"primaryImageOfPage":{"@id":"https:\/\/michelle-beaudoin.com\/fr\/produit\/la-courbe-aimants-mariage\/#primaryimage"},"image":{"@id":"https:\/\/michelle-beaudoin.com\/fr\/produit\/la-courbe-aimants-mariage\/#primaryimage"},"thumbnailUrl":"https:\/\/michelle-beaudoin.com\/wp-content\/uploads\/2016\/07\/la-courbe-aimants-mariage.jpg","datePublished":"2016-07-21T21:26:21+00:00","dateModified":"2017-01-30T19:48:34+00:00","breadcrumb":{"@id":"https:\/\/michelle-beaudoin.com\/fr\/produit\/la-courbe-aimants-mariage\/#breadcrumb"},"inLanguage":"fr-FR","potentialAction":[{"@type":"ReadAction","target":["https:\/\/michelle-beaudoin.com\/fr\/produit\/la-courbe-aimants-mariage\/"]}]},{"@type":"ImageObject","inLanguage":"fr-FR","@id":"https:\/\/michelle-beaudoin.com\/fr\/produit\/la-courbe-aimants-mariage\/#primaryimage","url":"https:\/\/michelle-beaudoin.com\/wp-content\/uploads\/2016\/07\/la-courbe-aimants-mariage.jpg","contentUrl":"https:\/\/michelle-beaudoin.com\/wp-content\/uploads\/2016\/07\/la-courbe-aimants-mariage.jpg","width":1200,"height":795},{"@type":"BreadcrumbList","@id":"https:\/\/michelle-beaudoin.com\/fr\/produit\/la-courbe-aimants-mariage\/#breadcrumb","itemListElement":[{"@type":"ListItem","position":1,"name":"Accueil","item":"https:\/\/michelle-beaudoin.com\/fr\/"},{"@type":"ListItem","position":2,"name":"Boutique Accueil","item":"https:\/\/michelle-beaudoin.com\/fr\/boutique-accueil\/"},{"@type":"ListItem","position":3,"name":"LA COURBE + AIMANTS MARIAGE"}]},{"@type":"WebSite","@id":"https:\/\/michelle-beaudoin.com\/fr\/#website","url":"https:\/\/michelle-beaudoin.com\/fr\/","name":"Michelle Beaudoin","description":"De son atelier situ&eacute; au c&oelig;ur d&rsquo;un quartier historique de Montr&eacute;al, Michelle Beaudoin con&ccedil;oit et r&eacute;alise des objets d&eacute;coratifs uniques en leur genre.","potentialAction":[{"@type":"SearchAction","target":{"@type":"EntryPoint","urlTemplate":"https:\/\/michelle-beaudoin.com\/fr\/?s={search_term_string}"},"query-input":{"@type":"PropertyValueSpecification","valueRequired":true,"valueName":"search_term_string"}}],"inLanguage":"fr-FR"}]}},"_links":{"self":[{"href":"https:\/\/michelle-beaudoin.com\/fr\/wp-json\/wp\/v2\/product\/4789","targetHints":{"allow":["GET"]}}],"collection":[{"href":"https:\/\/michelle-beaudoin.com\/fr\/wp-json\/wp\/v2\/product"}],"about":[{"href":"https:\/\/michelle-beaudoin.com\/fr\/wp-json\/wp\/v2\/types\/product"}],"replies":[{"embeddable":true,"href":"https:\/\/michelle-beaudoin.com\/fr\/wp-json\/wp\/v2\/comments?post=4789"}],"wp:featuredmedia":[{"embeddable":true,"href":"https:\/\/michelle-beaudoin.com\/fr\/wp-json\/wp\/v2\/media\/4790"}],"wp:attachment":[{"href":"https:\/\/michelle-beaudoin.com\/fr\/wp-json\/wp\/v2\/media?parent=4789"}],"wp:term":[{"taxonomy":"product_brand","embeddable":true,"href":"https:\/\/michelle-beaudoin.com\/fr\/wp-json\/wp\/v2\/product_brand?post=4789"},{"taxonomy":"product_cat","embeddable":true,"href":"https:\/\/michelle-beaudoin.com\/fr\/wp-json\/wp\/v2\/product_cat?post=4789"},{"taxonomy":"product_tag","embeddable":true,"href":"https:\/\/michelle-beaudoin.com\/fr\/wp-json\/wp\/v2\/product_tag?post=4789"}],"curies":[{"name":"wp","href":"https:\/\/api.w.org\/{rel}","templated":true}]}}