{"id":4747,"date":"2016-07-21T17:26:21","date_gmt":"2016-07-21T21:26:21","guid":{"rendered":"http:\/\/michelle-beaudoin.com\/product\/la-courbe-aimants-a-faire\/"},"modified":"2017-01-30T15:48:48","modified_gmt":"2017-01-30T19:48:48","slug":"la-courbe-aimants-a-faire","status":"publish","type":"product","link":"https:\/\/michelle-beaudoin.com\/fr\/produit\/la-courbe-aimants-a-faire\/","title":{"rendered":"LA COURBE + AIMANTS A FAIRE"},"content":{"rendered":"","protected":false},"excerpt":{"rendered":"<p class=\"p1\" style=\"text-align: justify;\"><span class=\"s1\">Un kit pratique pour organiser le bureau en beaut\u00e9 !<\/span><\/p>\n<p class=\"p1\" style=\"text-align: justify;\"><span class=\"s1\">\u00a0<\/span><\/p>\n<p class=\"p1\" style=\"text-align: justify;\"><span class=\"s1\">Il contient\u00a0:<\/span><\/p>\n<p class=\"p1\" style=\"text-align: justify;\"><span class=\"s1\">-un cadre magn\u00e9tique en acier bross\u00e9, fini des deux c\u00f4t\u00e9s, fait-main<\/span><\/p>\n<p class=\"p1\" style=\"text-align: justify;\"><span class=\"s1\">-un set de quatre aimants th\u00e9matiques, en \u00e9tain, mont\u00e9s sur aimants de terre<\/span><\/p>\n<p class=\"p1\" style=\"text-align: justify;\"><span class=\"s1\">\u00a0<\/span><\/p>\n<p class=\"p1\" style=\"text-align: justify;\"><span class=\"s1\">D&rsquo;autres options sont accessibles dans la section Bureau de nos Kits, et plus de choix de cadres, de babillards et d&rsquo;aimants disponibles sur l&rsquo;ensemble du site.<\/span><\/p>\n","protected":false},"featured_media":4748,"comment_status":"closed","ping_status":"closed","template":"","meta":{"_bbp_topic_count":0,"_bbp_reply_count":0,"_bbp_total_topic_count":0,"_bbp_total_reply_count":0,"_bbp_voice_count":0,"_bbp_anonymous_reply_count":0,"_bbp_topic_count_hidden":0,"_bbp_reply_count_hidden":0,"_bbp_forum_subforum_count":0},"product_brand":[],"product_cat":[1491],"product_tag":[158,95,18,70,154,161,159,19,93,22,10,157,156,171,172,78,25,160,11,21,26,65,155,165,164,71,24,23,20,163,162,94,166,79,96],"class_list":{"0":"post-4747","1":"product","2":"type-product","3":"status-publish","4":"has-post-thumbnail","6":"product_cat-uncategorized","7":"product_tag-a-commercial","8":"product_tag-a-faire","9":"product_tag-acier-brosse","10":"product_tag-aimant","11":"product_tag-ampoule","12":"product_tag-arrow","13":"product_tag-at","14":"product_tag-brushed-steel","15":"product_tag-bureau","16":"product_tag-cadeau","17":"product_tag-cadre","18":"product_tag-check-mark","19":"product_tag-coche","20":"product_tag-courbe","21":"product_tag-curve","22":"product_tag-ensemble-de-4","23":"product_tag-fait-main","24":"product_tag-fleche","25":"product_tag-frame","26":"product_tag-gift","27":"product_tag-handmade","28":"product_tag-kit","29":"product_tag-light-bulb","30":"product_tag-liste","31":"product_tag-listing","32":"product_tag-magnet","33":"product_tag-magnetic","34":"product_tag-magnetique","35":"product_tag-metal","36":"product_tag-modern","37":"product_tag-moderne","38":"product_tag-office","39":"product_tag-organisation","40":"product_tag-set-of-4","41":"product_tag-to-do","43":"first","44":"instock","45":"taxable","46":"shipping-taxable","47":"purchasable","48":"product-type-simple"},"yoast_head":"<!-- This site is optimized with the Yoast SEO plugin v27.1.1 - https:\/\/yoast.com\/product\/yoast-seo-wordpress\/ -->\n<title>LA COURBE + AIMANTS A FAIRE - Michelle Beaudoin<\/title>\n<meta name=\"robots\" content=\"index, follow, max-snippet:-1, max-image-preview:large, max-video-preview:-1\" \/>\n<link rel=\"canonical\" href=\"https:\/\/michelle-beaudoin.com\/fr\/produit\/la-courbe-aimants-a-faire\/\" \/>\n<meta property=\"og:locale\" content=\"fr_FR\" \/>\n<meta property=\"og:type\" content=\"article\" \/>\n<meta property=\"og:title\" content=\"LA COURBE + AIMANTS A FAIRE - Michelle Beaudoin\" \/>\n<meta property=\"og:description\" content=\"Un kit pratique pour organiser le bureau en beaut\u00e9 ! \u00a0 Il contient\u00a0: -un cadre magn\u00e9tique en acier bross\u00e9, fini des deux c\u00f4t\u00e9s, fait-main -un set de quatre aimants th\u00e9matiques, en \u00e9tain, mont\u00e9s sur aimants de terre \u00a0 D&#039;autres options sont accessibles dans la section Bureau de nos Kits, et plus de choix de cadres, de babillards et d&#039;aimants disponibles sur l&#039;ensemble du site.\" \/>\n<meta property=\"og:url\" content=\"https:\/\/michelle-beaudoin.com\/fr\/produit\/la-courbe-aimants-a-faire\/\" \/>\n<meta property=\"og:site_name\" content=\"Michelle Beaudoin\" \/>\n<meta property=\"article:modified_time\" content=\"2017-01-30T19:48:48+00:00\" \/>\n<meta property=\"og:image\" content=\"https:\/\/michelle-beaudoin.com\/wp-content\/uploads\/2016\/07\/la-courbe-aimants-a-faire.jpg\" \/>\n\t<meta property=\"og:image:width\" content=\"1200\" \/>\n\t<meta property=\"og:image:height\" content=\"795\" \/>\n\t<meta property=\"og:image:type\" content=\"image\/jpeg\" \/>\n<meta name=\"twitter:card\" content=\"summary_large_image\" \/>\n<script type=\"application\/ld+json\" class=\"yoast-schema-graph\">{\"@context\":\"https:\/\/schema.org\",\"@graph\":[{\"@type\":\"WebPage\",\"@id\":\"https:\/\/michelle-beaudoin.com\/fr\/produit\/la-courbe-aimants-a-faire\/\",\"url\":\"https:\/\/michelle-beaudoin.com\/fr\/produit\/la-courbe-aimants-a-faire\/\",\"name\":\"LA COURBE + AIMANTS A FAIRE - Michelle Beaudoin\",\"isPartOf\":{\"@id\":\"https:\/\/michelle-beaudoin.com\/fr\/#website\"},\"primaryImageOfPage\":{\"@id\":\"https:\/\/michelle-beaudoin.com\/fr\/produit\/la-courbe-aimants-a-faire\/#primaryimage\"},\"image\":{\"@id\":\"https:\/\/michelle-beaudoin.com\/fr\/produit\/la-courbe-aimants-a-faire\/#primaryimage\"},\"thumbnailUrl\":\"https:\/\/michelle-beaudoin.com\/wp-content\/uploads\/2016\/07\/la-courbe-aimants-a-faire.jpg\",\"datePublished\":\"2016-07-21T21:26:21+00:00\",\"dateModified\":\"2017-01-30T19:48:48+00:00\",\"breadcrumb\":{\"@id\":\"https:\/\/michelle-beaudoin.com\/fr\/produit\/la-courbe-aimants-a-faire\/#breadcrumb\"},\"inLanguage\":\"fr-FR\",\"potentialAction\":[{\"@type\":\"ReadAction\",\"target\":[\"https:\/\/michelle-beaudoin.com\/fr\/produit\/la-courbe-aimants-a-faire\/\"]}]},{\"@type\":\"ImageObject\",\"inLanguage\":\"fr-FR\",\"@id\":\"https:\/\/michelle-beaudoin.com\/fr\/produit\/la-courbe-aimants-a-faire\/#primaryimage\",\"url\":\"https:\/\/michelle-beaudoin.com\/wp-content\/uploads\/2016\/07\/la-courbe-aimants-a-faire.jpg\",\"contentUrl\":\"https:\/\/michelle-beaudoin.com\/wp-content\/uploads\/2016\/07\/la-courbe-aimants-a-faire.jpg\",\"width\":1200,\"height\":795},{\"@type\":\"BreadcrumbList\",\"@id\":\"https:\/\/michelle-beaudoin.com\/fr\/produit\/la-courbe-aimants-a-faire\/#breadcrumb\",\"itemListElement\":[{\"@type\":\"ListItem\",\"position\":1,\"name\":\"Accueil\",\"item\":\"https:\/\/michelle-beaudoin.com\/fr\/\"},{\"@type\":\"ListItem\",\"position\":2,\"name\":\"Boutique Accueil\",\"item\":\"https:\/\/michelle-beaudoin.com\/fr\/boutique-accueil\/\"},{\"@type\":\"ListItem\",\"position\":3,\"name\":\"LA COURBE + AIMANTS A FAIRE\"}]},{\"@type\":\"WebSite\",\"@id\":\"https:\/\/michelle-beaudoin.com\/fr\/#website\",\"url\":\"https:\/\/michelle-beaudoin.com\/fr\/\",\"name\":\"Michelle Beaudoin\",\"description\":\"De son atelier situ&eacute; au c&oelig;ur d&rsquo;un quartier historique de Montr&eacute;al, Michelle Beaudoin con&ccedil;oit et r&eacute;alise des objets d&eacute;coratifs uniques en leur genre.\",\"potentialAction\":[{\"@type\":\"SearchAction\",\"target\":{\"@type\":\"EntryPoint\",\"urlTemplate\":\"https:\/\/michelle-beaudoin.com\/fr\/?s={search_term_string}\"},\"query-input\":{\"@type\":\"PropertyValueSpecification\",\"valueRequired\":true,\"valueName\":\"search_term_string\"}}],\"inLanguage\":\"fr-FR\"}]}<\/script>\n<!-- \/ Yoast SEO plugin. -->","yoast_head_json":{"title":"LA COURBE + AIMANTS A FAIRE - Michelle Beaudoin","robots":{"index":"index","follow":"follow","max-snippet":"max-snippet:-1","max-image-preview":"max-image-preview:large","max-video-preview":"max-video-preview:-1"},"canonical":"https:\/\/michelle-beaudoin.com\/fr\/produit\/la-courbe-aimants-a-faire\/","og_locale":"fr_FR","og_type":"article","og_title":"LA COURBE + AIMANTS A FAIRE - Michelle Beaudoin","og_description":"Un kit pratique pour organiser le bureau en beaut\u00e9 ! \u00a0 Il contient\u00a0: -un cadre magn\u00e9tique en acier bross\u00e9, fini des deux c\u00f4t\u00e9s, fait-main -un set de quatre aimants th\u00e9matiques, en \u00e9tain, mont\u00e9s sur aimants de terre \u00a0 D'autres options sont accessibles dans la section Bureau de nos Kits, et plus de choix de cadres, de babillards et d'aimants disponibles sur l'ensemble du site.","og_url":"https:\/\/michelle-beaudoin.com\/fr\/produit\/la-courbe-aimants-a-faire\/","og_site_name":"Michelle Beaudoin","article_modified_time":"2017-01-30T19:48:48+00:00","og_image":[{"width":1200,"height":795,"url":"https:\/\/michelle-beaudoin.com\/wp-content\/uploads\/2016\/07\/la-courbe-aimants-a-faire.jpg","type":"image\/jpeg"}],"twitter_card":"summary_large_image","schema":{"@context":"https:\/\/schema.org","@graph":[{"@type":"WebPage","@id":"https:\/\/michelle-beaudoin.com\/fr\/produit\/la-courbe-aimants-a-faire\/","url":"https:\/\/michelle-beaudoin.com\/fr\/produit\/la-courbe-aimants-a-faire\/","name":"LA COURBE + AIMANTS A FAIRE - Michelle Beaudoin","isPartOf":{"@id":"https:\/\/michelle-beaudoin.com\/fr\/#website"},"primaryImageOfPage":{"@id":"https:\/\/michelle-beaudoin.com\/fr\/produit\/la-courbe-aimants-a-faire\/#primaryimage"},"image":{"@id":"https:\/\/michelle-beaudoin.com\/fr\/produit\/la-courbe-aimants-a-faire\/#primaryimage"},"thumbnailUrl":"https:\/\/michelle-beaudoin.com\/wp-content\/uploads\/2016\/07\/la-courbe-aimants-a-faire.jpg","datePublished":"2016-07-21T21:26:21+00:00","dateModified":"2017-01-30T19:48:48+00:00","breadcrumb":{"@id":"https:\/\/michelle-beaudoin.com\/fr\/produit\/la-courbe-aimants-a-faire\/#breadcrumb"},"inLanguage":"fr-FR","potentialAction":[{"@type":"ReadAction","target":["https:\/\/michelle-beaudoin.com\/fr\/produit\/la-courbe-aimants-a-faire\/"]}]},{"@type":"ImageObject","inLanguage":"fr-FR","@id":"https:\/\/michelle-beaudoin.com\/fr\/produit\/la-courbe-aimants-a-faire\/#primaryimage","url":"https:\/\/michelle-beaudoin.com\/wp-content\/uploads\/2016\/07\/la-courbe-aimants-a-faire.jpg","contentUrl":"https:\/\/michelle-beaudoin.com\/wp-content\/uploads\/2016\/07\/la-courbe-aimants-a-faire.jpg","width":1200,"height":795},{"@type":"BreadcrumbList","@id":"https:\/\/michelle-beaudoin.com\/fr\/produit\/la-courbe-aimants-a-faire\/#breadcrumb","itemListElement":[{"@type":"ListItem","position":1,"name":"Accueil","item":"https:\/\/michelle-beaudoin.com\/fr\/"},{"@type":"ListItem","position":2,"name":"Boutique Accueil","item":"https:\/\/michelle-beaudoin.com\/fr\/boutique-accueil\/"},{"@type":"ListItem","position":3,"name":"LA COURBE + AIMANTS A FAIRE"}]},{"@type":"WebSite","@id":"https:\/\/michelle-beaudoin.com\/fr\/#website","url":"https:\/\/michelle-beaudoin.com\/fr\/","name":"Michelle Beaudoin","description":"De son atelier situ&eacute; au c&oelig;ur d&rsquo;un quartier historique de Montr&eacute;al, Michelle Beaudoin con&ccedil;oit et r&eacute;alise des objets d&eacute;coratifs uniques en leur genre.","potentialAction":[{"@type":"SearchAction","target":{"@type":"EntryPoint","urlTemplate":"https:\/\/michelle-beaudoin.com\/fr\/?s={search_term_string}"},"query-input":{"@type":"PropertyValueSpecification","valueRequired":true,"valueName":"search_term_string"}}],"inLanguage":"fr-FR"}]}},"_links":{"self":[{"href":"https:\/\/michelle-beaudoin.com\/fr\/wp-json\/wp\/v2\/product\/4747","targetHints":{"allow":["GET"]}}],"collection":[{"href":"https:\/\/michelle-beaudoin.com\/fr\/wp-json\/wp\/v2\/product"}],"about":[{"href":"https:\/\/michelle-beaudoin.com\/fr\/wp-json\/wp\/v2\/types\/product"}],"replies":[{"embeddable":true,"href":"https:\/\/michelle-beaudoin.com\/fr\/wp-json\/wp\/v2\/comments?post=4747"}],"wp:featuredmedia":[{"embeddable":true,"href":"https:\/\/michelle-beaudoin.com\/fr\/wp-json\/wp\/v2\/media\/4748"}],"wp:attachment":[{"href":"https:\/\/michelle-beaudoin.com\/fr\/wp-json\/wp\/v2\/media?parent=4747"}],"wp:term":[{"taxonomy":"product_brand","embeddable":true,"href":"https:\/\/michelle-beaudoin.com\/fr\/wp-json\/wp\/v2\/product_brand?post=4747"},{"taxonomy":"product_cat","embeddable":true,"href":"https:\/\/michelle-beaudoin.com\/fr\/wp-json\/wp\/v2\/product_cat?post=4747"},{"taxonomy":"product_tag","embeddable":true,"href":"https:\/\/michelle-beaudoin.com\/fr\/wp-json\/wp\/v2\/product_tag?post=4747"}],"curies":[{"name":"wp","href":"https:\/\/api.w.org\/{rel}","templated":true}]}}