{"id":3058,"date":"2016-07-05T15:14:29","date_gmt":"2016-07-05T19:14:29","guid":{"rendered":"http:\/\/michelle-beaudoin.com\/?post_type=product&#038;p=3058"},"modified":"2025-02-16T14:31:48","modified_gmt":"2025-02-16T18:31:48","slug":"crochet-magnetique-libellule","status":"publish","type":"product","link":"https:\/\/michelle-beaudoin.com\/fr\/produit\/crochet-magnetique-libellule\/","title":{"rendered":"CROCHET MAGN\u00c9TIQUE LIBELLULE"},"content":{"rendered":"","protected":false},"excerpt":{"rendered":"<p>Crochets libellule. Ensemble de 3 crochets.<\/p>\n<p>-Aimant extra fort, peut\u00a0supporter\u00a0plusieurs trousseaux de cl\u00e9s \u00e0 la fois<\/p>\n<p>-Coffret incluant une plaquette m\u00e9tal autocollante murale. Disposez ainsi vos crochets\u00a0o\u00f9 bon vous semble !<\/p>\n","protected":false},"featured_media":11078,"comment_status":"open","ping_status":"closed","template":"","meta":{"_bbp_topic_count":0,"_bbp_reply_count":0,"_bbp_total_topic_count":0,"_bbp_total_reply_count":0,"_bbp_voice_count":0,"_bbp_anonymous_reply_count":0,"_bbp_topic_count_hidden":0,"_bbp_reply_count_hidden":0,"_bbp_forum_subforum_count":0},"product_brand":[],"product_cat":[175,176],"product_tag":[70,82,22,177,181,97,25,33,32,21,26,178,71,24,23,163,162,98,173,174,182],"class_list":{"0":"post-3058","1":"product","2":"type-product","3":"status-publish","4":"has-post-thumbnail","6":"product_cat-aimants","7":"product_cat-aimants-crochets","8":"product_tag-aimant","9":"product_tag-bling-bling","10":"product_tag-cadeau","11":"product_tag-crochet","12":"product_tag-ensemble-de-3","13":"product_tag-etain","14":"product_tag-fait-main","15":"product_tag-geometrical","16":"product_tag-geometrique","17":"product_tag-gift","18":"product_tag-handmade","19":"product_tag-hook","20":"product_tag-magnet","21":"product_tag-magnetic","22":"product_tag-magnetique","23":"product_tag-modern","24":"product_tag-moderne","25":"product_tag-pewter","26":"product_tag-pierre-du-rhin","27":"product_tag-rhinestone","28":"product_tag-set-of-3","29":"product_shipping_class-crochets-aimants-longs-forts-ba5","31":"first","32":"instock","33":"taxable","34":"shipping-taxable","35":"purchasable","36":"product-type-variable"},"yoast_head":"<!-- This site is optimized with the Yoast SEO plugin v27.1.1 - https:\/\/yoast.com\/product\/yoast-seo-wordpress\/ -->\n<title>CROCHET MAGN\u00c9TIQUE LIBELLULE - Michelle Beaudoin<\/title>\n<meta name=\"robots\" content=\"index, follow, max-snippet:-1, max-image-preview:large, max-video-preview:-1\" \/>\n<link rel=\"canonical\" href=\"https:\/\/michelle-beaudoin.com\/fr\/produit\/crochet-magnetique-libellule\/\" \/>\n<meta property=\"og:locale\" content=\"fr_FR\" \/>\n<meta property=\"og:type\" content=\"article\" \/>\n<meta property=\"og:title\" content=\"CROCHET MAGN\u00c9TIQUE LIBELLULE - Michelle Beaudoin\" \/>\n<meta property=\"og:description\" content=\"Crochets libellule. Ensemble de 3 crochets.  -Aimant extra fort, peut\u00a0supporter\u00a0plusieurs trousseaux de cl\u00e9s \u00e0 la fois  -Coffret incluant une plaquette m\u00e9tal autocollante murale. Disposez ainsi vos crochets\u00a0o\u00f9 bon vous semble !\" \/>\n<meta property=\"og:url\" content=\"https:\/\/michelle-beaudoin.com\/fr\/produit\/crochet-magnetique-libellule\/\" \/>\n<meta property=\"og:site_name\" content=\"Michelle Beaudoin\" \/>\n<meta property=\"article:modified_time\" content=\"2025-02-16T18:31:48+00:00\" \/>\n<meta property=\"og:image\" content=\"https:\/\/michelle-beaudoin.com\/wp-content\/uploads\/2016\/07\/beauty-shot-libellule-scaled.jpeg\" \/>\n\t<meta property=\"og:image:width\" content=\"2560\" \/>\n\t<meta property=\"og:image:height\" content=\"2560\" \/>\n\t<meta property=\"og:image:type\" content=\"image\/jpeg\" \/>\n<meta name=\"twitter:card\" content=\"summary_large_image\" \/>\n<script type=\"application\/ld+json\" class=\"yoast-schema-graph\">{\"@context\":\"https:\/\/schema.org\",\"@graph\":[{\"@type\":\"WebPage\",\"@id\":\"https:\/\/michelle-beaudoin.com\/fr\/produit\/crochet-magnetique-libellule\/\",\"url\":\"https:\/\/michelle-beaudoin.com\/fr\/produit\/crochet-magnetique-libellule\/\",\"name\":\"CROCHET MAGN\u00c9TIQUE LIBELLULE - Michelle Beaudoin\",\"isPartOf\":{\"@id\":\"https:\/\/michelle-beaudoin.com\/fr\/#website\"},\"primaryImageOfPage\":{\"@id\":\"https:\/\/michelle-beaudoin.com\/fr\/produit\/crochet-magnetique-libellule\/#primaryimage\"},\"image\":{\"@id\":\"https:\/\/michelle-beaudoin.com\/fr\/produit\/crochet-magnetique-libellule\/#primaryimage\"},\"thumbnailUrl\":\"https:\/\/michelle-beaudoin.com\/wp-content\/uploads\/2016\/07\/beauty-shot-libellule-scaled.jpeg\",\"datePublished\":\"2016-07-05T19:14:29+00:00\",\"dateModified\":\"2025-02-16T18:31:48+00:00\",\"breadcrumb\":{\"@id\":\"https:\/\/michelle-beaudoin.com\/fr\/produit\/crochet-magnetique-libellule\/#breadcrumb\"},\"inLanguage\":\"fr-FR\",\"potentialAction\":[{\"@type\":\"ReadAction\",\"target\":[\"https:\/\/michelle-beaudoin.com\/fr\/produit\/crochet-magnetique-libellule\/\"]}]},{\"@type\":\"ImageObject\",\"inLanguage\":\"fr-FR\",\"@id\":\"https:\/\/michelle-beaudoin.com\/fr\/produit\/crochet-magnetique-libellule\/#primaryimage\",\"url\":\"https:\/\/michelle-beaudoin.com\/wp-content\/uploads\/2016\/07\/beauty-shot-libellule-scaled.jpeg\",\"contentUrl\":\"https:\/\/michelle-beaudoin.com\/wp-content\/uploads\/2016\/07\/beauty-shot-libellule-scaled.jpeg\",\"width\":2560,\"height\":2560},{\"@type\":\"BreadcrumbList\",\"@id\":\"https:\/\/michelle-beaudoin.com\/fr\/produit\/crochet-magnetique-libellule\/#breadcrumb\",\"itemListElement\":[{\"@type\":\"ListItem\",\"position\":1,\"name\":\"Accueil\",\"item\":\"https:\/\/michelle-beaudoin.com\/fr\/\"},{\"@type\":\"ListItem\",\"position\":2,\"name\":\"Boutique Accueil\",\"item\":\"https:\/\/michelle-beaudoin.com\/fr\/boutique-accueil\/\"},{\"@type\":\"ListItem\",\"position\":3,\"name\":\"CROCHET MAGN\u00c9TIQUE LIBELLULE\"}]},{\"@type\":\"WebSite\",\"@id\":\"https:\/\/michelle-beaudoin.com\/fr\/#website\",\"url\":\"https:\/\/michelle-beaudoin.com\/fr\/\",\"name\":\"Michelle Beaudoin\",\"description\":\"De son atelier situ&eacute; au c&oelig;ur d&rsquo;un quartier historique de Montr&eacute;al, Michelle Beaudoin con&ccedil;oit et r&eacute;alise des objets d&eacute;coratifs uniques en leur genre.\",\"potentialAction\":[{\"@type\":\"SearchAction\",\"target\":{\"@type\":\"EntryPoint\",\"urlTemplate\":\"https:\/\/michelle-beaudoin.com\/fr\/?s={search_term_string}\"},\"query-input\":{\"@type\":\"PropertyValueSpecification\",\"valueRequired\":true,\"valueName\":\"search_term_string\"}}],\"inLanguage\":\"fr-FR\"}]}<\/script>\n<!-- \/ Yoast SEO plugin. -->","yoast_head_json":{"title":"CROCHET MAGN\u00c9TIQUE LIBELLULE - Michelle Beaudoin","robots":{"index":"index","follow":"follow","max-snippet":"max-snippet:-1","max-image-preview":"max-image-preview:large","max-video-preview":"max-video-preview:-1"},"canonical":"https:\/\/michelle-beaudoin.com\/fr\/produit\/crochet-magnetique-libellule\/","og_locale":"fr_FR","og_type":"article","og_title":"CROCHET MAGN\u00c9TIQUE LIBELLULE - Michelle Beaudoin","og_description":"Crochets libellule. Ensemble de 3 crochets.  -Aimant extra fort, peut\u00a0supporter\u00a0plusieurs trousseaux de cl\u00e9s \u00e0 la fois  -Coffret incluant une plaquette m\u00e9tal autocollante murale. Disposez ainsi vos crochets\u00a0o\u00f9 bon vous semble !","og_url":"https:\/\/michelle-beaudoin.com\/fr\/produit\/crochet-magnetique-libellule\/","og_site_name":"Michelle Beaudoin","article_modified_time":"2025-02-16T18:31:48+00:00","og_image":[{"width":2560,"height":2560,"url":"https:\/\/michelle-beaudoin.com\/wp-content\/uploads\/2016\/07\/beauty-shot-libellule-scaled.jpeg","type":"image\/jpeg"}],"twitter_card":"summary_large_image","schema":{"@context":"https:\/\/schema.org","@graph":[{"@type":"WebPage","@id":"https:\/\/michelle-beaudoin.com\/fr\/produit\/crochet-magnetique-libellule\/","url":"https:\/\/michelle-beaudoin.com\/fr\/produit\/crochet-magnetique-libellule\/","name":"CROCHET MAGN\u00c9TIQUE LIBELLULE - Michelle Beaudoin","isPartOf":{"@id":"https:\/\/michelle-beaudoin.com\/fr\/#website"},"primaryImageOfPage":{"@id":"https:\/\/michelle-beaudoin.com\/fr\/produit\/crochet-magnetique-libellule\/#primaryimage"},"image":{"@id":"https:\/\/michelle-beaudoin.com\/fr\/produit\/crochet-magnetique-libellule\/#primaryimage"},"thumbnailUrl":"https:\/\/michelle-beaudoin.com\/wp-content\/uploads\/2016\/07\/beauty-shot-libellule-scaled.jpeg","datePublished":"2016-07-05T19:14:29+00:00","dateModified":"2025-02-16T18:31:48+00:00","breadcrumb":{"@id":"https:\/\/michelle-beaudoin.com\/fr\/produit\/crochet-magnetique-libellule\/#breadcrumb"},"inLanguage":"fr-FR","potentialAction":[{"@type":"ReadAction","target":["https:\/\/michelle-beaudoin.com\/fr\/produit\/crochet-magnetique-libellule\/"]}]},{"@type":"ImageObject","inLanguage":"fr-FR","@id":"https:\/\/michelle-beaudoin.com\/fr\/produit\/crochet-magnetique-libellule\/#primaryimage","url":"https:\/\/michelle-beaudoin.com\/wp-content\/uploads\/2016\/07\/beauty-shot-libellule-scaled.jpeg","contentUrl":"https:\/\/michelle-beaudoin.com\/wp-content\/uploads\/2016\/07\/beauty-shot-libellule-scaled.jpeg","width":2560,"height":2560},{"@type":"BreadcrumbList","@id":"https:\/\/michelle-beaudoin.com\/fr\/produit\/crochet-magnetique-libellule\/#breadcrumb","itemListElement":[{"@type":"ListItem","position":1,"name":"Accueil","item":"https:\/\/michelle-beaudoin.com\/fr\/"},{"@type":"ListItem","position":2,"name":"Boutique Accueil","item":"https:\/\/michelle-beaudoin.com\/fr\/boutique-accueil\/"},{"@type":"ListItem","position":3,"name":"CROCHET MAGN\u00c9TIQUE LIBELLULE"}]},{"@type":"WebSite","@id":"https:\/\/michelle-beaudoin.com\/fr\/#website","url":"https:\/\/michelle-beaudoin.com\/fr\/","name":"Michelle Beaudoin","description":"De son atelier situ&eacute; au c&oelig;ur d&rsquo;un quartier historique de Montr&eacute;al, Michelle Beaudoin con&ccedil;oit et r&eacute;alise des objets d&eacute;coratifs uniques en leur genre.","potentialAction":[{"@type":"SearchAction","target":{"@type":"EntryPoint","urlTemplate":"https:\/\/michelle-beaudoin.com\/fr\/?s={search_term_string}"},"query-input":{"@type":"PropertyValueSpecification","valueRequired":true,"valueName":"search_term_string"}}],"inLanguage":"fr-FR"}]}},"_links":{"self":[{"href":"https:\/\/michelle-beaudoin.com\/fr\/wp-json\/wp\/v2\/product\/3058","targetHints":{"allow":["GET"]}}],"collection":[{"href":"https:\/\/michelle-beaudoin.com\/fr\/wp-json\/wp\/v2\/product"}],"about":[{"href":"https:\/\/michelle-beaudoin.com\/fr\/wp-json\/wp\/v2\/types\/product"}],"replies":[{"embeddable":true,"href":"https:\/\/michelle-beaudoin.com\/fr\/wp-json\/wp\/v2\/comments?post=3058"}],"wp:featuredmedia":[{"embeddable":true,"href":"https:\/\/michelle-beaudoin.com\/fr\/wp-json\/wp\/v2\/media\/11078"}],"wp:attachment":[{"href":"https:\/\/michelle-beaudoin.com\/fr\/wp-json\/wp\/v2\/media?parent=3058"}],"wp:term":[{"taxonomy":"product_brand","embeddable":true,"href":"https:\/\/michelle-beaudoin.com\/fr\/wp-json\/wp\/v2\/product_brand?post=3058"},{"taxonomy":"product_cat","embeddable":true,"href":"https:\/\/michelle-beaudoin.com\/fr\/wp-json\/wp\/v2\/product_cat?post=3058"},{"taxonomy":"product_tag","embeddable":true,"href":"https:\/\/michelle-beaudoin.com\/fr\/wp-json\/wp\/v2\/product_tag?post=3058"}],"curies":[{"name":"wp","href":"https:\/\/api.w.org\/{rel}","templated":true}]}}