{"id":2885,"date":"2016-07-01T16:35:16","date_gmt":"2016-07-01T16:35:16","guid":{"rendered":"http:\/\/michelle-beaudoin.com\/product\/vase-magnetique-accessoire-babillard-2\/"},"modified":"2016-12-16T15:23:35","modified_gmt":"2016-12-16T19:23:35","slug":"vase-magnetique-accessoire-babillard-2","status":"publish","type":"product","link":"https:\/\/michelle-beaudoin.com\/fr\/produit\/vase-magnetique-accessoire-babillard-2\/","title":{"rendered":"VASE MAGNETIQUE &#8211; ACCESSOIRE BABILLARD"},"content":{"rendered":"","protected":false},"excerpt":{"rendered":"<div class=\"\" style=\"position: relative;\" data-richtextify-editable=\"true\">\n<p>Facile \u00e0 utiliser, vous n&rsquo;avez qu&rsquo;\u00e0 placer la bague magn\u00e9tique sur une surface m\u00e9tallique exemple nos babillards et ensuite ins\u00e9rer le tube en verre. Parfait pour une fleur, un bouquet de persil, de romarin, de thym etc. A vous d&rsquo;y penser.<\/p>\n<\/div>\n","protected":false},"featured_media":2525,"comment_status":"closed","ping_status":"closed","template":"","meta":{"_bbp_topic_count":0,"_bbp_reply_count":0,"_bbp_total_topic_count":0,"_bbp_total_reply_count":0,"_bbp_voice_count":0,"_bbp_anonymous_reply_count":0,"_bbp_topic_count_hidden":0,"_bbp_reply_count_hidden":0,"_bbp_forum_subforum_count":0},"product_brand":[],"product_cat":[1491],"product_tag":[],"class_list":{"0":"post-2885","1":"product","2":"type-product","3":"status-publish","4":"has-post-thumbnail","6":"product_cat-uncategorized","7":"pa_size-1-x-8-2","9":"first","10":"instock","11":"taxable","12":"shipping-taxable","13":"purchasable","14":"product-type-simple"},"yoast_head":"<!-- This site is optimized with the Yoast SEO plugin v27.1.1 - https:\/\/yoast.com\/product\/yoast-seo-wordpress\/ -->\n<title>VASE MAGNETIQUE - ACCESSOIRE BABILLARD - Michelle Beaudoin<\/title>\n<meta name=\"robots\" content=\"index, follow, max-snippet:-1, max-image-preview:large, max-video-preview:-1\" \/>\n<link rel=\"canonical\" href=\"https:\/\/michelle-beaudoin.com\/fr\/produit\/vase-magnetique-accessoire-babillard-2\/\" \/>\n<meta property=\"og:locale\" content=\"fr_FR\" \/>\n<meta property=\"og:type\" content=\"article\" \/>\n<meta property=\"og:title\" content=\"VASE MAGNETIQUE - ACCESSOIRE BABILLARD - Michelle Beaudoin\" \/>\n<meta property=\"og:description\" content=\"Facile \u00e0 utiliser, vous n&#039;avez qu&#039;\u00e0 placer la bague magn\u00e9tique sur une surface m\u00e9tallique exemple nos babillards et ensuite ins\u00e9rer le tube en verre. Parfait pour une fleur, un bouquet de persil, de romarin, de thym etc. A vous d&#039;y penser.\" \/>\n<meta property=\"og:url\" content=\"https:\/\/michelle-beaudoin.com\/fr\/produit\/vase-magnetique-accessoire-babillard-2\/\" \/>\n<meta property=\"og:site_name\" content=\"Michelle Beaudoin\" \/>\n<meta property=\"article:modified_time\" content=\"2016-12-16T19:23:35+00:00\" \/>\n<meta property=\"og:image\" content=\"https:\/\/michelle-beaudoin.com\/wp-content\/uploads\/2016\/07\/vase-aimante-1-x-6.jpg\" \/>\n\t<meta property=\"og:image:width\" content=\"500\" \/>\n\t<meta property=\"og:image:height\" content=\"667\" \/>\n\t<meta property=\"og:image:type\" content=\"image\/jpeg\" \/>\n<meta name=\"twitter:card\" content=\"summary_large_image\" \/>\n<script type=\"application\/ld+json\" class=\"yoast-schema-graph\">{\"@context\":\"https:\/\/schema.org\",\"@graph\":[{\"@type\":\"WebPage\",\"@id\":\"https:\/\/michelle-beaudoin.com\/fr\/produit\/vase-magnetique-accessoire-babillard-2\/\",\"url\":\"https:\/\/michelle-beaudoin.com\/fr\/produit\/vase-magnetique-accessoire-babillard-2\/\",\"name\":\"VASE MAGNETIQUE - ACCESSOIRE BABILLARD - Michelle Beaudoin\",\"isPartOf\":{\"@id\":\"https:\/\/michelle-beaudoin.com\/fr\/#website\"},\"primaryImageOfPage\":{\"@id\":\"https:\/\/michelle-beaudoin.com\/fr\/produit\/vase-magnetique-accessoire-babillard-2\/#primaryimage\"},\"image\":{\"@id\":\"https:\/\/michelle-beaudoin.com\/fr\/produit\/vase-magnetique-accessoire-babillard-2\/#primaryimage\"},\"thumbnailUrl\":\"https:\/\/michelle-beaudoin.com\/wp-content\/uploads\/2016\/07\/vase-aimante-1-x-6.jpg\",\"datePublished\":\"2016-07-01T16:35:16+00:00\",\"dateModified\":\"2016-12-16T19:23:35+00:00\",\"breadcrumb\":{\"@id\":\"https:\/\/michelle-beaudoin.com\/fr\/produit\/vase-magnetique-accessoire-babillard-2\/#breadcrumb\"},\"inLanguage\":\"fr-FR\",\"potentialAction\":[{\"@type\":\"ReadAction\",\"target\":[\"https:\/\/michelle-beaudoin.com\/fr\/produit\/vase-magnetique-accessoire-babillard-2\/\"]}]},{\"@type\":\"ImageObject\",\"inLanguage\":\"fr-FR\",\"@id\":\"https:\/\/michelle-beaudoin.com\/fr\/produit\/vase-magnetique-accessoire-babillard-2\/#primaryimage\",\"url\":\"https:\/\/michelle-beaudoin.com\/wp-content\/uploads\/2016\/07\/vase-aimante-1-x-6.jpg\",\"contentUrl\":\"https:\/\/michelle-beaudoin.com\/wp-content\/uploads\/2016\/07\/vase-aimante-1-x-6.jpg\",\"width\":500,\"height\":667,\"caption\":\"Vase magnetique\"},{\"@type\":\"BreadcrumbList\",\"@id\":\"https:\/\/michelle-beaudoin.com\/fr\/produit\/vase-magnetique-accessoire-babillard-2\/#breadcrumb\",\"itemListElement\":[{\"@type\":\"ListItem\",\"position\":1,\"name\":\"Accueil\",\"item\":\"https:\/\/michelle-beaudoin.com\/fr\/\"},{\"@type\":\"ListItem\",\"position\":2,\"name\":\"Boutique Accueil\",\"item\":\"https:\/\/michelle-beaudoin.com\/fr\/boutique-accueil\/\"},{\"@type\":\"ListItem\",\"position\":3,\"name\":\"VASE MAGNETIQUE &#8211; ACCESSOIRE BABILLARD\"}]},{\"@type\":\"WebSite\",\"@id\":\"https:\/\/michelle-beaudoin.com\/fr\/#website\",\"url\":\"https:\/\/michelle-beaudoin.com\/fr\/\",\"name\":\"Michelle Beaudoin\",\"description\":\"De son atelier situ&eacute; au c&oelig;ur d&rsquo;un quartier historique de Montr&eacute;al, Michelle Beaudoin con&ccedil;oit et r&eacute;alise des objets d&eacute;coratifs uniques en leur genre.\",\"potentialAction\":[{\"@type\":\"SearchAction\",\"target\":{\"@type\":\"EntryPoint\",\"urlTemplate\":\"https:\/\/michelle-beaudoin.com\/fr\/?s={search_term_string}\"},\"query-input\":{\"@type\":\"PropertyValueSpecification\",\"valueRequired\":true,\"valueName\":\"search_term_string\"}}],\"inLanguage\":\"fr-FR\"}]}<\/script>\n<!-- \/ Yoast SEO plugin. -->","yoast_head_json":{"title":"VASE MAGNETIQUE - ACCESSOIRE BABILLARD - Michelle Beaudoin","robots":{"index":"index","follow":"follow","max-snippet":"max-snippet:-1","max-image-preview":"max-image-preview:large","max-video-preview":"max-video-preview:-1"},"canonical":"https:\/\/michelle-beaudoin.com\/fr\/produit\/vase-magnetique-accessoire-babillard-2\/","og_locale":"fr_FR","og_type":"article","og_title":"VASE MAGNETIQUE - ACCESSOIRE BABILLARD - Michelle Beaudoin","og_description":"Facile \u00e0 utiliser, vous n'avez qu'\u00e0 placer la bague magn\u00e9tique sur une surface m\u00e9tallique exemple nos babillards et ensuite ins\u00e9rer le tube en verre. Parfait pour une fleur, un bouquet de persil, de romarin, de thym etc. A vous d'y penser.","og_url":"https:\/\/michelle-beaudoin.com\/fr\/produit\/vase-magnetique-accessoire-babillard-2\/","og_site_name":"Michelle Beaudoin","article_modified_time":"2016-12-16T19:23:35+00:00","og_image":[{"width":500,"height":667,"url":"https:\/\/michelle-beaudoin.com\/wp-content\/uploads\/2016\/07\/vase-aimante-1-x-6.jpg","type":"image\/jpeg"}],"twitter_card":"summary_large_image","schema":{"@context":"https:\/\/schema.org","@graph":[{"@type":"WebPage","@id":"https:\/\/michelle-beaudoin.com\/fr\/produit\/vase-magnetique-accessoire-babillard-2\/","url":"https:\/\/michelle-beaudoin.com\/fr\/produit\/vase-magnetique-accessoire-babillard-2\/","name":"VASE MAGNETIQUE - ACCESSOIRE BABILLARD - Michelle Beaudoin","isPartOf":{"@id":"https:\/\/michelle-beaudoin.com\/fr\/#website"},"primaryImageOfPage":{"@id":"https:\/\/michelle-beaudoin.com\/fr\/produit\/vase-magnetique-accessoire-babillard-2\/#primaryimage"},"image":{"@id":"https:\/\/michelle-beaudoin.com\/fr\/produit\/vase-magnetique-accessoire-babillard-2\/#primaryimage"},"thumbnailUrl":"https:\/\/michelle-beaudoin.com\/wp-content\/uploads\/2016\/07\/vase-aimante-1-x-6.jpg","datePublished":"2016-07-01T16:35:16+00:00","dateModified":"2016-12-16T19:23:35+00:00","breadcrumb":{"@id":"https:\/\/michelle-beaudoin.com\/fr\/produit\/vase-magnetique-accessoire-babillard-2\/#breadcrumb"},"inLanguage":"fr-FR","potentialAction":[{"@type":"ReadAction","target":["https:\/\/michelle-beaudoin.com\/fr\/produit\/vase-magnetique-accessoire-babillard-2\/"]}]},{"@type":"ImageObject","inLanguage":"fr-FR","@id":"https:\/\/michelle-beaudoin.com\/fr\/produit\/vase-magnetique-accessoire-babillard-2\/#primaryimage","url":"https:\/\/michelle-beaudoin.com\/wp-content\/uploads\/2016\/07\/vase-aimante-1-x-6.jpg","contentUrl":"https:\/\/michelle-beaudoin.com\/wp-content\/uploads\/2016\/07\/vase-aimante-1-x-6.jpg","width":500,"height":667,"caption":"Vase magnetique"},{"@type":"BreadcrumbList","@id":"https:\/\/michelle-beaudoin.com\/fr\/produit\/vase-magnetique-accessoire-babillard-2\/#breadcrumb","itemListElement":[{"@type":"ListItem","position":1,"name":"Accueil","item":"https:\/\/michelle-beaudoin.com\/fr\/"},{"@type":"ListItem","position":2,"name":"Boutique Accueil","item":"https:\/\/michelle-beaudoin.com\/fr\/boutique-accueil\/"},{"@type":"ListItem","position":3,"name":"VASE MAGNETIQUE &#8211; ACCESSOIRE BABILLARD"}]},{"@type":"WebSite","@id":"https:\/\/michelle-beaudoin.com\/fr\/#website","url":"https:\/\/michelle-beaudoin.com\/fr\/","name":"Michelle Beaudoin","description":"De son atelier situ&eacute; au c&oelig;ur d&rsquo;un quartier historique de Montr&eacute;al, Michelle Beaudoin con&ccedil;oit et r&eacute;alise des objets d&eacute;coratifs uniques en leur genre.","potentialAction":[{"@type":"SearchAction","target":{"@type":"EntryPoint","urlTemplate":"https:\/\/michelle-beaudoin.com\/fr\/?s={search_term_string}"},"query-input":{"@type":"PropertyValueSpecification","valueRequired":true,"valueName":"search_term_string"}}],"inLanguage":"fr-FR"}]}},"_links":{"self":[{"href":"https:\/\/michelle-beaudoin.com\/fr\/wp-json\/wp\/v2\/product\/2885","targetHints":{"allow":["GET"]}}],"collection":[{"href":"https:\/\/michelle-beaudoin.com\/fr\/wp-json\/wp\/v2\/product"}],"about":[{"href":"https:\/\/michelle-beaudoin.com\/fr\/wp-json\/wp\/v2\/types\/product"}],"replies":[{"embeddable":true,"href":"https:\/\/michelle-beaudoin.com\/fr\/wp-json\/wp\/v2\/comments?post=2885"}],"wp:featuredmedia":[{"embeddable":true,"href":"https:\/\/michelle-beaudoin.com\/fr\/wp-json\/wp\/v2\/media\/2525"}],"wp:attachment":[{"href":"https:\/\/michelle-beaudoin.com\/fr\/wp-json\/wp\/v2\/media?parent=2885"}],"wp:term":[{"taxonomy":"product_brand","embeddable":true,"href":"https:\/\/michelle-beaudoin.com\/fr\/wp-json\/wp\/v2\/product_brand?post=2885"},{"taxonomy":"product_cat","embeddable":true,"href":"https:\/\/michelle-beaudoin.com\/fr\/wp-json\/wp\/v2\/product_cat?post=2885"},{"taxonomy":"product_tag","embeddable":true,"href":"https:\/\/michelle-beaudoin.com\/fr\/wp-json\/wp\/v2\/product_tag?post=2885"}],"curies":[{"name":"wp","href":"https:\/\/api.w.org\/{rel}","templated":true}]}}