{"id":2443,"date":"2016-07-01T16:11:23","date_gmt":"2016-07-01T20:11:23","guid":{"rendered":"http:\/\/michelle-beaudoin.com\/product\/la-vague-cadre-en-metal-aimants-vendus-separement\/"},"modified":"2026-02-19T14:14:42","modified_gmt":"2026-02-19T18:14:42","slug":"la-vague-cadre-en-metal","status":"publish","type":"product","link":"https:\/\/michelle-beaudoin.com\/fr\/produit\/la-vague-cadre-en-metal\/","title":{"rendered":"LA VAGUE, CADRE EN METAL (AIMANTS VENDUS SEPAREMENT)"},"content":{"rendered":"","protected":false},"excerpt":{"rendered":"<div class=\"\" data-richtextify-editable=\"true\">\n<p>Cadre magn\u00e9tique en acier bross\u00e9.<\/p>\n<p>Fabriqu\u00e9\u00a0\u00e0 la main dans notre atelier, ce cadre est pratique d\u2019utilisation et peut se personnaliser de mille fa\u00e7ons amusantes \u00e0 l\u2019aide de notre\u00a0large s\u00e9lection d\u2019aimants en \u00e9tain.<\/p>\n<ul>\n<li>Mat\u00e9riau: acier bross\u00e9.<\/li>\n<\/ul>\n<\/div>\n","protected":false},"featured_media":2456,"comment_status":"closed","ping_status":"closed","template":"","meta":{"_bbp_topic_count":0,"_bbp_reply_count":0,"_bbp_total_topic_count":0,"_bbp_total_reply_count":0,"_bbp_voice_count":0,"_bbp_anonymous_reply_count":0,"_bbp_topic_count_hidden":0,"_bbp_reply_count_hidden":0,"_bbp_forum_subforum_count":0},"product_brand":[],"product_cat":[9],"product_tag":[22,1579,25,21,26,1581,24,23,20,149,150],"class_list":{"0":"post-2443","1":"product","2":"type-product","3":"status-publish","4":"has-post-thumbnail","6":"product_cat-cadres","7":"product_tag-cadeau","8":"product_tag-gift-en-fr","9":"product_tag-fait-main","10":"product_tag-gift","11":"product_tag-handmade","12":"product_tag-magnetic-en-fr","13":"product_tag-magnetic","14":"product_tag-magnetique","15":"product_tag-metal","16":"product_tag-vague","17":"product_tag-wave","18":"product_shipping_class-tous-les-cadres","19":"pa_fini-charbon","20":"pa_fini-metal-brosse","21":"pa_grandeur-10-75-x-5-x-2","22":"pa_grandeur-13-50-x-9-x-2","24":"first","25":"instock","26":"taxable","27":"shipping-taxable","28":"purchasable","29":"product-type-variable","30":"has-default-attributes"},"yoast_head":"<!-- This site is optimized with the Yoast SEO plugin v27.1.1 - https:\/\/yoast.com\/product\/yoast-seo-wordpress\/ -->\n<title>LA VAGUE, CADRE EN METAL (AIMANTS VENDUS SEPAREMENT) - Michelle Beaudoin<\/title>\n<meta name=\"robots\" content=\"index, follow, max-snippet:-1, max-image-preview:large, max-video-preview:-1\" \/>\n<link rel=\"canonical\" href=\"https:\/\/michelle-beaudoin.com\/fr\/produit\/la-vague-cadre-en-metal\/\" \/>\n<meta property=\"og:locale\" content=\"fr_FR\" \/>\n<meta property=\"og:type\" content=\"article\" \/>\n<meta property=\"og:title\" content=\"LA VAGUE, CADRE EN METAL (AIMANTS VENDUS SEPAREMENT) - Michelle Beaudoin\" \/>\n<meta property=\"og:description\" content=\"Cadre magn\u00e9tique en acier bross\u00e9.  Fabriqu\u00e9\u00a0\u00e0 la main dans notre atelier, ce cadre est pratique d\u2019utilisation et peut se personnaliser de mille fa\u00e7ons amusantes \u00e0 l\u2019aide de notre\u00a0large s\u00e9lection d\u2019aimants en \u00e9tain.   Mat\u00e9riau: acier bross\u00e9.\" \/>\n<meta property=\"og:url\" content=\"https:\/\/michelle-beaudoin.com\/fr\/produit\/la-vague-cadre-en-metal\/\" \/>\n<meta property=\"og:site_name\" content=\"Michelle Beaudoin\" \/>\n<meta property=\"article:modified_time\" content=\"2026-02-19T18:14:42+00:00\" \/>\n<meta property=\"og:image\" content=\"https:\/\/michelle-beaudoin.com\/wp-content\/uploads\/2016\/07\/la-vague-cadre-en-metal-aimants-vendus-separement-13-50-x-9-x-2-metal-brosse.jpg\" \/>\n\t<meta property=\"og:image:width\" content=\"1200\" \/>\n\t<meta property=\"og:image:height\" content=\"795\" \/>\n\t<meta property=\"og:image:type\" content=\"image\/jpeg\" \/>\n<meta name=\"twitter:card\" content=\"summary_large_image\" \/>\n<script type=\"application\/ld+json\" class=\"yoast-schema-graph\">{\"@context\":\"https:\/\/schema.org\",\"@graph\":[{\"@type\":\"WebPage\",\"@id\":\"https:\/\/michelle-beaudoin.com\/fr\/produit\/la-vague-cadre-en-metal\/\",\"url\":\"https:\/\/michelle-beaudoin.com\/fr\/produit\/la-vague-cadre-en-metal\/\",\"name\":\"LA VAGUE, CADRE EN METAL (AIMANTS VENDUS SEPAREMENT) - Michelle Beaudoin\",\"isPartOf\":{\"@id\":\"https:\/\/michelle-beaudoin.com\/fr\/#website\"},\"primaryImageOfPage\":{\"@id\":\"https:\/\/michelle-beaudoin.com\/fr\/produit\/la-vague-cadre-en-metal\/#primaryimage\"},\"image\":{\"@id\":\"https:\/\/michelle-beaudoin.com\/fr\/produit\/la-vague-cadre-en-metal\/#primaryimage\"},\"thumbnailUrl\":\"https:\/\/michelle-beaudoin.com\/wp-content\/uploads\/2016\/07\/la-vague-cadre-en-metal-aimants-vendus-separement-13-50-x-9-x-2-metal-brosse.jpg\",\"datePublished\":\"2016-07-01T20:11:23+00:00\",\"dateModified\":\"2026-02-19T18:14:42+00:00\",\"breadcrumb\":{\"@id\":\"https:\/\/michelle-beaudoin.com\/fr\/produit\/la-vague-cadre-en-metal\/#breadcrumb\"},\"inLanguage\":\"fr-FR\",\"potentialAction\":[{\"@type\":\"ReadAction\",\"target\":[\"https:\/\/michelle-beaudoin.com\/fr\/produit\/la-vague-cadre-en-metal\/\"]}]},{\"@type\":\"ImageObject\",\"inLanguage\":\"fr-FR\",\"@id\":\"https:\/\/michelle-beaudoin.com\/fr\/produit\/la-vague-cadre-en-metal\/#primaryimage\",\"url\":\"https:\/\/michelle-beaudoin.com\/wp-content\/uploads\/2016\/07\/la-vague-cadre-en-metal-aimants-vendus-separement-13-50-x-9-x-2-metal-brosse.jpg\",\"contentUrl\":\"https:\/\/michelle-beaudoin.com\/wp-content\/uploads\/2016\/07\/la-vague-cadre-en-metal-aimants-vendus-separement-13-50-x-9-x-2-metal-brosse.jpg\",\"width\":1200,\"height\":795},{\"@type\":\"BreadcrumbList\",\"@id\":\"https:\/\/michelle-beaudoin.com\/fr\/produit\/la-vague-cadre-en-metal\/#breadcrumb\",\"itemListElement\":[{\"@type\":\"ListItem\",\"position\":1,\"name\":\"Accueil\",\"item\":\"https:\/\/michelle-beaudoin.com\/fr\/\"},{\"@type\":\"ListItem\",\"position\":2,\"name\":\"Boutique Accueil\",\"item\":\"https:\/\/michelle-beaudoin.com\/fr\/boutique-accueil\/\"},{\"@type\":\"ListItem\",\"position\":3,\"name\":\"LA VAGUE, CADRE EN METAL (AIMANTS VENDUS SEPAREMENT)\"}]},{\"@type\":\"WebSite\",\"@id\":\"https:\/\/michelle-beaudoin.com\/fr\/#website\",\"url\":\"https:\/\/michelle-beaudoin.com\/fr\/\",\"name\":\"Michelle Beaudoin\",\"description\":\"De son atelier situ&eacute; au c&oelig;ur d&rsquo;un quartier historique de Montr&eacute;al, Michelle Beaudoin con&ccedil;oit et r&eacute;alise des objets d&eacute;coratifs uniques en leur genre.\",\"potentialAction\":[{\"@type\":\"SearchAction\",\"target\":{\"@type\":\"EntryPoint\",\"urlTemplate\":\"https:\/\/michelle-beaudoin.com\/fr\/?s={search_term_string}\"},\"query-input\":{\"@type\":\"PropertyValueSpecification\",\"valueRequired\":true,\"valueName\":\"search_term_string\"}}],\"inLanguage\":\"fr-FR\"}]}<\/script>\n<!-- \/ Yoast SEO plugin. -->","yoast_head_json":{"title":"LA VAGUE, CADRE EN METAL (AIMANTS VENDUS SEPAREMENT) - Michelle Beaudoin","robots":{"index":"index","follow":"follow","max-snippet":"max-snippet:-1","max-image-preview":"max-image-preview:large","max-video-preview":"max-video-preview:-1"},"canonical":"https:\/\/michelle-beaudoin.com\/fr\/produit\/la-vague-cadre-en-metal\/","og_locale":"fr_FR","og_type":"article","og_title":"LA VAGUE, CADRE EN METAL (AIMANTS VENDUS SEPAREMENT) - Michelle Beaudoin","og_description":"Cadre magn\u00e9tique en acier bross\u00e9.  Fabriqu\u00e9\u00a0\u00e0 la main dans notre atelier, ce cadre est pratique d\u2019utilisation et peut se personnaliser de mille fa\u00e7ons amusantes \u00e0 l\u2019aide de notre\u00a0large s\u00e9lection d\u2019aimants en \u00e9tain.   Mat\u00e9riau: acier bross\u00e9.","og_url":"https:\/\/michelle-beaudoin.com\/fr\/produit\/la-vague-cadre-en-metal\/","og_site_name":"Michelle Beaudoin","article_modified_time":"2026-02-19T18:14:42+00:00","og_image":[{"width":1200,"height":795,"url":"https:\/\/michelle-beaudoin.com\/wp-content\/uploads\/2016\/07\/la-vague-cadre-en-metal-aimants-vendus-separement-13-50-x-9-x-2-metal-brosse.jpg","type":"image\/jpeg"}],"twitter_card":"summary_large_image","schema":{"@context":"https:\/\/schema.org","@graph":[{"@type":"WebPage","@id":"https:\/\/michelle-beaudoin.com\/fr\/produit\/la-vague-cadre-en-metal\/","url":"https:\/\/michelle-beaudoin.com\/fr\/produit\/la-vague-cadre-en-metal\/","name":"LA VAGUE, CADRE EN METAL (AIMANTS VENDUS SEPAREMENT) - Michelle Beaudoin","isPartOf":{"@id":"https:\/\/michelle-beaudoin.com\/fr\/#website"},"primaryImageOfPage":{"@id":"https:\/\/michelle-beaudoin.com\/fr\/produit\/la-vague-cadre-en-metal\/#primaryimage"},"image":{"@id":"https:\/\/michelle-beaudoin.com\/fr\/produit\/la-vague-cadre-en-metal\/#primaryimage"},"thumbnailUrl":"https:\/\/michelle-beaudoin.com\/wp-content\/uploads\/2016\/07\/la-vague-cadre-en-metal-aimants-vendus-separement-13-50-x-9-x-2-metal-brosse.jpg","datePublished":"2016-07-01T20:11:23+00:00","dateModified":"2026-02-19T18:14:42+00:00","breadcrumb":{"@id":"https:\/\/michelle-beaudoin.com\/fr\/produit\/la-vague-cadre-en-metal\/#breadcrumb"},"inLanguage":"fr-FR","potentialAction":[{"@type":"ReadAction","target":["https:\/\/michelle-beaudoin.com\/fr\/produit\/la-vague-cadre-en-metal\/"]}]},{"@type":"ImageObject","inLanguage":"fr-FR","@id":"https:\/\/michelle-beaudoin.com\/fr\/produit\/la-vague-cadre-en-metal\/#primaryimage","url":"https:\/\/michelle-beaudoin.com\/wp-content\/uploads\/2016\/07\/la-vague-cadre-en-metal-aimants-vendus-separement-13-50-x-9-x-2-metal-brosse.jpg","contentUrl":"https:\/\/michelle-beaudoin.com\/wp-content\/uploads\/2016\/07\/la-vague-cadre-en-metal-aimants-vendus-separement-13-50-x-9-x-2-metal-brosse.jpg","width":1200,"height":795},{"@type":"BreadcrumbList","@id":"https:\/\/michelle-beaudoin.com\/fr\/produit\/la-vague-cadre-en-metal\/#breadcrumb","itemListElement":[{"@type":"ListItem","position":1,"name":"Accueil","item":"https:\/\/michelle-beaudoin.com\/fr\/"},{"@type":"ListItem","position":2,"name":"Boutique Accueil","item":"https:\/\/michelle-beaudoin.com\/fr\/boutique-accueil\/"},{"@type":"ListItem","position":3,"name":"LA VAGUE, CADRE EN METAL (AIMANTS VENDUS SEPAREMENT)"}]},{"@type":"WebSite","@id":"https:\/\/michelle-beaudoin.com\/fr\/#website","url":"https:\/\/michelle-beaudoin.com\/fr\/","name":"Michelle Beaudoin","description":"De son atelier situ&eacute; au c&oelig;ur d&rsquo;un quartier historique de Montr&eacute;al, Michelle Beaudoin con&ccedil;oit et r&eacute;alise des objets d&eacute;coratifs uniques en leur genre.","potentialAction":[{"@type":"SearchAction","target":{"@type":"EntryPoint","urlTemplate":"https:\/\/michelle-beaudoin.com\/fr\/?s={search_term_string}"},"query-input":{"@type":"PropertyValueSpecification","valueRequired":true,"valueName":"search_term_string"}}],"inLanguage":"fr-FR"}]}},"_links":{"self":[{"href":"https:\/\/michelle-beaudoin.com\/fr\/wp-json\/wp\/v2\/product\/2443","targetHints":{"allow":["GET"]}}],"collection":[{"href":"https:\/\/michelle-beaudoin.com\/fr\/wp-json\/wp\/v2\/product"}],"about":[{"href":"https:\/\/michelle-beaudoin.com\/fr\/wp-json\/wp\/v2\/types\/product"}],"replies":[{"embeddable":true,"href":"https:\/\/michelle-beaudoin.com\/fr\/wp-json\/wp\/v2\/comments?post=2443"}],"wp:featuredmedia":[{"embeddable":true,"href":"https:\/\/michelle-beaudoin.com\/fr\/wp-json\/wp\/v2\/media\/2456"}],"wp:attachment":[{"href":"https:\/\/michelle-beaudoin.com\/fr\/wp-json\/wp\/v2\/media?parent=2443"}],"wp:term":[{"taxonomy":"product_brand","embeddable":true,"href":"https:\/\/michelle-beaudoin.com\/fr\/wp-json\/wp\/v2\/product_brand?post=2443"},{"taxonomy":"product_cat","embeddable":true,"href":"https:\/\/michelle-beaudoin.com\/fr\/wp-json\/wp\/v2\/product_cat?post=2443"},{"taxonomy":"product_tag","embeddable":true,"href":"https:\/\/michelle-beaudoin.com\/fr\/wp-json\/wp\/v2\/product_tag?post=2443"}],"curies":[{"name":"wp","href":"https:\/\/api.w.org\/{rel}","templated":true}]}}