{"id":12172,"date":"2021-06-20T16:44:55","date_gmt":"2021-06-20T20:44:55","guid":{"rendered":"https:\/\/michelle-beaudoin.com\/?post_type=product&#038;p=12172"},"modified":"2025-02-16T13:50:57","modified_gmt":"2025-02-16T17:50:57","slug":"sous-verre-sous-plat-ornement-fleur-2","status":"publish","type":"product","link":"https:\/\/michelle-beaudoin.com\/fr\/produit\/sous-verre-sous-plat-ornement-fleur-2\/","title":{"rendered":"SOUS-VERRE, SOUS-PLAT &#038; ORNEMENT FLEUR"},"content":{"rendered":"","protected":false},"excerpt":{"rendered":"<p>Un objet, trois utilisations : sous-verre, sous-plat et ornement.<\/p>\n<p>Fabrication artisanale selon la technique du coulage de l&rsquo;\u00e9tain.<\/p>\n<p>En ornement, il est recommand\u00e9 d&rsquo;utiliser le ruban fourni pour suspendre votre d\u00e9coration.<\/p>\n<p>En sous-verre ou sous-plat, il est recommand\u00e9 d&rsquo;utiliser les butoirs fournis pour une meilleure adh\u00e9rence et protection.<\/p>\n<p>Entre 3 et 4 pouces toutes dimensions confondues.<\/p>\n<p>Fait-main \u00e0 Montr\u00e9al.<\/p>\n","protected":false},"featured_media":12174,"comment_status":"open","ping_status":"closed","template":"","meta":{"_bbp_topic_count":0,"_bbp_reply_count":0,"_bbp_total_topic_count":0,"_bbp_total_reply_count":0,"_bbp_voice_count":0,"_bbp_anonymous_reply_count":0,"_bbp_topic_count_hidden":0,"_bbp_reply_count_hidden":0,"_bbp_forum_subforum_count":0},"product_brand":[],"product_cat":[2863],"product_tag":[2886,2887,2885,2874,2873,2904,2872],"class_list":{"0":"post-12172","1":"product","2":"type-product","3":"status-publish","4":"has-post-thumbnail","6":"product_cat-sous-verres-sous-plats-ornements","7":"product_tag-ornement-etain","8":"product_tag-ornement-metal","9":"product_tag-sous-plat-etain","10":"product_tag-sous-plat-metal","11":"product_tag-sous-verre-etain","12":"product_tag-sous-verre-fleur","13":"product_tag-sous-verre-metal","14":"product_shipping_class-crochets-aimants-longs-forts-ba5","16":"first","17":"instock","18":"taxable","19":"shipping-taxable","20":"purchasable","21":"product-type-simple"},"yoast_head":"<!-- This site is optimized with the Yoast SEO plugin v27.1.1 - https:\/\/yoast.com\/product\/yoast-seo-wordpress\/ -->\n<title>SOUS-VERRE, SOUS-PLAT &amp; ORNEMENT FLEUR - Michelle Beaudoin<\/title>\n<meta name=\"robots\" content=\"index, follow, max-snippet:-1, max-image-preview:large, max-video-preview:-1\" \/>\n<link rel=\"canonical\" href=\"https:\/\/michelle-beaudoin.com\/fr\/produit\/sous-verre-sous-plat-ornement-fleur-2\/\" \/>\n<meta property=\"og:locale\" content=\"fr_FR\" \/>\n<meta property=\"og:type\" content=\"article\" \/>\n<meta property=\"og:title\" content=\"SOUS-VERRE, SOUS-PLAT &amp; ORNEMENT FLEUR - Michelle Beaudoin\" \/>\n<meta property=\"og:description\" content=\"Un objet, trois utilisations : sous-verre, sous-plat et ornement.  Fabrication artisanale selon la technique du coulage de l&#039;\u00e9tain.  En ornement, il est recommand\u00e9 d&#039;utiliser le ruban fourni pour suspendre votre d\u00e9coration.  En sous-verre ou sous-plat, il est recommand\u00e9 d&#039;utiliser les butoirs fournis pour une meilleure adh\u00e9rence et protection.  Entre 3 et 4 pouces toutes dimensions confondues.  Fait-main \u00e0 Montr\u00e9al.\" \/>\n<meta property=\"og:url\" content=\"https:\/\/michelle-beaudoin.com\/fr\/produit\/sous-verre-sous-plat-ornement-fleur-2\/\" \/>\n<meta property=\"og:site_name\" content=\"Michelle Beaudoin\" \/>\n<meta property=\"article:modified_time\" content=\"2025-02-16T17:50:57+00:00\" \/>\n<meta property=\"og:image\" content=\"https:\/\/michelle-beaudoin.com\/wp-content\/uploads\/2021\/06\/IMG_6318-1-scaled.jpg\" \/>\n\t<meta property=\"og:image:width\" content=\"2560\" \/>\n\t<meta property=\"og:image:height\" content=\"2560\" \/>\n\t<meta property=\"og:image:type\" content=\"image\/jpeg\" \/>\n<meta name=\"twitter:card\" content=\"summary_large_image\" \/>\n<script type=\"application\/ld+json\" class=\"yoast-schema-graph\">{\"@context\":\"https:\/\/schema.org\",\"@graph\":[{\"@type\":\"WebPage\",\"@id\":\"https:\/\/michelle-beaudoin.com\/fr\/produit\/sous-verre-sous-plat-ornement-fleur-2\/\",\"url\":\"https:\/\/michelle-beaudoin.com\/fr\/produit\/sous-verre-sous-plat-ornement-fleur-2\/\",\"name\":\"SOUS-VERRE, SOUS-PLAT & ORNEMENT FLEUR - Michelle Beaudoin\",\"isPartOf\":{\"@id\":\"https:\/\/michelle-beaudoin.com\/fr\/#website\"},\"primaryImageOfPage\":{\"@id\":\"https:\/\/michelle-beaudoin.com\/fr\/produit\/sous-verre-sous-plat-ornement-fleur-2\/#primaryimage\"},\"image\":{\"@id\":\"https:\/\/michelle-beaudoin.com\/fr\/produit\/sous-verre-sous-plat-ornement-fleur-2\/#primaryimage\"},\"thumbnailUrl\":\"https:\/\/michelle-beaudoin.com\/wp-content\/uploads\/2021\/06\/IMG_6318-1-scaled.jpg\",\"datePublished\":\"2021-06-20T20:44:55+00:00\",\"dateModified\":\"2025-02-16T17:50:57+00:00\",\"breadcrumb\":{\"@id\":\"https:\/\/michelle-beaudoin.com\/fr\/produit\/sous-verre-sous-plat-ornement-fleur-2\/#breadcrumb\"},\"inLanguage\":\"fr-FR\",\"potentialAction\":[{\"@type\":\"ReadAction\",\"target\":[\"https:\/\/michelle-beaudoin.com\/fr\/produit\/sous-verre-sous-plat-ornement-fleur-2\/\"]}]},{\"@type\":\"ImageObject\",\"inLanguage\":\"fr-FR\",\"@id\":\"https:\/\/michelle-beaudoin.com\/fr\/produit\/sous-verre-sous-plat-ornement-fleur-2\/#primaryimage\",\"url\":\"https:\/\/michelle-beaudoin.com\/wp-content\/uploads\/2021\/06\/IMG_6318-1-scaled.jpg\",\"contentUrl\":\"https:\/\/michelle-beaudoin.com\/wp-content\/uploads\/2021\/06\/IMG_6318-1-scaled.jpg\",\"width\":2560,\"height\":2560},{\"@type\":\"BreadcrumbList\",\"@id\":\"https:\/\/michelle-beaudoin.com\/fr\/produit\/sous-verre-sous-plat-ornement-fleur-2\/#breadcrumb\",\"itemListElement\":[{\"@type\":\"ListItem\",\"position\":1,\"name\":\"Accueil\",\"item\":\"https:\/\/michelle-beaudoin.com\/fr\/\"},{\"@type\":\"ListItem\",\"position\":2,\"name\":\"Boutique Accueil\",\"item\":\"https:\/\/michelle-beaudoin.com\/fr\/boutique-accueil\/\"},{\"@type\":\"ListItem\",\"position\":3,\"name\":\"SOUS-VERRE, SOUS-PLAT &#038; ORNEMENT FLEUR\"}]},{\"@type\":\"WebSite\",\"@id\":\"https:\/\/michelle-beaudoin.com\/fr\/#website\",\"url\":\"https:\/\/michelle-beaudoin.com\/fr\/\",\"name\":\"Michelle Beaudoin\",\"description\":\"De son atelier situ&eacute; au c&oelig;ur d&rsquo;un quartier historique de Montr&eacute;al, Michelle Beaudoin con&ccedil;oit et r&eacute;alise des objets d&eacute;coratifs uniques en leur genre.\",\"potentialAction\":[{\"@type\":\"SearchAction\",\"target\":{\"@type\":\"EntryPoint\",\"urlTemplate\":\"https:\/\/michelle-beaudoin.com\/fr\/?s={search_term_string}\"},\"query-input\":{\"@type\":\"PropertyValueSpecification\",\"valueRequired\":true,\"valueName\":\"search_term_string\"}}],\"inLanguage\":\"fr-FR\"}]}<\/script>\n<!-- \/ Yoast SEO plugin. -->","yoast_head_json":{"title":"SOUS-VERRE, SOUS-PLAT & ORNEMENT FLEUR - Michelle Beaudoin","robots":{"index":"index","follow":"follow","max-snippet":"max-snippet:-1","max-image-preview":"max-image-preview:large","max-video-preview":"max-video-preview:-1"},"canonical":"https:\/\/michelle-beaudoin.com\/fr\/produit\/sous-verre-sous-plat-ornement-fleur-2\/","og_locale":"fr_FR","og_type":"article","og_title":"SOUS-VERRE, SOUS-PLAT & ORNEMENT FLEUR - Michelle Beaudoin","og_description":"Un objet, trois utilisations : sous-verre, sous-plat et ornement.  Fabrication artisanale selon la technique du coulage de l'\u00e9tain.  En ornement, il est recommand\u00e9 d'utiliser le ruban fourni pour suspendre votre d\u00e9coration.  En sous-verre ou sous-plat, il est recommand\u00e9 d'utiliser les butoirs fournis pour une meilleure adh\u00e9rence et protection.  Entre 3 et 4 pouces toutes dimensions confondues.  Fait-main \u00e0 Montr\u00e9al.","og_url":"https:\/\/michelle-beaudoin.com\/fr\/produit\/sous-verre-sous-plat-ornement-fleur-2\/","og_site_name":"Michelle Beaudoin","article_modified_time":"2025-02-16T17:50:57+00:00","og_image":[{"width":2560,"height":2560,"url":"https:\/\/michelle-beaudoin.com\/wp-content\/uploads\/2021\/06\/IMG_6318-1-scaled.jpg","type":"image\/jpeg"}],"twitter_card":"summary_large_image","schema":{"@context":"https:\/\/schema.org","@graph":[{"@type":"WebPage","@id":"https:\/\/michelle-beaudoin.com\/fr\/produit\/sous-verre-sous-plat-ornement-fleur-2\/","url":"https:\/\/michelle-beaudoin.com\/fr\/produit\/sous-verre-sous-plat-ornement-fleur-2\/","name":"SOUS-VERRE, SOUS-PLAT & ORNEMENT FLEUR - Michelle Beaudoin","isPartOf":{"@id":"https:\/\/michelle-beaudoin.com\/fr\/#website"},"primaryImageOfPage":{"@id":"https:\/\/michelle-beaudoin.com\/fr\/produit\/sous-verre-sous-plat-ornement-fleur-2\/#primaryimage"},"image":{"@id":"https:\/\/michelle-beaudoin.com\/fr\/produit\/sous-verre-sous-plat-ornement-fleur-2\/#primaryimage"},"thumbnailUrl":"https:\/\/michelle-beaudoin.com\/wp-content\/uploads\/2021\/06\/IMG_6318-1-scaled.jpg","datePublished":"2021-06-20T20:44:55+00:00","dateModified":"2025-02-16T17:50:57+00:00","breadcrumb":{"@id":"https:\/\/michelle-beaudoin.com\/fr\/produit\/sous-verre-sous-plat-ornement-fleur-2\/#breadcrumb"},"inLanguage":"fr-FR","potentialAction":[{"@type":"ReadAction","target":["https:\/\/michelle-beaudoin.com\/fr\/produit\/sous-verre-sous-plat-ornement-fleur-2\/"]}]},{"@type":"ImageObject","inLanguage":"fr-FR","@id":"https:\/\/michelle-beaudoin.com\/fr\/produit\/sous-verre-sous-plat-ornement-fleur-2\/#primaryimage","url":"https:\/\/michelle-beaudoin.com\/wp-content\/uploads\/2021\/06\/IMG_6318-1-scaled.jpg","contentUrl":"https:\/\/michelle-beaudoin.com\/wp-content\/uploads\/2021\/06\/IMG_6318-1-scaled.jpg","width":2560,"height":2560},{"@type":"BreadcrumbList","@id":"https:\/\/michelle-beaudoin.com\/fr\/produit\/sous-verre-sous-plat-ornement-fleur-2\/#breadcrumb","itemListElement":[{"@type":"ListItem","position":1,"name":"Accueil","item":"https:\/\/michelle-beaudoin.com\/fr\/"},{"@type":"ListItem","position":2,"name":"Boutique Accueil","item":"https:\/\/michelle-beaudoin.com\/fr\/boutique-accueil\/"},{"@type":"ListItem","position":3,"name":"SOUS-VERRE, SOUS-PLAT &#038; ORNEMENT FLEUR"}]},{"@type":"WebSite","@id":"https:\/\/michelle-beaudoin.com\/fr\/#website","url":"https:\/\/michelle-beaudoin.com\/fr\/","name":"Michelle Beaudoin","description":"De son atelier situ&eacute; au c&oelig;ur d&rsquo;un quartier historique de Montr&eacute;al, Michelle Beaudoin con&ccedil;oit et r&eacute;alise des objets d&eacute;coratifs uniques en leur genre.","potentialAction":[{"@type":"SearchAction","target":{"@type":"EntryPoint","urlTemplate":"https:\/\/michelle-beaudoin.com\/fr\/?s={search_term_string}"},"query-input":{"@type":"PropertyValueSpecification","valueRequired":true,"valueName":"search_term_string"}}],"inLanguage":"fr-FR"}]}},"_links":{"self":[{"href":"https:\/\/michelle-beaudoin.com\/fr\/wp-json\/wp\/v2\/product\/12172","targetHints":{"allow":["GET"]}}],"collection":[{"href":"https:\/\/michelle-beaudoin.com\/fr\/wp-json\/wp\/v2\/product"}],"about":[{"href":"https:\/\/michelle-beaudoin.com\/fr\/wp-json\/wp\/v2\/types\/product"}],"replies":[{"embeddable":true,"href":"https:\/\/michelle-beaudoin.com\/fr\/wp-json\/wp\/v2\/comments?post=12172"}],"wp:featuredmedia":[{"embeddable":true,"href":"https:\/\/michelle-beaudoin.com\/fr\/wp-json\/wp\/v2\/media\/12174"}],"wp:attachment":[{"href":"https:\/\/michelle-beaudoin.com\/fr\/wp-json\/wp\/v2\/media?parent=12172"}],"wp:term":[{"taxonomy":"product_brand","embeddable":true,"href":"https:\/\/michelle-beaudoin.com\/fr\/wp-json\/wp\/v2\/product_brand?post=12172"},{"taxonomy":"product_cat","embeddable":true,"href":"https:\/\/michelle-beaudoin.com\/fr\/wp-json\/wp\/v2\/product_cat?post=12172"},{"taxonomy":"product_tag","embeddable":true,"href":"https:\/\/michelle-beaudoin.com\/fr\/wp-json\/wp\/v2\/product_tag?post=12172"}],"curies":[{"name":"wp","href":"https:\/\/api.w.org\/{rel}","templated":true}]}}