{"id":12016,"date":"2021-05-11T21:01:38","date_gmt":"2021-05-12T01:01:38","guid":{"rendered":"https:\/\/michelle-beaudoin.com\/?post_type=product&#038;p=12016"},"modified":"2021-05-11T22:21:09","modified_gmt":"2021-05-12T02:21:09","slug":"organisateur-dentree","status":"publish","type":"product","link":"https:\/\/michelle-beaudoin.com\/fr\/produit\/organisateur-dentree\/","title":{"rendered":"TABLEAU MAGN\u00c9TIQUE-ORGANISATEUR D&rsquo;ENTR\u00c9E"},"content":{"rendered":"<p>Cet organisateur multi-t\u00e2ches est fait de m\u00e9tal bross\u00e9 \u00e0 la main avec 2  ou 3 aimants pour disposer vos cl\u00e9s . Utile pour votre courrier, notes, listes. <\/p>\n<p>Mini \u00e9tag\u00e8re pouvant contenir un t\u00e9l\u00e9phone, des lunettes, etc. et un grand aimant d\u00e9coratif en \u00e9tain moul\u00e9 \u00e0 la main.<\/p>\n<p>Mat\u00e9riel d&rsquo;installation inclus<\/p>\n<p>Hauteur 38cm X Largeur 22cm X Profondeur 5cm<br \/>\nHauteur 33cm X Largeur 13cm x Profondeur 5 cm<\/p>\n","protected":false},"excerpt":{"rendered":"<p>Cet organisateur multi-t\u00e2ches est fait de m\u00e9tal bross\u00e9 \u00e0 la main avec 2  ou 3 aimants pour disposer vos cl\u00e9s . Utile pour votre courrier, notes, listes. <\/p>\n<p>Mini \u00e9tag\u00e8re pouvant contenir un t\u00e9l\u00e9phone, des lunettes, etc. et un grand aimant d\u00e9coratif en \u00e9tain moul\u00e9 \u00e0 la main.<\/p>\n<p>Mat\u00e9riel d&rsquo;installation inclus<\/p>\n<p>Hauteur 38cm X Largeur 22cm X Profondeur 5cm<br \/>\nHauteur 33cm X Largeur 13cm x PProfondeur 5 cm<\/p>\n","protected":false},"featured_media":12023,"comment_status":"closed","ping_status":"closed","template":"","meta":{"_bbp_topic_count":0,"_bbp_reply_count":0,"_bbp_total_topic_count":0,"_bbp_total_reply_count":0,"_bbp_voice_count":0,"_bbp_anonymous_reply_count":0,"_bbp_topic_count_hidden":0,"_bbp_reply_count_hidden":0,"_bbp_forum_subforum_count":0},"product_brand":[],"product_cat":[1259],"product_tag":[18,40,19,68,26,24,20],"class_list":{"0":"post-12016","1":"product","2":"type-product","3":"status-publish","4":"has-post-thumbnail","6":"product_cat-babillards-magnetiques","7":"product_tag-acier-brosse","8":"product_tag-board","9":"product_tag-brushed-steel","10":"product_tag-classique","11":"product_tag-handmade","12":"product_tag-magnetic","13":"product_tag-metal","14":"pa_option-33-x-13-x-5-cm-coeur","15":"pa_option-33-x-13-x-5-cm-feuille","16":"pa_option-33-x-13-x-5-cm-oiseau","17":"pa_option-38-x-22-x-5-cm-coeur","18":"pa_option-38-x-22-x-5-cm-feuille","19":"pa_option-38-x-22-x-5-cm-oiseau","21":"first","22":"instock","23":"taxable","24":"shipping-taxable","25":"purchasable","26":"product-type-variable"},"yoast_head":"<!-- This site is optimized with the Yoast SEO plugin v27.1.1 - https:\/\/yoast.com\/product\/yoast-seo-wordpress\/ -->\n<title>TABLEAU MAGN\u00c9TIQUE-ORGANISATEUR D&#039;ENTR\u00c9E - Michelle Beaudoin<\/title>\n<meta name=\"description\" content=\"Cet organisateur multi-t\u00e2ches est fait de m\u00e9tal bross\u00e9 \u00e0 la main avec 2 ou 3 aimants pour disposer vos cl\u00e9s . Utile pour votre courrier, notes, listes. Mini \u00e9tag\u00e8re pouvant contenir un t\u00e9l\u00e9phone, des lunettes, etc. et un grand aimant d\u00e9coratif en \u00e9tain moul\u00e9 \u00e0 la main.Mat\u00e9riel d&#039;installation inclusHauteur 38cm X Largeur 22cm X Profondeur 5cm Hauteur 33cm X Largeur 13cm x Profondeur 5 cm\" \/>\n<meta name=\"robots\" content=\"index, follow, max-snippet:-1, max-image-preview:large, max-video-preview:-1\" \/>\n<link rel=\"canonical\" href=\"https:\/\/michelle-beaudoin.com\/fr\/produit\/organisateur-dentree\/\" \/>\n<meta property=\"og:locale\" content=\"fr_FR\" \/>\n<meta property=\"og:type\" content=\"article\" \/>\n<meta property=\"og:title\" content=\"TABLEAU MAGN\u00c9TIQUE-ORGANISATEUR D&#039;ENTR\u00c9E - Michelle Beaudoin\" \/>\n<meta property=\"og:description\" content=\"Cet organisateur multi-t\u00e2ches est fait de m\u00e9tal bross\u00e9 \u00e0 la main avec 2 ou 3 aimants pour disposer vos cl\u00e9s . Utile pour votre courrier, notes, listes. Mini \u00e9tag\u00e8re pouvant contenir un t\u00e9l\u00e9phone, des lunettes, etc. et un grand aimant d\u00e9coratif en \u00e9tain moul\u00e9 \u00e0 la main.Mat\u00e9riel d&#039;installation inclusHauteur 38cm X Largeur 22cm X Profondeur 5cm Hauteur 33cm X Largeur 13cm x Profondeur 5 cm\" \/>\n<meta property=\"og:url\" content=\"https:\/\/michelle-beaudoin.com\/fr\/produit\/organisateur-dentree\/\" \/>\n<meta property=\"og:site_name\" content=\"Michelle Beaudoin\" \/>\n<meta property=\"article:modified_time\" content=\"2021-05-12T02:21:09+00:00\" \/>\n<meta property=\"og:image\" content=\"https:\/\/michelle-beaudoin.com\/wp-content\/uploads\/2021\/05\/IMG_7709-scaled.jpg\" \/>\n\t<meta property=\"og:image:width\" content=\"2560\" \/>\n\t<meta property=\"og:image:height\" content=\"2558\" \/>\n\t<meta property=\"og:image:type\" content=\"image\/jpeg\" \/>\n<meta name=\"twitter:card\" content=\"summary_large_image\" \/>\n<script type=\"application\/ld+json\" class=\"yoast-schema-graph\">{\"@context\":\"https:\/\/schema.org\",\"@graph\":[{\"@type\":\"WebPage\",\"@id\":\"https:\/\/michelle-beaudoin.com\/fr\/produit\/organisateur-dentree\/\",\"url\":\"https:\/\/michelle-beaudoin.com\/fr\/produit\/organisateur-dentree\/\",\"name\":\"TABLEAU MAGN\u00c9TIQUE-ORGANISATEUR D'ENTR\u00c9E - Michelle Beaudoin\",\"isPartOf\":{\"@id\":\"https:\/\/michelle-beaudoin.com\/fr\/#website\"},\"primaryImageOfPage\":{\"@id\":\"https:\/\/michelle-beaudoin.com\/fr\/produit\/organisateur-dentree\/#primaryimage\"},\"image\":{\"@id\":\"https:\/\/michelle-beaudoin.com\/fr\/produit\/organisateur-dentree\/#primaryimage\"},\"thumbnailUrl\":\"https:\/\/michelle-beaudoin.com\/wp-content\/uploads\/2021\/05\/IMG_7709-scaled.jpg\",\"datePublished\":\"2021-05-12T01:01:38+00:00\",\"dateModified\":\"2021-05-12T02:21:09+00:00\",\"description\":\"Cet organisateur multi-t\u00e2ches est fait de m\u00e9tal bross\u00e9 \u00e0 la main avec 2 ou 3 aimants pour disposer vos cl\u00e9s . Utile pour votre courrier, notes, listes. Mini \u00e9tag\u00e8re pouvant contenir un t\u00e9l\u00e9phone, des lunettes, etc. et un grand aimant d\u00e9coratif en \u00e9tain moul\u00e9 \u00e0 la main.Mat\u00e9riel d'installation inclusHauteur 38cm X Largeur 22cm X Profondeur 5cm Hauteur 33cm X Largeur 13cm x Profondeur 5 cm\",\"breadcrumb\":{\"@id\":\"https:\/\/michelle-beaudoin.com\/fr\/produit\/organisateur-dentree\/#breadcrumb\"},\"inLanguage\":\"fr-FR\",\"potentialAction\":[{\"@type\":\"ReadAction\",\"target\":[\"https:\/\/michelle-beaudoin.com\/fr\/produit\/organisateur-dentree\/\"]}]},{\"@type\":\"ImageObject\",\"inLanguage\":\"fr-FR\",\"@id\":\"https:\/\/michelle-beaudoin.com\/fr\/produit\/organisateur-dentree\/#primaryimage\",\"url\":\"https:\/\/michelle-beaudoin.com\/wp-content\/uploads\/2021\/05\/IMG_7709-scaled.jpg\",\"contentUrl\":\"https:\/\/michelle-beaudoin.com\/wp-content\/uploads\/2021\/05\/IMG_7709-scaled.jpg\",\"width\":2560,\"height\":2558},{\"@type\":\"BreadcrumbList\",\"@id\":\"https:\/\/michelle-beaudoin.com\/fr\/produit\/organisateur-dentree\/#breadcrumb\",\"itemListElement\":[{\"@type\":\"ListItem\",\"position\":1,\"name\":\"Accueil\",\"item\":\"https:\/\/michelle-beaudoin.com\/fr\/\"},{\"@type\":\"ListItem\",\"position\":2,\"name\":\"Boutique Accueil\",\"item\":\"https:\/\/michelle-beaudoin.com\/fr\/boutique-accueil\/\"},{\"@type\":\"ListItem\",\"position\":3,\"name\":\"TABLEAU MAGN\u00c9TIQUE-ORGANISATEUR D&#8217;ENTR\u00c9E\"}]},{\"@type\":\"WebSite\",\"@id\":\"https:\/\/michelle-beaudoin.com\/fr\/#website\",\"url\":\"https:\/\/michelle-beaudoin.com\/fr\/\",\"name\":\"Michelle Beaudoin\",\"description\":\"De son atelier situ&eacute; au c&oelig;ur d&rsquo;un quartier historique de Montr&eacute;al, Michelle Beaudoin con&ccedil;oit et r&eacute;alise des objets d&eacute;coratifs uniques en leur genre.\",\"potentialAction\":[{\"@type\":\"SearchAction\",\"target\":{\"@type\":\"EntryPoint\",\"urlTemplate\":\"https:\/\/michelle-beaudoin.com\/fr\/?s={search_term_string}\"},\"query-input\":{\"@type\":\"PropertyValueSpecification\",\"valueRequired\":true,\"valueName\":\"search_term_string\"}}],\"inLanguage\":\"fr-FR\"}]}<\/script>\n<!-- \/ Yoast SEO plugin. -->","yoast_head_json":{"title":"TABLEAU MAGN\u00c9TIQUE-ORGANISATEUR D'ENTR\u00c9E - Michelle Beaudoin","description":"Cet organisateur multi-t\u00e2ches est fait de m\u00e9tal bross\u00e9 \u00e0 la main avec 2 ou 3 aimants pour disposer vos cl\u00e9s . Utile pour votre courrier, notes, listes. Mini \u00e9tag\u00e8re pouvant contenir un t\u00e9l\u00e9phone, des lunettes, etc. et un grand aimant d\u00e9coratif en \u00e9tain moul\u00e9 \u00e0 la main.Mat\u00e9riel d'installation inclusHauteur 38cm X Largeur 22cm X Profondeur 5cm Hauteur 33cm X Largeur 13cm x Profondeur 5 cm","robots":{"index":"index","follow":"follow","max-snippet":"max-snippet:-1","max-image-preview":"max-image-preview:large","max-video-preview":"max-video-preview:-1"},"canonical":"https:\/\/michelle-beaudoin.com\/fr\/produit\/organisateur-dentree\/","og_locale":"fr_FR","og_type":"article","og_title":"TABLEAU MAGN\u00c9TIQUE-ORGANISATEUR D'ENTR\u00c9E - Michelle Beaudoin","og_description":"Cet organisateur multi-t\u00e2ches est fait de m\u00e9tal bross\u00e9 \u00e0 la main avec 2 ou 3 aimants pour disposer vos cl\u00e9s . Utile pour votre courrier, notes, listes. Mini \u00e9tag\u00e8re pouvant contenir un t\u00e9l\u00e9phone, des lunettes, etc. et un grand aimant d\u00e9coratif en \u00e9tain moul\u00e9 \u00e0 la main.Mat\u00e9riel d'installation inclusHauteur 38cm X Largeur 22cm X Profondeur 5cm Hauteur 33cm X Largeur 13cm x Profondeur 5 cm","og_url":"https:\/\/michelle-beaudoin.com\/fr\/produit\/organisateur-dentree\/","og_site_name":"Michelle Beaudoin","article_modified_time":"2021-05-12T02:21:09+00:00","og_image":[{"width":2560,"height":2558,"url":"https:\/\/michelle-beaudoin.com\/wp-content\/uploads\/2021\/05\/IMG_7709-scaled.jpg","type":"image\/jpeg"}],"twitter_card":"summary_large_image","schema":{"@context":"https:\/\/schema.org","@graph":[{"@type":"WebPage","@id":"https:\/\/michelle-beaudoin.com\/fr\/produit\/organisateur-dentree\/","url":"https:\/\/michelle-beaudoin.com\/fr\/produit\/organisateur-dentree\/","name":"TABLEAU MAGN\u00c9TIQUE-ORGANISATEUR D'ENTR\u00c9E - Michelle Beaudoin","isPartOf":{"@id":"https:\/\/michelle-beaudoin.com\/fr\/#website"},"primaryImageOfPage":{"@id":"https:\/\/michelle-beaudoin.com\/fr\/produit\/organisateur-dentree\/#primaryimage"},"image":{"@id":"https:\/\/michelle-beaudoin.com\/fr\/produit\/organisateur-dentree\/#primaryimage"},"thumbnailUrl":"https:\/\/michelle-beaudoin.com\/wp-content\/uploads\/2021\/05\/IMG_7709-scaled.jpg","datePublished":"2021-05-12T01:01:38+00:00","dateModified":"2021-05-12T02:21:09+00:00","description":"Cet organisateur multi-t\u00e2ches est fait de m\u00e9tal bross\u00e9 \u00e0 la main avec 2 ou 3 aimants pour disposer vos cl\u00e9s . Utile pour votre courrier, notes, listes. Mini \u00e9tag\u00e8re pouvant contenir un t\u00e9l\u00e9phone, des lunettes, etc. et un grand aimant d\u00e9coratif en \u00e9tain moul\u00e9 \u00e0 la main.Mat\u00e9riel d'installation inclusHauteur 38cm X Largeur 22cm X Profondeur 5cm Hauteur 33cm X Largeur 13cm x Profondeur 5 cm","breadcrumb":{"@id":"https:\/\/michelle-beaudoin.com\/fr\/produit\/organisateur-dentree\/#breadcrumb"},"inLanguage":"fr-FR","potentialAction":[{"@type":"ReadAction","target":["https:\/\/michelle-beaudoin.com\/fr\/produit\/organisateur-dentree\/"]}]},{"@type":"ImageObject","inLanguage":"fr-FR","@id":"https:\/\/michelle-beaudoin.com\/fr\/produit\/organisateur-dentree\/#primaryimage","url":"https:\/\/michelle-beaudoin.com\/wp-content\/uploads\/2021\/05\/IMG_7709-scaled.jpg","contentUrl":"https:\/\/michelle-beaudoin.com\/wp-content\/uploads\/2021\/05\/IMG_7709-scaled.jpg","width":2560,"height":2558},{"@type":"BreadcrumbList","@id":"https:\/\/michelle-beaudoin.com\/fr\/produit\/organisateur-dentree\/#breadcrumb","itemListElement":[{"@type":"ListItem","position":1,"name":"Accueil","item":"https:\/\/michelle-beaudoin.com\/fr\/"},{"@type":"ListItem","position":2,"name":"Boutique Accueil","item":"https:\/\/michelle-beaudoin.com\/fr\/boutique-accueil\/"},{"@type":"ListItem","position":3,"name":"TABLEAU MAGN\u00c9TIQUE-ORGANISATEUR D&#8217;ENTR\u00c9E"}]},{"@type":"WebSite","@id":"https:\/\/michelle-beaudoin.com\/fr\/#website","url":"https:\/\/michelle-beaudoin.com\/fr\/","name":"Michelle Beaudoin","description":"De son atelier situ&eacute; au c&oelig;ur d&rsquo;un quartier historique de Montr&eacute;al, Michelle Beaudoin con&ccedil;oit et r&eacute;alise des objets d&eacute;coratifs uniques en leur genre.","potentialAction":[{"@type":"SearchAction","target":{"@type":"EntryPoint","urlTemplate":"https:\/\/michelle-beaudoin.com\/fr\/?s={search_term_string}"},"query-input":{"@type":"PropertyValueSpecification","valueRequired":true,"valueName":"search_term_string"}}],"inLanguage":"fr-FR"}]}},"_links":{"self":[{"href":"https:\/\/michelle-beaudoin.com\/fr\/wp-json\/wp\/v2\/product\/12016","targetHints":{"allow":["GET"]}}],"collection":[{"href":"https:\/\/michelle-beaudoin.com\/fr\/wp-json\/wp\/v2\/product"}],"about":[{"href":"https:\/\/michelle-beaudoin.com\/fr\/wp-json\/wp\/v2\/types\/product"}],"replies":[{"embeddable":true,"href":"https:\/\/michelle-beaudoin.com\/fr\/wp-json\/wp\/v2\/comments?post=12016"}],"wp:featuredmedia":[{"embeddable":true,"href":"https:\/\/michelle-beaudoin.com\/fr\/wp-json\/wp\/v2\/media\/12023"}],"wp:attachment":[{"href":"https:\/\/michelle-beaudoin.com\/fr\/wp-json\/wp\/v2\/media?parent=12016"}],"wp:term":[{"taxonomy":"product_brand","embeddable":true,"href":"https:\/\/michelle-beaudoin.com\/fr\/wp-json\/wp\/v2\/product_brand?post=12016"},{"taxonomy":"product_cat","embeddable":true,"href":"https:\/\/michelle-beaudoin.com\/fr\/wp-json\/wp\/v2\/product_cat?post=12016"},{"taxonomy":"product_tag","embeddable":true,"href":"https:\/\/michelle-beaudoin.com\/fr\/wp-json\/wp\/v2\/product_tag?post=12016"}],"curies":[{"name":"wp","href":"https:\/\/api.w.org\/{rel}","templated":true}]}}