{"id":11874,"date":"2021-03-09T19:40:19","date_gmt":"2021-03-09T23:40:19","guid":{"rendered":"https:\/\/michelle-beaudoin.com\/?post_type=product&#038;p=11874"},"modified":"2025-02-16T16:56:59","modified_gmt":"2025-02-16T20:56:59","slug":"babillard-a-aimants","status":"publish","type":"product","link":"https:\/\/michelle-beaudoin.com\/fr\/produit\/babillard-a-aimants\/","title":{"rendered":"LE BABILLARD CLASSIQUE ACIER BROSS\u00c9 24&Prime; x 16&Prime;"},"content":{"rendered":"","protected":false},"excerpt":{"rendered":"<div class=\"\" data-richtextify-editable=\"true\">\n<p>Soyez cr\u00e9atifs en personnalisant votre babillard parmi notre large s\u00e9lection d&rsquo;aimants d\u00e9coratifs dans la section \u00a0\u00bbaimants\u00a0\u00bb. Tous les babillards sont faits \u00e0 la main en acier dans notre atelier et peuvent \u00eatre accroch\u00e9s horizontalement ou verticalement.<\/p>\n<p>Nos babillards et nos accessoires vous permettront d&rsquo;\u00eatre bien organis\u00e9 et d&rsquo;exposer vos photos de fa\u00e7on cr\u00e9ative !<\/p>\n<p>-Babillard \u00e0 aimants horizontal ou vertical<\/p>\n<p>-Mat\u00e9riaux: Acier bross\u00e9 \u00e0 la main<\/p>\n<p>-Quincaillerie de fixation incluse<\/p>\n<p>Aimants et accessoires \u00a0vendus s\u00e9par\u00e9ment : voir sections \u00a0\u00bbaimants\u00a0\u00bb et accessoires pour babillards.<\/p>\n<p>&nbsp;<\/p>\n<\/div>\n","protected":false},"featured_media":11976,"comment_status":"closed","ping_status":"closed","template":"","meta":{"_bbp_topic_count":0,"_bbp_reply_count":0,"_bbp_total_topic_count":0,"_bbp_total_reply_count":0,"_bbp_voice_count":0,"_bbp_anonymous_reply_count":0,"_bbp_topic_count_hidden":0,"_bbp_reply_count_hidden":0,"_bbp_forum_subforum_count":0},"product_brand":[],"product_cat":[38,1259],"product_tag":[18,39,40,19,68,25,26,24,23,20],"class_list":{"0":"post-11874","1":"product","2":"type-product","3":"status-publish","4":"has-post-thumbnail","6":"product_cat-babillards-accessoires","7":"product_cat-babillards-magnetiques","8":"product_tag-acier-brosse","9":"product_tag-babillard","10":"product_tag-board","11":"product_tag-brushed-steel","12":"product_tag-classique","13":"product_tag-fait-main","14":"product_tag-handmade","15":"product_tag-magnetic","16":"product_tag-magnetique","17":"product_tag-metal","18":"product_shipping_class-tous-les-babillards","19":"pa_fini-metal-brosse","20":"pa_grandeur-24-x-16","22":"first","23":"instock","24":"taxable","25":"shipping-taxable","26":"purchasable","27":"product-type-simple"},"yoast_head":"<!-- This site is optimized with the Yoast SEO plugin v27.1.1 - https:\/\/yoast.com\/product\/yoast-seo-wordpress\/ -->\n<title>LE BABILLARD CLASSIQUE ACIER BROSS\u00c9 24&quot; x 16&quot; - Michelle Beaudoin<\/title>\n<meta name=\"description\" content=\"Babillard \u00e0 aimants horizontal ou vertical-Mat\u00e9riaux: Acier bross\u00e9 \u00e0 la main-Quincaillerie de fixation incluseAimants et accessoires \u00a0vendus s\u00e9par\u00e9ment : voir sections &#039;&#039;aimants&#039;&#039; et accessoires pour babillards.\" \/>\n<meta name=\"robots\" content=\"index, follow, max-snippet:-1, max-image-preview:large, max-video-preview:-1\" \/>\n<link rel=\"canonical\" href=\"https:\/\/michelle-beaudoin.com\/fr\/produit\/babillard-a-aimants\/\" \/>\n<meta property=\"og:locale\" content=\"fr_FR\" \/>\n<meta property=\"og:type\" content=\"article\" \/>\n<meta property=\"og:title\" content=\"LE BABILLARD CLASSIQUE ACIER BROSS\u00c9 24&quot; x 16&quot; - Michelle Beaudoin\" \/>\n<meta property=\"og:description\" content=\"Babillard \u00e0 aimants horizontal ou vertical-Mat\u00e9riaux: Acier bross\u00e9 \u00e0 la main-Quincaillerie de fixation incluseAimants et accessoires \u00a0vendus s\u00e9par\u00e9ment : voir sections &#039;&#039;aimants&#039;&#039; et accessoires pour babillards.\" \/>\n<meta property=\"og:url\" content=\"https:\/\/michelle-beaudoin.com\/fr\/produit\/babillard-a-aimants\/\" \/>\n<meta property=\"og:site_name\" content=\"Michelle Beaudoin\" \/>\n<meta property=\"article:modified_time\" content=\"2025-02-16T20:56:59+00:00\" \/>\n<meta property=\"og:image\" content=\"https:\/\/michelle-beaudoin.com\/wp-content\/uploads\/2021\/03\/2.253-MIMI.png\" \/>\n\t<meta property=\"og:image:width\" content=\"938\" \/>\n\t<meta property=\"og:image:height\" content=\"759\" \/>\n\t<meta property=\"og:image:type\" content=\"image\/png\" \/>\n<meta name=\"twitter:card\" content=\"summary_large_image\" \/>\n<script type=\"application\/ld+json\" class=\"yoast-schema-graph\">{\"@context\":\"https:\/\/schema.org\",\"@graph\":[{\"@type\":\"WebPage\",\"@id\":\"https:\/\/michelle-beaudoin.com\/fr\/produit\/babillard-a-aimants\/\",\"url\":\"https:\/\/michelle-beaudoin.com\/fr\/produit\/babillard-a-aimants\/\",\"name\":\"LE BABILLARD CLASSIQUE ACIER BROSS\u00c9 24\\\" x 16\\\" - Michelle Beaudoin\",\"isPartOf\":{\"@id\":\"https:\/\/michelle-beaudoin.com\/fr\/#website\"},\"primaryImageOfPage\":{\"@id\":\"https:\/\/michelle-beaudoin.com\/fr\/produit\/babillard-a-aimants\/#primaryimage\"},\"image\":{\"@id\":\"https:\/\/michelle-beaudoin.com\/fr\/produit\/babillard-a-aimants\/#primaryimage\"},\"thumbnailUrl\":\"https:\/\/michelle-beaudoin.com\/wp-content\/uploads\/2021\/03\/2.253-MIMI.png\",\"datePublished\":\"2021-03-09T23:40:19+00:00\",\"dateModified\":\"2025-02-16T20:56:59+00:00\",\"description\":\"Babillard \u00e0 aimants horizontal ou vertical-Mat\u00e9riaux: Acier bross\u00e9 \u00e0 la main-Quincaillerie de fixation incluseAimants et accessoires \u00a0vendus s\u00e9par\u00e9ment : voir sections ''aimants'' et accessoires pour babillards.\",\"breadcrumb\":{\"@id\":\"https:\/\/michelle-beaudoin.com\/fr\/produit\/babillard-a-aimants\/#breadcrumb\"},\"inLanguage\":\"fr-FR\",\"potentialAction\":[{\"@type\":\"ReadAction\",\"target\":[\"https:\/\/michelle-beaudoin.com\/fr\/produit\/babillard-a-aimants\/\"]}]},{\"@type\":\"ImageObject\",\"inLanguage\":\"fr-FR\",\"@id\":\"https:\/\/michelle-beaudoin.com\/fr\/produit\/babillard-a-aimants\/#primaryimage\",\"url\":\"https:\/\/michelle-beaudoin.com\/wp-content\/uploads\/2021\/03\/2.253-MIMI.png\",\"contentUrl\":\"https:\/\/michelle-beaudoin.com\/wp-content\/uploads\/2021\/03\/2.253-MIMI.png\",\"width\":938,\"height\":759},{\"@type\":\"BreadcrumbList\",\"@id\":\"https:\/\/michelle-beaudoin.com\/fr\/produit\/babillard-a-aimants\/#breadcrumb\",\"itemListElement\":[{\"@type\":\"ListItem\",\"position\":1,\"name\":\"Accueil\",\"item\":\"https:\/\/michelle-beaudoin.com\/fr\/\"},{\"@type\":\"ListItem\",\"position\":2,\"name\":\"Boutique Accueil\",\"item\":\"https:\/\/michelle-beaudoin.com\/fr\/boutique-accueil\/\"},{\"@type\":\"ListItem\",\"position\":3,\"name\":\"LE BABILLARD CLASSIQUE ACIER BROSS\u00c9 24&#8243; x 16&#8243;\"}]},{\"@type\":\"WebSite\",\"@id\":\"https:\/\/michelle-beaudoin.com\/fr\/#website\",\"url\":\"https:\/\/michelle-beaudoin.com\/fr\/\",\"name\":\"Michelle Beaudoin\",\"description\":\"De son atelier situ&eacute; au c&oelig;ur d&rsquo;un quartier historique de Montr&eacute;al, Michelle Beaudoin con&ccedil;oit et r&eacute;alise des objets d&eacute;coratifs uniques en leur genre.\",\"potentialAction\":[{\"@type\":\"SearchAction\",\"target\":{\"@type\":\"EntryPoint\",\"urlTemplate\":\"https:\/\/michelle-beaudoin.com\/fr\/?s={search_term_string}\"},\"query-input\":{\"@type\":\"PropertyValueSpecification\",\"valueRequired\":true,\"valueName\":\"search_term_string\"}}],\"inLanguage\":\"fr-FR\"}]}<\/script>\n<!-- \/ Yoast SEO plugin. -->","yoast_head_json":{"title":"LE BABILLARD CLASSIQUE ACIER BROSS\u00c9 24\" x 16\" - Michelle Beaudoin","description":"Babillard \u00e0 aimants horizontal ou vertical-Mat\u00e9riaux: Acier bross\u00e9 \u00e0 la main-Quincaillerie de fixation incluseAimants et accessoires \u00a0vendus s\u00e9par\u00e9ment : voir sections ''aimants'' et accessoires pour babillards.","robots":{"index":"index","follow":"follow","max-snippet":"max-snippet:-1","max-image-preview":"max-image-preview:large","max-video-preview":"max-video-preview:-1"},"canonical":"https:\/\/michelle-beaudoin.com\/fr\/produit\/babillard-a-aimants\/","og_locale":"fr_FR","og_type":"article","og_title":"LE BABILLARD CLASSIQUE ACIER BROSS\u00c9 24\" x 16\" - Michelle Beaudoin","og_description":"Babillard \u00e0 aimants horizontal ou vertical-Mat\u00e9riaux: Acier bross\u00e9 \u00e0 la main-Quincaillerie de fixation incluseAimants et accessoires \u00a0vendus s\u00e9par\u00e9ment : voir sections ''aimants'' et accessoires pour babillards.","og_url":"https:\/\/michelle-beaudoin.com\/fr\/produit\/babillard-a-aimants\/","og_site_name":"Michelle Beaudoin","article_modified_time":"2025-02-16T20:56:59+00:00","og_image":[{"width":938,"height":759,"url":"https:\/\/michelle-beaudoin.com\/wp-content\/uploads\/2021\/03\/2.253-MIMI.png","type":"image\/png"}],"twitter_card":"summary_large_image","schema":{"@context":"https:\/\/schema.org","@graph":[{"@type":"WebPage","@id":"https:\/\/michelle-beaudoin.com\/fr\/produit\/babillard-a-aimants\/","url":"https:\/\/michelle-beaudoin.com\/fr\/produit\/babillard-a-aimants\/","name":"LE BABILLARD CLASSIQUE ACIER BROSS\u00c9 24\" x 16\" - Michelle Beaudoin","isPartOf":{"@id":"https:\/\/michelle-beaudoin.com\/fr\/#website"},"primaryImageOfPage":{"@id":"https:\/\/michelle-beaudoin.com\/fr\/produit\/babillard-a-aimants\/#primaryimage"},"image":{"@id":"https:\/\/michelle-beaudoin.com\/fr\/produit\/babillard-a-aimants\/#primaryimage"},"thumbnailUrl":"https:\/\/michelle-beaudoin.com\/wp-content\/uploads\/2021\/03\/2.253-MIMI.png","datePublished":"2021-03-09T23:40:19+00:00","dateModified":"2025-02-16T20:56:59+00:00","description":"Babillard \u00e0 aimants horizontal ou vertical-Mat\u00e9riaux: Acier bross\u00e9 \u00e0 la main-Quincaillerie de fixation incluseAimants et accessoires \u00a0vendus s\u00e9par\u00e9ment : voir sections ''aimants'' et accessoires pour babillards.","breadcrumb":{"@id":"https:\/\/michelle-beaudoin.com\/fr\/produit\/babillard-a-aimants\/#breadcrumb"},"inLanguage":"fr-FR","potentialAction":[{"@type":"ReadAction","target":["https:\/\/michelle-beaudoin.com\/fr\/produit\/babillard-a-aimants\/"]}]},{"@type":"ImageObject","inLanguage":"fr-FR","@id":"https:\/\/michelle-beaudoin.com\/fr\/produit\/babillard-a-aimants\/#primaryimage","url":"https:\/\/michelle-beaudoin.com\/wp-content\/uploads\/2021\/03\/2.253-MIMI.png","contentUrl":"https:\/\/michelle-beaudoin.com\/wp-content\/uploads\/2021\/03\/2.253-MIMI.png","width":938,"height":759},{"@type":"BreadcrumbList","@id":"https:\/\/michelle-beaudoin.com\/fr\/produit\/babillard-a-aimants\/#breadcrumb","itemListElement":[{"@type":"ListItem","position":1,"name":"Accueil","item":"https:\/\/michelle-beaudoin.com\/fr\/"},{"@type":"ListItem","position":2,"name":"Boutique Accueil","item":"https:\/\/michelle-beaudoin.com\/fr\/boutique-accueil\/"},{"@type":"ListItem","position":3,"name":"LE BABILLARD CLASSIQUE ACIER BROSS\u00c9 24&#8243; x 16&#8243;"}]},{"@type":"WebSite","@id":"https:\/\/michelle-beaudoin.com\/fr\/#website","url":"https:\/\/michelle-beaudoin.com\/fr\/","name":"Michelle Beaudoin","description":"De son atelier situ&eacute; au c&oelig;ur d&rsquo;un quartier historique de Montr&eacute;al, Michelle Beaudoin con&ccedil;oit et r&eacute;alise des objets d&eacute;coratifs uniques en leur genre.","potentialAction":[{"@type":"SearchAction","target":{"@type":"EntryPoint","urlTemplate":"https:\/\/michelle-beaudoin.com\/fr\/?s={search_term_string}"},"query-input":{"@type":"PropertyValueSpecification","valueRequired":true,"valueName":"search_term_string"}}],"inLanguage":"fr-FR"}]}},"_links":{"self":[{"href":"https:\/\/michelle-beaudoin.com\/fr\/wp-json\/wp\/v2\/product\/11874","targetHints":{"allow":["GET"]}}],"collection":[{"href":"https:\/\/michelle-beaudoin.com\/fr\/wp-json\/wp\/v2\/product"}],"about":[{"href":"https:\/\/michelle-beaudoin.com\/fr\/wp-json\/wp\/v2\/types\/product"}],"replies":[{"embeddable":true,"href":"https:\/\/michelle-beaudoin.com\/fr\/wp-json\/wp\/v2\/comments?post=11874"}],"wp:featuredmedia":[{"embeddable":true,"href":"https:\/\/michelle-beaudoin.com\/fr\/wp-json\/wp\/v2\/media\/11976"}],"wp:attachment":[{"href":"https:\/\/michelle-beaudoin.com\/fr\/wp-json\/wp\/v2\/media?parent=11874"}],"wp:term":[{"taxonomy":"product_brand","embeddable":true,"href":"https:\/\/michelle-beaudoin.com\/fr\/wp-json\/wp\/v2\/product_brand?post=11874"},{"taxonomy":"product_cat","embeddable":true,"href":"https:\/\/michelle-beaudoin.com\/fr\/wp-json\/wp\/v2\/product_cat?post=11874"},{"taxonomy":"product_tag","embeddable":true,"href":"https:\/\/michelle-beaudoin.com\/fr\/wp-json\/wp\/v2\/product_tag?post=11874"}],"curies":[{"name":"wp","href":"https:\/\/api.w.org\/{rel}","templated":true}]}}