{"id":1065,"date":"2016-06-30T21:47:25","date_gmt":"2016-06-30T21:47:25","guid":{"rendered":"http:\/\/michelle-beaudoin.com\/product\/ms170-champignon\/"},"modified":"2021-05-12T14:48:14","modified_gmt":"2021-05-12T18:48:14","slug":"ms170-champignon","status":"publish","type":"product","link":"https:\/\/michelle-beaudoin.com\/fr\/produit\/ms170-champignon\/","title":{"rendered":"CHAMPIGNON"},"content":{"rendered":"","protected":false},"excerpt":{"rendered":"<div class=\"\" style=\"position: relative;\" data-richtextify-editable=\"true\">\n<p>Ensemble de 3<\/p>\n<p>Cette nouvelle collection\u00a0d&rsquo;aimants d\u00e9coratifs a la particularit\u00e9 d&rsquo;\u00eatre constitu\u00e9e d&rsquo;aimants de puissance sup\u00e9rieure.\u00a0Ceux-l\u00e0\u00a0peuvent \u00eatre appos\u00e9s sur toute surface de m\u00e9tal, telle: r\u00e9frig\u00e9rateur, casier, classeur, etc. Une excellente id\u00e9e-cadeau \u00e0 offrir \u00e0 vos h\u00f4tes ou au professeur de votre enfant&#8230; pour n&rsquo;en nommer que quelques-unes. Leurs dimensions varient entre 1 et 2 pouces.<\/p>\n<p>Ils sont pr\u00e9sent\u00e9s dans un bel emballage de 3\u00a0aimants, qui s&rsquo;offre merveilleusement bien en cadeau dans son coffret transparent.<\/p>\n<p>Voir notre s\u00e9lection compl\u00e8te d&rsquo;aimants, dans la section AIMANTS de notre boutique en ligne.<\/p>\n<\/div>\n","protected":false},"featured_media":1066,"comment_status":"closed","ping_status":"closed","template":"","meta":{"_bbp_topic_count":0,"_bbp_reply_count":0,"_bbp_total_topic_count":0,"_bbp_total_reply_count":0,"_bbp_voice_count":0,"_bbp_anonymous_reply_count":0,"_bbp_topic_count_hidden":0,"_bbp_reply_count_hidden":0,"_bbp_forum_subforum_count":0},"product_brand":[],"product_cat":[175,333],"product_tag":[70,1221,339,181,97,25,334,26,71,24,23,340,77,98,182,335,1222],"class_list":{"0":"post-1065","1":"product","2":"type-product","3":"status-publish","4":"has-post-thumbnail","6":"product_cat-aimants","7":"product_cat-aimants-forts","8":"product_tag-aimant","9":"product_tag-aimant-fort","10":"product_tag-champignon","11":"product_tag-ensemble-de-3","12":"product_tag-etain","13":"product_tag-fait-main","14":"product_tag-fort","15":"product_tag-handmade","16":"product_tag-magnet","17":"product_tag-magnetic","18":"product_tag-magnetique","19":"product_tag-mushroom","20":"product_tag-nature","21":"product_tag-pewter","22":"product_tag-set-of-3","23":"product_tag-strong","24":"product_tag-strong-magnet","25":"product_shipping_class-crochets-aimants-longs-forts-ba5","27":"first","28":"instock","29":"taxable","30":"shipping-taxable","31":"purchasable","32":"product-type-variable"},"yoast_head":"<!-- This site is optimized with the Yoast SEO plugin v27.1.1 - https:\/\/yoast.com\/product\/yoast-seo-wordpress\/ -->\n<title>CHAMPIGNON - Michelle Beaudoin<\/title>\n<meta name=\"robots\" content=\"index, follow, max-snippet:-1, max-image-preview:large, max-video-preview:-1\" \/>\n<link rel=\"canonical\" href=\"https:\/\/michelle-beaudoin.com\/fr\/produit\/ms170-champignon\/\" \/>\n<meta property=\"og:locale\" content=\"fr_FR\" \/>\n<meta property=\"og:type\" content=\"article\" \/>\n<meta property=\"og:title\" content=\"CHAMPIGNON - Michelle Beaudoin\" \/>\n<meta property=\"og:description\" content=\"Ensemble de 3  Cette nouvelle collection\u00a0d&#039;aimants d\u00e9coratifs a la particularit\u00e9 d&#039;\u00eatre constitu\u00e9e d&#039;aimants de puissance sup\u00e9rieure.\u00a0Ceux-l\u00e0\u00a0peuvent \u00eatre appos\u00e9s sur toute surface de m\u00e9tal, telle: r\u00e9frig\u00e9rateur, casier, classeur, etc. Une excellente id\u00e9e-cadeau \u00e0 offrir \u00e0 vos h\u00f4tes ou au professeur de votre enfant... pour n&#039;en nommer que quelques-unes. Leurs dimensions varient entre 1 et 2 pouces.  Ils sont pr\u00e9sent\u00e9s dans un bel emballage de 3\u00a0aimants, qui s&#039;offre merveilleusement bien en cadeau dans son coffret transparent.  Voir notre s\u00e9lection compl\u00e8te d&#039;aimants, dans la section AIMANTS de notre boutique en ligne.\" \/>\n<meta property=\"og:url\" content=\"https:\/\/michelle-beaudoin.com\/fr\/produit\/ms170-champignon\/\" \/>\n<meta property=\"og:site_name\" content=\"Michelle Beaudoin\" \/>\n<meta property=\"article:modified_time\" content=\"2021-05-12T18:48:14+00:00\" \/>\n<meta property=\"og:image\" content=\"https:\/\/michelle-beaudoin.com\/wp-content\/uploads\/2016\/06\/ms170-champignon-3-1.jpg\" \/>\n\t<meta property=\"og:image:width\" content=\"1172\" \/>\n\t<meta property=\"og:image:height\" content=\"1200\" \/>\n\t<meta property=\"og:image:type\" content=\"image\/jpeg\" \/>\n<meta name=\"twitter:card\" content=\"summary_large_image\" \/>\n<script type=\"application\/ld+json\" class=\"yoast-schema-graph\">{\"@context\":\"https:\/\/schema.org\",\"@graph\":[{\"@type\":\"WebPage\",\"@id\":\"https:\/\/michelle-beaudoin.com\/fr\/produit\/ms170-champignon\/\",\"url\":\"https:\/\/michelle-beaudoin.com\/fr\/produit\/ms170-champignon\/\",\"name\":\"CHAMPIGNON - Michelle Beaudoin\",\"isPartOf\":{\"@id\":\"https:\/\/michelle-beaudoin.com\/fr\/#website\"},\"primaryImageOfPage\":{\"@id\":\"https:\/\/michelle-beaudoin.com\/fr\/produit\/ms170-champignon\/#primaryimage\"},\"image\":{\"@id\":\"https:\/\/michelle-beaudoin.com\/fr\/produit\/ms170-champignon\/#primaryimage\"},\"thumbnailUrl\":\"https:\/\/michelle-beaudoin.com\/wp-content\/uploads\/2016\/06\/ms170-champignon-3-1.jpg\",\"datePublished\":\"2016-06-30T21:47:25+00:00\",\"dateModified\":\"2021-05-12T18:48:14+00:00\",\"breadcrumb\":{\"@id\":\"https:\/\/michelle-beaudoin.com\/fr\/produit\/ms170-champignon\/#breadcrumb\"},\"inLanguage\":\"fr-FR\",\"potentialAction\":[{\"@type\":\"ReadAction\",\"target\":[\"https:\/\/michelle-beaudoin.com\/fr\/produit\/ms170-champignon\/\"]}]},{\"@type\":\"ImageObject\",\"inLanguage\":\"fr-FR\",\"@id\":\"https:\/\/michelle-beaudoin.com\/fr\/produit\/ms170-champignon\/#primaryimage\",\"url\":\"https:\/\/michelle-beaudoin.com\/wp-content\/uploads\/2016\/06\/ms170-champignon-3-1.jpg\",\"contentUrl\":\"https:\/\/michelle-beaudoin.com\/wp-content\/uploads\/2016\/06\/ms170-champignon-3-1.jpg\",\"width\":1172,\"height\":1200},{\"@type\":\"BreadcrumbList\",\"@id\":\"https:\/\/michelle-beaudoin.com\/fr\/produit\/ms170-champignon\/#breadcrumb\",\"itemListElement\":[{\"@type\":\"ListItem\",\"position\":1,\"name\":\"Accueil\",\"item\":\"https:\/\/michelle-beaudoin.com\/fr\/\"},{\"@type\":\"ListItem\",\"position\":2,\"name\":\"Boutique Accueil\",\"item\":\"https:\/\/michelle-beaudoin.com\/fr\/boutique-accueil\/\"},{\"@type\":\"ListItem\",\"position\":3,\"name\":\"CHAMPIGNON\"}]},{\"@type\":\"WebSite\",\"@id\":\"https:\/\/michelle-beaudoin.com\/fr\/#website\",\"url\":\"https:\/\/michelle-beaudoin.com\/fr\/\",\"name\":\"Michelle Beaudoin\",\"description\":\"De son atelier situ&eacute; au c&oelig;ur d&rsquo;un quartier historique de Montr&eacute;al, Michelle Beaudoin con&ccedil;oit et r&eacute;alise des objets d&eacute;coratifs uniques en leur genre.\",\"potentialAction\":[{\"@type\":\"SearchAction\",\"target\":{\"@type\":\"EntryPoint\",\"urlTemplate\":\"https:\/\/michelle-beaudoin.com\/fr\/?s={search_term_string}\"},\"query-input\":{\"@type\":\"PropertyValueSpecification\",\"valueRequired\":true,\"valueName\":\"search_term_string\"}}],\"inLanguage\":\"fr-FR\"}]}<\/script>\n<!-- \/ Yoast SEO plugin. -->","yoast_head_json":{"title":"CHAMPIGNON - Michelle Beaudoin","robots":{"index":"index","follow":"follow","max-snippet":"max-snippet:-1","max-image-preview":"max-image-preview:large","max-video-preview":"max-video-preview:-1"},"canonical":"https:\/\/michelle-beaudoin.com\/fr\/produit\/ms170-champignon\/","og_locale":"fr_FR","og_type":"article","og_title":"CHAMPIGNON - Michelle Beaudoin","og_description":"Ensemble de 3  Cette nouvelle collection\u00a0d'aimants d\u00e9coratifs a la particularit\u00e9 d'\u00eatre constitu\u00e9e d'aimants de puissance sup\u00e9rieure.\u00a0Ceux-l\u00e0\u00a0peuvent \u00eatre appos\u00e9s sur toute surface de m\u00e9tal, telle: r\u00e9frig\u00e9rateur, casier, classeur, etc. Une excellente id\u00e9e-cadeau \u00e0 offrir \u00e0 vos h\u00f4tes ou au professeur de votre enfant... pour n'en nommer que quelques-unes. Leurs dimensions varient entre 1 et 2 pouces.  Ils sont pr\u00e9sent\u00e9s dans un bel emballage de 3\u00a0aimants, qui s'offre merveilleusement bien en cadeau dans son coffret transparent.  Voir notre s\u00e9lection compl\u00e8te d'aimants, dans la section AIMANTS de notre boutique en ligne.","og_url":"https:\/\/michelle-beaudoin.com\/fr\/produit\/ms170-champignon\/","og_site_name":"Michelle Beaudoin","article_modified_time":"2021-05-12T18:48:14+00:00","og_image":[{"width":1172,"height":1200,"url":"https:\/\/michelle-beaudoin.com\/wp-content\/uploads\/2016\/06\/ms170-champignon-3-1.jpg","type":"image\/jpeg"}],"twitter_card":"summary_large_image","schema":{"@context":"https:\/\/schema.org","@graph":[{"@type":"WebPage","@id":"https:\/\/michelle-beaudoin.com\/fr\/produit\/ms170-champignon\/","url":"https:\/\/michelle-beaudoin.com\/fr\/produit\/ms170-champignon\/","name":"CHAMPIGNON - Michelle Beaudoin","isPartOf":{"@id":"https:\/\/michelle-beaudoin.com\/fr\/#website"},"primaryImageOfPage":{"@id":"https:\/\/michelle-beaudoin.com\/fr\/produit\/ms170-champignon\/#primaryimage"},"image":{"@id":"https:\/\/michelle-beaudoin.com\/fr\/produit\/ms170-champignon\/#primaryimage"},"thumbnailUrl":"https:\/\/michelle-beaudoin.com\/wp-content\/uploads\/2016\/06\/ms170-champignon-3-1.jpg","datePublished":"2016-06-30T21:47:25+00:00","dateModified":"2021-05-12T18:48:14+00:00","breadcrumb":{"@id":"https:\/\/michelle-beaudoin.com\/fr\/produit\/ms170-champignon\/#breadcrumb"},"inLanguage":"fr-FR","potentialAction":[{"@type":"ReadAction","target":["https:\/\/michelle-beaudoin.com\/fr\/produit\/ms170-champignon\/"]}]},{"@type":"ImageObject","inLanguage":"fr-FR","@id":"https:\/\/michelle-beaudoin.com\/fr\/produit\/ms170-champignon\/#primaryimage","url":"https:\/\/michelle-beaudoin.com\/wp-content\/uploads\/2016\/06\/ms170-champignon-3-1.jpg","contentUrl":"https:\/\/michelle-beaudoin.com\/wp-content\/uploads\/2016\/06\/ms170-champignon-3-1.jpg","width":1172,"height":1200},{"@type":"BreadcrumbList","@id":"https:\/\/michelle-beaudoin.com\/fr\/produit\/ms170-champignon\/#breadcrumb","itemListElement":[{"@type":"ListItem","position":1,"name":"Accueil","item":"https:\/\/michelle-beaudoin.com\/fr\/"},{"@type":"ListItem","position":2,"name":"Boutique Accueil","item":"https:\/\/michelle-beaudoin.com\/fr\/boutique-accueil\/"},{"@type":"ListItem","position":3,"name":"CHAMPIGNON"}]},{"@type":"WebSite","@id":"https:\/\/michelle-beaudoin.com\/fr\/#website","url":"https:\/\/michelle-beaudoin.com\/fr\/","name":"Michelle Beaudoin","description":"De son atelier situ&eacute; au c&oelig;ur d&rsquo;un quartier historique de Montr&eacute;al, Michelle Beaudoin con&ccedil;oit et r&eacute;alise des objets d&eacute;coratifs uniques en leur genre.","potentialAction":[{"@type":"SearchAction","target":{"@type":"EntryPoint","urlTemplate":"https:\/\/michelle-beaudoin.com\/fr\/?s={search_term_string}"},"query-input":{"@type":"PropertyValueSpecification","valueRequired":true,"valueName":"search_term_string"}}],"inLanguage":"fr-FR"}]}},"_links":{"self":[{"href":"https:\/\/michelle-beaudoin.com\/fr\/wp-json\/wp\/v2\/product\/1065","targetHints":{"allow":["GET"]}}],"collection":[{"href":"https:\/\/michelle-beaudoin.com\/fr\/wp-json\/wp\/v2\/product"}],"about":[{"href":"https:\/\/michelle-beaudoin.com\/fr\/wp-json\/wp\/v2\/types\/product"}],"replies":[{"embeddable":true,"href":"https:\/\/michelle-beaudoin.com\/fr\/wp-json\/wp\/v2\/comments?post=1065"}],"wp:featuredmedia":[{"embeddable":true,"href":"https:\/\/michelle-beaudoin.com\/fr\/wp-json\/wp\/v2\/media\/1066"}],"wp:attachment":[{"href":"https:\/\/michelle-beaudoin.com\/fr\/wp-json\/wp\/v2\/media?parent=1065"}],"wp:term":[{"taxonomy":"product_brand","embeddable":true,"href":"https:\/\/michelle-beaudoin.com\/fr\/wp-json\/wp\/v2\/product_brand?post=1065"},{"taxonomy":"product_cat","embeddable":true,"href":"https:\/\/michelle-beaudoin.com\/fr\/wp-json\/wp\/v2\/product_cat?post=1065"},{"taxonomy":"product_tag","embeddable":true,"href":"https:\/\/michelle-beaudoin.com\/fr\/wp-json\/wp\/v2\/product_tag?post=1065"}],"curies":[{"name":"wp","href":"https:\/\/api.w.org\/{rel}","templated":true}]}}