{"id":10159,"date":"2020-06-15T16:24:07","date_gmt":"2020-06-15T20:24:07","guid":{"rendered":"https:\/\/michelle-beaudoin.com\/?post_type=product&#038;p=10159"},"modified":"2022-01-25T03:23:25","modified_gmt":"2022-01-25T07:23:25","slug":"support-dentree-avec-tableau-a-craie-detachable-aimants-vendus-separement","status":"publish","type":"product","link":"https:\/\/michelle-beaudoin.com\/fr\/produit\/support-dentree-avec-tableau-a-craie-detachable-aimants-vendus-separement\/","title":{"rendered":"BABILLARD MURAL EN ACIER &#8211; STATION D&rsquo;ORGANISATION MURALE POUR CL\u00c9S, VASE MAGN\u00c9TIQUE, COURRIER, PHOTOS, M\u00c9MOS"},"content":{"rendered":"<p><a href=\"https:\/\/michelle-beaudoin.com\/wp-content\/uploads\/2020\/06\/IMG_1258.jpg\"><img decoding=\"async\" class=\"alignnone size-medium wp-image-10165\" src=\"https:\/\/michelle-beaudoin.com\/wp-content\/uploads\/2020\/06\/IMG_1258-225x300.jpg\" alt=\"\" width=\"225\" height=\"300\" srcset=\"https:\/\/michelle-beaudoin.com\/wp-content\/uploads\/2020\/06\/IMG_1258-200x267.jpg 200w, https:\/\/michelle-beaudoin.com\/wp-content\/uploads\/2020\/06\/IMG_1258-225x300.jpg 225w, https:\/\/michelle-beaudoin.com\/wp-content\/uploads\/2020\/06\/IMG_1258-400x533.jpg 400w, https:\/\/michelle-beaudoin.com\/wp-content\/uploads\/2020\/06\/IMG_1258-500x667.jpg 500w, https:\/\/michelle-beaudoin.com\/wp-content\/uploads\/2020\/06\/IMG_1258-600x800.jpg 600w, https:\/\/michelle-beaudoin.com\/wp-content\/uploads\/2020\/06\/IMG_1258-700x933.jpg 700w, https:\/\/michelle-beaudoin.com\/wp-content\/uploads\/2020\/06\/IMG_1258-768x1024.jpg 768w, https:\/\/michelle-beaudoin.com\/wp-content\/uploads\/2020\/06\/IMG_1258-800x1067.jpg 800w, https:\/\/michelle-beaudoin.com\/wp-content\/uploads\/2020\/06\/IMG_1258-1152x1536.jpg 1152w, https:\/\/michelle-beaudoin.com\/wp-content\/uploads\/2020\/06\/IMG_1258-1200x1600.jpg 1200w, https:\/\/michelle-beaudoin.com\/wp-content\/uploads\/2020\/06\/IMG_1258.jpg 1536w\" sizes=\"(max-width: 225px) 100vw, 225px\" \/><\/a> <a href=\"https:\/\/michelle-beaudoin.com\/wp-content\/uploads\/2020\/06\/IMG_1260-150x150-1.jpg\"><img decoding=\"async\" class=\"alignnone size-medium wp-image-10167\" src=\"https:\/\/michelle-beaudoin.com\/wp-content\/uploads\/2020\/06\/IMG_1260-150x150-1.jpg\" alt=\"\" width=\"150\" height=\"150\" srcset=\"https:\/\/michelle-beaudoin.com\/wp-content\/uploads\/2020\/06\/IMG_1260-150x150-1-66x66.jpg 66w, https:\/\/michelle-beaudoin.com\/wp-content\/uploads\/2020\/06\/IMG_1260-150x150-1-100x100.jpg 100w, https:\/\/michelle-beaudoin.com\/wp-content\/uploads\/2020\/06\/IMG_1260-150x150-1.jpg 150w\" sizes=\"(max-width: 150px) 100vw, 150px\" \/><\/a><\/p>\n","protected":false},"excerpt":{"rendered":"<p>Grand babillard d\u2019organisation en acier bross\u00e9 8.50&Prime;x 15&Prime;<\/p>\n<p>Parfait pour y d\u00e9poser vos crochets magn\u00e9tiques \u00e0 cl\u00e9s, ou bien un vase magn\u00e9tique, ou encore un stylo dans sa bague aimant\u00e9e. Accessoires non inclus.<\/p>\n<p>Peut se placer horizontal ou vertical.<\/p>\n<p>Disponible en bross\u00e9 naturel ou couleur charbon.<\/p>\n","protected":false},"featured_media":8409,"comment_status":"open","ping_status":"closed","template":"","meta":{"_bbp_topic_count":0,"_bbp_reply_count":0,"_bbp_total_topic_count":0,"_bbp_total_reply_count":0,"_bbp_voice_count":0,"_bbp_anonymous_reply_count":0,"_bbp_topic_count_hidden":0,"_bbp_reply_count_hidden":0,"_bbp_forum_subforum_count":0},"product_brand":[],"product_cat":[38,1259],"product_tag":[39,1533,1516,1528,1530,1531,166,1532,1529],"class_list":{"0":"post-10159","1":"product","2":"type-product","3":"status-publish","4":"has-post-thumbnail","6":"product_cat-babillards-accessoires","7":"product_cat-babillards-magnetiques","8":"product_tag-babillard","9":"product_tag-babillard-magnetique","10":"product_tag-decoration-murale","11":"product_tag-depose-clefs","12":"product_tag-espace-de-decoration","13":"product_tag-espace-de-rangement","14":"product_tag-organisation","15":"product_tag-rangement-a-cles","16":"product_tag-support-a-crochets","17":"product_shipping_class-tous-les-cadres","18":"pa_fini-charbon","19":"pa_fini-metal-brosse","21":"first","22":"instock","23":"taxable","24":"shipping-taxable","25":"purchasable","26":"product-type-variable","27":"has-default-attributes"},"yoast_head":"<!-- This site is optimized with the Yoast SEO plugin v27.1.1 - https:\/\/yoast.com\/product\/yoast-seo-wordpress\/ -->\n<title>BABILLARD MURAL EN ACIER - STATION D&#039;ORGANISATION MURALE POUR CL\u00c9S, VASE MAGN\u00c9TIQUE, COURRIER, PHOTOS, M\u00c9MOS - Michelle Beaudoin<\/title>\n<meta name=\"robots\" content=\"index, follow, max-snippet:-1, max-image-preview:large, max-video-preview:-1\" \/>\n<link rel=\"canonical\" href=\"https:\/\/michelle-beaudoin.com\/fr\/produit\/support-dentree-avec-tableau-a-craie-detachable-aimants-vendus-separement\/\" \/>\n<meta property=\"og:locale\" content=\"fr_FR\" \/>\n<meta property=\"og:type\" content=\"article\" \/>\n<meta property=\"og:title\" content=\"BABILLARD MURAL EN ACIER - STATION D&#039;ORGANISATION MURALE POUR CL\u00c9S, VASE MAGN\u00c9TIQUE, COURRIER, PHOTOS, M\u00c9MOS - Michelle Beaudoin\" \/>\n<meta property=\"og:description\" content=\"Grand babillard d\u2019organisation en acier bross\u00e9 8.50&quot;x 15&quot;  Parfait pour y d\u00e9poser vos crochets magn\u00e9tiques \u00e0 cl\u00e9s, ou bien un vase magn\u00e9tique, ou encore un stylo dans sa bague aimant\u00e9e. Accessoires non inclus.  Peut se placer horizontal ou vertical.  Disponible en bross\u00e9 naturel ou couleur charbon.\" \/>\n<meta property=\"og:url\" content=\"https:\/\/michelle-beaudoin.com\/fr\/produit\/support-dentree-avec-tableau-a-craie-detachable-aimants-vendus-separement\/\" \/>\n<meta property=\"og:site_name\" content=\"Michelle Beaudoin\" \/>\n<meta property=\"article:modified_time\" content=\"2022-01-25T07:23:25+00:00\" \/>\n<meta property=\"og:image\" content=\"https:\/\/michelle-beaudoin.com\/wp-content\/uploads\/2019\/03\/281-beauty-hor-scaled.jpg\" \/>\n\t<meta property=\"og:image:width\" content=\"2560\" \/>\n\t<meta property=\"og:image:height\" content=\"2560\" \/>\n\t<meta property=\"og:image:type\" content=\"image\/jpeg\" \/>\n<meta name=\"twitter:card\" content=\"summary_large_image\" \/>\n<script type=\"application\/ld+json\" class=\"yoast-schema-graph\">{\"@context\":\"https:\/\/schema.org\",\"@graph\":[{\"@type\":\"WebPage\",\"@id\":\"https:\/\/michelle-beaudoin.com\/fr\/produit\/support-dentree-avec-tableau-a-craie-detachable-aimants-vendus-separement\/\",\"url\":\"https:\/\/michelle-beaudoin.com\/fr\/produit\/support-dentree-avec-tableau-a-craie-detachable-aimants-vendus-separement\/\",\"name\":\"BABILLARD MURAL EN ACIER - STATION D'ORGANISATION MURALE POUR CL\u00c9S, VASE MAGN\u00c9TIQUE, COURRIER, PHOTOS, M\u00c9MOS - Michelle Beaudoin\",\"isPartOf\":{\"@id\":\"https:\/\/michelle-beaudoin.com\/fr\/#website\"},\"primaryImageOfPage\":{\"@id\":\"https:\/\/michelle-beaudoin.com\/fr\/produit\/support-dentree-avec-tableau-a-craie-detachable-aimants-vendus-separement\/#primaryimage\"},\"image\":{\"@id\":\"https:\/\/michelle-beaudoin.com\/fr\/produit\/support-dentree-avec-tableau-a-craie-detachable-aimants-vendus-separement\/#primaryimage\"},\"thumbnailUrl\":\"https:\/\/michelle-beaudoin.com\/wp-content\/uploads\/2019\/03\/281-beauty-hor-scaled.jpg\",\"datePublished\":\"2020-06-15T20:24:07+00:00\",\"dateModified\":\"2022-01-25T07:23:25+00:00\",\"breadcrumb\":{\"@id\":\"https:\/\/michelle-beaudoin.com\/fr\/produit\/support-dentree-avec-tableau-a-craie-detachable-aimants-vendus-separement\/#breadcrumb\"},\"inLanguage\":\"fr-FR\",\"potentialAction\":[{\"@type\":\"ReadAction\",\"target\":[\"https:\/\/michelle-beaudoin.com\/fr\/produit\/support-dentree-avec-tableau-a-craie-detachable-aimants-vendus-separement\/\"]}]},{\"@type\":\"ImageObject\",\"inLanguage\":\"fr-FR\",\"@id\":\"https:\/\/michelle-beaudoin.com\/fr\/produit\/support-dentree-avec-tableau-a-craie-detachable-aimants-vendus-separement\/#primaryimage\",\"url\":\"https:\/\/michelle-beaudoin.com\/wp-content\/uploads\/2019\/03\/281-beauty-hor-scaled.jpg\",\"contentUrl\":\"https:\/\/michelle-beaudoin.com\/wp-content\/uploads\/2019\/03\/281-beauty-hor-scaled.jpg\",\"width\":2560,\"height\":2560,\"caption\":\"exemple d'organisation setting example horizontal\"},{\"@type\":\"BreadcrumbList\",\"@id\":\"https:\/\/michelle-beaudoin.com\/fr\/produit\/support-dentree-avec-tableau-a-craie-detachable-aimants-vendus-separement\/#breadcrumb\",\"itemListElement\":[{\"@type\":\"ListItem\",\"position\":1,\"name\":\"Accueil\",\"item\":\"https:\/\/michelle-beaudoin.com\/fr\/\"},{\"@type\":\"ListItem\",\"position\":2,\"name\":\"Boutique Accueil\",\"item\":\"https:\/\/michelle-beaudoin.com\/fr\/boutique-accueil\/\"},{\"@type\":\"ListItem\",\"position\":3,\"name\":\"BABILLARD MURAL EN ACIER &#8211; STATION D&#8217;ORGANISATION MURALE POUR CL\u00c9S, VASE MAGN\u00c9TIQUE, COURRIER, PHOTOS, M\u00c9MOS\"}]},{\"@type\":\"WebSite\",\"@id\":\"https:\/\/michelle-beaudoin.com\/fr\/#website\",\"url\":\"https:\/\/michelle-beaudoin.com\/fr\/\",\"name\":\"Michelle Beaudoin\",\"description\":\"De son atelier situ&eacute; au c&oelig;ur d&rsquo;un quartier historique de Montr&eacute;al, Michelle Beaudoin con&ccedil;oit et r&eacute;alise des objets d&eacute;coratifs uniques en leur genre.\",\"potentialAction\":[{\"@type\":\"SearchAction\",\"target\":{\"@type\":\"EntryPoint\",\"urlTemplate\":\"https:\/\/michelle-beaudoin.com\/fr\/?s={search_term_string}\"},\"query-input\":{\"@type\":\"PropertyValueSpecification\",\"valueRequired\":true,\"valueName\":\"search_term_string\"}}],\"inLanguage\":\"fr-FR\"}]}<\/script>\n<!-- \/ Yoast SEO plugin. -->","yoast_head_json":{"title":"BABILLARD MURAL EN ACIER - STATION D'ORGANISATION MURALE POUR CL\u00c9S, VASE MAGN\u00c9TIQUE, COURRIER, PHOTOS, M\u00c9MOS - Michelle Beaudoin","robots":{"index":"index","follow":"follow","max-snippet":"max-snippet:-1","max-image-preview":"max-image-preview:large","max-video-preview":"max-video-preview:-1"},"canonical":"https:\/\/michelle-beaudoin.com\/fr\/produit\/support-dentree-avec-tableau-a-craie-detachable-aimants-vendus-separement\/","og_locale":"fr_FR","og_type":"article","og_title":"BABILLARD MURAL EN ACIER - STATION D'ORGANISATION MURALE POUR CL\u00c9S, VASE MAGN\u00c9TIQUE, COURRIER, PHOTOS, M\u00c9MOS - Michelle Beaudoin","og_description":"Grand babillard d\u2019organisation en acier bross\u00e9 8.50\"x 15\"  Parfait pour y d\u00e9poser vos crochets magn\u00e9tiques \u00e0 cl\u00e9s, ou bien un vase magn\u00e9tique, ou encore un stylo dans sa bague aimant\u00e9e. Accessoires non inclus.  Peut se placer horizontal ou vertical.  Disponible en bross\u00e9 naturel ou couleur charbon.","og_url":"https:\/\/michelle-beaudoin.com\/fr\/produit\/support-dentree-avec-tableau-a-craie-detachable-aimants-vendus-separement\/","og_site_name":"Michelle Beaudoin","article_modified_time":"2022-01-25T07:23:25+00:00","og_image":[{"width":2560,"height":2560,"url":"https:\/\/michelle-beaudoin.com\/wp-content\/uploads\/2019\/03\/281-beauty-hor-scaled.jpg","type":"image\/jpeg"}],"twitter_card":"summary_large_image","schema":{"@context":"https:\/\/schema.org","@graph":[{"@type":"WebPage","@id":"https:\/\/michelle-beaudoin.com\/fr\/produit\/support-dentree-avec-tableau-a-craie-detachable-aimants-vendus-separement\/","url":"https:\/\/michelle-beaudoin.com\/fr\/produit\/support-dentree-avec-tableau-a-craie-detachable-aimants-vendus-separement\/","name":"BABILLARD MURAL EN ACIER - STATION D'ORGANISATION MURALE POUR CL\u00c9S, VASE MAGN\u00c9TIQUE, COURRIER, PHOTOS, M\u00c9MOS - Michelle Beaudoin","isPartOf":{"@id":"https:\/\/michelle-beaudoin.com\/fr\/#website"},"primaryImageOfPage":{"@id":"https:\/\/michelle-beaudoin.com\/fr\/produit\/support-dentree-avec-tableau-a-craie-detachable-aimants-vendus-separement\/#primaryimage"},"image":{"@id":"https:\/\/michelle-beaudoin.com\/fr\/produit\/support-dentree-avec-tableau-a-craie-detachable-aimants-vendus-separement\/#primaryimage"},"thumbnailUrl":"https:\/\/michelle-beaudoin.com\/wp-content\/uploads\/2019\/03\/281-beauty-hor-scaled.jpg","datePublished":"2020-06-15T20:24:07+00:00","dateModified":"2022-01-25T07:23:25+00:00","breadcrumb":{"@id":"https:\/\/michelle-beaudoin.com\/fr\/produit\/support-dentree-avec-tableau-a-craie-detachable-aimants-vendus-separement\/#breadcrumb"},"inLanguage":"fr-FR","potentialAction":[{"@type":"ReadAction","target":["https:\/\/michelle-beaudoin.com\/fr\/produit\/support-dentree-avec-tableau-a-craie-detachable-aimants-vendus-separement\/"]}]},{"@type":"ImageObject","inLanguage":"fr-FR","@id":"https:\/\/michelle-beaudoin.com\/fr\/produit\/support-dentree-avec-tableau-a-craie-detachable-aimants-vendus-separement\/#primaryimage","url":"https:\/\/michelle-beaudoin.com\/wp-content\/uploads\/2019\/03\/281-beauty-hor-scaled.jpg","contentUrl":"https:\/\/michelle-beaudoin.com\/wp-content\/uploads\/2019\/03\/281-beauty-hor-scaled.jpg","width":2560,"height":2560,"caption":"exemple d'organisation setting example horizontal"},{"@type":"BreadcrumbList","@id":"https:\/\/michelle-beaudoin.com\/fr\/produit\/support-dentree-avec-tableau-a-craie-detachable-aimants-vendus-separement\/#breadcrumb","itemListElement":[{"@type":"ListItem","position":1,"name":"Accueil","item":"https:\/\/michelle-beaudoin.com\/fr\/"},{"@type":"ListItem","position":2,"name":"Boutique Accueil","item":"https:\/\/michelle-beaudoin.com\/fr\/boutique-accueil\/"},{"@type":"ListItem","position":3,"name":"BABILLARD MURAL EN ACIER &#8211; STATION D&#8217;ORGANISATION MURALE POUR CL\u00c9S, VASE MAGN\u00c9TIQUE, COURRIER, PHOTOS, M\u00c9MOS"}]},{"@type":"WebSite","@id":"https:\/\/michelle-beaudoin.com\/fr\/#website","url":"https:\/\/michelle-beaudoin.com\/fr\/","name":"Michelle Beaudoin","description":"De son atelier situ&eacute; au c&oelig;ur d&rsquo;un quartier historique de Montr&eacute;al, Michelle Beaudoin con&ccedil;oit et r&eacute;alise des objets d&eacute;coratifs uniques en leur genre.","potentialAction":[{"@type":"SearchAction","target":{"@type":"EntryPoint","urlTemplate":"https:\/\/michelle-beaudoin.com\/fr\/?s={search_term_string}"},"query-input":{"@type":"PropertyValueSpecification","valueRequired":true,"valueName":"search_term_string"}}],"inLanguage":"fr-FR"}]}},"_links":{"self":[{"href":"https:\/\/michelle-beaudoin.com\/fr\/wp-json\/wp\/v2\/product\/10159","targetHints":{"allow":["GET"]}}],"collection":[{"href":"https:\/\/michelle-beaudoin.com\/fr\/wp-json\/wp\/v2\/product"}],"about":[{"href":"https:\/\/michelle-beaudoin.com\/fr\/wp-json\/wp\/v2\/types\/product"}],"replies":[{"embeddable":true,"href":"https:\/\/michelle-beaudoin.com\/fr\/wp-json\/wp\/v2\/comments?post=10159"}],"wp:featuredmedia":[{"embeddable":true,"href":"https:\/\/michelle-beaudoin.com\/fr\/wp-json\/wp\/v2\/media\/8409"}],"wp:attachment":[{"href":"https:\/\/michelle-beaudoin.com\/fr\/wp-json\/wp\/v2\/media?parent=10159"}],"wp:term":[{"taxonomy":"product_brand","embeddable":true,"href":"https:\/\/michelle-beaudoin.com\/fr\/wp-json\/wp\/v2\/product_brand?post=10159"},{"taxonomy":"product_cat","embeddable":true,"href":"https:\/\/michelle-beaudoin.com\/fr\/wp-json\/wp\/v2\/product_cat?post=10159"},{"taxonomy":"product_tag","embeddable":true,"href":"https:\/\/michelle-beaudoin.com\/fr\/wp-json\/wp\/v2\/product_tag?post=10159"}],"curies":[{"name":"wp","href":"https:\/\/api.w.org\/{rel}","templated":true}]}}