{"id":10116,"date":"2020-03-01T15:29:32","date_gmt":"2020-03-01T19:29:32","guid":{"rendered":"https:\/\/michelle-beaudoin.com\/?post_type=product&#038;p=10116"},"modified":"2025-10-28T11:51:44","modified_gmt":"2025-10-28T15:51:44","slug":"porte-cles-coeur","status":"publish","type":"product","link":"https:\/\/michelle-beaudoin.com\/fr\/produit\/porte-cles-coeur\/","title":{"rendered":"PORTE-CL\u00c9S C\u0152UR"},"content":{"rendered":"","protected":false},"excerpt":{"rendered":"<div class=\"post-content woocommerce-product-details__short-description\">\n<p>Porte-cl\u00e9s Coeur fait-main. \u00c0 partir d\u2019une sculpture en cire dessin\u00e9e \u00e0 la main, base pour un moule, puis coul\u00e9 en \u00e9tain dans mon studio \u00e0 Montr\u00e9al, Qu\u00e9bec.<\/p>\n<p>Moul\u00e9s en \u00e9tain, nos porte-cl\u00e9s sauront personnaliser vos jeux de cl\u00e9s avec \u00e9l\u00e9gance. Une excellente id\u00e9e-cadeau \u00e0 offrir \u00e0 vos amis, vos proches, vos h\u00f4tes ou au professeur de votre enfant\u2026 ou \u00e0 garder pour soi !<\/p>\n<p>Leurs dimensions varient entre 1 et 2 pouces.<\/p>\n<\/div>\n","protected":false},"featured_media":10521,"comment_status":"open","ping_status":"closed","template":"","meta":{"_bbp_topic_count":0,"_bbp_reply_count":0,"_bbp_total_topic_count":0,"_bbp_total_reply_count":0,"_bbp_voice_count":0,"_bbp_anonymous_reply_count":0,"_bbp_topic_count_hidden":0,"_bbp_reply_count_hidden":0,"_bbp_forum_subforum_count":0},"product_brand":[],"product_cat":[3341,3342],"product_tag":[152,1368,1388,1387,22,88,1901,1900,97,21,89,1342,1362,1386,1389,153,98,1385,1424],"class_list":{"0":"post-10116","1":"product","2":"type-product","3":"status-publish","4":"has-post-thumbnail","6":"product_cat-mandala-porte-cles","7":"product_cat-porte-cles","8":"product_tag-amour","9":"product_tag-bien-etre","10":"product_tag-brosse","11":"product_tag-brushed","12":"product_tag-cadeau","13":"product_tag-coeur","14":"product_tag-coeur-etain","15":"product_tag-coeur-metal","16":"product_tag-etain","17":"product_tag-gift","18":"product_tag-heart","19":"product_tag-inspiration","20":"product_tag-introspection","21":"product_tag-key-chain","22":"product_tag-key-ring","23":"product_tag-love","24":"product_tag-pewter","25":"product_tag-porte-cles","26":"product_tag-yoga","28":"first","29":"instock","30":"taxable","31":"shipping-taxable","32":"purchasable","33":"product-type-simple"},"yoast_head":"<!-- This site is optimized with the Yoast SEO plugin v27.1.1 - https:\/\/yoast.com\/product\/yoast-seo-wordpress\/ -->\n<title>PORTE-CL\u00c9S C\u0152UR - Michelle Beaudoin<\/title>\n<meta name=\"robots\" content=\"index, follow, max-snippet:-1, max-image-preview:large, max-video-preview:-1\" \/>\n<link rel=\"canonical\" href=\"https:\/\/michelle-beaudoin.com\/fr\/produit\/porte-cles-coeur\/\" \/>\n<meta property=\"og:locale\" content=\"fr_FR\" \/>\n<meta property=\"og:type\" content=\"article\" \/>\n<meta property=\"og:title\" content=\"PORTE-CL\u00c9S C\u0152UR - Michelle Beaudoin\" \/>\n<meta property=\"og:description\" content=\"Porte-cl\u00e9s Coeur fait-main. \u00c0 partir d\u2019une sculpture en cire dessin\u00e9e \u00e0 la main, base pour un moule, puis coul\u00e9 en \u00e9tain dans mon studio \u00e0 Montr\u00e9al, Qu\u00e9bec.  Moul\u00e9s en \u00e9tain, nos porte-cl\u00e9s sauront personnaliser vos jeux de cl\u00e9s avec \u00e9l\u00e9gance. Une excellente id\u00e9e-cadeau \u00e0 offrir \u00e0 vos amis, vos proches, vos h\u00f4tes ou au professeur de votre enfant\u2026 ou \u00e0 garder pour soi !  Leurs dimensions varient entre 1 et 2 pouces.\" \/>\n<meta property=\"og:url\" content=\"https:\/\/michelle-beaudoin.com\/fr\/produit\/porte-cles-coeur\/\" \/>\n<meta property=\"og:site_name\" content=\"Michelle Beaudoin\" \/>\n<meta property=\"article:modified_time\" content=\"2025-10-28T15:51:44+00:00\" \/>\n<meta property=\"og:image\" content=\"https:\/\/michelle-beaudoin.com\/wp-content\/uploads\/2020\/03\/IMG_7968_370x.jpg\" \/>\n\t<meta property=\"og:image:width\" content=\"370\" \/>\n\t<meta property=\"og:image:height\" content=\"370\" \/>\n\t<meta property=\"og:image:type\" content=\"image\/jpeg\" \/>\n<meta name=\"twitter:card\" content=\"summary_large_image\" \/>\n<script type=\"application\/ld+json\" class=\"yoast-schema-graph\">{\"@context\":\"https:\/\/schema.org\",\"@graph\":[{\"@type\":\"WebPage\",\"@id\":\"https:\/\/michelle-beaudoin.com\/fr\/produit\/porte-cles-coeur\/\",\"url\":\"https:\/\/michelle-beaudoin.com\/fr\/produit\/porte-cles-coeur\/\",\"name\":\"PORTE-CL\u00c9S C\u0152UR - Michelle Beaudoin\",\"isPartOf\":{\"@id\":\"https:\/\/michelle-beaudoin.com\/fr\/#website\"},\"primaryImageOfPage\":{\"@id\":\"https:\/\/michelle-beaudoin.com\/fr\/produit\/porte-cles-coeur\/#primaryimage\"},\"image\":{\"@id\":\"https:\/\/michelle-beaudoin.com\/fr\/produit\/porte-cles-coeur\/#primaryimage\"},\"thumbnailUrl\":\"https:\/\/michelle-beaudoin.com\/wp-content\/uploads\/2020\/03\/IMG_7968_370x.jpg\",\"datePublished\":\"2020-03-01T19:29:32+00:00\",\"dateModified\":\"2025-10-28T15:51:44+00:00\",\"breadcrumb\":{\"@id\":\"https:\/\/michelle-beaudoin.com\/fr\/produit\/porte-cles-coeur\/#breadcrumb\"},\"inLanguage\":\"fr-FR\",\"potentialAction\":[{\"@type\":\"ReadAction\",\"target\":[\"https:\/\/michelle-beaudoin.com\/fr\/produit\/porte-cles-coeur\/\"]}]},{\"@type\":\"ImageObject\",\"inLanguage\":\"fr-FR\",\"@id\":\"https:\/\/michelle-beaudoin.com\/fr\/produit\/porte-cles-coeur\/#primaryimage\",\"url\":\"https:\/\/michelle-beaudoin.com\/wp-content\/uploads\/2020\/03\/IMG_7968_370x.jpg\",\"contentUrl\":\"https:\/\/michelle-beaudoin.com\/wp-content\/uploads\/2020\/03\/IMG_7968_370x.jpg\",\"width\":370,\"height\":370},{\"@type\":\"BreadcrumbList\",\"@id\":\"https:\/\/michelle-beaudoin.com\/fr\/produit\/porte-cles-coeur\/#breadcrumb\",\"itemListElement\":[{\"@type\":\"ListItem\",\"position\":1,\"name\":\"Accueil\",\"item\":\"https:\/\/michelle-beaudoin.com\/fr\/\"},{\"@type\":\"ListItem\",\"position\":2,\"name\":\"Boutique Accueil\",\"item\":\"https:\/\/michelle-beaudoin.com\/fr\/boutique-accueil\/\"},{\"@type\":\"ListItem\",\"position\":3,\"name\":\"PORTE-CL\u00c9S C\u0152UR\"}]},{\"@type\":\"WebSite\",\"@id\":\"https:\/\/michelle-beaudoin.com\/fr\/#website\",\"url\":\"https:\/\/michelle-beaudoin.com\/fr\/\",\"name\":\"Michelle Beaudoin\",\"description\":\"De son atelier situ&eacute; au c&oelig;ur d&rsquo;un quartier historique de Montr&eacute;al, Michelle Beaudoin con&ccedil;oit et r&eacute;alise des objets d&eacute;coratifs uniques en leur genre.\",\"potentialAction\":[{\"@type\":\"SearchAction\",\"target\":{\"@type\":\"EntryPoint\",\"urlTemplate\":\"https:\/\/michelle-beaudoin.com\/fr\/?s={search_term_string}\"},\"query-input\":{\"@type\":\"PropertyValueSpecification\",\"valueRequired\":true,\"valueName\":\"search_term_string\"}}],\"inLanguage\":\"fr-FR\"}]}<\/script>\n<!-- \/ Yoast SEO plugin. -->","yoast_head_json":{"title":"PORTE-CL\u00c9S C\u0152UR - Michelle Beaudoin","robots":{"index":"index","follow":"follow","max-snippet":"max-snippet:-1","max-image-preview":"max-image-preview:large","max-video-preview":"max-video-preview:-1"},"canonical":"https:\/\/michelle-beaudoin.com\/fr\/produit\/porte-cles-coeur\/","og_locale":"fr_FR","og_type":"article","og_title":"PORTE-CL\u00c9S C\u0152UR - Michelle Beaudoin","og_description":"Porte-cl\u00e9s Coeur fait-main. \u00c0 partir d\u2019une sculpture en cire dessin\u00e9e \u00e0 la main, base pour un moule, puis coul\u00e9 en \u00e9tain dans mon studio \u00e0 Montr\u00e9al, Qu\u00e9bec.  Moul\u00e9s en \u00e9tain, nos porte-cl\u00e9s sauront personnaliser vos jeux de cl\u00e9s avec \u00e9l\u00e9gance. Une excellente id\u00e9e-cadeau \u00e0 offrir \u00e0 vos amis, vos proches, vos h\u00f4tes ou au professeur de votre enfant\u2026 ou \u00e0 garder pour soi !  Leurs dimensions varient entre 1 et 2 pouces.","og_url":"https:\/\/michelle-beaudoin.com\/fr\/produit\/porte-cles-coeur\/","og_site_name":"Michelle Beaudoin","article_modified_time":"2025-10-28T15:51:44+00:00","og_image":[{"width":370,"height":370,"url":"https:\/\/michelle-beaudoin.com\/wp-content\/uploads\/2020\/03\/IMG_7968_370x.jpg","type":"image\/jpeg"}],"twitter_card":"summary_large_image","schema":{"@context":"https:\/\/schema.org","@graph":[{"@type":"WebPage","@id":"https:\/\/michelle-beaudoin.com\/fr\/produit\/porte-cles-coeur\/","url":"https:\/\/michelle-beaudoin.com\/fr\/produit\/porte-cles-coeur\/","name":"PORTE-CL\u00c9S C\u0152UR - Michelle Beaudoin","isPartOf":{"@id":"https:\/\/michelle-beaudoin.com\/fr\/#website"},"primaryImageOfPage":{"@id":"https:\/\/michelle-beaudoin.com\/fr\/produit\/porte-cles-coeur\/#primaryimage"},"image":{"@id":"https:\/\/michelle-beaudoin.com\/fr\/produit\/porte-cles-coeur\/#primaryimage"},"thumbnailUrl":"https:\/\/michelle-beaudoin.com\/wp-content\/uploads\/2020\/03\/IMG_7968_370x.jpg","datePublished":"2020-03-01T19:29:32+00:00","dateModified":"2025-10-28T15:51:44+00:00","breadcrumb":{"@id":"https:\/\/michelle-beaudoin.com\/fr\/produit\/porte-cles-coeur\/#breadcrumb"},"inLanguage":"fr-FR","potentialAction":[{"@type":"ReadAction","target":["https:\/\/michelle-beaudoin.com\/fr\/produit\/porte-cles-coeur\/"]}]},{"@type":"ImageObject","inLanguage":"fr-FR","@id":"https:\/\/michelle-beaudoin.com\/fr\/produit\/porte-cles-coeur\/#primaryimage","url":"https:\/\/michelle-beaudoin.com\/wp-content\/uploads\/2020\/03\/IMG_7968_370x.jpg","contentUrl":"https:\/\/michelle-beaudoin.com\/wp-content\/uploads\/2020\/03\/IMG_7968_370x.jpg","width":370,"height":370},{"@type":"BreadcrumbList","@id":"https:\/\/michelle-beaudoin.com\/fr\/produit\/porte-cles-coeur\/#breadcrumb","itemListElement":[{"@type":"ListItem","position":1,"name":"Accueil","item":"https:\/\/michelle-beaudoin.com\/fr\/"},{"@type":"ListItem","position":2,"name":"Boutique Accueil","item":"https:\/\/michelle-beaudoin.com\/fr\/boutique-accueil\/"},{"@type":"ListItem","position":3,"name":"PORTE-CL\u00c9S C\u0152UR"}]},{"@type":"WebSite","@id":"https:\/\/michelle-beaudoin.com\/fr\/#website","url":"https:\/\/michelle-beaudoin.com\/fr\/","name":"Michelle Beaudoin","description":"De son atelier situ&eacute; au c&oelig;ur d&rsquo;un quartier historique de Montr&eacute;al, Michelle Beaudoin con&ccedil;oit et r&eacute;alise des objets d&eacute;coratifs uniques en leur genre.","potentialAction":[{"@type":"SearchAction","target":{"@type":"EntryPoint","urlTemplate":"https:\/\/michelle-beaudoin.com\/fr\/?s={search_term_string}"},"query-input":{"@type":"PropertyValueSpecification","valueRequired":true,"valueName":"search_term_string"}}],"inLanguage":"fr-FR"}]}},"_links":{"self":[{"href":"https:\/\/michelle-beaudoin.com\/fr\/wp-json\/wp\/v2\/product\/10116","targetHints":{"allow":["GET"]}}],"collection":[{"href":"https:\/\/michelle-beaudoin.com\/fr\/wp-json\/wp\/v2\/product"}],"about":[{"href":"https:\/\/michelle-beaudoin.com\/fr\/wp-json\/wp\/v2\/types\/product"}],"replies":[{"embeddable":true,"href":"https:\/\/michelle-beaudoin.com\/fr\/wp-json\/wp\/v2\/comments?post=10116"}],"wp:featuredmedia":[{"embeddable":true,"href":"https:\/\/michelle-beaudoin.com\/fr\/wp-json\/wp\/v2\/media\/10521"}],"wp:attachment":[{"href":"https:\/\/michelle-beaudoin.com\/fr\/wp-json\/wp\/v2\/media?parent=10116"}],"wp:term":[{"taxonomy":"product_brand","embeddable":true,"href":"https:\/\/michelle-beaudoin.com\/fr\/wp-json\/wp\/v2\/product_brand?post=10116"},{"taxonomy":"product_cat","embeddable":true,"href":"https:\/\/michelle-beaudoin.com\/fr\/wp-json\/wp\/v2\/product_cat?post=10116"},{"taxonomy":"product_tag","embeddable":true,"href":"https:\/\/michelle-beaudoin.com\/fr\/wp-json\/wp\/v2\/product_tag?post=10116"}],"curies":[{"name":"wp","href":"https:\/\/api.w.org\/{rel}","templated":true}]}}