{"id":1009,"date":"2016-06-30T21:46:41","date_gmt":"2016-06-30T21:46:41","guid":{"rendered":"http:\/\/michelle-beaudoin.com\/product\/mk24-mariage\/"},"modified":"2025-02-16T14:26:05","modified_gmt":"2025-02-16T18:26:05","slug":"mk24-mariage","status":"publish","type":"product","link":"https:\/\/michelle-beaudoin.com\/fr\/produit\/mk24-mariage\/","title":{"rendered":"MARIAGE"},"content":{"rendered":"","protected":false},"excerpt":{"rendered":"<p>Aimants Mariage : Cocktail \/ Bague \/ Coeur et pierre du Rhin \/ Fleur et pierre du Rhin<\/p>\n<p class=\"p1\" style=\"text-align: justify;\"><span class=\"s1\">Ces aimants d\u00e9coratifs peuvent \u00eatre appos\u00e9s sur toute surface de m\u00e9tal, telle: r\u00e9frig\u00e9rateur, casier, classeur, etc. Une excellente id\u00e9e-cadeau \u00e0 offrir \u00e0 vos h\u00f4tes ou au professeur de votre enfant&#8230; pour n&rsquo;en nommer que quelques-unes. Leurs dimensions varient entre 1 et 2 pouces.<\/span><\/p>\n<p class=\"p1\" style=\"text-align: justify;\"><span class=\"s1\">Ils sont pr\u00e9sent\u00e9s dans un bel emballage de 4 aimants, qui s&rsquo;offre merveilleusement bien en cadeau.<\/span><\/p>\n<p class=\"p1\" style=\"text-align: justify;\"><span class=\"s1\">Ils sont mont\u00e9s sur de puissants aimants de terres rares, ce qui signifie qu&rsquo;ils ne se retrouveront jamais au sol, m\u00eame apr\u00e8s avoir claqu\u00e9 accidentellement la porte du frigo!<\/span><\/p>\n<p class=\"p1\" style=\"text-align: justify;\"><span class=\"s1\">Voir notre s\u00e9lection compl\u00e8te d&rsquo;aimants, dans la section AIMANTS de notre boutique en ligne.<\/span><\/p>\n","protected":false},"featured_media":11582,"comment_status":"closed","ping_status":"closed","template":"","meta":{"_bbp_topic_count":0,"_bbp_reply_count":0,"_bbp_total_topic_count":0,"_bbp_total_reply_count":0,"_bbp_voice_count":0,"_bbp_anonymous_reply_count":0,"_bbp_topic_count_hidden":0,"_bbp_reply_count_hidden":0,"_bbp_forum_subforum_count":0},"product_brand":[],"product_cat":[175,218],"product_tag":[1896,1895,1857,1766,1765,1894,1858,1898,1899,1897,1862,1863,1861,1901,1902,1900,1768,1865,1767,1903,1860,1864,1859],"class_list":{"0":"post-1009","1":"product","2":"type-product","3":"status-publish","4":"has-post-thumbnail","6":"product_cat-aimants","7":"product_cat-aimants-unites-ou-paquets","8":"product_tag-aimant-bague","9":"product_tag-aimant-celebration","10":"product_tag-aimant-cocktail","11":"product_tag-aimant-coeur","12":"product_tag-aimant-fleur","13":"product_tag-aimant-mariage","14":"product_tag-aimant-martini","15":"product_tag-bague-etain","16":"product_tag-bague-magnetique","17":"product_tag-bague-metal","18":"product_tag-cocktail-etain","19":"product_tag-cocktail-magnetique","20":"product_tag-cocktail-metal","21":"product_tag-coeur-etain","22":"product_tag-coeur-magnetique","23":"product_tag-coeur-metal","24":"product_tag-fleur-etain","25":"product_tag-fleur-magnetique","26":"product_tag-fleur-metal","27":"product_tag-mariage-etain","28":"product_tag-martini-etain","29":"product_tag-martini-magnetique","30":"product_tag-martini-metal","32":"first","33":"instock","34":"taxable","35":"shipping-taxable","36":"purchasable","37":"product-type-simple"},"yoast_head":"<!-- This site is optimized with the Yoast SEO plugin v27.1.1 - https:\/\/yoast.com\/product\/yoast-seo-wordpress\/ -->\n<title>MARIAGE - Michelle Beaudoin<\/title>\n<meta name=\"robots\" content=\"index, follow, max-snippet:-1, max-image-preview:large, max-video-preview:-1\" \/>\n<link rel=\"canonical\" href=\"https:\/\/michelle-beaudoin.com\/fr\/produit\/mk24-mariage\/\" \/>\n<meta property=\"og:locale\" content=\"fr_FR\" \/>\n<meta property=\"og:type\" content=\"article\" \/>\n<meta property=\"og:title\" content=\"MARIAGE - Michelle Beaudoin\" \/>\n<meta property=\"og:description\" content=\"Aimants Mariage : Cocktail \/ Bague \/ Coeur et pierre du Rhin \/ Fleur et pierre du Rhin Ces aimants d\u00e9coratifs peuvent \u00eatre appos\u00e9s sur toute surface de m\u00e9tal, telle: r\u00e9frig\u00e9rateur, casier, classeur, etc. Une excellente id\u00e9e-cadeau \u00e0 offrir \u00e0 vos h\u00f4tes ou au professeur de votre enfant... pour n&#039;en nommer que quelques-unes. Leurs dimensions varient entre 1 et 2 pouces. Ils sont pr\u00e9sent\u00e9s dans un bel emballage de 4 aimants, qui s&#039;offre merveilleusement bien en cadeau. Ils sont mont\u00e9s sur de puissants aimants de terres rares, ce qui signifie qu&#039;ils ne se retrouveront jamais au sol, m\u00eame apr\u00e8s avoir claqu\u00e9 accidentellement la porte du frigo! Voir notre s\u00e9lection compl\u00e8te d&#039;aimants, dans la section AIMANTS de notre boutique en ligne.\" \/>\n<meta property=\"og:url\" content=\"https:\/\/michelle-beaudoin.com\/fr\/produit\/mk24-mariage\/\" \/>\n<meta property=\"og:site_name\" content=\"Michelle Beaudoin\" \/>\n<meta property=\"article:modified_time\" content=\"2025-02-16T18:26:05+00:00\" \/>\n<meta property=\"og:image\" content=\"https:\/\/michelle-beaudoin.com\/wp-content\/uploads\/2016\/06\/Mk24-4-scaled.jpg\" \/>\n\t<meta property=\"og:image:width\" content=\"2560\" \/>\n\t<meta property=\"og:image:height\" content=\"2560\" \/>\n\t<meta property=\"og:image:type\" content=\"image\/jpeg\" \/>\n<meta name=\"twitter:card\" content=\"summary_large_image\" \/>\n<script type=\"application\/ld+json\" class=\"yoast-schema-graph\">{\"@context\":\"https:\/\/schema.org\",\"@graph\":[{\"@type\":\"WebPage\",\"@id\":\"https:\/\/michelle-beaudoin.com\/fr\/produit\/mk24-mariage\/\",\"url\":\"https:\/\/michelle-beaudoin.com\/fr\/produit\/mk24-mariage\/\",\"name\":\"MARIAGE - Michelle Beaudoin\",\"isPartOf\":{\"@id\":\"https:\/\/michelle-beaudoin.com\/fr\/#website\"},\"primaryImageOfPage\":{\"@id\":\"https:\/\/michelle-beaudoin.com\/fr\/produit\/mk24-mariage\/#primaryimage\"},\"image\":{\"@id\":\"https:\/\/michelle-beaudoin.com\/fr\/produit\/mk24-mariage\/#primaryimage\"},\"thumbnailUrl\":\"https:\/\/michelle-beaudoin.com\/wp-content\/uploads\/2016\/06\/Mk24-4-scaled.jpg\",\"datePublished\":\"2016-06-30T21:46:41+00:00\",\"dateModified\":\"2025-02-16T18:26:05+00:00\",\"breadcrumb\":{\"@id\":\"https:\/\/michelle-beaudoin.com\/fr\/produit\/mk24-mariage\/#breadcrumb\"},\"inLanguage\":\"fr-FR\",\"potentialAction\":[{\"@type\":\"ReadAction\",\"target\":[\"https:\/\/michelle-beaudoin.com\/fr\/produit\/mk24-mariage\/\"]}]},{\"@type\":\"ImageObject\",\"inLanguage\":\"fr-FR\",\"@id\":\"https:\/\/michelle-beaudoin.com\/fr\/produit\/mk24-mariage\/#primaryimage\",\"url\":\"https:\/\/michelle-beaudoin.com\/wp-content\/uploads\/2016\/06\/Mk24-4-scaled.jpg\",\"contentUrl\":\"https:\/\/michelle-beaudoin.com\/wp-content\/uploads\/2016\/06\/Mk24-4-scaled.jpg\",\"width\":2560,\"height\":2560},{\"@type\":\"BreadcrumbList\",\"@id\":\"https:\/\/michelle-beaudoin.com\/fr\/produit\/mk24-mariage\/#breadcrumb\",\"itemListElement\":[{\"@type\":\"ListItem\",\"position\":1,\"name\":\"Accueil\",\"item\":\"https:\/\/michelle-beaudoin.com\/fr\/\"},{\"@type\":\"ListItem\",\"position\":2,\"name\":\"Boutique Accueil\",\"item\":\"https:\/\/michelle-beaudoin.com\/fr\/boutique-accueil\/\"},{\"@type\":\"ListItem\",\"position\":3,\"name\":\"MARIAGE\"}]},{\"@type\":\"WebSite\",\"@id\":\"https:\/\/michelle-beaudoin.com\/fr\/#website\",\"url\":\"https:\/\/michelle-beaudoin.com\/fr\/\",\"name\":\"Michelle Beaudoin\",\"description\":\"De son atelier situ&eacute; au c&oelig;ur d&rsquo;un quartier historique de Montr&eacute;al, Michelle Beaudoin con&ccedil;oit et r&eacute;alise des objets d&eacute;coratifs uniques en leur genre.\",\"potentialAction\":[{\"@type\":\"SearchAction\",\"target\":{\"@type\":\"EntryPoint\",\"urlTemplate\":\"https:\/\/michelle-beaudoin.com\/fr\/?s={search_term_string}\"},\"query-input\":{\"@type\":\"PropertyValueSpecification\",\"valueRequired\":true,\"valueName\":\"search_term_string\"}}],\"inLanguage\":\"fr-FR\"}]}<\/script>\n<!-- \/ Yoast SEO plugin. -->","yoast_head_json":{"title":"MARIAGE - Michelle Beaudoin","robots":{"index":"index","follow":"follow","max-snippet":"max-snippet:-1","max-image-preview":"max-image-preview:large","max-video-preview":"max-video-preview:-1"},"canonical":"https:\/\/michelle-beaudoin.com\/fr\/produit\/mk24-mariage\/","og_locale":"fr_FR","og_type":"article","og_title":"MARIAGE - Michelle Beaudoin","og_description":"Aimants Mariage : Cocktail \/ Bague \/ Coeur et pierre du Rhin \/ Fleur et pierre du Rhin Ces aimants d\u00e9coratifs peuvent \u00eatre appos\u00e9s sur toute surface de m\u00e9tal, telle: r\u00e9frig\u00e9rateur, casier, classeur, etc. Une excellente id\u00e9e-cadeau \u00e0 offrir \u00e0 vos h\u00f4tes ou au professeur de votre enfant... pour n'en nommer que quelques-unes. Leurs dimensions varient entre 1 et 2 pouces. Ils sont pr\u00e9sent\u00e9s dans un bel emballage de 4 aimants, qui s'offre merveilleusement bien en cadeau. Ils sont mont\u00e9s sur de puissants aimants de terres rares, ce qui signifie qu'ils ne se retrouveront jamais au sol, m\u00eame apr\u00e8s avoir claqu\u00e9 accidentellement la porte du frigo! Voir notre s\u00e9lection compl\u00e8te d'aimants, dans la section AIMANTS de notre boutique en ligne.","og_url":"https:\/\/michelle-beaudoin.com\/fr\/produit\/mk24-mariage\/","og_site_name":"Michelle Beaudoin","article_modified_time":"2025-02-16T18:26:05+00:00","og_image":[{"width":2560,"height":2560,"url":"https:\/\/michelle-beaudoin.com\/wp-content\/uploads\/2016\/06\/Mk24-4-scaled.jpg","type":"image\/jpeg"}],"twitter_card":"summary_large_image","schema":{"@context":"https:\/\/schema.org","@graph":[{"@type":"WebPage","@id":"https:\/\/michelle-beaudoin.com\/fr\/produit\/mk24-mariage\/","url":"https:\/\/michelle-beaudoin.com\/fr\/produit\/mk24-mariage\/","name":"MARIAGE - Michelle Beaudoin","isPartOf":{"@id":"https:\/\/michelle-beaudoin.com\/fr\/#website"},"primaryImageOfPage":{"@id":"https:\/\/michelle-beaudoin.com\/fr\/produit\/mk24-mariage\/#primaryimage"},"image":{"@id":"https:\/\/michelle-beaudoin.com\/fr\/produit\/mk24-mariage\/#primaryimage"},"thumbnailUrl":"https:\/\/michelle-beaudoin.com\/wp-content\/uploads\/2016\/06\/Mk24-4-scaled.jpg","datePublished":"2016-06-30T21:46:41+00:00","dateModified":"2025-02-16T18:26:05+00:00","breadcrumb":{"@id":"https:\/\/michelle-beaudoin.com\/fr\/produit\/mk24-mariage\/#breadcrumb"},"inLanguage":"fr-FR","potentialAction":[{"@type":"ReadAction","target":["https:\/\/michelle-beaudoin.com\/fr\/produit\/mk24-mariage\/"]}]},{"@type":"ImageObject","inLanguage":"fr-FR","@id":"https:\/\/michelle-beaudoin.com\/fr\/produit\/mk24-mariage\/#primaryimage","url":"https:\/\/michelle-beaudoin.com\/wp-content\/uploads\/2016\/06\/Mk24-4-scaled.jpg","contentUrl":"https:\/\/michelle-beaudoin.com\/wp-content\/uploads\/2016\/06\/Mk24-4-scaled.jpg","width":2560,"height":2560},{"@type":"BreadcrumbList","@id":"https:\/\/michelle-beaudoin.com\/fr\/produit\/mk24-mariage\/#breadcrumb","itemListElement":[{"@type":"ListItem","position":1,"name":"Accueil","item":"https:\/\/michelle-beaudoin.com\/fr\/"},{"@type":"ListItem","position":2,"name":"Boutique Accueil","item":"https:\/\/michelle-beaudoin.com\/fr\/boutique-accueil\/"},{"@type":"ListItem","position":3,"name":"MARIAGE"}]},{"@type":"WebSite","@id":"https:\/\/michelle-beaudoin.com\/fr\/#website","url":"https:\/\/michelle-beaudoin.com\/fr\/","name":"Michelle Beaudoin","description":"De son atelier situ&eacute; au c&oelig;ur d&rsquo;un quartier historique de Montr&eacute;al, Michelle Beaudoin con&ccedil;oit et r&eacute;alise des objets d&eacute;coratifs uniques en leur genre.","potentialAction":[{"@type":"SearchAction","target":{"@type":"EntryPoint","urlTemplate":"https:\/\/michelle-beaudoin.com\/fr\/?s={search_term_string}"},"query-input":{"@type":"PropertyValueSpecification","valueRequired":true,"valueName":"search_term_string"}}],"inLanguage":"fr-FR"}]}},"_links":{"self":[{"href":"https:\/\/michelle-beaudoin.com\/fr\/wp-json\/wp\/v2\/product\/1009","targetHints":{"allow":["GET"]}}],"collection":[{"href":"https:\/\/michelle-beaudoin.com\/fr\/wp-json\/wp\/v2\/product"}],"about":[{"href":"https:\/\/michelle-beaudoin.com\/fr\/wp-json\/wp\/v2\/types\/product"}],"replies":[{"embeddable":true,"href":"https:\/\/michelle-beaudoin.com\/fr\/wp-json\/wp\/v2\/comments?post=1009"}],"wp:featuredmedia":[{"embeddable":true,"href":"https:\/\/michelle-beaudoin.com\/fr\/wp-json\/wp\/v2\/media\/11582"}],"wp:attachment":[{"href":"https:\/\/michelle-beaudoin.com\/fr\/wp-json\/wp\/v2\/media?parent=1009"}],"wp:term":[{"taxonomy":"product_brand","embeddable":true,"href":"https:\/\/michelle-beaudoin.com\/fr\/wp-json\/wp\/v2\/product_brand?post=1009"},{"taxonomy":"product_cat","embeddable":true,"href":"https:\/\/michelle-beaudoin.com\/fr\/wp-json\/wp\/v2\/product_cat?post=1009"},{"taxonomy":"product_tag","embeddable":true,"href":"https:\/\/michelle-beaudoin.com\/fr\/wp-json\/wp\/v2\/product_tag?post=1009"}],"curies":[{"name":"wp","href":"https:\/\/api.w.org\/{rel}","templated":true}]}}