{"id":8554,"date":"2019-04-23T18:45:27","date_gmt":"2019-04-23T22:45:27","guid":{"rendered":"https:\/\/michelle-beaudoin.com\/?page_id=8554"},"modified":"2021-01-14T14:09:51","modified_gmt":"2021-01-14T18:09:51","slug":"porte-cles","status":"publish","type":"page","link":"https:\/\/michelle-beaudoin.com\/fr\/boutique-accueil\/porte-cles\/","title":{"rendered":"PORTE-CL\u00c9S"},"content":{"rendered":"","protected":false},"excerpt":{"rendered":"","protected":false},"author":1,"featured_media":0,"parent":5179,"menu_order":0,"comment_status":"closed","ping_status":"closed","template":"","meta":{"_bbp_topic_count":0,"_bbp_reply_count":0,"_bbp_total_topic_count":0,"_bbp_total_reply_count":0,"_bbp_voice_count":0,"_bbp_anonymous_reply_count":0,"_bbp_topic_count_hidden":0,"_bbp_reply_count_hidden":0,"_bbp_forum_subforum_count":0,"footnotes":""},"class_list":["post-8554","page","type-page","status-publish","hentry"],"yoast_head":"<!-- This site is optimized with the Yoast SEO plugin v27.1.1 - https:\/\/yoast.com\/product\/yoast-seo-wordpress\/ -->\n<title>PORTE-CL\u00c9S - Michelle Beaudoin<\/title>\n<meta name=\"description\" content=\"Porte-cl\u00e9s en \u00e9tain faits artisanalement. Une belle vari\u00e9t\u00e9 disponible pour personnaliser son trousseau et faire un cadeau original.\" \/>\n<meta name=\"robots\" content=\"index, follow, max-snippet:-1, max-image-preview:large, max-video-preview:-1\" \/>\n<link rel=\"canonical\" href=\"https:\/\/michelle-beaudoin.com\/fr\/boutique-accueil\/porte-cles\/\" \/>\n<meta property=\"og:locale\" content=\"fr_FR\" \/>\n<meta property=\"og:type\" content=\"article\" \/>\n<meta property=\"og:title\" content=\"PORTE-CL\u00c9S - Michelle Beaudoin\" \/>\n<meta property=\"og:description\" content=\"Porte-cl\u00e9s en \u00e9tain faits artisanalement. Une belle vari\u00e9t\u00e9 disponible pour personnaliser son trousseau et faire un cadeau original.\" \/>\n<meta property=\"og:url\" content=\"https:\/\/michelle-beaudoin.com\/fr\/boutique-accueil\/porte-cles\/\" \/>\n<meta property=\"og:site_name\" content=\"Michelle Beaudoin\" \/>\n<meta property=\"article:modified_time\" content=\"2021-01-14T18:09:51+00:00\" \/>\n<meta property=\"og:image\" content=\"https:\/\/michelle-beaudoin.com\/wp-content\/uploads\/2016\/06\/logo-michelle-beaudoin-objets-decoratifs-site.png\" \/>\n\t<meta property=\"og:image:width\" content=\"316\" \/>\n\t<meta property=\"og:image:height\" content=\"100\" \/>\n\t<meta property=\"og:image:type\" content=\"image\/png\" \/>\n<meta name=\"twitter:card\" content=\"summary_large_image\" \/>\n<script type=\"application\/ld+json\" class=\"yoast-schema-graph\">{\"@context\":\"https:\/\/schema.org\",\"@graph\":[{\"@type\":\"WebPage\",\"@id\":\"https:\/\/michelle-beaudoin.com\/fr\/boutique-accueil\/porte-cles\/\",\"url\":\"https:\/\/michelle-beaudoin.com\/fr\/boutique-accueil\/porte-cles\/\",\"name\":\"PORTE-CL\u00c9S - Michelle Beaudoin\",\"isPartOf\":{\"@id\":\"https:\/\/michelle-beaudoin.com\/fr\/#website\"},\"datePublished\":\"2019-04-23T22:45:27+00:00\",\"dateModified\":\"2021-01-14T18:09:51+00:00\",\"description\":\"Porte-cl\u00e9s en \u00e9tain faits artisanalement. Une belle vari\u00e9t\u00e9 disponible pour personnaliser son trousseau et faire un cadeau original.\",\"breadcrumb\":{\"@id\":\"https:\/\/michelle-beaudoin.com\/fr\/boutique-accueil\/porte-cles\/#breadcrumb\"},\"inLanguage\":\"fr-FR\",\"potentialAction\":[{\"@type\":\"ReadAction\",\"target\":[\"https:\/\/michelle-beaudoin.com\/fr\/boutique-accueil\/porte-cles\/\"]}]},{\"@type\":\"BreadcrumbList\",\"@id\":\"https:\/\/michelle-beaudoin.com\/fr\/boutique-accueil\/porte-cles\/#breadcrumb\",\"itemListElement\":[{\"@type\":\"ListItem\",\"position\":1,\"name\":\"Accueil\",\"item\":\"https:\/\/michelle-beaudoin.com\/fr\/\"},{\"@type\":\"ListItem\",\"position\":2,\"name\":\"Boutique Accueil\",\"item\":\"https:\/\/michelle-beaudoin.com\/fr\/boutique-accueil\/\"},{\"@type\":\"ListItem\",\"position\":3,\"name\":\"PORTE-CL\u00c9S\"}]},{\"@type\":\"WebSite\",\"@id\":\"https:\/\/michelle-beaudoin.com\/fr\/#website\",\"url\":\"https:\/\/michelle-beaudoin.com\/fr\/\",\"name\":\"Michelle Beaudoin\",\"description\":\"De son atelier situ&eacute; au c&oelig;ur d&rsquo;un quartier historique de Montr&eacute;al, Michelle Beaudoin con&ccedil;oit et r&eacute;alise des objets d&eacute;coratifs uniques en leur genre.\",\"potentialAction\":[{\"@type\":\"SearchAction\",\"target\":{\"@type\":\"EntryPoint\",\"urlTemplate\":\"https:\/\/michelle-beaudoin.com\/fr\/?s={search_term_string}\"},\"query-input\":{\"@type\":\"PropertyValueSpecification\",\"valueRequired\":true,\"valueName\":\"search_term_string\"}}],\"inLanguage\":\"fr-FR\"}]}<\/script>\n<!-- \/ Yoast SEO plugin. -->","yoast_head_json":{"title":"PORTE-CL\u00c9S - Michelle Beaudoin","description":"Porte-cl\u00e9s en \u00e9tain faits artisanalement. Une belle vari\u00e9t\u00e9 disponible pour personnaliser son trousseau et faire un cadeau original.","robots":{"index":"index","follow":"follow","max-snippet":"max-snippet:-1","max-image-preview":"max-image-preview:large","max-video-preview":"max-video-preview:-1"},"canonical":"https:\/\/michelle-beaudoin.com\/fr\/boutique-accueil\/porte-cles\/","og_locale":"fr_FR","og_type":"article","og_title":"PORTE-CL\u00c9S - Michelle Beaudoin","og_description":"Porte-cl\u00e9s en \u00e9tain faits artisanalement. Une belle vari\u00e9t\u00e9 disponible pour personnaliser son trousseau et faire un cadeau original.","og_url":"https:\/\/michelle-beaudoin.com\/fr\/boutique-accueil\/porte-cles\/","og_site_name":"Michelle Beaudoin","article_modified_time":"2021-01-14T18:09:51+00:00","og_image":[{"width":316,"height":100,"url":"https:\/\/michelle-beaudoin.com\/wp-content\/uploads\/2016\/06\/logo-michelle-beaudoin-objets-decoratifs-site.png","type":"image\/png"}],"twitter_card":"summary_large_image","schema":{"@context":"https:\/\/schema.org","@graph":[{"@type":"WebPage","@id":"https:\/\/michelle-beaudoin.com\/fr\/boutique-accueil\/porte-cles\/","url":"https:\/\/michelle-beaudoin.com\/fr\/boutique-accueil\/porte-cles\/","name":"PORTE-CL\u00c9S - Michelle Beaudoin","isPartOf":{"@id":"https:\/\/michelle-beaudoin.com\/fr\/#website"},"datePublished":"2019-04-23T22:45:27+00:00","dateModified":"2021-01-14T18:09:51+00:00","description":"Porte-cl\u00e9s en \u00e9tain faits artisanalement. Une belle vari\u00e9t\u00e9 disponible pour personnaliser son trousseau et faire un cadeau original.","breadcrumb":{"@id":"https:\/\/michelle-beaudoin.com\/fr\/boutique-accueil\/porte-cles\/#breadcrumb"},"inLanguage":"fr-FR","potentialAction":[{"@type":"ReadAction","target":["https:\/\/michelle-beaudoin.com\/fr\/boutique-accueil\/porte-cles\/"]}]},{"@type":"BreadcrumbList","@id":"https:\/\/michelle-beaudoin.com\/fr\/boutique-accueil\/porte-cles\/#breadcrumb","itemListElement":[{"@type":"ListItem","position":1,"name":"Accueil","item":"https:\/\/michelle-beaudoin.com\/fr\/"},{"@type":"ListItem","position":2,"name":"Boutique Accueil","item":"https:\/\/michelle-beaudoin.com\/fr\/boutique-accueil\/"},{"@type":"ListItem","position":3,"name":"PORTE-CL\u00c9S"}]},{"@type":"WebSite","@id":"https:\/\/michelle-beaudoin.com\/fr\/#website","url":"https:\/\/michelle-beaudoin.com\/fr\/","name":"Michelle Beaudoin","description":"De son atelier situ&eacute; au c&oelig;ur d&rsquo;un quartier historique de Montr&eacute;al, Michelle Beaudoin con&ccedil;oit et r&eacute;alise des objets d&eacute;coratifs uniques en leur genre.","potentialAction":[{"@type":"SearchAction","target":{"@type":"EntryPoint","urlTemplate":"https:\/\/michelle-beaudoin.com\/fr\/?s={search_term_string}"},"query-input":{"@type":"PropertyValueSpecification","valueRequired":true,"valueName":"search_term_string"}}],"inLanguage":"fr-FR"}]}},"_links":{"self":[{"href":"https:\/\/michelle-beaudoin.com\/fr\/wp-json\/wp\/v2\/pages\/8554","targetHints":{"allow":["GET"]}}],"collection":[{"href":"https:\/\/michelle-beaudoin.com\/fr\/wp-json\/wp\/v2\/pages"}],"about":[{"href":"https:\/\/michelle-beaudoin.com\/fr\/wp-json\/wp\/v2\/types\/page"}],"author":[{"embeddable":true,"href":"https:\/\/michelle-beaudoin.com\/fr\/wp-json\/wp\/v2\/users\/1"}],"replies":[{"embeddable":true,"href":"https:\/\/michelle-beaudoin.com\/fr\/wp-json\/wp\/v2\/comments?post=8554"}],"version-history":[{"count":0,"href":"https:\/\/michelle-beaudoin.com\/fr\/wp-json\/wp\/v2\/pages\/8554\/revisions"}],"up":[{"embeddable":true,"href":"https:\/\/michelle-beaudoin.com\/fr\/wp-json\/wp\/v2\/pages\/5179"}],"wp:attachment":[{"href":"https:\/\/michelle-beaudoin.com\/fr\/wp-json\/wp\/v2\/media?parent=8554"}],"curies":[{"name":"wp","href":"https:\/\/api.w.org\/{rel}","templated":true}]}}