{"id":7616,"date":"2018-02-27T15:00:28","date_gmt":"2018-02-27T19:00:28","guid":{"rendered":"https:\/\/michelle-beaudoin.com\/?page_id=7616"},"modified":"2021-01-13T20:13:34","modified_gmt":"2021-01-14T00:13:34","slug":"mandala","status":"publish","type":"page","link":"https:\/\/michelle-beaudoin.com\/fr\/boutique-accueil\/mandala\/","title":{"rendered":"MANDALA"},"content":{"rendered":"<p><div class=\"fusion-fullwidth fullwidth-box fusion-builder-row-1 hundred-percent-fullwidth non-hundred-percent-height-scrolling\" style=\"--awb-background-position:left top;--awb-border-sizes-top:0px;--awb-border-sizes-bottom:0px;--awb-border-sizes-left:0px;--awb-border-sizes-right:0px;--awb-border-radius-top-left:0px;--awb-border-radius-top-right:0px;--awb-border-radius-bottom-right:0px;--awb-border-radius-bottom-left:0px;--awb-padding-top:10px;--awb-padding-right:0px;--awb-padding-bottom:0px;--awb-padding-left:0px;--awb-flex-wrap:wrap;\" ><div class=\"fusion-builder-row fusion-row\"><div class=\"fusion-layout-column fusion_builder_column fusion-builder-column-0 fusion_builder_column_1_1 1_1 fusion-one-full fusion-column-first fusion-column-last\" style=\"--awb-bg-size:cover;\"><div class=\"fusion-column-wrapper fusion-flex-column-wrapper-legacy\"><div class=\"fusion-column-content-centered\"><div class=\"fusion-column-content\"><div class=\"fusion-text fusion-text-1\"><h1 style=\"text-align: center;\"><span style=\"color: #999999;\">Nouvelle ligne d&rsquo;inspiration : MANDALA<br \/>\n<\/span><\/h1>\n<h3 style=\"text-align: center;\"><span style=\"color: #999999;\">Car tout part d&rsquo;un point. En expansion&#8230; MANDALA, un univers introspectif s&rsquo;ouvre \u00e0 vous.<\/span><\/h3>\n<h3 style=\"text-align: center;\">Rencontrez la force int\u00e9rieure du c\u0153ur en puisant dans LOVE ce dont vous avez besoin et partagez-le en retour. Si la PATIENCE vous manque, il existe ici un rappel que la fleur qui pousse a besoin de temps pour s&rsquo;\u00e9panouir pleinement. Soyez ma\u00eetre de votre vie en adoptant la perspective ad\u00e9quate pour la r\u00e9alisation de vos objectifs, la VISION vous accompagne l\u00e0-dedans. Avec du recul, nous sommes en mesure de savourer la v\u00e9ritable essence de la vie, il est parfois indispensable de se cr\u00e9er un univers de PROTECTION.<\/h3>\n<h3 style=\"text-align: center;\">Aimants, crochets magn\u00e9tiques, porte-cl\u00e9s, porte-bonheurs, colliers, MANDALA c&rsquo;est le souhait que vous vous sentiez inspir\u00e9s. Que la vie vous murmure le cadeau qui vous ressemble, et celui qui pourra soutenir vos proches.<\/h3>\n<\/div><\/div><\/div><div class=\"fusion-clearfix\"><\/div><\/div><\/div><\/div><\/div><div class=\"fusion-fullwidth fullwidth-box fusion-builder-row-2 nonhundred-percent-fullwidth non-hundred-percent-height-scrolling\" style=\"--awb-background-position:left top;--awb-border-sizes-top:0px;--awb-border-sizes-bottom:0px;--awb-border-sizes-left:0px;--awb-border-sizes-right:0px;--awb-border-radius-top-left:0px;--awb-border-radius-top-right:0px;--awb-border-radius-bottom-right:0px;--awb-border-radius-bottom-left:0px;--awb-padding-top:20px;--awb-padding-bottom:20px;--awb-flex-wrap:wrap;\" ><div class=\"fusion-builder-row fusion-row\"><div class=\"fusion-layout-column fusion_builder_column fusion-builder-column-1 fusion_builder_column_1_3 1_3 fusion-one-third fusion-column-first\" style=\"--awb-bg-size:cover;width:30.6666%; margin-right: 4%;\"><div class=\"fusion-column-wrapper fusion-flex-column-wrapper-legacy\"><div class=\"fusion-column-content-centered\"><div class=\"fusion-column-content\"><div class=\"fusion-image-element fusion-image-align-center in-legacy-container\" style=\"text-align:center;--awb-caption-title-font-family:var(--h2_typography-font-family);--awb-caption-title-font-weight:var(--h2_typography-font-weight);--awb-caption-title-font-style:var(--h2_typography-font-style);--awb-caption-title-size:var(--h2_typography-font-size);--awb-caption-title-transform:var(--h2_typography-text-transform);--awb-caption-title-line-height:var(--h2_typography-line-height);--awb-caption-title-letter-spacing:var(--h2_typography-letter-spacing);\"><div class=\"imageframe-align-center\"><span class=\" fusion-imageframe imageframe-none imageframe-1 hover-type-zoomin\"><a class=\"fusion-no-lightbox\" href=\"https:\/\/michelle-beaudoin.com\/fr\/categorie-produit\/mandala\/aimants-mandala\/\" target=\"_self\" aria-label=\"Aimants Mandala Cat\u00e9gorie\"><img decoding=\"async\" width=\"1400\" height=\"1400\" src=\"https:\/\/michelle-beaudoin.com\/wp-content\/uploads\/2018\/03\/Black-and-White-Collage-Album-Cover1.jpg\" alt class=\"img-responsive wp-image-7830\" srcset=\"https:\/\/michelle-beaudoin.com\/wp-content\/uploads\/2018\/03\/Black-and-White-Collage-Album-Cover1-200x200.jpg 200w, https:\/\/michelle-beaudoin.com\/wp-content\/uploads\/2018\/03\/Black-and-White-Collage-Album-Cover1-400x400.jpg 400w, https:\/\/michelle-beaudoin.com\/wp-content\/uploads\/2018\/03\/Black-and-White-Collage-Album-Cover1-600x600.jpg 600w, https:\/\/michelle-beaudoin.com\/wp-content\/uploads\/2018\/03\/Black-and-White-Collage-Album-Cover1-800x800.jpg 800w, https:\/\/michelle-beaudoin.com\/wp-content\/uploads\/2018\/03\/Black-and-White-Collage-Album-Cover1-1200x1200.jpg 1200w, https:\/\/michelle-beaudoin.com\/wp-content\/uploads\/2018\/03\/Black-and-White-Collage-Album-Cover1.jpg 1400w\" sizes=\"(max-width: 800px) 100vw, 600px\" \/><\/a><\/span><\/div><\/div><\/div><\/div><div class=\"fusion-clearfix\"><\/div><\/div><\/div><div class=\"fusion-layout-column fusion_builder_column fusion-builder-column-2 fusion_builder_column_1_3 1_3 fusion-one-third\" style=\"--awb-bg-size:cover;width:30.6666%; margin-right: 4%;\"><div class=\"fusion-column-wrapper fusion-flex-column-wrapper-legacy\"><div class=\"fusion-column-content-centered\"><div class=\"fusion-column-content\"><div class=\"fusion-image-element fusion-image-align-center in-legacy-container\" style=\"text-align:center;--awb-caption-title-font-family:var(--h2_typography-font-family);--awb-caption-title-font-weight:var(--h2_typography-font-weight);--awb-caption-title-font-style:var(--h2_typography-font-style);--awb-caption-title-size:var(--h2_typography-font-size);--awb-caption-title-transform:var(--h2_typography-text-transform);--awb-caption-title-line-height:var(--h2_typography-line-height);--awb-caption-title-letter-spacing:var(--h2_typography-letter-spacing);\"><div class=\"imageframe-align-center\"><span class=\" fusion-imageframe imageframe-none imageframe-2 hover-type-zoomin\"><a class=\"fusion-no-lightbox\" href=\"https:\/\/michelle-beaudoin.com\/fr\/categorie-produit\/mandala\/crochets-magnetiques-fr\/\" target=\"_self\" aria-label=\"Mandala Crochets Magn\u00e9tiques Cat\u00e9gorie\"><img decoding=\"async\" width=\"1400\" height=\"1400\" src=\"https:\/\/michelle-beaudoin.com\/wp-content\/uploads\/2018\/03\/Black-and-White-Collage-Album-Cover3.jpg\" alt class=\"img-responsive wp-image-7834\" srcset=\"https:\/\/michelle-beaudoin.com\/wp-content\/uploads\/2018\/03\/Black-and-White-Collage-Album-Cover3-200x200.jpg 200w, https:\/\/michelle-beaudoin.com\/wp-content\/uploads\/2018\/03\/Black-and-White-Collage-Album-Cover3-400x400.jpg 400w, https:\/\/michelle-beaudoin.com\/wp-content\/uploads\/2018\/03\/Black-and-White-Collage-Album-Cover3-600x600.jpg 600w, https:\/\/michelle-beaudoin.com\/wp-content\/uploads\/2018\/03\/Black-and-White-Collage-Album-Cover3-800x800.jpg 800w, https:\/\/michelle-beaudoin.com\/wp-content\/uploads\/2018\/03\/Black-and-White-Collage-Album-Cover3-1200x1200.jpg 1200w, https:\/\/michelle-beaudoin.com\/wp-content\/uploads\/2018\/03\/Black-and-White-Collage-Album-Cover3.jpg 1400w\" sizes=\"(max-width: 800px) 100vw, 600px\" \/><\/a><\/span><\/div><\/div><\/div><\/div><div class=\"fusion-clearfix\"><\/div><\/div><\/div><div class=\"fusion-layout-column fusion_builder_column fusion-builder-column-3 fusion_builder_column_1_3 1_3 fusion-one-third fusion-column-last fusion-column-inner-bg-wrapper\" style=\"--awb-inner-bg-size:cover;width:30.6666%;\"><span class=\"fusion-column-inner-bg hover-type-none\"><a class=\"fusion-column-anchor\" href=\"https:\/\/michelle-beaudoin.com\/fr\/categorie-produit\/mandala\/porte-cles\/\"><span class=\"fusion-column-inner-bg-image\"><\/span><\/a><\/span><div class=\"fusion-column-wrapper fusion-column-has-shadow fusion-flex-column-wrapper-legacy\"><div class=\"fusion-column-content-centered\"><div class=\"fusion-column-content\"><div class=\"fusion-image-element fusion-image-align-center in-legacy-container\" style=\"text-align:center;--awb-caption-title-font-family:var(--h2_typography-font-family);--awb-caption-title-font-weight:var(--h2_typography-font-weight);--awb-caption-title-font-style:var(--h2_typography-font-style);--awb-caption-title-size:var(--h2_typography-font-size);--awb-caption-title-transform:var(--h2_typography-text-transform);--awb-caption-title-line-height:var(--h2_typography-line-height);--awb-caption-title-letter-spacing:var(--h2_typography-letter-spacing);\"><div class=\"imageframe-align-center\"><span class=\" fusion-imageframe imageframe-none imageframe-3 hover-type-zoomin\"><a class=\"fusion-no-lightbox\" href=\"https:\/\/michelle-beaudoin.com\/fr\/product-category\/mandala\/porte-cles\/\" target=\"_self\" aria-label=\"Mandala Porte Cl\u00e9s Cat\u00e9gorie\"><img decoding=\"async\" width=\"1400\" height=\"1400\" src=\"https:\/\/michelle-beaudoin.com\/wp-content\/uploads\/2018\/03\/Black-and-White-Collage-Album-Cover6.jpg\" alt class=\"img-responsive wp-image-7842\" srcset=\"https:\/\/michelle-beaudoin.com\/wp-content\/uploads\/2018\/03\/Black-and-White-Collage-Album-Cover6-200x200.jpg 200w, https:\/\/michelle-beaudoin.com\/wp-content\/uploads\/2018\/03\/Black-and-White-Collage-Album-Cover6-400x400.jpg 400w, https:\/\/michelle-beaudoin.com\/wp-content\/uploads\/2018\/03\/Black-and-White-Collage-Album-Cover6-600x600.jpg 600w, https:\/\/michelle-beaudoin.com\/wp-content\/uploads\/2018\/03\/Black-and-White-Collage-Album-Cover6-800x800.jpg 800w, https:\/\/michelle-beaudoin.com\/wp-content\/uploads\/2018\/03\/Black-and-White-Collage-Album-Cover6-1200x1200.jpg 1200w, https:\/\/michelle-beaudoin.com\/wp-content\/uploads\/2018\/03\/Black-and-White-Collage-Album-Cover6.jpg 1400w\" sizes=\"(max-width: 800px) 100vw, 600px\" \/><\/a><\/span><\/div><\/div><\/div><\/div><div class=\"fusion-clearfix\"><\/div><\/div><\/div><div class=\"fusion-layout-column fusion_builder_column fusion-builder-column-4 fusion_builder_column_1_2 1_2 fusion-one-half fusion-column-first fusion-column-inner-bg-wrapper\" style=\"--awb-inner-bg-size:cover;width:48%; margin-right: 4%;\"><span class=\"fusion-column-inner-bg hover-type-none\"><a class=\"fusion-column-anchor\" href=\"https:\/\/michelle-beaudoin.com\/fr\/categorie-produit\/mandala\/porte-bonheurs-fr\/\"><span class=\"fusion-column-inner-bg-image\"><\/span><\/a><\/span><div class=\"fusion-column-wrapper fusion-column-has-shadow fusion-flex-column-wrapper-legacy\"><div class=\"fusion-column-content-centered\"><div class=\"fusion-column-content\"><div class=\"fusion-image-element fusion-image-align-center in-legacy-container\" style=\"text-align:center;--awb-caption-title-font-family:var(--h2_typography-font-family);--awb-caption-title-font-weight:var(--h2_typography-font-weight);--awb-caption-title-font-style:var(--h2_typography-font-style);--awb-caption-title-size:var(--h2_typography-font-size);--awb-caption-title-transform:var(--h2_typography-text-transform);--awb-caption-title-line-height:var(--h2_typography-line-height);--awb-caption-title-letter-spacing:var(--h2_typography-letter-spacing);\"><div class=\"imageframe-align-center\"><span class=\" fusion-imageframe imageframe-none imageframe-4 hover-type-zoomin\"><a class=\"fusion-no-lightbox\" href=\"https:\/\/michelle-beaudoin.com\/fr\/product-category\/mandala\/porte-bonheurs-fr\/\" target=\"_self\" aria-label=\"Porte-bonheurs Mandala Cat\u00e9gorie\"><img decoding=\"async\" width=\"1400\" height=\"1400\" src=\"https:\/\/michelle-beaudoin.com\/wp-content\/uploads\/2018\/03\/Black-and-White-Collage-Album-Cover8.jpg\" alt class=\"img-responsive wp-image-7846\" srcset=\"https:\/\/michelle-beaudoin.com\/wp-content\/uploads\/2018\/03\/Black-and-White-Collage-Album-Cover8-200x200.jpg 200w, https:\/\/michelle-beaudoin.com\/wp-content\/uploads\/2018\/03\/Black-and-White-Collage-Album-Cover8-400x400.jpg 400w, https:\/\/michelle-beaudoin.com\/wp-content\/uploads\/2018\/03\/Black-and-White-Collage-Album-Cover8-600x600.jpg 600w, https:\/\/michelle-beaudoin.com\/wp-content\/uploads\/2018\/03\/Black-and-White-Collage-Album-Cover8-800x800.jpg 800w, https:\/\/michelle-beaudoin.com\/wp-content\/uploads\/2018\/03\/Black-and-White-Collage-Album-Cover8-1200x1200.jpg 1200w, https:\/\/michelle-beaudoin.com\/wp-content\/uploads\/2018\/03\/Black-and-White-Collage-Album-Cover8.jpg 1400w\" sizes=\"(max-width: 800px) 100vw, 800px\" \/><\/a><\/span><\/div><\/div><\/div><\/div><div class=\"fusion-clearfix\"><\/div><\/div><\/div><div class=\"fusion-layout-column fusion_builder_column fusion-builder-column-5 fusion_builder_column_1_2 1_2 fusion-one-half fusion-column-last\" style=\"--awb-bg-size:cover;width:48%;\"><div class=\"fusion-column-wrapper fusion-flex-column-wrapper-legacy\"><div class=\"fusion-column-content-centered\"><div class=\"fusion-column-content\"><div class=\"fusion-image-element fusion-image-align-center in-legacy-container\" style=\"text-align:center;--awb-caption-title-font-family:var(--h2_typography-font-family);--awb-caption-title-font-weight:var(--h2_typography-font-weight);--awb-caption-title-font-style:var(--h2_typography-font-style);--awb-caption-title-size:var(--h2_typography-font-size);--awb-caption-title-transform:var(--h2_typography-text-transform);--awb-caption-title-line-height:var(--h2_typography-line-height);--awb-caption-title-letter-spacing:var(--h2_typography-letter-spacing);\"><div class=\"imageframe-align-center\"><span class=\" fusion-imageframe imageframe-none imageframe-5 hover-type-zoomin\"><a class=\"fusion-no-lightbox\" href=\"https:\/\/michelle-beaudoin.com\/fr\/categorie-produit\/mandala\/colliers-fr\/\" target=\"_self\" aria-label=\"Colliers Mandala Category\"><img decoding=\"async\" width=\"1400\" height=\"1400\" src=\"https:\/\/michelle-beaudoin.com\/wp-content\/uploads\/2018\/03\/Black-and-White-Collage-Album-Cover10.jpg\" alt class=\"img-responsive wp-image-7850\" srcset=\"https:\/\/michelle-beaudoin.com\/wp-content\/uploads\/2018\/03\/Black-and-White-Collage-Album-Cover10-200x200.jpg 200w, https:\/\/michelle-beaudoin.com\/wp-content\/uploads\/2018\/03\/Black-and-White-Collage-Album-Cover10-400x400.jpg 400w, https:\/\/michelle-beaudoin.com\/wp-content\/uploads\/2018\/03\/Black-and-White-Collage-Album-Cover10-600x600.jpg 600w, https:\/\/michelle-beaudoin.com\/wp-content\/uploads\/2018\/03\/Black-and-White-Collage-Album-Cover10-800x800.jpg 800w, https:\/\/michelle-beaudoin.com\/wp-content\/uploads\/2018\/03\/Black-and-White-Collage-Album-Cover10-1200x1200.jpg 1200w, https:\/\/michelle-beaudoin.com\/wp-content\/uploads\/2018\/03\/Black-and-White-Collage-Album-Cover10.jpg 1400w\" sizes=\"(max-width: 800px) 100vw, 800px\" \/><\/a><\/span><\/div><\/div><\/div><\/div><div class=\"fusion-clearfix\"><\/div><\/div><\/div><\/div><\/div><div class=\"fusion-fullwidth fullwidth-box fusion-builder-row-3 nonhundred-percent-fullwidth non-hundred-percent-height-scrolling\" style=\"--awb-background-position:left top;--awb-border-sizes-top:0px;--awb-border-sizes-bottom:0px;--awb-border-sizes-left:0px;--awb-border-sizes-right:0px;--awb-border-radius-top-left:0px;--awb-border-radius-top-right:0px;--awb-border-radius-bottom-right:0px;--awb-border-radius-bottom-left:0px;--awb-padding-top:20px;--awb-padding-bottom:20px;--awb-flex-wrap:wrap;\" ><div class=\"fusion-builder-row fusion-row\"><div class=\"fusion-layout-column fusion_builder_column fusion-builder-column-6 fusion_builder_column_1_1 1_1 fusion-one-full fusion-column-first fusion-column-last\" style=\"--awb-bg-size:cover;\"><div class=\"fusion-column-wrapper fusion-flex-column-wrapper-legacy\"><div class=\"fusion-column-content-centered\"><div class=\"fusion-column-content\"><div class=\"fusion-title title fusion-title-1 fusion-title-text fusion-title-size-one\"><h1 class=\"fusion-title-heading title-heading-left fusion-responsive-typography-calculated\" style=\"margin:0;--fontSize:50;line-height:1.3;\"><hr \/>\n<h1 style=\"text-align: center;\">VIDEOS MANDALA<\/h1>\n<h3 style=\"text-align: center;\">regardez votre pouvoir grandir de l&rsquo;int\u00e9rieur<\/h3><\/h1><span class=\"awb-title-spacer\"><\/span><div class=\"title-sep-container\"><div class=\"title-sep sep-double sep-solid\" style=\"border-color:#e0dede;\"><\/div><\/div><\/div><\/div><\/div><div class=\"fusion-clearfix\"><\/div><\/div><\/div><div class=\"fusion-layout-column fusion_builder_column fusion-builder-column-7 fusion_builder_column_1_3 1_3 fusion-one-third fusion-column-first\" style=\"--awb-bg-size:cover;width:30.6666%; margin-right: 4%;\"><div class=\"fusion-column-wrapper fusion-flex-column-wrapper-legacy\"><div class=\"fusion-column-content-centered\"><div class=\"fusion-column-content\"><div class=\"fusion-video fusion-vimeo fusion-aligncenter\" style=\"--awb-max-width:600px;--awb-max-height:360px;--awb-width:100%;\"><div class=\"video-shortcode\"><div class=\"fluid-width-video-wrapper\" style=\"padding-top:60%;\" ><iframe title=\"Vimeo video player 1\" src=\"https:\/\/player.vimeo.com\/video\/262213589?autoplay=0&amp;autopause=0\" width=\"600\" height=\"360\" allowfullscreen allow=\"autoplay; fullscreen\"><\/iframe><\/div><\/div><\/div><div class=\"fusion-text fusion-text-2\"><h5 style=\"text-align: center;\">Aimants Love<\/h5>\n<\/div><\/div><\/div><div class=\"fusion-clearfix\"><\/div><\/div><\/div><div class=\"fusion-layout-column fusion_builder_column fusion-builder-column-8 fusion_builder_column_1_3 1_3 fusion-one-third\" style=\"--awb-bg-size:cover;width:30.6666%; margin-right: 4%;\"><div class=\"fusion-column-wrapper fusion-flex-column-wrapper-legacy\"><div class=\"fusion-column-content-centered\"><div class=\"fusion-column-content\"><div class=\"fusion-video fusion-vimeo fusion-aligncenter\" style=\"--awb-max-width:600px;--awb-max-height:360px;--awb-width:100%;\"><div class=\"video-shortcode\"><div class=\"fluid-width-video-wrapper\" style=\"padding-top:60%;\" ><iframe title=\"Vimeo video player 2\" src=\"https:\/\/player.vimeo.com\/video\/262217092?autoplay=0&amp;autopause=0\" width=\"600\" height=\"360\" allowfullscreen allow=\"autoplay; fullscreen\"><\/iframe><\/div><\/div><\/div><div class=\"fusion-text fusion-text-3\"><h5 style=\"text-align: center;\">Collier Patience<\/h5>\n<\/div><\/div><\/div><div class=\"fusion-clearfix\"><\/div><\/div><\/div><div class=\"fusion-layout-column fusion_builder_column fusion-builder-column-9 fusion_builder_column_1_3 1_3 fusion-one-third fusion-column-last\" style=\"--awb-bg-size:cover;width:30.6666%;\"><div class=\"fusion-column-wrapper fusion-flex-column-wrapper-legacy\"><div class=\"fusion-column-content-centered\"><div class=\"fusion-column-content\"><div class=\"fusion-video fusion-vimeo fusion-aligncenter\" style=\"--awb-max-width:600px;--awb-max-height:360px;--awb-width:100%;\"><div class=\"video-shortcode\"><div class=\"fluid-width-video-wrapper\" style=\"padding-top:60%;\" ><iframe title=\"Vimeo video player 3\" src=\"https:\/\/player.vimeo.com\/video\/262219033?autoplay=0&amp;autopause=0\" width=\"600\" height=\"360\" allowfullscreen allow=\"autoplay; fullscreen\"><\/iframe><\/div><\/div><\/div><div class=\"fusion-text fusion-text-4\"><h5 style=\"text-align: center;\">Porte-cl\u00e9s Protection<\/h5>\n<\/div><\/div><\/div><div class=\"fusion-clearfix\"><\/div><\/div><\/div><\/div><\/div><\/p>\n","protected":false},"excerpt":{"rendered":"","protected":false},"author":1,"featured_media":0,"parent":5179,"menu_order":0,"comment_status":"closed","ping_status":"closed","template":"","meta":{"_bbp_topic_count":0,"_bbp_reply_count":0,"_bbp_total_topic_count":0,"_bbp_total_reply_count":0,"_bbp_voice_count":0,"_bbp_anonymous_reply_count":0,"_bbp_topic_count_hidden":0,"_bbp_reply_count_hidden":0,"_bbp_forum_subforum_count":0,"footnotes":""},"class_list":["post-7616","page","type-page","status-publish","hentry"],"yoast_head":"<!-- This site is optimized with the Yoast SEO plugin v27.1.1 - https:\/\/yoast.com\/product\/yoast-seo-wordpress\/ -->\n<title>MANDALA - Michelle Beaudoin<\/title>\n<meta name=\"robots\" content=\"index, follow, max-snippet:-1, max-image-preview:large, max-video-preview:-1\" \/>\n<link rel=\"canonical\" href=\"https:\/\/michelle-beaudoin.com\/fr\/boutique-accueil\/mandala\/\" \/>\n<meta property=\"og:locale\" content=\"fr_FR\" \/>\n<meta property=\"og:type\" content=\"article\" \/>\n<meta property=\"og:title\" content=\"MANDALA - Michelle Beaudoin\" \/>\n<meta property=\"og:url\" content=\"https:\/\/michelle-beaudoin.com\/fr\/boutique-accueil\/mandala\/\" \/>\n<meta property=\"og:site_name\" content=\"Michelle Beaudoin\" \/>\n<meta property=\"article:modified_time\" content=\"2021-01-14T00:13:34+00:00\" \/>\n<meta property=\"og:image\" content=\"https:\/\/michelle-beaudoin.com\/wp-content\/uploads\/2016\/06\/logo-michelle-beaudoin-objets-decoratifs-site.png\" \/>\n\t<meta property=\"og:image:width\" content=\"316\" \/>\n\t<meta property=\"og:image:height\" content=\"100\" \/>\n\t<meta property=\"og:image:type\" content=\"image\/png\" \/>\n<meta name=\"twitter:card\" content=\"summary_large_image\" \/>\n<meta name=\"twitter:label1\" content=\"Dur\u00e9e de lecture estim\u00e9e\" \/>\n\t<meta name=\"twitter:data1\" content=\"11 minutes\" \/>\n<script type=\"application\/ld+json\" class=\"yoast-schema-graph\">{\"@context\":\"https:\/\/schema.org\",\"@graph\":[{\"@type\":\"WebPage\",\"@id\":\"https:\/\/michelle-beaudoin.com\/fr\/boutique-accueil\/mandala\/\",\"url\":\"https:\/\/michelle-beaudoin.com\/fr\/boutique-accueil\/mandala\/\",\"name\":\"MANDALA - Michelle Beaudoin\",\"isPartOf\":{\"@id\":\"https:\/\/michelle-beaudoin.com\/fr\/#website\"},\"datePublished\":\"2018-02-27T19:00:28+00:00\",\"dateModified\":\"2021-01-14T00:13:34+00:00\",\"breadcrumb\":{\"@id\":\"https:\/\/michelle-beaudoin.com\/fr\/boutique-accueil\/mandala\/#breadcrumb\"},\"inLanguage\":\"fr-FR\",\"potentialAction\":[{\"@type\":\"ReadAction\",\"target\":[\"https:\/\/michelle-beaudoin.com\/fr\/boutique-accueil\/mandala\/\"]}]},{\"@type\":\"BreadcrumbList\",\"@id\":\"https:\/\/michelle-beaudoin.com\/fr\/boutique-accueil\/mandala\/#breadcrumb\",\"itemListElement\":[{\"@type\":\"ListItem\",\"position\":1,\"name\":\"Accueil\",\"item\":\"https:\/\/michelle-beaudoin.com\/fr\/\"},{\"@type\":\"ListItem\",\"position\":2,\"name\":\"Boutique Accueil\",\"item\":\"https:\/\/michelle-beaudoin.com\/fr\/boutique-accueil\/\"},{\"@type\":\"ListItem\",\"position\":3,\"name\":\"MANDALA\"}]},{\"@type\":\"WebSite\",\"@id\":\"https:\/\/michelle-beaudoin.com\/fr\/#website\",\"url\":\"https:\/\/michelle-beaudoin.com\/fr\/\",\"name\":\"Michelle Beaudoin\",\"description\":\"De son atelier situ&eacute; au c&oelig;ur d&rsquo;un quartier historique de Montr&eacute;al, Michelle Beaudoin con&ccedil;oit et r&eacute;alise des objets d&eacute;coratifs uniques en leur genre.\",\"potentialAction\":[{\"@type\":\"SearchAction\",\"target\":{\"@type\":\"EntryPoint\",\"urlTemplate\":\"https:\/\/michelle-beaudoin.com\/fr\/?s={search_term_string}\"},\"query-input\":{\"@type\":\"PropertyValueSpecification\",\"valueRequired\":true,\"valueName\":\"search_term_string\"}}],\"inLanguage\":\"fr-FR\"}]}<\/script>\n<!-- \/ Yoast SEO plugin. -->","yoast_head_json":{"title":"MANDALA - Michelle Beaudoin","robots":{"index":"index","follow":"follow","max-snippet":"max-snippet:-1","max-image-preview":"max-image-preview:large","max-video-preview":"max-video-preview:-1"},"canonical":"https:\/\/michelle-beaudoin.com\/fr\/boutique-accueil\/mandala\/","og_locale":"fr_FR","og_type":"article","og_title":"MANDALA - Michelle Beaudoin","og_url":"https:\/\/michelle-beaudoin.com\/fr\/boutique-accueil\/mandala\/","og_site_name":"Michelle Beaudoin","article_modified_time":"2021-01-14T00:13:34+00:00","og_image":[{"width":316,"height":100,"url":"https:\/\/michelle-beaudoin.com\/wp-content\/uploads\/2016\/06\/logo-michelle-beaudoin-objets-decoratifs-site.png","type":"image\/png"}],"twitter_card":"summary_large_image","twitter_misc":{"Dur\u00e9e de lecture estim\u00e9e":"11 minutes"},"schema":{"@context":"https:\/\/schema.org","@graph":[{"@type":"WebPage","@id":"https:\/\/michelle-beaudoin.com\/fr\/boutique-accueil\/mandala\/","url":"https:\/\/michelle-beaudoin.com\/fr\/boutique-accueil\/mandala\/","name":"MANDALA - Michelle Beaudoin","isPartOf":{"@id":"https:\/\/michelle-beaudoin.com\/fr\/#website"},"datePublished":"2018-02-27T19:00:28+00:00","dateModified":"2021-01-14T00:13:34+00:00","breadcrumb":{"@id":"https:\/\/michelle-beaudoin.com\/fr\/boutique-accueil\/mandala\/#breadcrumb"},"inLanguage":"fr-FR","potentialAction":[{"@type":"ReadAction","target":["https:\/\/michelle-beaudoin.com\/fr\/boutique-accueil\/mandala\/"]}]},{"@type":"BreadcrumbList","@id":"https:\/\/michelle-beaudoin.com\/fr\/boutique-accueil\/mandala\/#breadcrumb","itemListElement":[{"@type":"ListItem","position":1,"name":"Accueil","item":"https:\/\/michelle-beaudoin.com\/fr\/"},{"@type":"ListItem","position":2,"name":"Boutique Accueil","item":"https:\/\/michelle-beaudoin.com\/fr\/boutique-accueil\/"},{"@type":"ListItem","position":3,"name":"MANDALA"}]},{"@type":"WebSite","@id":"https:\/\/michelle-beaudoin.com\/fr\/#website","url":"https:\/\/michelle-beaudoin.com\/fr\/","name":"Michelle Beaudoin","description":"De son atelier situ&eacute; au c&oelig;ur d&rsquo;un quartier historique de Montr&eacute;al, Michelle Beaudoin con&ccedil;oit et r&eacute;alise des objets d&eacute;coratifs uniques en leur genre.","potentialAction":[{"@type":"SearchAction","target":{"@type":"EntryPoint","urlTemplate":"https:\/\/michelle-beaudoin.com\/fr\/?s={search_term_string}"},"query-input":{"@type":"PropertyValueSpecification","valueRequired":true,"valueName":"search_term_string"}}],"inLanguage":"fr-FR"}]}},"_links":{"self":[{"href":"https:\/\/michelle-beaudoin.com\/fr\/wp-json\/wp\/v2\/pages\/7616","targetHints":{"allow":["GET"]}}],"collection":[{"href":"https:\/\/michelle-beaudoin.com\/fr\/wp-json\/wp\/v2\/pages"}],"about":[{"href":"https:\/\/michelle-beaudoin.com\/fr\/wp-json\/wp\/v2\/types\/page"}],"author":[{"embeddable":true,"href":"https:\/\/michelle-beaudoin.com\/fr\/wp-json\/wp\/v2\/users\/1"}],"replies":[{"embeddable":true,"href":"https:\/\/michelle-beaudoin.com\/fr\/wp-json\/wp\/v2\/comments?post=7616"}],"version-history":[{"count":0,"href":"https:\/\/michelle-beaudoin.com\/fr\/wp-json\/wp\/v2\/pages\/7616\/revisions"}],"up":[{"embeddable":true,"href":"https:\/\/michelle-beaudoin.com\/fr\/wp-json\/wp\/v2\/pages\/5179"}],"wp:attachment":[{"href":"https:\/\/michelle-beaudoin.com\/fr\/wp-json\/wp\/v2\/media?parent=7616"}],"curies":[{"name":"wp","href":"https:\/\/api.w.org\/{rel}","templated":true}]}}