{"id":6504,"date":"2017-03-01T13:18:18","date_gmt":"2017-03-01T17:18:18","guid":{"rendered":"https:\/\/michelle-beaudoin.com\/?page_id=6504\/"},"modified":"2021-01-13T19:22:27","modified_gmt":"2021-01-13T23:22:27","slug":"salons","status":"publish","type":"page","link":"https:\/\/michelle-beaudoin.com\/fr\/contactez-nous\/salons\/","title":{"rendered":"Ev\u00e9nements- Salons"},"content":{"rendered":"<p><div class=\"fusion-fullwidth fullwidth-box fusion-builder-row-1 hundred-percent-fullwidth non-hundred-percent-height-scrolling\" style=\"--awb-border-radius-top-left:0px;--awb-border-radius-top-right:0px;--awb-border-radius-bottom-right:0px;--awb-border-radius-bottom-left:0px;--awb-overflow:visible;--awb-background-color:rgba(255,255,255,0);--awb-flex-wrap:wrap;\" ><div class=\"fusion-builder-row fusion-row\"><div class=\"fusion-layout-column fusion_builder_column fusion-builder-column-0 fusion_builder_column_1_1 1_1 fusion-one-full fusion-column-first fusion-column-last fusion-column-no-min-height\" style=\"--awb-bg-size:cover;--awb-margin-bottom:0px;\"><div class=\"fusion-column-wrapper fusion-flex-column-wrapper-legacy\"><div class=\"fusion-title title fusion-title-1 fusion-sep-none fusion-title-center fusion-title-text fusion-title-size-one\"><h1 class=\"fusion-title-heading title-heading-center fusion-responsive-typography-calculated\" style=\"margin:0;--fontSize:50;line-height:1.3;\"><h1 style=\"text-align: center;\">SALONS 2019<\/h1><\/h1><\/div><div class=\"fusion-clearfix\"><\/div><\/div><\/div><\/div><\/div><div class=\"fusion-fullwidth fullwidth-box fusion-builder-row-2 nonhundred-percent-fullwidth non-hundred-percent-height-scrolling\" style=\"--awb-border-radius-top-left:0px;--awb-border-radius-top-right:0px;--awb-border-radius-bottom-right:0px;--awb-border-radius-bottom-left:0px;--awb-padding-top:20px;--awb-padding-bottom:20px;--awb-flex-wrap:wrap;\" ><div class=\"fusion-builder-row fusion-row\"><div class=\"fusion-layout-column fusion_builder_column fusion-builder-column-1 fusion_builder_column_1_1 1_1 fusion-one-full fusion-column-first fusion-column-last\" style=\"--awb-bg-size:cover;\"><div class=\"fusion-column-wrapper fusion-flex-column-wrapper-legacy\"><div class=\"fusion-image-element fusion-image-align-center in-legacy-container\" style=\"text-align:center;--awb-caption-title-font-family:var(--h2_typography-font-family);--awb-caption-title-font-weight:var(--h2_typography-font-weight);--awb-caption-title-font-style:var(--h2_typography-font-style);--awb-caption-title-size:var(--h2_typography-font-size);--awb-caption-title-transform:var(--h2_typography-text-transform);--awb-caption-title-line-height:var(--h2_typography-line-height);--awb-caption-title-letter-spacing:var(--h2_typography-letter-spacing);\"><div class=\"imageframe-align-center\"><span class=\" fusion-imageframe imageframe-none imageframe-1 hover-type-none\"><img decoding=\"async\" width=\"2048\" height=\"1152\" title=\"salon show michelle beaudoin 12\" src=\"https:\/\/michelle-beaudoin.com\/wp-content\/uploads\/2017\/03\/salon-show-michelle-beaudoin-12.jpg\" alt class=\"img-responsive wp-image-6527\" srcset=\"https:\/\/michelle-beaudoin.com\/wp-content\/uploads\/2017\/03\/salon-show-michelle-beaudoin-12-200x113.jpg 200w, https:\/\/michelle-beaudoin.com\/wp-content\/uploads\/2017\/03\/salon-show-michelle-beaudoin-12-400x225.jpg 400w, https:\/\/michelle-beaudoin.com\/wp-content\/uploads\/2017\/03\/salon-show-michelle-beaudoin-12-600x338.jpg 600w, https:\/\/michelle-beaudoin.com\/wp-content\/uploads\/2017\/03\/salon-show-michelle-beaudoin-12-800x450.jpg 800w, https:\/\/michelle-beaudoin.com\/wp-content\/uploads\/2017\/03\/salon-show-michelle-beaudoin-12-1200x675.jpg 1200w, https:\/\/michelle-beaudoin.com\/wp-content\/uploads\/2017\/03\/salon-show-michelle-beaudoin-12.jpg 2048w\" sizes=\"(max-width: 800px) 100vw, 2048px\" \/><\/span><\/div><\/div><div class=\"fusion-text fusion-text-1\"><p style=\"text-align: center;\">PLEIN ART &#8211; QUEBEC : 30 juillet &#8211; 11 ao\u00fbt 2019<br \/>\n<a href=\"https:\/\/www.metiersdart.ca\/salons\/salon-plein-art-quebec\">(Site de l&rsquo;\u00e9v\u00e9nement<\/a> et la page\u00a0<a href=\"https:\/\/www.facebook.com\/events\/2344645122241346\/\">Facebook)<\/a><\/p>\n<\/div><div class=\"fusion-clearfix\"><\/div><\/div><\/div><div class=\"fusion-layout-column fusion_builder_column fusion-builder-column-2 fusion_builder_column_1_1 1_1 fusion-one-full fusion-column-first fusion-column-last\" style=\"--awb-bg-size:cover;\"><div class=\"fusion-column-wrapper fusion-flex-column-wrapper-legacy\"><div class=\"fusion-image-element fusion-image-align-center in-legacy-container\" style=\"text-align:center;--awb-caption-title-font-family:var(--h2_typography-font-family);--awb-caption-title-font-weight:var(--h2_typography-font-weight);--awb-caption-title-font-style:var(--h2_typography-font-style);--awb-caption-title-size:var(--h2_typography-font-size);--awb-caption-title-transform:var(--h2_typography-text-transform);--awb-caption-title-line-height:var(--h2_typography-line-height);--awb-caption-title-letter-spacing:var(--h2_typography-letter-spacing);\"><div class=\"imageframe-align-center\"><span class=\" fusion-imageframe imageframe-none imageframe-2 hover-type-none\"><img decoding=\"async\" width=\"2048\" height=\"1152\" title=\"salon show michelle beaudoin 22\" src=\"https:\/\/michelle-beaudoin.com\/wp-content\/uploads\/2017\/03\/salon-show-michelle-beaudoin-22.jpg\" alt class=\"img-responsive wp-image-6546\" srcset=\"https:\/\/michelle-beaudoin.com\/wp-content\/uploads\/2017\/03\/salon-show-michelle-beaudoin-22-200x113.jpg 200w, https:\/\/michelle-beaudoin.com\/wp-content\/uploads\/2017\/03\/salon-show-michelle-beaudoin-22-400x225.jpg 400w, https:\/\/michelle-beaudoin.com\/wp-content\/uploads\/2017\/03\/salon-show-michelle-beaudoin-22-600x338.jpg 600w, https:\/\/michelle-beaudoin.com\/wp-content\/uploads\/2017\/03\/salon-show-michelle-beaudoin-22-800x450.jpg 800w, https:\/\/michelle-beaudoin.com\/wp-content\/uploads\/2017\/03\/salon-show-michelle-beaudoin-22-1200x675.jpg 1200w, https:\/\/michelle-beaudoin.com\/wp-content\/uploads\/2017\/03\/salon-show-michelle-beaudoin-22.jpg 2048w\" sizes=\"(max-width: 800px) 100vw, 2048px\" \/><\/span><\/div><\/div><div class=\"fusion-text fusion-text-2\"><p style=\"text-align: center;\">CIRCLE CRAFT &#8211; VANCOUVER : 7-11 novembre 2019<br \/>\n<a href=\"http:\/\/circlecraft.net\/\">(Site de l&rsquo;\u00e9v\u00e9nement<\/a> et la page\u00a0<a href=\"https:\/\/www.facebook.com\/events\/1077938369074830\/\">Facebook)<\/a><\/p>\n<\/div><div class=\"fusion-text fusion-text-3\"><p style=\"text-align: center;\">KIOSQUE F9<\/p>\n<\/div><div class=\"fusion-clearfix\"><\/div><\/div><\/div><div class=\"fusion-layout-column fusion_builder_column fusion-builder-column-3 fusion_builder_column_1_1 1_1 fusion-one-full fusion-column-first fusion-column-last\" style=\"--awb-bg-size:cover;\"><div class=\"fusion-column-wrapper fusion-flex-column-wrapper-legacy\"><div class=\"fusion-image-element fusion-image-align-center in-legacy-container\" style=\"text-align:center;--awb-caption-title-font-family:var(--h2_typography-font-family);--awb-caption-title-font-weight:var(--h2_typography-font-weight);--awb-caption-title-font-style:var(--h2_typography-font-style);--awb-caption-title-size:var(--h2_typography-font-size);--awb-caption-title-transform:var(--h2_typography-text-transform);--awb-caption-title-line-height:var(--h2_typography-line-height);--awb-caption-title-letter-spacing:var(--h2_typography-letter-spacing);\"><div class=\"imageframe-align-center\"><span class=\" fusion-imageframe imageframe-none imageframe-3 hover-type-none\"><img decoding=\"async\" width=\"2048\" height=\"1152\" title=\"salon show michelle beaudoin 11\" src=\"https:\/\/michelle-beaudoin.com\/wp-content\/uploads\/2017\/03\/salon-show-michelle-beaudoin-11.jpg\" alt class=\"img-responsive wp-image-6531\" srcset=\"https:\/\/michelle-beaudoin.com\/wp-content\/uploads\/2017\/03\/salon-show-michelle-beaudoin-11-200x113.jpg 200w, https:\/\/michelle-beaudoin.com\/wp-content\/uploads\/2017\/03\/salon-show-michelle-beaudoin-11-400x225.jpg 400w, https:\/\/michelle-beaudoin.com\/wp-content\/uploads\/2017\/03\/salon-show-michelle-beaudoin-11-600x338.jpg 600w, https:\/\/michelle-beaudoin.com\/wp-content\/uploads\/2017\/03\/salon-show-michelle-beaudoin-11-800x450.jpg 800w, https:\/\/michelle-beaudoin.com\/wp-content\/uploads\/2017\/03\/salon-show-michelle-beaudoin-11-1200x675.jpg 1200w, https:\/\/michelle-beaudoin.com\/wp-content\/uploads\/2017\/03\/salon-show-michelle-beaudoin-11.jpg 2048w\" sizes=\"(max-width: 800px) 100vw, 2048px\" \/><\/span><\/div><\/div><div class=\"fusion-text fusion-text-4\"><p style=\"text-align: center;\">ART MARKET &#8211; CALGARY : 14-17 novembre 2019<br \/>\n<a href=\"http:\/\/www.artmarketcraftsale.com\/\">(Site de l&rsquo;\u00e9v\u00e9nement<\/a> et la page\u00a0<a href=\"https:\/\/www.facebook.com\/events\/1798815330223956\/\">Facebook)<\/a><\/p>\n<\/div><div class=\"fusion-text fusion-text-5\"><p style=\"text-align: center;\">KIOSQUE 319<\/p>\n<\/div><div class=\"fusion-clearfix\"><\/div><\/div><\/div><div class=\"fusion-layout-column fusion_builder_column fusion-builder-column-4 fusion_builder_column_1_1 1_1 fusion-one-full fusion-column-first fusion-column-last\" style=\"--awb-bg-size:cover;\"><div class=\"fusion-column-wrapper fusion-flex-column-wrapper-legacy\"><div class=\"fusion-image-element fusion-image-align-center in-legacy-container\" style=\"text-align:center;--awb-caption-title-font-family:var(--h2_typography-font-family);--awb-caption-title-font-weight:var(--h2_typography-font-weight);--awb-caption-title-font-style:var(--h2_typography-font-style);--awb-caption-title-size:var(--h2_typography-font-size);--awb-caption-title-transform:var(--h2_typography-text-transform);--awb-caption-title-line-height:var(--h2_typography-line-height);--awb-caption-title-letter-spacing:var(--h2_typography-letter-spacing);\"><div class=\"imageframe-align-center\"><span class=\" fusion-imageframe imageframe-none imageframe-4 hover-type-none\"><img decoding=\"async\" width=\"2048\" height=\"1152\" title=\"salon show michelle beaudoin 13\" src=\"https:\/\/michelle-beaudoin.com\/wp-content\/uploads\/2017\/03\/salon-show-michelle-beaudoin-13.jpg\" alt class=\"img-responsive wp-image-6524\" srcset=\"https:\/\/michelle-beaudoin.com\/wp-content\/uploads\/2017\/03\/salon-show-michelle-beaudoin-13-200x113.jpg 200w, https:\/\/michelle-beaudoin.com\/wp-content\/uploads\/2017\/03\/salon-show-michelle-beaudoin-13-400x225.jpg 400w, https:\/\/michelle-beaudoin.com\/wp-content\/uploads\/2017\/03\/salon-show-michelle-beaudoin-13-600x338.jpg 600w, https:\/\/michelle-beaudoin.com\/wp-content\/uploads\/2017\/03\/salon-show-michelle-beaudoin-13-800x450.jpg 800w, https:\/\/michelle-beaudoin.com\/wp-content\/uploads\/2017\/03\/salon-show-michelle-beaudoin-13-1200x675.jpg 1200w, https:\/\/michelle-beaudoin.com\/wp-content\/uploads\/2017\/03\/salon-show-michelle-beaudoin-13.jpg 2048w\" sizes=\"(max-width: 800px) 100vw, 2048px\" \/><\/span><\/div><\/div><div class=\"fusion-text fusion-text-6\"><p style=\"text-align: center;\">ONE OF A KIND CHRISTMAS SHOW AND SALE &#8211; TORONTO : 21 novembre &#8211; 1er d\u00e9cembre 2019<br \/>\n<a href=\"https:\/\/www.oneofakindshow.com\/toronto\/en\/index.html\">(Site de l&rsquo;\u00e9v\u00e9nement<\/a> et la page\u00a0<a href=\"https:\/\/www.facebook.com\/events\/489873141568486\/\">Facebook)<\/a><\/p>\n<\/div><div class=\"fusion-text fusion-text-7\"><p style=\"text-align: center;\">KIOSQUE I21<\/p>\n<\/div><div class=\"fusion-clearfix\"><\/div><\/div><\/div><div class=\"fusion-layout-column fusion_builder_column fusion-builder-column-5 fusion_builder_column_1_1 1_1 fusion-one-full fusion-column-first fusion-column-last\" style=\"--awb-bg-size:cover;\"><div class=\"fusion-column-wrapper fusion-flex-column-wrapper-legacy\"><div class=\"fusion-image-element fusion-image-align-center in-legacy-container\" style=\"text-align:center;--awb-caption-title-font-family:var(--h2_typography-font-family);--awb-caption-title-font-weight:var(--h2_typography-font-weight);--awb-caption-title-font-style:var(--h2_typography-font-style);--awb-caption-title-size:var(--h2_typography-font-size);--awb-caption-title-transform:var(--h2_typography-text-transform);--awb-caption-title-line-height:var(--h2_typography-line-height);--awb-caption-title-letter-spacing:var(--h2_typography-letter-spacing);\"><div class=\"imageframe-align-center\"><span class=\" fusion-imageframe imageframe-none imageframe-5 hover-type-none\"><img decoding=\"async\" width=\"300\" height=\"225\" title=\"BA12\" src=\"https:\/\/michelle-beaudoin.com\/wp-content\/uploads\/2019\/03\/Tablette-beauty-300x225.jpg\" alt class=\"img-responsive wp-image-8452\" srcset=\"https:\/\/michelle-beaudoin.com\/wp-content\/uploads\/2019\/03\/Tablette-beauty-200x150.jpg 200w, https:\/\/michelle-beaudoin.com\/wp-content\/uploads\/2019\/03\/Tablette-beauty-400x300.jpg 400w, https:\/\/michelle-beaudoin.com\/wp-content\/uploads\/2019\/03\/Tablette-beauty-600x450.jpg 600w, https:\/\/michelle-beaudoin.com\/wp-content\/uploads\/2019\/03\/Tablette-beauty-800x600.jpg 800w, https:\/\/michelle-beaudoin.com\/wp-content\/uploads\/2019\/03\/Tablette-beauty-1200x900.jpg 1200w\" sizes=\"(max-width: 800px) 100vw, 300px\" \/><\/span><\/div><\/div><div class=\"fusion-text fusion-text-8\"><p style=\"text-align: center;\">MARCH\u00c9 \u00c9PH\u00c9M\u00c8RE \u00c0 LA GARE WINDSOR &#8211; MONTR\u00c9AL : 21-23 novembre 2019<br \/>\n(<a href=\"https:\/\/www.collectifcreatifmtl.com\/marches\">Site de l&rsquo;\u00e9v\u00e9nement<\/a> et la page <a href=\"https:\/\/www.facebook.com\/events\/466496784190504\/\">Facebook)<\/a><\/p>\n<\/div><div class=\"fusion-clearfix\"><\/div><\/div><\/div><div class=\"fusion-layout-column fusion_builder_column fusion-builder-column-6 fusion_builder_column_1_1 1_1 fusion-one-full fusion-column-first fusion-column-last\" style=\"--awb-bg-size:cover;\"><div class=\"fusion-column-wrapper fusion-flex-column-wrapper-legacy\"><div class=\"fusion-image-element fusion-image-align-center in-legacy-container\" style=\"text-align:center;--awb-caption-title-font-family:var(--h2_typography-font-family);--awb-caption-title-font-weight:var(--h2_typography-font-weight);--awb-caption-title-font-style:var(--h2_typography-font-style);--awb-caption-title-size:var(--h2_typography-font-size);--awb-caption-title-transform:var(--h2_typography-text-transform);--awb-caption-title-line-height:var(--h2_typography-line-height);--awb-caption-title-letter-spacing:var(--h2_typography-letter-spacing);\"><div class=\"imageframe-align-center\"><span class=\" fusion-imageframe imageframe-none imageframe-6 hover-type-none\"><img decoding=\"async\" width=\"2048\" height=\"1536\" title=\"10-Magnetic Wood Brushed Steel Teacup Chalkboard\" src=\"https:\/\/michelle-beaudoin.com\/wp-content\/uploads\/2017\/02\/10-Magnetic-Wood-Brushed-Steel-Teacup-Chalkboard.jpg\" alt class=\"img-responsive wp-image-6397\" srcset=\"https:\/\/michelle-beaudoin.com\/wp-content\/uploads\/2017\/02\/10-Magnetic-Wood-Brushed-Steel-Teacup-Chalkboard-200x150.jpg 200w, https:\/\/michelle-beaudoin.com\/wp-content\/uploads\/2017\/02\/10-Magnetic-Wood-Brushed-Steel-Teacup-Chalkboard-400x300.jpg 400w, https:\/\/michelle-beaudoin.com\/wp-content\/uploads\/2017\/02\/10-Magnetic-Wood-Brushed-Steel-Teacup-Chalkboard-600x450.jpg 600w, https:\/\/michelle-beaudoin.com\/wp-content\/uploads\/2017\/02\/10-Magnetic-Wood-Brushed-Steel-Teacup-Chalkboard-800x600.jpg 800w, https:\/\/michelle-beaudoin.com\/wp-content\/uploads\/2017\/02\/10-Magnetic-Wood-Brushed-Steel-Teacup-Chalkboard-1200x900.jpg 1200w, https:\/\/michelle-beaudoin.com\/wp-content\/uploads\/2017\/02\/10-Magnetic-Wood-Brushed-Steel-Teacup-Chalkboard.jpg 2048w\" sizes=\"(max-width: 800px) 100vw, 2048px\" \/><\/span><\/div><\/div><div class=\"fusion-text fusion-text-9\"><p style=\"text-align: center;\">SALON DES METIERS D&rsquo;ART &#8211; MONTREAL : 6-22 d\u00e9cembre 2019<br \/>\n(Site de l&rsquo;\u00e9v\u00e9nement et la page\u00a0Facebook)<\/p>\n<\/div><div class=\"fusion-text fusion-text-10\"><p style=\"text-align: center;\">KIOSQUE 349<\/p>\n<\/div><div class=\"fusion-clearfix\"><\/div><\/div><\/div><\/div><\/div><div class=\"fusion-fullwidth fullwidth-box fusion-builder-row-3 hundred-percent-fullwidth non-hundred-percent-height-scrolling\" style=\"--awb-border-radius-top-left:0px;--awb-border-radius-top-right:0px;--awb-border-radius-bottom-right:0px;--awb-border-radius-bottom-left:0px;--awb-overflow:visible;--awb-background-color:rgba(255,255,255,0);--awb-flex-wrap:wrap;\" ><div class=\"fusion-builder-row fusion-row\"><div class=\"fusion-layout-column fusion_builder_column fusion-builder-column-7 fusion_builder_column_1_1 1_1 fusion-one-full fusion-column-first fusion-column-last fusion-column-no-min-height\" style=\"--awb-bg-size:cover;--awb-margin-bottom:0px;\"><div class=\"fusion-column-wrapper fusion-flex-column-wrapper-legacy\"><div class=\"fusion-sep-clear\"><\/div><div class=\"fusion-separator fusion-full-width-sep\" style=\"margin-left: auto;margin-right: auto;width:100%;\"><\/div><div class=\"fusion-sep-clear\"><\/div><div class=\"fusion-clearfix\"><\/div><\/div><\/div><\/div><\/div><\/p>\n","protected":false},"excerpt":{"rendered":"","protected":false},"author":1,"featured_media":0,"parent":2842,"menu_order":0,"comment_status":"closed","ping_status":"closed","template":"","meta":{"_bbp_topic_count":0,"_bbp_reply_count":0,"_bbp_total_topic_count":0,"_bbp_total_reply_count":0,"_bbp_voice_count":0,"_bbp_anonymous_reply_count":0,"_bbp_topic_count_hidden":0,"_bbp_reply_count_hidden":0,"_bbp_forum_subforum_count":0,"footnotes":""},"class_list":["post-6504","page","type-page","status-publish","hentry"],"yoast_head":"<!-- This site is optimized with the Yoast SEO plugin v27.5 - https:\/\/yoast.com\/product\/yoast-seo-wordpress\/ -->\n<title>Ev\u00e9nements- Salons - Michelle Beaudoin<\/title>\n<meta name=\"robots\" content=\"index, follow, max-snippet:-1, max-image-preview:large, max-video-preview:-1\" \/>\n<link rel=\"canonical\" href=\"https:\/\/michelle-beaudoin.com\/fr\/contactez-nous\/salons\/\" \/>\n<meta property=\"og:locale\" content=\"fr_FR\" \/>\n<meta property=\"og:type\" content=\"article\" \/>\n<meta property=\"og:title\" content=\"Ev\u00e9nements- Salons - Michelle Beaudoin\" \/>\n<meta property=\"og:url\" content=\"https:\/\/michelle-beaudoin.com\/fr\/contactez-nous\/salons\/\" \/>\n<meta property=\"og:site_name\" content=\"Michelle Beaudoin\" \/>\n<meta property=\"article:modified_time\" content=\"2021-01-13T23:22:27+00:00\" \/>\n<meta property=\"og:image\" content=\"https:\/\/michelle-beaudoin.com\/wp-content\/uploads\/2016\/06\/logo-michelle-beaudoin-objets-decoratifs-site.png\" \/>\n\t<meta property=\"og:image:width\" content=\"316\" \/>\n\t<meta property=\"og:image:height\" content=\"100\" \/>\n\t<meta property=\"og:image:type\" content=\"image\/png\" \/>\n<meta name=\"twitter:card\" content=\"summary_large_image\" \/>\n<meta name=\"twitter:label1\" content=\"Dur\u00e9e de lecture estim\u00e9e\" \/>\n\t<meta name=\"twitter:data1\" content=\"7 minutes\" \/>\n<script type=\"application\/ld+json\" class=\"yoast-schema-graph\">{\"@context\":\"https:\\\/\\\/schema.org\",\"@graph\":[{\"@type\":\"WebPage\",\"@id\":\"https:\\\/\\\/michelle-beaudoin.com\\\/fr\\\/contactez-nous\\\/salons\\\/\",\"url\":\"https:\\\/\\\/michelle-beaudoin.com\\\/fr\\\/contactez-nous\\\/salons\\\/\",\"name\":\"Ev\u00e9nements- Salons - Michelle Beaudoin\",\"isPartOf\":{\"@id\":\"https:\\\/\\\/michelle-beaudoin.com\\\/fr\\\/#website\"},\"datePublished\":\"2017-03-01T17:18:18+00:00\",\"dateModified\":\"2021-01-13T23:22:27+00:00\",\"breadcrumb\":{\"@id\":\"https:\\\/\\\/michelle-beaudoin.com\\\/fr\\\/contactez-nous\\\/salons\\\/#breadcrumb\"},\"inLanguage\":\"fr-FR\",\"potentialAction\":[{\"@type\":\"ReadAction\",\"target\":[\"https:\\\/\\\/michelle-beaudoin.com\\\/fr\\\/contactez-nous\\\/salons\\\/\"]}]},{\"@type\":\"BreadcrumbList\",\"@id\":\"https:\\\/\\\/michelle-beaudoin.com\\\/fr\\\/contactez-nous\\\/salons\\\/#breadcrumb\",\"itemListElement\":[{\"@type\":\"ListItem\",\"position\":1,\"name\":\"Accueil\",\"item\":\"https:\\\/\\\/michelle-beaudoin.com\\\/fr\\\/\"},{\"@type\":\"ListItem\",\"position\":2,\"name\":\"Contactez-nous\",\"item\":\"https:\\\/\\\/michelle-beaudoin.com\\\/fr\\\/contactez-nous\\\/\"},{\"@type\":\"ListItem\",\"position\":3,\"name\":\"Ev\u00e9nements- Salons\"}]},{\"@type\":\"WebSite\",\"@id\":\"https:\\\/\\\/michelle-beaudoin.com\\\/fr\\\/#website\",\"url\":\"https:\\\/\\\/michelle-beaudoin.com\\\/fr\\\/\",\"name\":\"Michelle Beaudoin\",\"description\":\"De son atelier situ&eacute; au c&oelig;ur d&rsquo;un quartier historique de Montr&eacute;al, Michelle Beaudoin con&ccedil;oit et r&eacute;alise des objets d&eacute;coratifs uniques en leur genre.\",\"potentialAction\":[{\"@type\":\"SearchAction\",\"target\":{\"@type\":\"EntryPoint\",\"urlTemplate\":\"https:\\\/\\\/michelle-beaudoin.com\\\/fr\\\/?s={search_term_string}\"},\"query-input\":{\"@type\":\"PropertyValueSpecification\",\"valueRequired\":true,\"valueName\":\"search_term_string\"}}],\"inLanguage\":\"fr-FR\"}]}<\/script>\n<!-- \/ Yoast SEO plugin. -->","yoast_head_json":{"title":"Ev\u00e9nements- Salons - Michelle Beaudoin","robots":{"index":"index","follow":"follow","max-snippet":"max-snippet:-1","max-image-preview":"max-image-preview:large","max-video-preview":"max-video-preview:-1"},"canonical":"https:\/\/michelle-beaudoin.com\/fr\/contactez-nous\/salons\/","og_locale":"fr_FR","og_type":"article","og_title":"Ev\u00e9nements- Salons - Michelle Beaudoin","og_url":"https:\/\/michelle-beaudoin.com\/fr\/contactez-nous\/salons\/","og_site_name":"Michelle Beaudoin","article_modified_time":"2021-01-13T23:22:27+00:00","og_image":[{"width":316,"height":100,"url":"https:\/\/michelle-beaudoin.com\/wp-content\/uploads\/2016\/06\/logo-michelle-beaudoin-objets-decoratifs-site.png","type":"image\/png"}],"twitter_card":"summary_large_image","twitter_misc":{"Dur\u00e9e de lecture estim\u00e9e":"7 minutes"},"schema":{"@context":"https:\/\/schema.org","@graph":[{"@type":"WebPage","@id":"https:\/\/michelle-beaudoin.com\/fr\/contactez-nous\/salons\/","url":"https:\/\/michelle-beaudoin.com\/fr\/contactez-nous\/salons\/","name":"Ev\u00e9nements- Salons - Michelle Beaudoin","isPartOf":{"@id":"https:\/\/michelle-beaudoin.com\/fr\/#website"},"datePublished":"2017-03-01T17:18:18+00:00","dateModified":"2021-01-13T23:22:27+00:00","breadcrumb":{"@id":"https:\/\/michelle-beaudoin.com\/fr\/contactez-nous\/salons\/#breadcrumb"},"inLanguage":"fr-FR","potentialAction":[{"@type":"ReadAction","target":["https:\/\/michelle-beaudoin.com\/fr\/contactez-nous\/salons\/"]}]},{"@type":"BreadcrumbList","@id":"https:\/\/michelle-beaudoin.com\/fr\/contactez-nous\/salons\/#breadcrumb","itemListElement":[{"@type":"ListItem","position":1,"name":"Accueil","item":"https:\/\/michelle-beaudoin.com\/fr\/"},{"@type":"ListItem","position":2,"name":"Contactez-nous","item":"https:\/\/michelle-beaudoin.com\/fr\/contactez-nous\/"},{"@type":"ListItem","position":3,"name":"Ev\u00e9nements- Salons"}]},{"@type":"WebSite","@id":"https:\/\/michelle-beaudoin.com\/fr\/#website","url":"https:\/\/michelle-beaudoin.com\/fr\/","name":"Michelle Beaudoin","description":"De son atelier situ&eacute; au c&oelig;ur d&rsquo;un quartier historique de Montr&eacute;al, Michelle Beaudoin con&ccedil;oit et r&eacute;alise des objets d&eacute;coratifs uniques en leur genre.","potentialAction":[{"@type":"SearchAction","target":{"@type":"EntryPoint","urlTemplate":"https:\/\/michelle-beaudoin.com\/fr\/?s={search_term_string}"},"query-input":{"@type":"PropertyValueSpecification","valueRequired":true,"valueName":"search_term_string"}}],"inLanguage":"fr-FR"}]}},"_links":{"self":[{"href":"https:\/\/michelle-beaudoin.com\/fr\/wp-json\/wp\/v2\/pages\/6504","targetHints":{"allow":["GET"]}}],"collection":[{"href":"https:\/\/michelle-beaudoin.com\/fr\/wp-json\/wp\/v2\/pages"}],"about":[{"href":"https:\/\/michelle-beaudoin.com\/fr\/wp-json\/wp\/v2\/types\/page"}],"author":[{"embeddable":true,"href":"https:\/\/michelle-beaudoin.com\/fr\/wp-json\/wp\/v2\/users\/1"}],"replies":[{"embeddable":true,"href":"https:\/\/michelle-beaudoin.com\/fr\/wp-json\/wp\/v2\/comments?post=6504"}],"version-history":[{"count":0,"href":"https:\/\/michelle-beaudoin.com\/fr\/wp-json\/wp\/v2\/pages\/6504\/revisions"}],"up":[{"embeddable":true,"href":"https:\/\/michelle-beaudoin.com\/fr\/wp-json\/wp\/v2\/pages\/2842"}],"wp:attachment":[{"href":"https:\/\/michelle-beaudoin.com\/fr\/wp-json\/wp\/v2\/media?parent=6504"}],"curies":[{"name":"wp","href":"https:\/\/api.w.org\/{rel}","templated":true}]}}