{"id":6503,"date":"2017-03-01T10:50:46","date_gmt":"2017-03-01T14:50:46","guid":{"rendered":"https:\/\/michelle-beaudoin.com\/?page_id=6503\/"},"modified":"2021-01-14T00:56:12","modified_gmt":"2021-01-14T04:56:12","slug":"equipe","status":"publish","type":"page","link":"https:\/\/michelle-beaudoin.com\/fr\/contactez-nous\/equipe\/","title":{"rendered":"L&rsquo;\u00e9quipe"},"content":{"rendered":"<p><div class=\"fusion-fullwidth fullwidth-box fusion-builder-row-1 hundred-percent-fullwidth non-hundred-percent-height-scrolling\" style=\"--awb-border-radius-top-left:0px;--awb-border-radius-top-right:0px;--awb-border-radius-bottom-right:0px;--awb-border-radius-bottom-left:0px;--awb-overflow:visible;--awb-flex-wrap:wrap;\" ><div class=\"fusion-builder-row fusion-row\"><div class=\"fusion-layout-column fusion_builder_column fusion-builder-column-0 fusion_builder_column_1_1 1_1 fusion-one-full fusion-column-first fusion-column-last\" style=\"--awb-bg-size:cover;\"><div class=\"fusion-column-wrapper fusion-flex-column-wrapper-legacy\"><div class=\"fusion-title title fusion-title-1 fusion-sep-none fusion-title-center fusion-title-text fusion-title-size-two\"><h2 class=\"fusion-title-heading title-heading-center fusion-responsive-typography-calculated\" style=\"margin:0;--fontSize:32;line-height:1.2;\"><h1 style=\"text-align: center;\">Rencontrez l&rsquo;\u00e9quipe !<\/h1><\/h2><\/div><div class=\"fusion-clearfix\"><\/div><\/div><\/div><div class=\"fusion-layout-column fusion_builder_column fusion-builder-column-1 fusion_builder_column_1_4 1_4 fusion-one-fourth fusion-column-first\" style=\"--awb-bg-size:cover;width:25%;width:calc(25% - ( ( 4% + 4% + 4% ) * 0.25 ) );margin-right: 4%;\"><div class=\"fusion-column-wrapper fusion-flex-column-wrapper-legacy\"><div class=\"fusion-title title fusion-title-2 fusion-sep-none fusion-title-center fusion-title-text fusion-title-size-two\"><h2 class=\"fusion-title-heading title-heading-center fusion-responsive-typography-calculated\" style=\"margin:0;--fontSize:32;line-height:1.2;\"><h2 style=\"text-align: center;\">Pierre<\/h2><\/h2><\/div><div class=\"fusion-image-element fusion-image-align-center in-legacy-container\" style=\"text-align:center;--awb-caption-title-font-family:var(--h2_typography-font-family);--awb-caption-title-font-weight:var(--h2_typography-font-weight);--awb-caption-title-font-style:var(--h2_typography-font-style);--awb-caption-title-size:var(--h2_typography-font-size);--awb-caption-title-transform:var(--h2_typography-text-transform);--awb-caption-title-line-height:var(--h2_typography-line-height);--awb-caption-title-letter-spacing:var(--h2_typography-letter-spacing);\"><div class=\"imageframe-align-center\"><span class=\" fusion-imageframe imageframe-none imageframe-1 hover-type-none\"><img decoding=\"async\" width=\"1362\" height=\"2048\" title=\"nouvelle collection 184\" src=\"https:\/\/michelle-beaudoin.com\/wp-content\/uploads\/2016\/07\/nouvelle-collection-184.jpg\" alt class=\"img-responsive wp-image-6431\" srcset=\"https:\/\/michelle-beaudoin.com\/wp-content\/uploads\/2016\/07\/nouvelle-collection-184-200x301.jpg 200w, https:\/\/michelle-beaudoin.com\/wp-content\/uploads\/2016\/07\/nouvelle-collection-184-400x601.jpg 400w, https:\/\/michelle-beaudoin.com\/wp-content\/uploads\/2016\/07\/nouvelle-collection-184-600x902.jpg 600w, https:\/\/michelle-beaudoin.com\/wp-content\/uploads\/2016\/07\/nouvelle-collection-184-800x1203.jpg 800w, https:\/\/michelle-beaudoin.com\/wp-content\/uploads\/2016\/07\/nouvelle-collection-184-1200x1804.jpg 1200w, https:\/\/michelle-beaudoin.com\/wp-content\/uploads\/2016\/07\/nouvelle-collection-184.jpg 1362w\" sizes=\"(max-width: 800px) 100vw, 400px\" \/><\/span><\/div><\/div><div class=\"fusion-text fusion-text-1\"><p style=\"text-align: center;\">Fid\u00e8le meneur d&rsquo;\u00e9quipe.<\/p>\n<p style=\"text-align: center;\">Connait tous les recoins de l&rsquo;atelier\u00a0et apporte LA solution en cas de p\u00e9pin. Dessine et fabrique les guides pour les nouveaux mod\u00e8les et reste \u00e0 l&rsquo;\u00e9coute de toute l&rsquo;\u00e9quipe. C&rsquo;est sa gentillesse qui rythme notre horaire au quotidien !<\/p>\n<\/div><div class=\"fusion-clearfix\"><\/div><\/div><\/div><div class=\"fusion-layout-column fusion_builder_column fusion-builder-column-2 fusion_builder_column_1_4 1_4 fusion-one-fourth\" style=\"--awb-bg-size:cover;width:25%;width:calc(25% - ( ( 4% + 4% + 4% ) * 0.25 ) );margin-right: 4%;\"><div class=\"fusion-column-wrapper fusion-flex-column-wrapper-legacy\"><div class=\"fusion-title title fusion-title-3 fusion-sep-none fusion-title-center fusion-title-text fusion-title-size-two\"><h2 class=\"fusion-title-heading title-heading-center fusion-responsive-typography-calculated\" style=\"margin:0;--fontSize:32;line-height:1.2;\"><h2 style=\"text-align: center;\">Michelle<\/h2><\/h2><\/div><div class=\"fusion-image-element fusion-image-align-center in-legacy-container\" style=\"text-align:center;--awb-caption-title-font-family:var(--h2_typography-font-family);--awb-caption-title-font-weight:var(--h2_typography-font-weight);--awb-caption-title-font-style:var(--h2_typography-font-style);--awb-caption-title-size:var(--h2_typography-font-size);--awb-caption-title-transform:var(--h2_typography-text-transform);--awb-caption-title-line-height:var(--h2_typography-line-height);--awb-caption-title-letter-spacing:var(--h2_typography-letter-spacing);\"><div class=\"imageframe-align-center\"><span class=\" fusion-imageframe imageframe-none imageframe-2 hover-type-none\"><img decoding=\"async\" width=\"1365\" height=\"2048\" title=\"photo promo\" src=\"https:\/\/michelle-beaudoin.com\/wp-content\/uploads\/2016\/07\/photo-promo.jpg\" alt class=\"img-responsive wp-image-6427\" srcset=\"https:\/\/michelle-beaudoin.com\/wp-content\/uploads\/2016\/07\/photo-promo-200x300.jpg 200w, https:\/\/michelle-beaudoin.com\/wp-content\/uploads\/2016\/07\/photo-promo-400x600.jpg 400w, https:\/\/michelle-beaudoin.com\/wp-content\/uploads\/2016\/07\/photo-promo-600x900.jpg 600w, https:\/\/michelle-beaudoin.com\/wp-content\/uploads\/2016\/07\/photo-promo-800x1200.jpg 800w, https:\/\/michelle-beaudoin.com\/wp-content\/uploads\/2016\/07\/photo-promo-1200x1800.jpg 1200w, https:\/\/michelle-beaudoin.com\/wp-content\/uploads\/2016\/07\/photo-promo.jpg 1365w\" sizes=\"(max-width: 800px) 100vw, 400px\" \/><\/span><\/div><\/div><div class=\"fusion-text fusion-text-2\"><p style=\"text-align: center;\">Cr\u00e9atrice, designer &amp; pr\u00e9sidente.<\/p>\n<p style=\"text-align: center;\">Le\u00a0c\u0153ur grand ouvert, r\u00e9ceptive et douce. A toujours le mot pour d\u00e9tendre l&rsquo;atmosph\u00e8re. Prend soin de multiplier les sources avant de d\u00e9cider. A partir de vos probl\u00e8mes, trouve toujours des solutions. En toute situation, la touche de classe et le souci de bien faire !<\/p>\n<\/div><div class=\"fusion-clearfix\"><\/div><\/div><\/div><div class=\"fusion-layout-column fusion_builder_column fusion-builder-column-3 fusion_builder_column_1_4 1_4 fusion-one-fourth\" style=\"--awb-bg-size:cover;width:25%;width:calc(25% - ( ( 4% + 4% + 4% ) * 0.25 ) );margin-right: 4%;\"><div class=\"fusion-column-wrapper fusion-flex-column-wrapper-legacy\"><div class=\"fusion-title title fusion-title-4 fusion-sep-none fusion-title-center fusion-title-text fusion-title-size-two\"><h2 class=\"fusion-title-heading title-heading-center fusion-responsive-typography-calculated\" style=\"margin:0;--fontSize:32;line-height:1.2;\"><h2 style=\"text-align: center;\">Jennifer<\/h2><\/h2><\/div><div class=\"fusion-image-element fusion-image-align-center in-legacy-container\" style=\"text-align:center;--awb-caption-title-font-family:var(--h2_typography-font-family);--awb-caption-title-font-weight:var(--h2_typography-font-weight);--awb-caption-title-font-style:var(--h2_typography-font-style);--awb-caption-title-size:var(--h2_typography-font-size);--awb-caption-title-transform:var(--h2_typography-text-transform);--awb-caption-title-line-height:var(--h2_typography-line-height);--awb-caption-title-letter-spacing:var(--h2_typography-letter-spacing);\"><div class=\"imageframe-align-center\"><span class=\" fusion-imageframe imageframe-none imageframe-3 hover-type-none\"><img decoding=\"async\" width=\"150\" height=\"150\" title=\"139339648_333773361073597_5968377696635102380_n\" src=\"https:\/\/michelle-beaudoin.com\/wp-content\/uploads\/2021\/01\/139339648_333773361073597_5968377696635102380_n-150x150.jpg\" alt class=\"img-responsive wp-image-11118\" srcset=\"https:\/\/michelle-beaudoin.com\/wp-content\/uploads\/2021\/01\/139339648_333773361073597_5968377696635102380_n-66x66.jpg 66w, https:\/\/michelle-beaudoin.com\/wp-content\/uploads\/2021\/01\/139339648_333773361073597_5968377696635102380_n-100x100.jpg 100w, https:\/\/michelle-beaudoin.com\/wp-content\/uploads\/2021\/01\/139339648_333773361073597_5968377696635102380_n-150x150.jpg 150w, https:\/\/michelle-beaudoin.com\/wp-content\/uploads\/2021\/01\/139339648_333773361073597_5968377696635102380_n-650x650.jpg 650w\" sizes=\"(max-width: 150px) 100vw, 150px\" \/><\/span><\/div><\/div><div class=\"fusion-text fusion-text-3\"><p style=\"text-align: center;\">Assistante bureau &amp; salons, repr\u00e9sentante de la marque.<\/p>\n<p style=\"text-align: center;\">S&rsquo;occupe de construire le pont entre la paperasse administrative et les t\u00e2ches manuelles de l&rsquo;atelier \ud83d\ude42<\/p>\n<\/div><div class=\"fusion-clearfix\"><\/div><\/div><\/div><div class=\"fusion-layout-column fusion_builder_column fusion-builder-column-4 fusion_builder_column_1_4 1_4 fusion-one-fourth fusion-column-last\" style=\"--awb-bg-size:cover;width:25%;width:calc(25% - ( ( 4% + 4% + 4% ) * 0.25 ) );\"><div class=\"fusion-column-wrapper fusion-flex-column-wrapper-legacy\"><div class=\"fusion-title title fusion-title-5 fusion-sep-none fusion-title-center fusion-title-text fusion-title-size-two\"><h2 class=\"fusion-title-heading title-heading-center fusion-responsive-typography-calculated\" style=\"margin:0;--fontSize:32;line-height:1.2;\"><h2 style=\"text-align: center;\">Milena<\/h2><\/h2><\/div><div class=\"fusion-image-element fusion-image-align-center in-legacy-container\" style=\"text-align:center;--awb-caption-title-font-family:var(--h2_typography-font-family);--awb-caption-title-font-weight:var(--h2_typography-font-weight);--awb-caption-title-font-style:var(--h2_typography-font-style);--awb-caption-title-size:var(--h2_typography-font-size);--awb-caption-title-transform:var(--h2_typography-text-transform);--awb-caption-title-line-height:var(--h2_typography-line-height);--awb-caption-title-letter-spacing:var(--h2_typography-letter-spacing);\"><div class=\"imageframe-align-center\"><span class=\" fusion-imageframe imageframe-none imageframe-4 hover-type-none\"><img decoding=\"async\" width=\"1152\" height=\"2048\" title=\"milena smaq 2016\" src=\"https:\/\/michelle-beaudoin.com\/wp-content\/uploads\/2016\/07\/milena-smaq-2016.jpg\" alt class=\"img-responsive wp-image-6434\" srcset=\"https:\/\/michelle-beaudoin.com\/wp-content\/uploads\/2016\/07\/milena-smaq-2016-200x356.jpg 200w, https:\/\/michelle-beaudoin.com\/wp-content\/uploads\/2016\/07\/milena-smaq-2016-400x711.jpg 400w, https:\/\/michelle-beaudoin.com\/wp-content\/uploads\/2016\/07\/milena-smaq-2016-600x1067.jpg 600w, https:\/\/michelle-beaudoin.com\/wp-content\/uploads\/2016\/07\/milena-smaq-2016-800x1422.jpg 800w, https:\/\/michelle-beaudoin.com\/wp-content\/uploads\/2016\/07\/milena-smaq-2016.jpg 1152w, https:\/\/michelle-beaudoin.com\/wp-content\/uploads\/2016\/07\/milena-smaq-2016-1200x2133.jpg 1200w\" sizes=\"(max-width: 800px) 100vw, 400px\" \/><\/span><\/div><\/div><div class=\"fusion-text fusion-text-4\"><p style=\"text-align: center;\">Assistante bureau &amp; salons, repr\u00e9sentante de la marque.<\/p>\n<p style=\"text-align: center;\">S&rsquo;occupe de construire le pont entre la paperasse administrative, les t\u00e2ches manuelles de l&rsquo;atelier, le monde virtuel de la boutique en ligne et celui des \u00eatres de chair et de sourire. Toujours une chanson ou deux dans la t\u00eate !<\/p>\n<\/div><div class=\"fusion-clearfix\"><\/div><\/div><\/div><div class=\"fusion-layout-column fusion_builder_column fusion-builder-column-5 fusion_builder_column_1_4 1_4 fusion-one-fourth fusion-column-first\" style=\"--awb-bg-size:cover;width:25%;width:calc(25% - ( ( 4% ) * 0.25 ) );margin-right: 4%;\"><div class=\"fusion-column-wrapper fusion-flex-column-wrapper-legacy\"><div class=\"fusion-title title fusion-title-6 fusion-sep-none fusion-title-center fusion-title-text fusion-title-size-two\"><h2 class=\"fusion-title-heading title-heading-center fusion-responsive-typography-calculated\" style=\"margin:0;--fontSize:32;line-height:1.2;\"><h2 style=\"text-align: center;\">Winnie<\/h2><\/h2><\/div><div class=\"fusion-image-element fusion-image-align-center in-legacy-container\" style=\"text-align:center;--awb-caption-title-font-family:var(--h2_typography-font-family);--awb-caption-title-font-weight:var(--h2_typography-font-weight);--awb-caption-title-font-style:var(--h2_typography-font-style);--awb-caption-title-size:var(--h2_typography-font-size);--awb-caption-title-transform:var(--h2_typography-text-transform);--awb-caption-title-line-height:var(--h2_typography-line-height);--awb-caption-title-letter-spacing:var(--h2_typography-letter-spacing);\"><div class=\"imageframe-align-center\"><span class=\" fusion-imageframe imageframe-none imageframe-5 hover-type-none\"><img decoding=\"async\" width=\"1827\" height=\"2048\" title=\"winnie\" src=\"https:\/\/michelle-beaudoin.com\/wp-content\/uploads\/2016\/07\/winnie.jpg\" alt class=\"img-responsive wp-image-6429\" srcset=\"https:\/\/michelle-beaudoin.com\/wp-content\/uploads\/2016\/07\/winnie-200x224.jpg 200w, https:\/\/michelle-beaudoin.com\/wp-content\/uploads\/2016\/07\/winnie-400x448.jpg 400w, https:\/\/michelle-beaudoin.com\/wp-content\/uploads\/2016\/07\/winnie-600x673.jpg 600w, https:\/\/michelle-beaudoin.com\/wp-content\/uploads\/2016\/07\/winnie-800x897.jpg 800w, https:\/\/michelle-beaudoin.com\/wp-content\/uploads\/2016\/07\/winnie-1200x1345.jpg 1200w, https:\/\/michelle-beaudoin.com\/wp-content\/uploads\/2016\/07\/winnie.jpg 1827w\" sizes=\"(max-width: 800px) 100vw, 400px\" \/><\/span><\/div><\/div><div class=\"fusion-text fusion-text-5\"><p style=\"text-align: center;\">Assistant personnel &amp; mascotte.<\/p>\n<p style=\"text-align: center;\">S&rsquo;occupe des besoins de toute l&rsquo;\u00e9quipe \/ fait dodo sur la chaise de Michelle. C&rsquo;est selon. La plus jolie p&rsquo;tite face de pitou de tout Montr\u00e9al mais, ambitieux, il entreprend de conqu\u00e9rir tout l&rsquo;univers avec sa cutitude. On dit oui !<\/p>\n<\/div><div class=\"fusion-clearfix\"><\/div><\/div><\/div><\/div><\/div><div class=\"fusion-fullwidth fullwidth-box fusion-builder-row-2 hundred-percent-fullwidth non-hundred-percent-height-scrolling\" style=\"--awb-border-radius-top-left:0px;--awb-border-radius-top-right:0px;--awb-border-radius-bottom-right:0px;--awb-border-radius-bottom-left:0px;--awb-overflow:visible;--awb-background-color:rgba(255,255,255,0);--awb-flex-wrap:wrap;\" ><div class=\"fusion-builder-row fusion-row\"><div class=\"fusion-layout-column fusion_builder_column fusion-builder-column-6 fusion_builder_column_1_1 1_1 fusion-one-full fusion-column-first fusion-column-last fusion-column-no-min-height\" style=\"--awb-bg-size:cover;--awb-margin-bottom:0px;\"><div class=\"fusion-column-wrapper fusion-flex-column-wrapper-legacy\"><div class=\"fusion-sep-clear\"><\/div><div class=\"fusion-separator fusion-full-width-sep\" style=\"margin-left: auto;margin-right: auto;width:100%;\"><\/div><div class=\"fusion-sep-clear\"><\/div><div class=\"fusion-clearfix\"><\/div><\/div><\/div><\/div><\/div><\/p>\n","protected":false},"excerpt":{"rendered":"","protected":false},"author":1,"featured_media":0,"parent":2842,"menu_order":0,"comment_status":"closed","ping_status":"closed","template":"","meta":{"_bbp_topic_count":0,"_bbp_reply_count":0,"_bbp_total_topic_count":0,"_bbp_total_reply_count":0,"_bbp_voice_count":0,"_bbp_anonymous_reply_count":0,"_bbp_topic_count_hidden":0,"_bbp_reply_count_hidden":0,"_bbp_forum_subforum_count":0,"footnotes":""},"class_list":["post-6503","page","type-page","status-publish","hentry"],"yoast_head":"<!-- This site is optimized with the Yoast SEO plugin v27.1.1 - https:\/\/yoast.com\/product\/yoast-seo-wordpress\/ -->\n<title>L&#039;\u00e9quipe - Michelle Beaudoin<\/title>\n<meta name=\"robots\" content=\"index, follow, max-snippet:-1, max-image-preview:large, max-video-preview:-1\" \/>\n<link rel=\"canonical\" href=\"https:\/\/michelle-beaudoin.com\/fr\/contactez-nous\/equipe\/\" \/>\n<meta property=\"og:locale\" content=\"fr_FR\" \/>\n<meta property=\"og:type\" content=\"article\" \/>\n<meta property=\"og:title\" content=\"L&#039;\u00e9quipe - Michelle Beaudoin\" \/>\n<meta property=\"og:url\" content=\"https:\/\/michelle-beaudoin.com\/fr\/contactez-nous\/equipe\/\" \/>\n<meta property=\"og:site_name\" content=\"Michelle Beaudoin\" \/>\n<meta property=\"article:modified_time\" content=\"2021-01-14T04:56:12+00:00\" \/>\n<meta property=\"og:image\" content=\"https:\/\/michelle-beaudoin.com\/wp-content\/uploads\/2016\/06\/logo-michelle-beaudoin-objets-decoratifs-site.png\" \/>\n\t<meta property=\"og:image:width\" content=\"316\" \/>\n\t<meta property=\"og:image:height\" content=\"100\" \/>\n\t<meta property=\"og:image:type\" content=\"image\/png\" \/>\n<meta name=\"twitter:card\" content=\"summary_large_image\" \/>\n<meta name=\"twitter:label1\" content=\"Dur\u00e9e de lecture estim\u00e9e\" \/>\n\t<meta name=\"twitter:data1\" content=\"7 minutes\" \/>\n<script type=\"application\/ld+json\" class=\"yoast-schema-graph\">{\"@context\":\"https:\/\/schema.org\",\"@graph\":[{\"@type\":\"WebPage\",\"@id\":\"https:\/\/michelle-beaudoin.com\/fr\/contactez-nous\/equipe\/\",\"url\":\"https:\/\/michelle-beaudoin.com\/fr\/contactez-nous\/equipe\/\",\"name\":\"L'\u00e9quipe - Michelle Beaudoin\",\"isPartOf\":{\"@id\":\"https:\/\/michelle-beaudoin.com\/fr\/#website\"},\"datePublished\":\"2017-03-01T14:50:46+00:00\",\"dateModified\":\"2021-01-14T04:56:12+00:00\",\"breadcrumb\":{\"@id\":\"https:\/\/michelle-beaudoin.com\/fr\/contactez-nous\/equipe\/#breadcrumb\"},\"inLanguage\":\"fr-FR\",\"potentialAction\":[{\"@type\":\"ReadAction\",\"target\":[\"https:\/\/michelle-beaudoin.com\/fr\/contactez-nous\/equipe\/\"]}]},{\"@type\":\"BreadcrumbList\",\"@id\":\"https:\/\/michelle-beaudoin.com\/fr\/contactez-nous\/equipe\/#breadcrumb\",\"itemListElement\":[{\"@type\":\"ListItem\",\"position\":1,\"name\":\"Accueil\",\"item\":\"https:\/\/michelle-beaudoin.com\/fr\/\"},{\"@type\":\"ListItem\",\"position\":2,\"name\":\"Contactez-nous\",\"item\":\"https:\/\/michelle-beaudoin.com\/fr\/contactez-nous\/\"},{\"@type\":\"ListItem\",\"position\":3,\"name\":\"L&#8217;\u00e9quipe\"}]},{\"@type\":\"WebSite\",\"@id\":\"https:\/\/michelle-beaudoin.com\/fr\/#website\",\"url\":\"https:\/\/michelle-beaudoin.com\/fr\/\",\"name\":\"Michelle Beaudoin\",\"description\":\"De son atelier situ&eacute; au c&oelig;ur d&rsquo;un quartier historique de Montr&eacute;al, Michelle Beaudoin con&ccedil;oit et r&eacute;alise des objets d&eacute;coratifs uniques en leur genre.\",\"potentialAction\":[{\"@type\":\"SearchAction\",\"target\":{\"@type\":\"EntryPoint\",\"urlTemplate\":\"https:\/\/michelle-beaudoin.com\/fr\/?s={search_term_string}\"},\"query-input\":{\"@type\":\"PropertyValueSpecification\",\"valueRequired\":true,\"valueName\":\"search_term_string\"}}],\"inLanguage\":\"fr-FR\"}]}<\/script>\n<!-- \/ Yoast SEO plugin. -->","yoast_head_json":{"title":"L'\u00e9quipe - Michelle Beaudoin","robots":{"index":"index","follow":"follow","max-snippet":"max-snippet:-1","max-image-preview":"max-image-preview:large","max-video-preview":"max-video-preview:-1"},"canonical":"https:\/\/michelle-beaudoin.com\/fr\/contactez-nous\/equipe\/","og_locale":"fr_FR","og_type":"article","og_title":"L'\u00e9quipe - Michelle Beaudoin","og_url":"https:\/\/michelle-beaudoin.com\/fr\/contactez-nous\/equipe\/","og_site_name":"Michelle Beaudoin","article_modified_time":"2021-01-14T04:56:12+00:00","og_image":[{"width":316,"height":100,"url":"https:\/\/michelle-beaudoin.com\/wp-content\/uploads\/2016\/06\/logo-michelle-beaudoin-objets-decoratifs-site.png","type":"image\/png"}],"twitter_card":"summary_large_image","twitter_misc":{"Dur\u00e9e de lecture estim\u00e9e":"7 minutes"},"schema":{"@context":"https:\/\/schema.org","@graph":[{"@type":"WebPage","@id":"https:\/\/michelle-beaudoin.com\/fr\/contactez-nous\/equipe\/","url":"https:\/\/michelle-beaudoin.com\/fr\/contactez-nous\/equipe\/","name":"L'\u00e9quipe - Michelle Beaudoin","isPartOf":{"@id":"https:\/\/michelle-beaudoin.com\/fr\/#website"},"datePublished":"2017-03-01T14:50:46+00:00","dateModified":"2021-01-14T04:56:12+00:00","breadcrumb":{"@id":"https:\/\/michelle-beaudoin.com\/fr\/contactez-nous\/equipe\/#breadcrumb"},"inLanguage":"fr-FR","potentialAction":[{"@type":"ReadAction","target":["https:\/\/michelle-beaudoin.com\/fr\/contactez-nous\/equipe\/"]}]},{"@type":"BreadcrumbList","@id":"https:\/\/michelle-beaudoin.com\/fr\/contactez-nous\/equipe\/#breadcrumb","itemListElement":[{"@type":"ListItem","position":1,"name":"Accueil","item":"https:\/\/michelle-beaudoin.com\/fr\/"},{"@type":"ListItem","position":2,"name":"Contactez-nous","item":"https:\/\/michelle-beaudoin.com\/fr\/contactez-nous\/"},{"@type":"ListItem","position":3,"name":"L&#8217;\u00e9quipe"}]},{"@type":"WebSite","@id":"https:\/\/michelle-beaudoin.com\/fr\/#website","url":"https:\/\/michelle-beaudoin.com\/fr\/","name":"Michelle Beaudoin","description":"De son atelier situ&eacute; au c&oelig;ur d&rsquo;un quartier historique de Montr&eacute;al, Michelle Beaudoin con&ccedil;oit et r&eacute;alise des objets d&eacute;coratifs uniques en leur genre.","potentialAction":[{"@type":"SearchAction","target":{"@type":"EntryPoint","urlTemplate":"https:\/\/michelle-beaudoin.com\/fr\/?s={search_term_string}"},"query-input":{"@type":"PropertyValueSpecification","valueRequired":true,"valueName":"search_term_string"}}],"inLanguage":"fr-FR"}]}},"_links":{"self":[{"href":"https:\/\/michelle-beaudoin.com\/fr\/wp-json\/wp\/v2\/pages\/6503","targetHints":{"allow":["GET"]}}],"collection":[{"href":"https:\/\/michelle-beaudoin.com\/fr\/wp-json\/wp\/v2\/pages"}],"about":[{"href":"https:\/\/michelle-beaudoin.com\/fr\/wp-json\/wp\/v2\/types\/page"}],"author":[{"embeddable":true,"href":"https:\/\/michelle-beaudoin.com\/fr\/wp-json\/wp\/v2\/users\/1"}],"replies":[{"embeddable":true,"href":"https:\/\/michelle-beaudoin.com\/fr\/wp-json\/wp\/v2\/comments?post=6503"}],"version-history":[{"count":0,"href":"https:\/\/michelle-beaudoin.com\/fr\/wp-json\/wp\/v2\/pages\/6503\/revisions"}],"up":[{"embeddable":true,"href":"https:\/\/michelle-beaudoin.com\/fr\/wp-json\/wp\/v2\/pages\/2842"}],"wp:attachment":[{"href":"https:\/\/michelle-beaudoin.com\/fr\/wp-json\/wp\/v2\/media?parent=6503"}],"curies":[{"name":"wp","href":"https:\/\/api.w.org\/{rel}","templated":true}]}}