{"id":6235,"date":"2016-12-20T14:22:31","date_gmt":"2016-12-20T18:22:31","guid":{"rendered":"https:\/\/michelle-beaudoin.com\/?page_id=6235\/"},"modified":"2021-01-13T19:30:44","modified_gmt":"2021-01-13T23:30:44","slug":"galerie","status":"publish","type":"page","link":"https:\/\/michelle-beaudoin.com\/fr\/galerie\/","title":{"rendered":"GALERIE"},"content":{"rendered":"<p><div class=\"fusion-fullwidth fullwidth-box fusion-builder-row-1 hundred-percent-fullwidth non-hundred-percent-height-scrolling\" style=\"--awb-background-position:left top;--awb-border-sizes-top:0px;--awb-border-sizes-bottom:0px;--awb-border-sizes-left:0px;--awb-border-sizes-right:0px;--awb-border-radius-top-left:0px;--awb-border-radius-top-right:0px;--awb-border-radius-bottom-right:0px;--awb-border-radius-bottom-left:0px;--awb-padding-top:10px;--awb-padding-right:0px;--awb-padding-bottom:0px;--awb-padding-left:0px;--awb-flex-wrap:wrap;\" ><div class=\"fusion-builder-row fusion-row\"><div class=\"fusion-layout-column fusion_builder_column fusion-builder-column-0 fusion_builder_column_1_6 1_6 fusion-one-sixth fusion-column-first\" style=\"--awb-bg-size:cover;width:13.3333%; margin-right: 4%;\"><div class=\"fusion-column-wrapper fusion-flex-column-wrapper-legacy\"><div class=\"fusion-clearfix\"><\/div><\/div><\/div><div class=\"fusion-layout-column fusion_builder_column fusion-builder-column-1 fusion_builder_column_2_3 2_3 fusion-two-third\" style=\"--awb-bg-size:cover;width:65.3333%; margin-right: 4%;\"><div class=\"fusion-column-wrapper fusion-flex-column-wrapper-legacy\"><div class=\"fusion-column-content-centered\"><div class=\"fusion-column-content\"><div class=\"fusion-text fusion-text-1\"><h2 style=\"text-align: center;\"><span style=\"color: #333333;\"><span style=\"color: #000000;\">Puisez votre inspiration \u00e0 la source&#8230;<\/span><\/span><\/h2>\n<p style=\"text-align: justify;\"><span style=\"color: #333333;\">Retrouvez ici notre s\u00e9lection de clich\u00e9s rigoureusement s\u00e9lectionn\u00e9s pour le plaisir des yeux et la pouss\u00e9e d&rsquo;inspiration pour sublimer votre int\u00e9rieur. Il nous fera plaisir de vous conseiller pour l&rsquo;am\u00e9nagement et le d\u00e9cor du chez-vous dont vous avez toujours r\u00eav\u00e9.<\/span><\/p>\n<\/div><\/div><\/div><div class=\"fusion-clearfix\"><\/div><\/div><\/div><div class=\"fusion-layout-column fusion_builder_column fusion-builder-column-2 fusion_builder_column_1_6 1_6 fusion-one-sixth fusion-column-last\" style=\"--awb-bg-size:cover;width:13.3333%;\"><div class=\"fusion-column-wrapper fusion-flex-column-wrapper-legacy\"><div class=\"fusion-clearfix\"><\/div><\/div><\/div><\/div><\/div><div class=\"fusion-fullwidth fullwidth-box fusion-builder-row-2 nonhundred-percent-fullwidth non-hundred-percent-height-scrolling\" style=\"--awb-border-radius-top-left:0px;--awb-border-radius-top-right:0px;--awb-border-radius-bottom-right:0px;--awb-border-radius-bottom-left:0px;--awb-padding-top:20px;--awb-padding-bottom:20px;--awb-flex-wrap:wrap;\" ><div class=\"fusion-builder-row fusion-row\"><div class=\"fusion-layout-column fusion_builder_column fusion-builder-column-3 fusion_builder_column_1_1 1_1 fusion-one-full fusion-column-first fusion-column-last\" style=\"--awb-bg-size:cover;\"><div class=\"fusion-column-wrapper fusion-flex-column-wrapper-legacy\"><div class=\"fusion-image-carousel fusion-image-carousel-auto fusion-image-carousel-1 lightbox-enabled\"><div class=\"awb-carousel awb-swiper awb-swiper-carousel awb-carousel--carousel awb-swiper-dots-position-bottom\" data-layout=\"carousel\" data-autoplay=\"yes\" data-autoplayspeed=\"2500\" data-autoplaypause=\"no\" data-columns=\"2\" data-columnsmedium=\"1\" data-columnssmall=\"1\" data-itemmargin=\"25\" data-itemwidth=\"180\" data-touchscroll=\"no\" data-freemode=\"no\" data-imagesize=\"auto\" data-scrollitems=\"2\" data-centeredslides=\"no\" data-rotationangle=\"50\" data-depth=\"100\" data-speed=\"500\" data-shadow=\"no\" data-pagination=\"bullets\" style=\"--awb-columns:2;--awb-column-spacing:25px;\"><div class=\"swiper-wrapper awb-image-carousel-wrapper fusion-flex-align-items-center\"><div class=\"swiper-slide\"><div class=\"fusion-carousel-item-wrapper\"><div class=\"fusion-image-wrapper hover-type-zoomin\"><a data-rel=\"iLightbox[image_carousel_1]\" data-title=\"1-Michelle Office Arrangement Brushed Steel Boards and Chalkboard\" aria-label=\"1-Michelle Office Arrangement Brushed Steel Boards and Chalkboard\" href=\"https:\/\/michelle-beaudoin.com\/wp-content\/uploads\/2017\/02\/1-Michelle-Office-Arrangement-Brushed-Steel-Boards-and-Chalkboard.jpg\" target=\"_self\"><img decoding=\"async\" width=\"2048\" height=\"1363\" src=\"https:\/\/michelle-beaudoin.com\/wp-content\/uploads\/2017\/02\/1-Michelle-Office-Arrangement-Brushed-Steel-Boards-and-Chalkboard.jpg\" class=\"attachment-full size-full\" alt=\"\" srcset=\"https:\/\/michelle-beaudoin.com\/wp-content\/uploads\/2017\/02\/1-Michelle-Office-Arrangement-Brushed-Steel-Boards-and-Chalkboard-200x133.jpg 200w, https:\/\/michelle-beaudoin.com\/wp-content\/uploads\/2017\/02\/1-Michelle-Office-Arrangement-Brushed-Steel-Boards-and-Chalkboard-400x266.jpg 400w, https:\/\/michelle-beaudoin.com\/wp-content\/uploads\/2017\/02\/1-Michelle-Office-Arrangement-Brushed-Steel-Boards-and-Chalkboard-600x399.jpg 600w, https:\/\/michelle-beaudoin.com\/wp-content\/uploads\/2017\/02\/1-Michelle-Office-Arrangement-Brushed-Steel-Boards-and-Chalkboard-800x532.jpg 800w, https:\/\/michelle-beaudoin.com\/wp-content\/uploads\/2017\/02\/1-Michelle-Office-Arrangement-Brushed-Steel-Boards-and-Chalkboard-1200x798.jpg 1200w, https:\/\/michelle-beaudoin.com\/wp-content\/uploads\/2017\/02\/1-Michelle-Office-Arrangement-Brushed-Steel-Boards-and-Chalkboard.jpg 2048w\" sizes=\"(min-width: 2200px) 100vw, (min-width: 712px) 688px, (min-width: 640px) 712px, \" \/><\/a><\/div><\/div><\/div><div class=\"swiper-slide\"><div class=\"fusion-carousel-item-wrapper\"><div class=\"fusion-image-wrapper hover-type-zoomin\"><a data-rel=\"iLightbox[image_carousel_1]\" data-title=\"2-Michelle Office Chalkboard Magnetic File Holder\" aria-label=\"2-Michelle Office Chalkboard Magnetic File Holder\" href=\"https:\/\/michelle-beaudoin.com\/wp-content\/uploads\/2017\/02\/2-Michelle-Office-Chalkboard-Magnetic-File-Holder.jpg\" target=\"_self\"><img decoding=\"async\" width=\"2048\" height=\"1363\" src=\"https:\/\/michelle-beaudoin.com\/wp-content\/uploads\/2017\/02\/2-Michelle-Office-Chalkboard-Magnetic-File-Holder.jpg\" class=\"attachment-full size-full\" alt=\"\" srcset=\"https:\/\/michelle-beaudoin.com\/wp-content\/uploads\/2017\/02\/2-Michelle-Office-Chalkboard-Magnetic-File-Holder-200x133.jpg 200w, https:\/\/michelle-beaudoin.com\/wp-content\/uploads\/2017\/02\/2-Michelle-Office-Chalkboard-Magnetic-File-Holder-400x266.jpg 400w, https:\/\/michelle-beaudoin.com\/wp-content\/uploads\/2017\/02\/2-Michelle-Office-Chalkboard-Magnetic-File-Holder-600x399.jpg 600w, https:\/\/michelle-beaudoin.com\/wp-content\/uploads\/2017\/02\/2-Michelle-Office-Chalkboard-Magnetic-File-Holder-800x532.jpg 800w, https:\/\/michelle-beaudoin.com\/wp-content\/uploads\/2017\/02\/2-Michelle-Office-Chalkboard-Magnetic-File-Holder-1200x798.jpg 1200w, https:\/\/michelle-beaudoin.com\/wp-content\/uploads\/2017\/02\/2-Michelle-Office-Chalkboard-Magnetic-File-Holder.jpg 2048w\" sizes=\"(min-width: 2200px) 100vw, (min-width: 712px) 688px, (min-width: 640px) 712px, \" \/><\/a><\/div><\/div><\/div><div class=\"swiper-slide\"><div class=\"fusion-carousel-item-wrapper\"><div class=\"fusion-image-wrapper hover-type-zoomin\"><a data-rel=\"iLightbox[image_carousel_1]\" data-title=\"3-Michelle Kitchen Chalkboard Project Magnetic Holder\" aria-label=\"3-Michelle Kitchen Chalkboard Project Magnetic Holder\" href=\"https:\/\/michelle-beaudoin.com\/wp-content\/uploads\/2017\/02\/3-Michelle-Kitchen-Chalkboard-Project-Magnetic-Holder.jpg\" target=\"_self\"><img decoding=\"async\" width=\"2048\" height=\"1536\" src=\"https:\/\/michelle-beaudoin.com\/wp-content\/uploads\/2017\/02\/3-Michelle-Kitchen-Chalkboard-Project-Magnetic-Holder.jpg\" class=\"attachment-full size-full\" alt=\"\" srcset=\"https:\/\/michelle-beaudoin.com\/wp-content\/uploads\/2017\/02\/3-Michelle-Kitchen-Chalkboard-Project-Magnetic-Holder-200x150.jpg 200w, https:\/\/michelle-beaudoin.com\/wp-content\/uploads\/2017\/02\/3-Michelle-Kitchen-Chalkboard-Project-Magnetic-Holder-400x300.jpg 400w, https:\/\/michelle-beaudoin.com\/wp-content\/uploads\/2017\/02\/3-Michelle-Kitchen-Chalkboard-Project-Magnetic-Holder-600x450.jpg 600w, https:\/\/michelle-beaudoin.com\/wp-content\/uploads\/2017\/02\/3-Michelle-Kitchen-Chalkboard-Project-Magnetic-Holder-800x600.jpg 800w, https:\/\/michelle-beaudoin.com\/wp-content\/uploads\/2017\/02\/3-Michelle-Kitchen-Chalkboard-Project-Magnetic-Holder-1200x900.jpg 1200w, https:\/\/michelle-beaudoin.com\/wp-content\/uploads\/2017\/02\/3-Michelle-Kitchen-Chalkboard-Project-Magnetic-Holder.jpg 2048w\" sizes=\"(min-width: 2200px) 100vw, (min-width: 712px) 688px, (min-width: 640px) 712px, \" \/><\/a><\/div><\/div><\/div><div class=\"swiper-slide\"><div class=\"fusion-carousel-item-wrapper\"><div class=\"fusion-image-wrapper hover-type-zoomin\"><a data-rel=\"iLightbox[image_carousel_1]\" data-title=\"4-Michelle New Moose Creation Magnet Chalkboard\" aria-label=\"4-Michelle New Moose Creation Magnet Chalkboard\" href=\"https:\/\/michelle-beaudoin.com\/wp-content\/uploads\/2017\/02\/4-Michelle-New-Moose-Creation-Magnet-Chalkboard.jpg\" target=\"_self\"><img decoding=\"async\" width=\"2048\" height=\"1536\" src=\"https:\/\/michelle-beaudoin.com\/wp-content\/uploads\/2017\/02\/4-Michelle-New-Moose-Creation-Magnet-Chalkboard.jpg\" class=\"attachment-full size-full\" alt=\"\" srcset=\"https:\/\/michelle-beaudoin.com\/wp-content\/uploads\/2017\/02\/4-Michelle-New-Moose-Creation-Magnet-Chalkboard-200x150.jpg 200w, https:\/\/michelle-beaudoin.com\/wp-content\/uploads\/2017\/02\/4-Michelle-New-Moose-Creation-Magnet-Chalkboard-400x300.jpg 400w, https:\/\/michelle-beaudoin.com\/wp-content\/uploads\/2017\/02\/4-Michelle-New-Moose-Creation-Magnet-Chalkboard-600x450.jpg 600w, https:\/\/michelle-beaudoin.com\/wp-content\/uploads\/2017\/02\/4-Michelle-New-Moose-Creation-Magnet-Chalkboard-800x600.jpg 800w, https:\/\/michelle-beaudoin.com\/wp-content\/uploads\/2017\/02\/4-Michelle-New-Moose-Creation-Magnet-Chalkboard-1200x900.jpg 1200w, https:\/\/michelle-beaudoin.com\/wp-content\/uploads\/2017\/02\/4-Michelle-New-Moose-Creation-Magnet-Chalkboard.jpg 2048w\" sizes=\"(min-width: 2200px) 100vw, (min-width: 712px) 688px, (min-width: 640px) 712px, \" \/><\/a><\/div><\/div><\/div><div class=\"swiper-slide\"><div class=\"fusion-carousel-item-wrapper\"><div class=\"fusion-image-wrapper hover-type-zoomin\"><a data-rel=\"iLightbox[image_carousel_1]\" data-title=\"IMG_7230\" aria-label=\"IMG_7230\" href=\"https:\/\/michelle-beaudoin.com\/wp-content\/uploads\/2016\/12\/IMG_7230-e1482268278751-225x300.jpg\" target=\"_self\"><img decoding=\"async\" width=\"1536\" height=\"2048\" src=\"https:\/\/michelle-beaudoin.com\/wp-content\/uploads\/2016\/12\/IMG_7230-e1482268278751.jpg\" class=\"attachment-full size-full\" alt=\"\" srcset=\"https:\/\/michelle-beaudoin.com\/wp-content\/uploads\/2016\/12\/IMG_7230-e1482268278751-200x267.jpg 200w, https:\/\/michelle-beaudoin.com\/wp-content\/uploads\/2016\/12\/IMG_7230-e1482268278751-400x533.jpg 400w, https:\/\/michelle-beaudoin.com\/wp-content\/uploads\/2016\/12\/IMG_7230-e1482268278751-600x800.jpg 600w, https:\/\/michelle-beaudoin.com\/wp-content\/uploads\/2016\/12\/IMG_7230-e1482268278751-800x1067.jpg 800w, https:\/\/michelle-beaudoin.com\/wp-content\/uploads\/2016\/12\/IMG_7230-e1482268278751-1200x1600.jpg 1200w, https:\/\/michelle-beaudoin.com\/wp-content\/uploads\/2016\/12\/IMG_7230-e1482268278751.jpg 1536w\" sizes=\"(min-width: 2200px) 100vw, (min-width: 712px) 688px, (min-width: 640px) 712px, \" \/><\/a><\/div><\/div><\/div><div class=\"swiper-slide\"><div class=\"fusion-carousel-item-wrapper\"><div class=\"fusion-image-wrapper hover-type-zoomin\"><a data-rel=\"iLightbox[image_carousel_1]\" data-title=\"IMG_7247\" aria-label=\"IMG_7247\" href=\"https:\/\/michelle-beaudoin.com\/wp-content\/uploads\/2016\/12\/IMG_7247-e1482268919574-225x300.jpg\" target=\"_self\"><img decoding=\"async\" width=\"1536\" height=\"2048\" src=\"https:\/\/michelle-beaudoin.com\/wp-content\/uploads\/2016\/12\/IMG_7247-e1482268919574.jpg\" class=\"attachment-full size-full\" alt=\"\" srcset=\"https:\/\/michelle-beaudoin.com\/wp-content\/uploads\/2016\/12\/IMG_7247-e1482268919574-200x267.jpg 200w, https:\/\/michelle-beaudoin.com\/wp-content\/uploads\/2016\/12\/IMG_7247-e1482268919574-400x533.jpg 400w, https:\/\/michelle-beaudoin.com\/wp-content\/uploads\/2016\/12\/IMG_7247-e1482268919574-600x800.jpg 600w, https:\/\/michelle-beaudoin.com\/wp-content\/uploads\/2016\/12\/IMG_7247-e1482268919574-800x1067.jpg 800w, https:\/\/michelle-beaudoin.com\/wp-content\/uploads\/2016\/12\/IMG_7247-e1482268919574-1200x1600.jpg 1200w, https:\/\/michelle-beaudoin.com\/wp-content\/uploads\/2016\/12\/IMG_7247-e1482268919574.jpg 1536w\" sizes=\"(min-width: 2200px) 100vw, (min-width: 712px) 688px, (min-width: 640px) 712px, \" \/><\/a><\/div><\/div><\/div><div class=\"swiper-slide\"><div class=\"fusion-carousel-item-wrapper\"><div class=\"fusion-image-wrapper hover-type-zoomin\"><a data-rel=\"iLightbox[image_carousel_1]\" data-title=\"IMG_7270\" aria-label=\"IMG_7270\" href=\"https:\/\/michelle-beaudoin.com\/wp-content\/uploads\/2016\/12\/IMG_7270-e1482269300518-225x300.jpg\" target=\"_self\"><img decoding=\"async\" width=\"1536\" height=\"2048\" src=\"https:\/\/michelle-beaudoin.com\/wp-content\/uploads\/2016\/12\/IMG_7270-e1482269300518.jpg\" class=\"attachment-full size-full\" alt=\"\" srcset=\"https:\/\/michelle-beaudoin.com\/wp-content\/uploads\/2016\/12\/IMG_7270-e1482269300518-200x267.jpg 200w, https:\/\/michelle-beaudoin.com\/wp-content\/uploads\/2016\/12\/IMG_7270-e1482269300518-400x533.jpg 400w, https:\/\/michelle-beaudoin.com\/wp-content\/uploads\/2016\/12\/IMG_7270-e1482269300518-600x800.jpg 600w, https:\/\/michelle-beaudoin.com\/wp-content\/uploads\/2016\/12\/IMG_7270-e1482269300518-800x1067.jpg 800w, https:\/\/michelle-beaudoin.com\/wp-content\/uploads\/2016\/12\/IMG_7270-e1482269300518-1200x1600.jpg 1200w, https:\/\/michelle-beaudoin.com\/wp-content\/uploads\/2016\/12\/IMG_7270-e1482269300518.jpg 1536w\" sizes=\"(min-width: 2200px) 100vw, (min-width: 712px) 688px, (min-width: 640px) 712px, \" \/><\/a><\/div><\/div><\/div><div class=\"swiper-slide\"><div class=\"fusion-carousel-item-wrapper\"><div class=\"fusion-image-wrapper hover-type-zoomin\"><a data-rel=\"iLightbox[image_carousel_1]\" data-title=\"8-Magnetic File Holder Key Holder Hook Chalkboard\" aria-label=\"8-Magnetic File Holder Key Holder Hook Chalkboard\" href=\"https:\/\/michelle-beaudoin.com\/wp-content\/uploads\/2017\/02\/8-Magnetic-File-Holder-Key-Holder-Hook-Chalkboard-225x300.jpg\" target=\"_self\"><img decoding=\"async\" width=\"1536\" height=\"2048\" src=\"https:\/\/michelle-beaudoin.com\/wp-content\/uploads\/2017\/02\/8-Magnetic-File-Holder-Key-Holder-Hook-Chalkboard.jpg\" class=\"attachment-full size-full\" alt=\"\" srcset=\"https:\/\/michelle-beaudoin.com\/wp-content\/uploads\/2017\/02\/8-Magnetic-File-Holder-Key-Holder-Hook-Chalkboard-200x267.jpg 200w, https:\/\/michelle-beaudoin.com\/wp-content\/uploads\/2017\/02\/8-Magnetic-File-Holder-Key-Holder-Hook-Chalkboard-400x533.jpg 400w, https:\/\/michelle-beaudoin.com\/wp-content\/uploads\/2017\/02\/8-Magnetic-File-Holder-Key-Holder-Hook-Chalkboard-600x800.jpg 600w, https:\/\/michelle-beaudoin.com\/wp-content\/uploads\/2017\/02\/8-Magnetic-File-Holder-Key-Holder-Hook-Chalkboard-800x1067.jpg 800w, https:\/\/michelle-beaudoin.com\/wp-content\/uploads\/2017\/02\/8-Magnetic-File-Holder-Key-Holder-Hook-Chalkboard-1200x1600.jpg 1200w, https:\/\/michelle-beaudoin.com\/wp-content\/uploads\/2017\/02\/8-Magnetic-File-Holder-Key-Holder-Hook-Chalkboard.jpg 1536w\" sizes=\"(min-width: 2200px) 100vw, (min-width: 712px) 688px, (min-width: 640px) 712px, \" \/><\/a><\/div><\/div><\/div><div class=\"swiper-slide\"><div class=\"fusion-carousel-item-wrapper\"><div class=\"fusion-image-wrapper hover-type-zoomin\"><a data-rel=\"iLightbox[image_carousel_1]\" data-title=\"9-Magnetic Candle Holder Tealight Mirror Chalkboard\" aria-label=\"9-Magnetic Candle Holder Tealight Mirror Chalkboard\" href=\"https:\/\/michelle-beaudoin.com\/wp-content\/uploads\/2017\/02\/9-Magnetic-Candle-Holder-Tealight-Mirror-Chalkboard.jpg\" target=\"_self\"><img decoding=\"async\" width=\"900\" height=\"907\" src=\"https:\/\/michelle-beaudoin.com\/wp-content\/uploads\/2017\/02\/9-Magnetic-Candle-Holder-Tealight-Mirror-Chalkboard.jpg\" class=\"attachment-full size-full\" alt=\"\" srcset=\"https:\/\/michelle-beaudoin.com\/wp-content\/uploads\/2017\/02\/9-Magnetic-Candle-Holder-Tealight-Mirror-Chalkboard-200x202.jpg 200w, https:\/\/michelle-beaudoin.com\/wp-content\/uploads\/2017\/02\/9-Magnetic-Candle-Holder-Tealight-Mirror-Chalkboard-400x403.jpg 400w, https:\/\/michelle-beaudoin.com\/wp-content\/uploads\/2017\/02\/9-Magnetic-Candle-Holder-Tealight-Mirror-Chalkboard-600x605.jpg 600w, https:\/\/michelle-beaudoin.com\/wp-content\/uploads\/2017\/02\/9-Magnetic-Candle-Holder-Tealight-Mirror-Chalkboard-800x806.jpg 800w, https:\/\/michelle-beaudoin.com\/wp-content\/uploads\/2017\/02\/9-Magnetic-Candle-Holder-Tealight-Mirror-Chalkboard.jpg 900w\" sizes=\"(min-width: 2200px) 100vw, (min-width: 712px) 688px, (min-width: 640px) 712px, \" \/><\/a><\/div><\/div><\/div><div class=\"swiper-slide\"><div class=\"fusion-carousel-item-wrapper\"><div class=\"fusion-image-wrapper hover-type-zoomin\"><a data-rel=\"iLightbox[image_carousel_1]\" data-title=\"10-Magnetic Wood Brushed Steel Teacup Chalkboard\" aria-label=\"10-Magnetic Wood Brushed Steel Teacup Chalkboard\" href=\"https:\/\/michelle-beaudoin.com\/wp-content\/uploads\/2017\/02\/10-Magnetic-Wood-Brushed-Steel-Teacup-Chalkboard.jpg\" target=\"_self\"><img decoding=\"async\" width=\"2048\" height=\"1536\" src=\"https:\/\/michelle-beaudoin.com\/wp-content\/uploads\/2017\/02\/10-Magnetic-Wood-Brushed-Steel-Teacup-Chalkboard.jpg\" class=\"attachment-full size-full\" alt=\"\" srcset=\"https:\/\/michelle-beaudoin.com\/wp-content\/uploads\/2017\/02\/10-Magnetic-Wood-Brushed-Steel-Teacup-Chalkboard-200x150.jpg 200w, https:\/\/michelle-beaudoin.com\/wp-content\/uploads\/2017\/02\/10-Magnetic-Wood-Brushed-Steel-Teacup-Chalkboard-400x300.jpg 400w, https:\/\/michelle-beaudoin.com\/wp-content\/uploads\/2017\/02\/10-Magnetic-Wood-Brushed-Steel-Teacup-Chalkboard-600x450.jpg 600w, https:\/\/michelle-beaudoin.com\/wp-content\/uploads\/2017\/02\/10-Magnetic-Wood-Brushed-Steel-Teacup-Chalkboard-800x600.jpg 800w, https:\/\/michelle-beaudoin.com\/wp-content\/uploads\/2017\/02\/10-Magnetic-Wood-Brushed-Steel-Teacup-Chalkboard-1200x900.jpg 1200w, https:\/\/michelle-beaudoin.com\/wp-content\/uploads\/2017\/02\/10-Magnetic-Wood-Brushed-Steel-Teacup-Chalkboard.jpg 2048w\" sizes=\"(min-width: 2200px) 100vw, (min-width: 712px) 688px, (min-width: 640px) 712px, \" \/><\/a><\/div><\/div><\/div><\/div><div class=\"awb-swiper-button awb-swiper-button-prev\"><i class=\"awb-icon-angle-left\" aria-hidden=\"true\"><\/i><\/div><div class=\"awb-swiper-button awb-swiper-button-next\"><i class=\"awb-icon-angle-right\" aria-hidden=\"true\"><\/i><\/div><\/div><\/div><div class=\"fusion-clearfix\"><\/div><\/div><\/div><\/div><\/div><\/p>\n","protected":false},"excerpt":{"rendered":"","protected":false},"author":1,"featured_media":0,"parent":0,"menu_order":0,"comment_status":"closed","ping_status":"closed","template":"","meta":{"_bbp_topic_count":0,"_bbp_reply_count":0,"_bbp_total_topic_count":0,"_bbp_total_reply_count":0,"_bbp_voice_count":0,"_bbp_anonymous_reply_count":0,"_bbp_topic_count_hidden":0,"_bbp_reply_count_hidden":0,"_bbp_forum_subforum_count":0,"footnotes":""},"class_list":["post-6235","page","type-page","status-publish","hentry"],"yoast_head":"<!-- This site is optimized with the Yoast SEO plugin v27.1.1 - https:\/\/yoast.com\/product\/yoast-seo-wordpress\/ -->\n<title>GALERIE - Michelle Beaudoin<\/title>\n<meta name=\"robots\" content=\"index, follow, max-snippet:-1, max-image-preview:large, max-video-preview:-1\" \/>\n<link rel=\"canonical\" href=\"https:\/\/michelle-beaudoin.com\/fr\/galerie\/\" \/>\n<meta property=\"og:locale\" content=\"fr_FR\" \/>\n<meta property=\"og:type\" content=\"article\" \/>\n<meta property=\"og:title\" content=\"GALERIE - Michelle Beaudoin\" \/>\n<meta property=\"og:url\" content=\"https:\/\/michelle-beaudoin.com\/fr\/galerie\/\" \/>\n<meta property=\"og:site_name\" content=\"Michelle Beaudoin\" \/>\n<meta property=\"article:modified_time\" content=\"2021-01-13T23:30:44+00:00\" \/>\n<meta property=\"og:image\" content=\"https:\/\/michelle-beaudoin.com\/wp-content\/uploads\/2016\/06\/logo-michelle-beaudoin-objets-decoratifs-site.png\" \/>\n\t<meta property=\"og:image:width\" content=\"316\" \/>\n\t<meta property=\"og:image:height\" content=\"100\" \/>\n\t<meta property=\"og:image:type\" content=\"image\/png\" \/>\n<meta name=\"twitter:card\" content=\"summary_large_image\" \/>\n<meta name=\"twitter:label1\" content=\"Dur\u00e9e de lecture estim\u00e9e\" \/>\n\t<meta name=\"twitter:data1\" content=\"4 minutes\" \/>\n<script type=\"application\/ld+json\" class=\"yoast-schema-graph\">{\"@context\":\"https:\/\/schema.org\",\"@graph\":[{\"@type\":\"WebPage\",\"@id\":\"https:\/\/michelle-beaudoin.com\/fr\/galerie\/\",\"url\":\"https:\/\/michelle-beaudoin.com\/fr\/galerie\/\",\"name\":\"GALERIE - Michelle Beaudoin\",\"isPartOf\":{\"@id\":\"https:\/\/michelle-beaudoin.com\/fr\/#website\"},\"datePublished\":\"2016-12-20T18:22:31+00:00\",\"dateModified\":\"2021-01-13T23:30:44+00:00\",\"breadcrumb\":{\"@id\":\"https:\/\/michelle-beaudoin.com\/fr\/galerie\/#breadcrumb\"},\"inLanguage\":\"fr-FR\",\"potentialAction\":[{\"@type\":\"ReadAction\",\"target\":[\"https:\/\/michelle-beaudoin.com\/fr\/galerie\/\"]}]},{\"@type\":\"BreadcrumbList\",\"@id\":\"https:\/\/michelle-beaudoin.com\/fr\/galerie\/#breadcrumb\",\"itemListElement\":[{\"@type\":\"ListItem\",\"position\":1,\"name\":\"Accueil\",\"item\":\"https:\/\/michelle-beaudoin.com\/fr\/\"},{\"@type\":\"ListItem\",\"position\":2,\"name\":\"GALERIE\"}]},{\"@type\":\"WebSite\",\"@id\":\"https:\/\/michelle-beaudoin.com\/fr\/#website\",\"url\":\"https:\/\/michelle-beaudoin.com\/fr\/\",\"name\":\"Michelle Beaudoin\",\"description\":\"De son atelier situ&eacute; au c&oelig;ur d&rsquo;un quartier historique de Montr&eacute;al, Michelle Beaudoin con&ccedil;oit et r&eacute;alise des objets d&eacute;coratifs uniques en leur genre.\",\"potentialAction\":[{\"@type\":\"SearchAction\",\"target\":{\"@type\":\"EntryPoint\",\"urlTemplate\":\"https:\/\/michelle-beaudoin.com\/fr\/?s={search_term_string}\"},\"query-input\":{\"@type\":\"PropertyValueSpecification\",\"valueRequired\":true,\"valueName\":\"search_term_string\"}}],\"inLanguage\":\"fr-FR\"}]}<\/script>\n<!-- \/ Yoast SEO plugin. -->","yoast_head_json":{"title":"GALERIE - Michelle Beaudoin","robots":{"index":"index","follow":"follow","max-snippet":"max-snippet:-1","max-image-preview":"max-image-preview:large","max-video-preview":"max-video-preview:-1"},"canonical":"https:\/\/michelle-beaudoin.com\/fr\/galerie\/","og_locale":"fr_FR","og_type":"article","og_title":"GALERIE - Michelle Beaudoin","og_url":"https:\/\/michelle-beaudoin.com\/fr\/galerie\/","og_site_name":"Michelle Beaudoin","article_modified_time":"2021-01-13T23:30:44+00:00","og_image":[{"width":316,"height":100,"url":"https:\/\/michelle-beaudoin.com\/wp-content\/uploads\/2016\/06\/logo-michelle-beaudoin-objets-decoratifs-site.png","type":"image\/png"}],"twitter_card":"summary_large_image","twitter_misc":{"Dur\u00e9e de lecture estim\u00e9e":"4 minutes"},"schema":{"@context":"https:\/\/schema.org","@graph":[{"@type":"WebPage","@id":"https:\/\/michelle-beaudoin.com\/fr\/galerie\/","url":"https:\/\/michelle-beaudoin.com\/fr\/galerie\/","name":"GALERIE - Michelle Beaudoin","isPartOf":{"@id":"https:\/\/michelle-beaudoin.com\/fr\/#website"},"datePublished":"2016-12-20T18:22:31+00:00","dateModified":"2021-01-13T23:30:44+00:00","breadcrumb":{"@id":"https:\/\/michelle-beaudoin.com\/fr\/galerie\/#breadcrumb"},"inLanguage":"fr-FR","potentialAction":[{"@type":"ReadAction","target":["https:\/\/michelle-beaudoin.com\/fr\/galerie\/"]}]},{"@type":"BreadcrumbList","@id":"https:\/\/michelle-beaudoin.com\/fr\/galerie\/#breadcrumb","itemListElement":[{"@type":"ListItem","position":1,"name":"Accueil","item":"https:\/\/michelle-beaudoin.com\/fr\/"},{"@type":"ListItem","position":2,"name":"GALERIE"}]},{"@type":"WebSite","@id":"https:\/\/michelle-beaudoin.com\/fr\/#website","url":"https:\/\/michelle-beaudoin.com\/fr\/","name":"Michelle Beaudoin","description":"De son atelier situ&eacute; au c&oelig;ur d&rsquo;un quartier historique de Montr&eacute;al, Michelle Beaudoin con&ccedil;oit et r&eacute;alise des objets d&eacute;coratifs uniques en leur genre.","potentialAction":[{"@type":"SearchAction","target":{"@type":"EntryPoint","urlTemplate":"https:\/\/michelle-beaudoin.com\/fr\/?s={search_term_string}"},"query-input":{"@type":"PropertyValueSpecification","valueRequired":true,"valueName":"search_term_string"}}],"inLanguage":"fr-FR"}]}},"_links":{"self":[{"href":"https:\/\/michelle-beaudoin.com\/fr\/wp-json\/wp\/v2\/pages\/6235","targetHints":{"allow":["GET"]}}],"collection":[{"href":"https:\/\/michelle-beaudoin.com\/fr\/wp-json\/wp\/v2\/pages"}],"about":[{"href":"https:\/\/michelle-beaudoin.com\/fr\/wp-json\/wp\/v2\/types\/page"}],"author":[{"embeddable":true,"href":"https:\/\/michelle-beaudoin.com\/fr\/wp-json\/wp\/v2\/users\/1"}],"replies":[{"embeddable":true,"href":"https:\/\/michelle-beaudoin.com\/fr\/wp-json\/wp\/v2\/comments?post=6235"}],"version-history":[{"count":0,"href":"https:\/\/michelle-beaudoin.com\/fr\/wp-json\/wp\/v2\/pages\/6235\/revisions"}],"wp:attachment":[{"href":"https:\/\/michelle-beaudoin.com\/fr\/wp-json\/wp\/v2\/media?parent=6235"}],"curies":[{"name":"wp","href":"https:\/\/api.w.org\/{rel}","templated":true}]}}