{"id":5047,"date":"2016-07-22T17:16:14","date_gmt":"2016-07-22T17:16:14","guid":{"rendered":"http:\/\/michelle-beaudoin.com\/?page_id=5047"},"modified":"2021-04-30T22:51:56","modified_gmt":"2021-05-01T02:51:56","slug":"babillards-accessoires","status":"publish","type":"page","link":"https:\/\/michelle-beaudoin.com\/fr\/boutique-accueil\/babillards-accessoires\/","title":{"rendered":"BABILLARDS ET ACCESSOIRES"},"content":{"rendered":"<p><div class=\"fusion-fullwidth fullwidth-box fusion-builder-row-1 fusion-parallax-none hundred-percent-fullwidth non-hundred-percent-height-scrolling\" style=\"--awb-border-sizes-top:0px;--awb-border-sizes-bottom:0px;--awb-border-sizes-left:0px;--awb-border-sizes-right:0px;--awb-border-radius-top-left:0px;--awb-border-radius-top-right:0px;--awb-border-radius-bottom-right:0px;--awb-border-radius-bottom-left:0px;--awb-padding-top:20px;--awb-padding-bottom:20px;--awb-background-image:url(&quot;https:\/\/michelle-beaudoin.com\/wp-content\/uploads\/2016\/07\/253-bureau-beauty-cropcorrig\u00e9e-darkcopy-copy.jpg&quot;);--awb-background-size:cover;--awb-flex-wrap:wrap;\" ><div class=\"fusion-builder-row fusion-row\"><div class=\"fusion-layout-column fusion_builder_column fusion-builder-column-0 fusion_builder_column_1_1 1_1 fusion-one-full fusion-column-first fusion-column-last fusion-column-no-min-height\" style=\"--awb-bg-size:cover;--awb-margin-bottom:0px;\"><div class=\"fusion-column-wrapper fusion-flex-column-wrapper-legacy\"><div class=\"fusion-text fusion-text-1\"><h1 style=\"text-align: center;\"><span style=\"color: #ffffff;\">Visualisez votre vie, organisez votre semaine, planifiez vos prochaines vacances ou victoires!<\/span><\/h1>\n<p style=\"text-align: center;\"><span style=\"color: #ffffff;\">Nos babillards magn\u00e9tiques vous accompagneront dans vos processus de cr\u00e9ation et d\u2019organisation au quotidien, et nos accessoires vous proposent l\u2019\u00e9l\u00e9gance et la clart\u00e9 dans vos am\u00e9nagements de photos, m\u00e9mos, notes et courriers importants.<\/span><\/p>\n<p style=\"text-align: center;\"><span style=\"color: #ffffff;\">Tableaux de visualisation, babillards de r\u00eaves ou d\u2019objectifs, les possibilit\u00e9s n\u2019ont de limite que celles de\u00a0l\u2019imagination !<\/span><\/p>\n<\/div><div class=\"fusion-clearfix\"><\/div><\/div><\/div><\/div><\/div><div class=\"fusion-fullwidth fullwidth-box fusion-builder-row-2 hundred-percent-fullwidth non-hundred-percent-height-scrolling\" style=\"--awb-border-radius-top-left:0px;--awb-border-radius-top-right:0px;--awb-border-radius-bottom-right:0px;--awb-border-radius-bottom-left:0px;--awb-overflow:visible;--awb-flex-wrap:wrap;\" ><div class=\"fusion-builder-row fusion-row\"><div class=\"fusion-layout-column fusion_builder_column fusion-builder-column-1 fusion_builder_column_1_2 1_2 fusion-one-half fusion-column-first\" style=\"--awb-bg-size:cover;width:48%; margin-right: 4%;\"><div class=\"fusion-column-wrapper fusion-flex-column-wrapper-legacy\"><div class=\"fusion-title title fusion-title-1 fusion-sep-none fusion-title-center fusion-title-text fusion-title-size-two\"><h2 class=\"fusion-title-heading title-heading-center fusion-responsive-typography-calculated\" style=\"margin:0;--fontSize:32;line-height:1.2;\"><a href=\"\/?product_cat=babillards-magnetiques\">Babillards magn\u00e9tiques<\/a><\/h2><\/div><div class=\"fusion-image-element fusion-image-align-center in-legacy-container\" style=\"text-align:center;--awb-caption-title-font-family:var(--h2_typography-font-family);--awb-caption-title-font-weight:var(--h2_typography-font-weight);--awb-caption-title-font-style:var(--h2_typography-font-style);--awb-caption-title-size:var(--h2_typography-font-size);--awb-caption-title-transform:var(--h2_typography-text-transform);--awb-caption-title-line-height:var(--h2_typography-line-height);--awb-caption-title-letter-spacing:var(--h2_typography-letter-spacing);\"><div class=\"imageframe-align-center\"><span class=\" fusion-imageframe imageframe-none imageframe-1 hover-type-zoomin\"><a class=\"fusion-no-lightbox\" href=\"https:\/\/michelle-beaudoin.com\/fr\/categorie-produit\/babillards-magnetiques\/\" target=\"_self\" aria-label=\"1200 X 798 Board\"><img decoding=\"async\" width=\"1200\" height=\"798\" src=\"https:\/\/michelle-beaudoin.com\/wp-content\/uploads\/2021\/04\/1200-X-798-Board-2.jpg\" alt class=\"img-responsive wp-image-12004\" srcset=\"https:\/\/michelle-beaudoin.com\/wp-content\/uploads\/2021\/04\/1200-X-798-Board-2-200x133.jpg 200w, https:\/\/michelle-beaudoin.com\/wp-content\/uploads\/2021\/04\/1200-X-798-Board-2-400x266.jpg 400w, https:\/\/michelle-beaudoin.com\/wp-content\/uploads\/2021\/04\/1200-X-798-Board-2-600x399.jpg 600w, https:\/\/michelle-beaudoin.com\/wp-content\/uploads\/2021\/04\/1200-X-798-Board-2-800x532.jpg 800w, https:\/\/michelle-beaudoin.com\/wp-content\/uploads\/2021\/04\/1200-X-798-Board-2.jpg 1200w\" sizes=\"(max-width: 800px) 100vw, 800px\" \/><\/a><\/span><\/div><\/div><div class=\"fusion-clearfix\"><\/div><\/div><\/div><div class=\"fusion-layout-column fusion_builder_column fusion-builder-column-2 fusion_builder_column_1_2 1_2 fusion-one-half fusion-column-last\" style=\"--awb-bg-size:cover;width:48%;\"><div class=\"fusion-column-wrapper fusion-flex-column-wrapper-legacy\"><div class=\"fusion-title title fusion-title-2 fusion-sep-none fusion-title-center fusion-title-text fusion-title-size-two\"><h2 class=\"fusion-title-heading title-heading-center fusion-responsive-typography-calculated\" style=\"margin:0;--fontSize:32;line-height:1.2;\"><a href=\"\/?product_cat=accessoires-magnetiques\">Accessoires magn\u00e9tiques pour babillards<\/a><\/h2><\/div><div class=\"fusion-image-element fusion-image-align-center in-legacy-container\" style=\"text-align:center;--awb-caption-title-font-family:var(--h2_typography-font-family);--awb-caption-title-font-weight:var(--h2_typography-font-weight);--awb-caption-title-font-style:var(--h2_typography-font-style);--awb-caption-title-size:var(--h2_typography-font-size);--awb-caption-title-transform:var(--h2_typography-text-transform);--awb-caption-title-line-height:var(--h2_typography-line-height);--awb-caption-title-letter-spacing:var(--h2_typography-letter-spacing);\"><div class=\"imageframe-align-center\"><span class=\" fusion-imageframe imageframe-none imageframe-2 hover-type-zoomin\"><a class=\"fusion-no-lightbox\" href=\"https:\/\/michelle-beaudoin.com\/fr\/categorie-produit\/accessoires-magnetiques\/\" target=\"_self\" aria-label=\"accessoires babillards michelle beaudoin\"><img decoding=\"async\" width=\"1200\" height=\"798\" src=\"https:\/\/michelle-beaudoin.com\/wp-content\/uploads\/2016\/07\/page-accessoires-babillards-beauty2.jpg\" alt class=\"img-responsive wp-image-5931\" srcset=\"https:\/\/michelle-beaudoin.com\/wp-content\/uploads\/2016\/07\/page-accessoires-babillards-beauty2-200x133.jpg 200w, https:\/\/michelle-beaudoin.com\/wp-content\/uploads\/2016\/07\/page-accessoires-babillards-beauty2-400x266.jpg 400w, https:\/\/michelle-beaudoin.com\/wp-content\/uploads\/2016\/07\/page-accessoires-babillards-beauty2-600x399.jpg 600w, https:\/\/michelle-beaudoin.com\/wp-content\/uploads\/2016\/07\/page-accessoires-babillards-beauty2-800x532.jpg 800w, https:\/\/michelle-beaudoin.com\/wp-content\/uploads\/2016\/07\/page-accessoires-babillards-beauty2.jpg 1200w\" sizes=\"(max-width: 800px) 100vw, 800px\" \/><\/a><\/span><\/div><\/div><div class=\"fusion-clearfix\"><\/div><\/div><\/div><\/div><\/div><\/p>\n","protected":false},"excerpt":{"rendered":"","protected":false},"author":1,"featured_media":0,"parent":5179,"menu_order":0,"comment_status":"closed","ping_status":"closed","template":"","meta":{"_bbp_topic_count":0,"_bbp_reply_count":0,"_bbp_total_topic_count":0,"_bbp_total_reply_count":0,"_bbp_voice_count":0,"_bbp_anonymous_reply_count":0,"_bbp_topic_count_hidden":0,"_bbp_reply_count_hidden":0,"_bbp_forum_subforum_count":0,"footnotes":""},"class_list":["post-5047","page","type-page","status-publish","hentry"],"yoast_head":"<!-- This site is optimized with the Yoast SEO plugin v27.1.1 - https:\/\/yoast.com\/product\/yoast-seo-wordpress\/ -->\n<title>BABILLARDS ET ACCESSOIRES - Michelle Beaudoin<\/title>\n<meta name=\"robots\" content=\"index, follow, max-snippet:-1, max-image-preview:large, max-video-preview:-1\" \/>\n<link rel=\"canonical\" href=\"https:\/\/michelle-beaudoin.com\/fr\/boutique-accueil\/babillards-accessoires\/\" \/>\n<meta property=\"og:locale\" content=\"fr_FR\" \/>\n<meta property=\"og:type\" content=\"article\" \/>\n<meta property=\"og:title\" content=\"BABILLARDS ET ACCESSOIRES - Michelle Beaudoin\" \/>\n<meta property=\"og:url\" content=\"https:\/\/michelle-beaudoin.com\/fr\/boutique-accueil\/babillards-accessoires\/\" \/>\n<meta property=\"og:site_name\" content=\"Michelle Beaudoin\" \/>\n<meta property=\"article:modified_time\" content=\"2021-05-01T02:51:56+00:00\" \/>\n<meta property=\"og:image\" content=\"https:\/\/michelle-beaudoin.com\/wp-content\/uploads\/2016\/07\/page-accessoires-babillards-beauty2.jpg\" \/>\n<meta name=\"twitter:card\" content=\"summary_large_image\" \/>\n<meta name=\"twitter:label1\" content=\"Dur\u00e9e de lecture estim\u00e9e\" \/>\n\t<meta name=\"twitter:data1\" content=\"3 minutes\" \/>\n<script type=\"application\/ld+json\" class=\"yoast-schema-graph\">{\"@context\":\"https:\/\/schema.org\",\"@graph\":[{\"@type\":\"WebPage\",\"@id\":\"https:\/\/michelle-beaudoin.com\/fr\/boutique-accueil\/babillards-accessoires\/\",\"url\":\"https:\/\/michelle-beaudoin.com\/fr\/boutique-accueil\/babillards-accessoires\/\",\"name\":\"BABILLARDS ET ACCESSOIRES - Michelle Beaudoin\",\"isPartOf\":{\"@id\":\"https:\/\/michelle-beaudoin.com\/fr\/#website\"},\"primaryImageOfPage\":{\"@id\":\"https:\/\/michelle-beaudoin.com\/fr\/boutique-accueil\/babillards-accessoires\/#primaryimage\"},\"image\":{\"@id\":\"https:\/\/michelle-beaudoin.com\/fr\/boutique-accueil\/babillards-accessoires\/#primaryimage\"},\"thumbnailUrl\":\"https:\/\/michelle-beaudoin.com\/wp-content\/uploads\/2016\/07\/page-accessoires-babillards-beauty2.jpg\",\"datePublished\":\"2016-07-22T17:16:14+00:00\",\"dateModified\":\"2021-05-01T02:51:56+00:00\",\"breadcrumb\":{\"@id\":\"https:\/\/michelle-beaudoin.com\/fr\/boutique-accueil\/babillards-accessoires\/#breadcrumb\"},\"inLanguage\":\"fr-FR\",\"potentialAction\":[{\"@type\":\"ReadAction\",\"target\":[\"https:\/\/michelle-beaudoin.com\/fr\/boutique-accueil\/babillards-accessoires\/\"]}]},{\"@type\":\"ImageObject\",\"inLanguage\":\"fr-FR\",\"@id\":\"https:\/\/michelle-beaudoin.com\/fr\/boutique-accueil\/babillards-accessoires\/#primaryimage\",\"url\":\"https:\/\/michelle-beaudoin.com\/wp-content\/uploads\/2016\/07\/page-accessoires-babillards-beauty2.jpg\",\"contentUrl\":\"https:\/\/michelle-beaudoin.com\/wp-content\/uploads\/2016\/07\/page-accessoires-babillards-beauty2.jpg\"},{\"@type\":\"BreadcrumbList\",\"@id\":\"https:\/\/michelle-beaudoin.com\/fr\/boutique-accueil\/babillards-accessoires\/#breadcrumb\",\"itemListElement\":[{\"@type\":\"ListItem\",\"position\":1,\"name\":\"Accueil\",\"item\":\"https:\/\/michelle-beaudoin.com\/fr\/\"},{\"@type\":\"ListItem\",\"position\":2,\"name\":\"Boutique Accueil\",\"item\":\"https:\/\/michelle-beaudoin.com\/fr\/boutique-accueil\/\"},{\"@type\":\"ListItem\",\"position\":3,\"name\":\"BABILLARDS ET ACCESSOIRES\"}]},{\"@type\":\"WebSite\",\"@id\":\"https:\/\/michelle-beaudoin.com\/fr\/#website\",\"url\":\"https:\/\/michelle-beaudoin.com\/fr\/\",\"name\":\"Michelle Beaudoin\",\"description\":\"De son atelier situ&eacute; au c&oelig;ur d&rsquo;un quartier historique de Montr&eacute;al, Michelle Beaudoin con&ccedil;oit et r&eacute;alise des objets d&eacute;coratifs uniques en leur genre.\",\"potentialAction\":[{\"@type\":\"SearchAction\",\"target\":{\"@type\":\"EntryPoint\",\"urlTemplate\":\"https:\/\/michelle-beaudoin.com\/fr\/?s={search_term_string}\"},\"query-input\":{\"@type\":\"PropertyValueSpecification\",\"valueRequired\":true,\"valueName\":\"search_term_string\"}}],\"inLanguage\":\"fr-FR\"}]}<\/script>\n<!-- \/ Yoast SEO plugin. -->","yoast_head_json":{"title":"BABILLARDS ET ACCESSOIRES - Michelle Beaudoin","robots":{"index":"index","follow":"follow","max-snippet":"max-snippet:-1","max-image-preview":"max-image-preview:large","max-video-preview":"max-video-preview:-1"},"canonical":"https:\/\/michelle-beaudoin.com\/fr\/boutique-accueil\/babillards-accessoires\/","og_locale":"fr_FR","og_type":"article","og_title":"BABILLARDS ET ACCESSOIRES - Michelle Beaudoin","og_url":"https:\/\/michelle-beaudoin.com\/fr\/boutique-accueil\/babillards-accessoires\/","og_site_name":"Michelle Beaudoin","article_modified_time":"2021-05-01T02:51:56+00:00","og_image":[{"url":"https:\/\/michelle-beaudoin.com\/wp-content\/uploads\/2016\/07\/page-accessoires-babillards-beauty2.jpg","type":"","width":"","height":""}],"twitter_card":"summary_large_image","twitter_misc":{"Dur\u00e9e de lecture estim\u00e9e":"3 minutes"},"schema":{"@context":"https:\/\/schema.org","@graph":[{"@type":"WebPage","@id":"https:\/\/michelle-beaudoin.com\/fr\/boutique-accueil\/babillards-accessoires\/","url":"https:\/\/michelle-beaudoin.com\/fr\/boutique-accueil\/babillards-accessoires\/","name":"BABILLARDS ET ACCESSOIRES - Michelle Beaudoin","isPartOf":{"@id":"https:\/\/michelle-beaudoin.com\/fr\/#website"},"primaryImageOfPage":{"@id":"https:\/\/michelle-beaudoin.com\/fr\/boutique-accueil\/babillards-accessoires\/#primaryimage"},"image":{"@id":"https:\/\/michelle-beaudoin.com\/fr\/boutique-accueil\/babillards-accessoires\/#primaryimage"},"thumbnailUrl":"https:\/\/michelle-beaudoin.com\/wp-content\/uploads\/2016\/07\/page-accessoires-babillards-beauty2.jpg","datePublished":"2016-07-22T17:16:14+00:00","dateModified":"2021-05-01T02:51:56+00:00","breadcrumb":{"@id":"https:\/\/michelle-beaudoin.com\/fr\/boutique-accueil\/babillards-accessoires\/#breadcrumb"},"inLanguage":"fr-FR","potentialAction":[{"@type":"ReadAction","target":["https:\/\/michelle-beaudoin.com\/fr\/boutique-accueil\/babillards-accessoires\/"]}]},{"@type":"ImageObject","inLanguage":"fr-FR","@id":"https:\/\/michelle-beaudoin.com\/fr\/boutique-accueil\/babillards-accessoires\/#primaryimage","url":"https:\/\/michelle-beaudoin.com\/wp-content\/uploads\/2016\/07\/page-accessoires-babillards-beauty2.jpg","contentUrl":"https:\/\/michelle-beaudoin.com\/wp-content\/uploads\/2016\/07\/page-accessoires-babillards-beauty2.jpg"},{"@type":"BreadcrumbList","@id":"https:\/\/michelle-beaudoin.com\/fr\/boutique-accueil\/babillards-accessoires\/#breadcrumb","itemListElement":[{"@type":"ListItem","position":1,"name":"Accueil","item":"https:\/\/michelle-beaudoin.com\/fr\/"},{"@type":"ListItem","position":2,"name":"Boutique Accueil","item":"https:\/\/michelle-beaudoin.com\/fr\/boutique-accueil\/"},{"@type":"ListItem","position":3,"name":"BABILLARDS ET ACCESSOIRES"}]},{"@type":"WebSite","@id":"https:\/\/michelle-beaudoin.com\/fr\/#website","url":"https:\/\/michelle-beaudoin.com\/fr\/","name":"Michelle Beaudoin","description":"De son atelier situ&eacute; au c&oelig;ur d&rsquo;un quartier historique de Montr&eacute;al, Michelle Beaudoin con&ccedil;oit et r&eacute;alise des objets d&eacute;coratifs uniques en leur genre.","potentialAction":[{"@type":"SearchAction","target":{"@type":"EntryPoint","urlTemplate":"https:\/\/michelle-beaudoin.com\/fr\/?s={search_term_string}"},"query-input":{"@type":"PropertyValueSpecification","valueRequired":true,"valueName":"search_term_string"}}],"inLanguage":"fr-FR"}]}},"_links":{"self":[{"href":"https:\/\/michelle-beaudoin.com\/fr\/wp-json\/wp\/v2\/pages\/5047","targetHints":{"allow":["GET"]}}],"collection":[{"href":"https:\/\/michelle-beaudoin.com\/fr\/wp-json\/wp\/v2\/pages"}],"about":[{"href":"https:\/\/michelle-beaudoin.com\/fr\/wp-json\/wp\/v2\/types\/page"}],"author":[{"embeddable":true,"href":"https:\/\/michelle-beaudoin.com\/fr\/wp-json\/wp\/v2\/users\/1"}],"replies":[{"embeddable":true,"href":"https:\/\/michelle-beaudoin.com\/fr\/wp-json\/wp\/v2\/comments?post=5047"}],"version-history":[{"count":0,"href":"https:\/\/michelle-beaudoin.com\/fr\/wp-json\/wp\/v2\/pages\/5047\/revisions"}],"up":[{"embeddable":true,"href":"https:\/\/michelle-beaudoin.com\/fr\/wp-json\/wp\/v2\/pages\/5179"}],"wp:attachment":[{"href":"https:\/\/michelle-beaudoin.com\/fr\/wp-json\/wp\/v2\/media?parent=5047"}],"curies":[{"name":"wp","href":"https:\/\/api.w.org\/{rel}","templated":true}]}}