{"id":2803,"date":"2016-07-01T18:20:23","date_gmt":"2016-07-01T18:20:23","guid":{"rendered":"http:\/\/michelle-beaudoin.com\/?page_id=2803"},"modified":"2021-01-13T19:29:27","modified_gmt":"2021-01-13T23:29:27","slug":"coulage-etain-personnalise","status":"publish","type":"page","link":"https:\/\/michelle-beaudoin.com\/fr\/coulage-etain-personnalise\/","title":{"rendered":"COULAGE DE PI\u00c8CES EN \u00c9TAIN SUR MESURE"},"content":{"rendered":"<div class=\"fusion-fullwidth fullwidth-box fusion-builder-row-1 hundred-percent-fullwidth non-hundred-percent-height-scrolling fusion-equal-height-columns\" style=\"--awb-background-position:left top;--awb-border-sizes-top:0px;--awb-border-sizes-bottom:0px;--awb-border-sizes-left:0px;--awb-border-sizes-right:0px;--awb-border-radius-top-left:0px;--awb-border-radius-top-right:0px;--awb-border-radius-bottom-right:0px;--awb-border-radius-bottom-left:0px;--awb-padding-top:0px;--awb-padding-bottom:0px;--awb-flex-wrap:wrap;\" ><div class=\"fusion-builder-row fusion-row\"><div class=\"fusion-layout-column fusion_builder_column fusion-builder-column-0 fusion_builder_column_1_1 1_1 fusion-one-full fusion-column-first fusion-column-last\" style=\"--awb-bg-size:cover;\"><div class=\"fusion-column-wrapper fusion-flex-column-wrapper-legacy\"><div class=\"fusion-title title fusion-title-1 fusion-sep-none fusion-title-center fusion-title-text fusion-title-size-one\"><h1 class=\"fusion-title-heading title-heading-center fusion-responsive-typography-calculated\" style=\"margin:0;--fontSize:50;line-height:1.3;\"><h2 style=\"text-align: center;\">COULAGE DE PI\u00c8CES D&rsquo;\u00c9TAIN PERSONNALIS\u00c9ES<\/h2><\/h1><\/div><div class=\"fusion-image-element fusion-image-align-center in-legacy-container\" style=\"text-align:center;--awb-caption-title-font-family:var(--h2_typography-font-family);--awb-caption-title-font-weight:var(--h2_typography-font-weight);--awb-caption-title-font-style:var(--h2_typography-font-style);--awb-caption-title-size:var(--h2_typography-font-size);--awb-caption-title-transform:var(--h2_typography-text-transform);--awb-caption-title-line-height:var(--h2_typography-line-height);--awb-caption-title-letter-spacing:var(--h2_typography-letter-spacing);\"><div class=\"imageframe-align-center\"><span class=\" fusion-imageframe imageframe-none imageframe-1 hover-type-none\"><img decoding=\"async\" width=\"2048\" height=\"1536\" alt=\"Coulage \u00e9tain personnalis\u00e9 - Personnalised pewter casting\" title=\"Etsy &#8211; Custom Magnets and Key Chains\" src=\"https:\/\/michelle-beaudoin.com\/wp-content\/uploads\/2018\/10\/Etsy-Custom-Magnets-and-Key-Chains.jpg\" class=\"img-responsive wp-image-8027\" srcset=\"https:\/\/michelle-beaudoin.com\/wp-content\/uploads\/2018\/10\/Etsy-Custom-Magnets-and-Key-Chains-200x150.jpg 200w, https:\/\/michelle-beaudoin.com\/wp-content\/uploads\/2018\/10\/Etsy-Custom-Magnets-and-Key-Chains-400x300.jpg 400w, https:\/\/michelle-beaudoin.com\/wp-content\/uploads\/2018\/10\/Etsy-Custom-Magnets-and-Key-Chains-600x450.jpg 600w, https:\/\/michelle-beaudoin.com\/wp-content\/uploads\/2018\/10\/Etsy-Custom-Magnets-and-Key-Chains-800x600.jpg 800w, https:\/\/michelle-beaudoin.com\/wp-content\/uploads\/2018\/10\/Etsy-Custom-Magnets-and-Key-Chains-1200x900.jpg 1200w, https:\/\/michelle-beaudoin.com\/wp-content\/uploads\/2018\/10\/Etsy-Custom-Magnets-and-Key-Chains.jpg 2048w\" sizes=\"(max-width: 800px) 100vw, 2048px\" \/><\/span><\/div><\/div><div class=\"fusion-text fusion-text-1\"><p><span style=\"font-weight: 400;\">Nous nous sp\u00e9cialisons dans la cr\u00e9ation de produits en m\u00e9tal sur mesure, tels que bijoux, breloques, \u00e9tiquettes de v\u00eatements, porte-cl\u00e9s, aimants, cadeaux corporatifs, \u00e9pinglettes, boucles de ceintures, statuettes, bijoux, et plus.<\/span><\/p>\n<p><span style=\"font-weight: 400;\">A partir d&rsquo;\u00e9tain (sans-plomb), nous r\u00e9alisons une pi\u00e8ce personnalis\u00e9e \u00e0 l&rsquo;aide d&rsquo;un moule, apportons la finition et la peinture selon vos choix Si vous avez un projet, n\u2019h\u00e9sitez pas \u00e0 n<\/span><span style=\"font-weight: 400;\">ous <a href=\"\/?page_id=2842\">\u00e9crire<\/a><\/span><span style=\"font-weight: 400;\">. Nous pouvons sortir un \u00e9chantillon sous 5 jours ouvrables.<\/span><\/p>\n<p><span style=\"font-weight: 400;\">Nous vous invitons \u00e0 nous appeler au (514) 935-2495 et\/ou prendre RDV pour une visite \u00e0 l&rsquo;atelier durant nos heures d\u2019ouverture pour un devis gratuit. Votre projet est unique et aucune question ne doit rester sans r\u00e9ponse, notre \u00e9quipe est l\u00e0 pour vous assister et s&rsquo;assurer de votre satisfaction totale.<\/span><\/p>\n<p><span style=\"font-weight: 400;\">\u00a0<\/span><\/p>\n<\/div><div class=\"fusion-sep-clear\"><\/div><div class=\"fusion-separator fusion-full-width-sep\" style=\"margin-left: auto;margin-right: auto;width:100%;\"><div class=\"fusion-separator-border sep-double\" style=\"--awb-height:20px;--awb-amount:20px;border-color:#e0dede;border-top-width:1px;border-bottom-width:1px;\"><\/div><\/div><div class=\"fusion-sep-clear\"><\/div><div class=\"fusion-image-element fusion-image-align-center in-legacy-container\" style=\"text-align:center;--awb-caption-title-font-family:var(--h2_typography-font-family);--awb-caption-title-font-weight:var(--h2_typography-font-weight);--awb-caption-title-font-style:var(--h2_typography-font-style);--awb-caption-title-size:var(--h2_typography-font-size);--awb-caption-title-transform:var(--h2_typography-text-transform);--awb-caption-title-line-height:var(--h2_typography-line-height);--awb-caption-title-letter-spacing:var(--h2_typography-letter-spacing);\"><div class=\"imageframe-align-center\"><span class=\" fusion-imageframe imageframe-none imageframe-2 hover-type-none\"><img decoding=\"async\" width=\"2048\" height=\"1757\" title=\"IMG-0093\" src=\"https:\/\/michelle-beaudoin.com\/wp-content\/uploads\/2018\/10\/IMG-0093.jpg\" alt class=\"img-responsive wp-image-8033\" srcset=\"https:\/\/michelle-beaudoin.com\/wp-content\/uploads\/2018\/10\/IMG-0093-200x172.jpg 200w, https:\/\/michelle-beaudoin.com\/wp-content\/uploads\/2018\/10\/IMG-0093-400x343.jpg 400w, https:\/\/michelle-beaudoin.com\/wp-content\/uploads\/2018\/10\/IMG-0093-600x515.jpg 600w, https:\/\/michelle-beaudoin.com\/wp-content\/uploads\/2018\/10\/IMG-0093-800x686.jpg 800w, https:\/\/michelle-beaudoin.com\/wp-content\/uploads\/2018\/10\/IMG-0093-1200x1030.jpg 1200w, https:\/\/michelle-beaudoin.com\/wp-content\/uploads\/2018\/10\/IMG-0093.jpg 2048w\" sizes=\"(max-width: 800px) 100vw, 2048px\" \/><\/span><\/div><\/div><div class=\"fusion-text fusion-text-2\"><h2 style=\"text-align: center;\"><strong>Cr\u00e9ation du mod\u00e8le pour le moule<\/strong><\/h2>\n<p style=\"text-align: center;\"><span style=\"font-weight: 400;\">Nous pouvons,\u00a0<\/span>\u00e0 partir de votre design, r\u00e9aliser un mod\u00e8le en trois dimensions (compter 5-7 jours ouvrables).<\/p>\n<p style=\"text-align: center;\">A notre service, \u00e0 votre service les artistes graphiques charg\u00e9s du rendu 3D ainsi que la technologie pour la r\u00e9alisation rapide et pr\u00e9cise de votre logo ou de votre objet. Ce mod\u00e8le servira de base pour la cr\u00e9ation du moule.<\/p>\n<\/div><div class=\"fusion-sep-clear\"><\/div><div class=\"fusion-separator fusion-full-width-sep\" style=\"margin-left: auto;margin-right: auto;width:100%;\"><div class=\"fusion-separator-border sep-double\" style=\"--awb-height:20px;--awb-amount:20px;border-color:#e0dede;border-top-width:1px;border-bottom-width:1px;\"><\/div><\/div><div class=\"fusion-sep-clear\"><\/div><div class=\"fusion-image-element fusion-image-align-center in-legacy-container\" style=\"text-align:center;--awb-caption-title-font-family:var(--h2_typography-font-family);--awb-caption-title-font-weight:var(--h2_typography-font-weight);--awb-caption-title-font-style:var(--h2_typography-font-style);--awb-caption-title-size:var(--h2_typography-font-size);--awb-caption-title-transform:var(--h2_typography-text-transform);--awb-caption-title-line-height:var(--h2_typography-line-height);--awb-caption-title-letter-spacing:var(--h2_typography-letter-spacing);\"><div class=\"imageframe-align-center\"><span class=\" fusion-imageframe imageframe-none imageframe-3 hover-type-none\"><img decoding=\"async\" width=\"2048\" height=\"1987\" title=\"Etsy &#8211; Clothes or Jewellery Tags\" src=\"https:\/\/michelle-beaudoin.com\/wp-content\/uploads\/2018\/10\/Etsy-Clothes-or-Jewellery-Tags.jpg\" alt class=\"img-responsive wp-image-8025\" srcset=\"https:\/\/michelle-beaudoin.com\/wp-content\/uploads\/2018\/10\/Etsy-Clothes-or-Jewellery-Tags-200x194.jpg 200w, https:\/\/michelle-beaudoin.com\/wp-content\/uploads\/2018\/10\/Etsy-Clothes-or-Jewellery-Tags-400x388.jpg 400w, https:\/\/michelle-beaudoin.com\/wp-content\/uploads\/2018\/10\/Etsy-Clothes-or-Jewellery-Tags-600x582.jpg 600w, https:\/\/michelle-beaudoin.com\/wp-content\/uploads\/2018\/10\/Etsy-Clothes-or-Jewellery-Tags-800x776.jpg 800w, https:\/\/michelle-beaudoin.com\/wp-content\/uploads\/2018\/10\/Etsy-Clothes-or-Jewellery-Tags-1200x1164.jpg 1200w, https:\/\/michelle-beaudoin.com\/wp-content\/uploads\/2018\/10\/Etsy-Clothes-or-Jewellery-Tags.jpg 2048w\" sizes=\"(max-width: 800px) 100vw, 2048px\" \/><\/span><\/div><\/div><div class=\"fusion-text fusion-text-3\"><h2 style=\"text-align: center;\"><b>Moulage &amp; coulage<\/b><\/h2>\n<p style=\"text-align: center;\"><span style=\"font-weight: 400;\">Le moule fabriqu\u00e9, vos pi\u00e8ces sont coul\u00e9es dans de l\u2019\u00e9tain dans la qualit\u00e9 de m\u00e9tal de votre choix. Ce processus termin\u00e9, vos moules sont r\u00e9serv\u00e9s pour une future production. La confidentialit\u00e9 de vos projets et de vos produits est assur\u00e9e.<\/span><\/p>\n<\/div><div class=\"fusion-sep-clear\"><\/div><div class=\"fusion-separator fusion-full-width-sep\" style=\"margin-left: auto;margin-right: auto;width:100%;\"><div class=\"fusion-separator-border sep-double\" style=\"--awb-height:20px;--awb-amount:20px;border-color:#e0dede;border-top-width:1px;border-bottom-width:1px;\"><\/div><\/div><div class=\"fusion-sep-clear\"><\/div><div class=\"fusion-image-element fusion-image-align-center in-legacy-container\" style=\"text-align:center;--awb-caption-title-font-family:var(--h2_typography-font-family);--awb-caption-title-font-weight:var(--h2_typography-font-weight);--awb-caption-title-font-style:var(--h2_typography-font-style);--awb-caption-title-size:var(--h2_typography-font-size);--awb-caption-title-transform:var(--h2_typography-text-transform);--awb-caption-title-line-height:var(--h2_typography-line-height);--awb-caption-title-letter-spacing:var(--h2_typography-letter-spacing);\"><div class=\"imageframe-align-center\"><span class=\" fusion-imageframe imageframe-none imageframe-4 hover-type-none\"><img decoding=\"async\" width=\"1536\" height=\"2048\" title=\"placage\" src=\"https:\/\/michelle-beaudoin.com\/wp-content\/uploads\/2018\/10\/placage.jpg\" alt class=\"img-responsive wp-image-8035\" srcset=\"https:\/\/michelle-beaudoin.com\/wp-content\/uploads\/2018\/10\/placage-200x267.jpg 200w, https:\/\/michelle-beaudoin.com\/wp-content\/uploads\/2018\/10\/placage-400x533.jpg 400w, https:\/\/michelle-beaudoin.com\/wp-content\/uploads\/2018\/10\/placage-600x800.jpg 600w, https:\/\/michelle-beaudoin.com\/wp-content\/uploads\/2018\/10\/placage-800x1067.jpg 800w, https:\/\/michelle-beaudoin.com\/wp-content\/uploads\/2018\/10\/placage-1200x1600.jpg 1200w, https:\/\/michelle-beaudoin.com\/wp-content\/uploads\/2018\/10\/placage.jpg 1536w\" sizes=\"(max-width: 800px) 100vw, 1536px\" \/><\/span><\/div><\/div><div class=\"fusion-text fusion-text-4\"><h2 style=\"text-align: center;\"><b>Finition &amp; emballage<\/b><\/h2>\n<p style=\"text-align: center;\"><span style=\"font-weight: 400;\">Une fois le processus termin\u00e9, il est possible de choisir parmi une large gamme de placage et de finition pour <\/span><span style=\"font-weight: 400;\">une meilleure mise en avant de votre objet.<\/span><\/p>\n<p style=\"text-align: center;\"><span style=\"font-weight: 400;\">Selon vos crit\u00e8res, il existe la possibilit\u00e9 d&rsquo;ajouter un service d&rsquo;\u00e9tiquetage-emballage de vos pi\u00e8ces pr\u00eates \u00e0 la mise en vente suite \u00e0 la livraison.<\/span><\/p>\n<\/div><div class=\"fusion-clearfix\"><\/div><\/div><\/div><\/div><\/div>\n","protected":false},"excerpt":{"rendered":"","protected":false},"author":1,"featured_media":0,"parent":0,"menu_order":0,"comment_status":"closed","ping_status":"closed","template":"","meta":{"_bbp_topic_count":0,"_bbp_reply_count":0,"_bbp_total_topic_count":0,"_bbp_total_reply_count":0,"_bbp_voice_count":0,"_bbp_anonymous_reply_count":0,"_bbp_topic_count_hidden":0,"_bbp_reply_count_hidden":0,"_bbp_forum_subforum_count":0,"footnotes":""},"class_list":["post-2803","page","type-page","status-publish","hentry"],"yoast_head":"<!-- This site is optimized with the Yoast SEO plugin v27.1.1 - https:\/\/yoast.com\/product\/yoast-seo-wordpress\/ -->\n<title>COULAGE DE PI\u00c8CES EN \u00c9TAIN SUR MESURE - Michelle Beaudoin<\/title>\n<meta name=\"robots\" content=\"index, follow, max-snippet:-1, max-image-preview:large, max-video-preview:-1\" \/>\n<link rel=\"canonical\" href=\"https:\/\/michelle-beaudoin.com\/fr\/coulage-etain-personnalise\/\" \/>\n<meta property=\"og:locale\" content=\"fr_FR\" \/>\n<meta property=\"og:type\" content=\"article\" \/>\n<meta property=\"og:title\" content=\"COULAGE DE PI\u00c8CES EN \u00c9TAIN SUR MESURE - Michelle Beaudoin\" \/>\n<meta property=\"og:url\" content=\"https:\/\/michelle-beaudoin.com\/fr\/coulage-etain-personnalise\/\" \/>\n<meta property=\"og:site_name\" content=\"Michelle Beaudoin\" \/>\n<meta property=\"article:modified_time\" content=\"2021-01-13T23:29:27+00:00\" \/>\n<meta property=\"og:image\" content=\"https:\/\/michelle-beaudoin.com\/wp-content\/uploads\/2016\/06\/logo-michelle-beaudoin-objets-decoratifs-site.png\" \/>\n\t<meta property=\"og:image:width\" content=\"316\" \/>\n\t<meta property=\"og:image:height\" content=\"100\" \/>\n\t<meta property=\"og:image:type\" content=\"image\/png\" \/>\n<meta name=\"twitter:card\" content=\"summary_large_image\" \/>\n<meta name=\"twitter:label1\" content=\"Dur\u00e9e de lecture estim\u00e9e\" \/>\n\t<meta name=\"twitter:data1\" content=\"4 minutes\" \/>\n<script type=\"application\/ld+json\" class=\"yoast-schema-graph\">{\"@context\":\"https:\/\/schema.org\",\"@graph\":[{\"@type\":\"WebPage\",\"@id\":\"https:\/\/michelle-beaudoin.com\/fr\/coulage-etain-personnalise\/\",\"url\":\"https:\/\/michelle-beaudoin.com\/fr\/coulage-etain-personnalise\/\",\"name\":\"COULAGE DE PI\u00c8CES EN \u00c9TAIN SUR MESURE - Michelle Beaudoin\",\"isPartOf\":{\"@id\":\"https:\/\/michelle-beaudoin.com\/fr\/#website\"},\"datePublished\":\"2016-07-01T18:20:23+00:00\",\"dateModified\":\"2021-01-13T23:29:27+00:00\",\"breadcrumb\":{\"@id\":\"https:\/\/michelle-beaudoin.com\/fr\/coulage-etain-personnalise\/#breadcrumb\"},\"inLanguage\":\"fr-FR\",\"potentialAction\":[{\"@type\":\"ReadAction\",\"target\":[\"https:\/\/michelle-beaudoin.com\/fr\/coulage-etain-personnalise\/\"]}]},{\"@type\":\"BreadcrumbList\",\"@id\":\"https:\/\/michelle-beaudoin.com\/fr\/coulage-etain-personnalise\/#breadcrumb\",\"itemListElement\":[{\"@type\":\"ListItem\",\"position\":1,\"name\":\"Accueil\",\"item\":\"https:\/\/michelle-beaudoin.com\/fr\/\"},{\"@type\":\"ListItem\",\"position\":2,\"name\":\"COULAGE DE PI\u00c8CES EN \u00c9TAIN SUR MESURE\"}]},{\"@type\":\"WebSite\",\"@id\":\"https:\/\/michelle-beaudoin.com\/fr\/#website\",\"url\":\"https:\/\/michelle-beaudoin.com\/fr\/\",\"name\":\"Michelle Beaudoin\",\"description\":\"De son atelier situ&eacute; au c&oelig;ur d&rsquo;un quartier historique de Montr&eacute;al, Michelle Beaudoin con&ccedil;oit et r&eacute;alise des objets d&eacute;coratifs uniques en leur genre.\",\"potentialAction\":[{\"@type\":\"SearchAction\",\"target\":{\"@type\":\"EntryPoint\",\"urlTemplate\":\"https:\/\/michelle-beaudoin.com\/fr\/?s={search_term_string}\"},\"query-input\":{\"@type\":\"PropertyValueSpecification\",\"valueRequired\":true,\"valueName\":\"search_term_string\"}}],\"inLanguage\":\"fr-FR\"}]}<\/script>\n<!-- \/ Yoast SEO plugin. -->","yoast_head_json":{"title":"COULAGE DE PI\u00c8CES EN \u00c9TAIN SUR MESURE - Michelle Beaudoin","robots":{"index":"index","follow":"follow","max-snippet":"max-snippet:-1","max-image-preview":"max-image-preview:large","max-video-preview":"max-video-preview:-1"},"canonical":"https:\/\/michelle-beaudoin.com\/fr\/coulage-etain-personnalise\/","og_locale":"fr_FR","og_type":"article","og_title":"COULAGE DE PI\u00c8CES EN \u00c9TAIN SUR MESURE - Michelle Beaudoin","og_url":"https:\/\/michelle-beaudoin.com\/fr\/coulage-etain-personnalise\/","og_site_name":"Michelle Beaudoin","article_modified_time":"2021-01-13T23:29:27+00:00","og_image":[{"width":316,"height":100,"url":"https:\/\/michelle-beaudoin.com\/wp-content\/uploads\/2016\/06\/logo-michelle-beaudoin-objets-decoratifs-site.png","type":"image\/png"}],"twitter_card":"summary_large_image","twitter_misc":{"Dur\u00e9e de lecture estim\u00e9e":"4 minutes"},"schema":{"@context":"https:\/\/schema.org","@graph":[{"@type":"WebPage","@id":"https:\/\/michelle-beaudoin.com\/fr\/coulage-etain-personnalise\/","url":"https:\/\/michelle-beaudoin.com\/fr\/coulage-etain-personnalise\/","name":"COULAGE DE PI\u00c8CES EN \u00c9TAIN SUR MESURE - Michelle Beaudoin","isPartOf":{"@id":"https:\/\/michelle-beaudoin.com\/fr\/#website"},"datePublished":"2016-07-01T18:20:23+00:00","dateModified":"2021-01-13T23:29:27+00:00","breadcrumb":{"@id":"https:\/\/michelle-beaudoin.com\/fr\/coulage-etain-personnalise\/#breadcrumb"},"inLanguage":"fr-FR","potentialAction":[{"@type":"ReadAction","target":["https:\/\/michelle-beaudoin.com\/fr\/coulage-etain-personnalise\/"]}]},{"@type":"BreadcrumbList","@id":"https:\/\/michelle-beaudoin.com\/fr\/coulage-etain-personnalise\/#breadcrumb","itemListElement":[{"@type":"ListItem","position":1,"name":"Accueil","item":"https:\/\/michelle-beaudoin.com\/fr\/"},{"@type":"ListItem","position":2,"name":"COULAGE DE PI\u00c8CES EN \u00c9TAIN SUR MESURE"}]},{"@type":"WebSite","@id":"https:\/\/michelle-beaudoin.com\/fr\/#website","url":"https:\/\/michelle-beaudoin.com\/fr\/","name":"Michelle Beaudoin","description":"De son atelier situ&eacute; au c&oelig;ur d&rsquo;un quartier historique de Montr&eacute;al, Michelle Beaudoin con&ccedil;oit et r&eacute;alise des objets d&eacute;coratifs uniques en leur genre.","potentialAction":[{"@type":"SearchAction","target":{"@type":"EntryPoint","urlTemplate":"https:\/\/michelle-beaudoin.com\/fr\/?s={search_term_string}"},"query-input":{"@type":"PropertyValueSpecification","valueRequired":true,"valueName":"search_term_string"}}],"inLanguage":"fr-FR"}]}},"_links":{"self":[{"href":"https:\/\/michelle-beaudoin.com\/fr\/wp-json\/wp\/v2\/pages\/2803","targetHints":{"allow":["GET"]}}],"collection":[{"href":"https:\/\/michelle-beaudoin.com\/fr\/wp-json\/wp\/v2\/pages"}],"about":[{"href":"https:\/\/michelle-beaudoin.com\/fr\/wp-json\/wp\/v2\/types\/page"}],"author":[{"embeddable":true,"href":"https:\/\/michelle-beaudoin.com\/fr\/wp-json\/wp\/v2\/users\/1"}],"replies":[{"embeddable":true,"href":"https:\/\/michelle-beaudoin.com\/fr\/wp-json\/wp\/v2\/comments?post=2803"}],"version-history":[{"count":0,"href":"https:\/\/michelle-beaudoin.com\/fr\/wp-json\/wp\/v2\/pages\/2803\/revisions"}],"wp:attachment":[{"href":"https:\/\/michelle-beaudoin.com\/fr\/wp-json\/wp\/v2\/media?parent=2803"}],"curies":[{"name":"wp","href":"https:\/\/api.w.org\/{rel}","templated":true}]}}